{"id":8981,"date":"2019-01-31T13:00:44","date_gmt":"2019-01-31T12:00:44","guid":{"rendered":"https:\/\/samuraischwert.kaufen\/shop\/unkategorisiert\/5x-tatami-omote-matte\/"},"modified":"2026-04-21T11:10:22","modified_gmt":"2026-04-21T09:10:22","slug":"5x-tapis-tatami-omote","status":"publish","type":"product","link":"https:\/\/samuraischwert.kaufen\/fr\/produkt\/5x-tatami-omote-matte\/","title":{"rendered":"5x tapis Tatami Omote"},"content":{"rendered":"<h2>Caract\u00e9ristiques du produit :<\/h2>\n<p>\n\u00a0<\/p>\n<p>\u00a0\n<\/p>\n<ul>\n<li style=\"list-style-type: none;\">\n<ul>\n<li>Qualit\u00e9 sup\u00e9rieure<\/li>\n<\/ul>\n<\/li>\n<\/ul>\n<p>\n\u00a0\n<\/p>\n<ul>\n<li style=\"list-style-type: none;\">\n<ul>\n<li>Dimensions d\u00e9roul\u00e9es 108 x 200 cm !<\/li>\n<\/ul>\n<\/li>\n<\/ul>\n<p>\n\u00a0\n<\/p>\n<ul>\n<li style=\"list-style-type: none;\">\n<ul>\n<li>Des liens s\u00fbrs en ficelle de chanvre<\/li>\n<\/ul>\n<\/li>\n<\/ul>\n<p>\n\u00a0\n<\/p>\n<ul>\n<li style=\"list-style-type: none;\">\n<ul>\n<li>Pour un arrosage optimis\u00e9 et d'excellents exercices de coupe<\/li>\n<\/ul>\n<\/li>\n<\/ul>\n<p>\n\u00a0\n<\/p>\n<ul>\n<li style=\"list-style-type: none;\">\n<ul>\n<li>Toshiro Swords produit de marque<\/li>\n<\/ul>\n<\/li>\n<\/ul>\n<p>\n\u00a0<\/p>\n<p>\u00a0\n<\/p>\n<h2>Description du produit :<\/h2>\n<p>\nPeut-on en avoir un peu plus ? Toshiro Swords r\u00e9pond \u00e0 cette question par OUI !<br \/>\nTapis Tatami Omote li\u00e9 pour les exercices de coupe Tameshigiri. Le tapis mesure 108 x 200 cm lorsqu'il est d\u00e9roul\u00e9, ce qui est bien plus grand que la plupart des tapis disponibles sur le march\u00e9.<br \/>\nLa longueur permet de r\u00e9aliser davantage de coupes et, en outre, la natte est optimis\u00e9e pour l'irrigation dans un tube standard de dn 110.<br \/>\nLe tapis est un produit de marque de haute qualit\u00e9 et une attention particuli\u00e8re a \u00e9t\u00e9 port\u00e9e aux d\u00e9tails importants :<\/p>\n<p><b>Fibres continues :<\/b><br \/>\nOn ne le voit pas toujours au premier coup d'\u0153il sur les photos en ligne, mais de nombreux tatamis omote bon march\u00e9 ont un raccord au milieu, o\u00f9 deux morceaux de tapis sont cousus ensemble. Cela s'explique par le fait que ces tapis sont cousus ensemble \u00e0 partir de deux tapis de bain.<br \/>\nEn revanche, les tapis de Toshiro Swords sont faits de fibres continues, car cela apporte plus de stabilit\u00e9 aux tapis et le tapis se comporte beaucoup mieux lors des tests de coupe.<\/p>\n<p><b>Traditionnellement roul\u00e9 :<\/b><br \/>\nLes tapis Toshiro Swords sont enroul\u00e9s de la mani\u00e8re traditionnelle (\u00e0 l'int\u00e9rieur avec l'extr\u00e9mit\u00e9 rabattue). De nombreux autres fabricants renoncent \u00e0 cette m\u00e9thode, car elle est beaucoup plus compliqu\u00e9e que le simple fait d'enrouler le tapis. Mais la m\u00e9thode traditionnelle apporte une stabilit\u00e9 suppl\u00e9mentaire au tapis et facilite l'enfilage sur le support Tameshigiri.<\/p>\n<p><b>Armure en fibre de chanvre :<\/b><br \/>\nLa ligature en fibre de chanvre est un \u00e9l\u00e9ment de s\u00e9curit\u00e9 important pour votre sabre ! Si l'on frappe l'armure avec le sabre (et cela arrive t\u00f4t ou tard), le sabre coupe tout simplement la fibre. Sur d'autres nattes, le liage est souvent constitu\u00e9 de fil de fer pour des raisons de co\u00fbt et raye la lame lors de la coupe.<\/p>\n<p><b>Optimis\u00e9 pour l'irrigation dans un tuyau standard de dn 110<\/b><br \/>\nLes dimensions du tapis ont \u00e9t\u00e9 choisies de mani\u00e8re \u00e0 ce que l'on puisse l'arroser de mani\u00e8re optimale dans un tuyau dn110 avec une consommation d'eau minimale. La natte est environ 20% plus longue que la plupart des nattes du march\u00e9, ce qui permet des coupes suppl\u00e9mentaires.<\/p>\n<p>L'\u00e9paisseur des fibres est d'environ 1-2 mm. Le tapis est d'une qualit\u00e9 sup\u00e9rieure. Il convient aussi bien aux d\u00e9butants qu'aux sportifs confirm\u00e9s.<br \/>\nChaque tapis est emball\u00e9 individuellement. Cela emp\u00eache l'humidit\u00e9 de p\u00e9n\u00e9trer dans le tapis, ce qui permet de le stocker longtemps.<\/p>\n<p>Les tapis en action :<\/p>\n<div class=\"embed-privacy-container is-disabled embed-www-youtube-nocookie-com\" data-embed-id=\"oembed_adb3924c4c15576c1293b245c3fae15d\" data-embed-provider=\"www-youtube-nocookie-com\" style=\"aspect-ratio: 560\/315;\">\t\t\t\t\t\t<button type=\"button\" class=\"embed-privacy-enable screen-reader-text\">Contenu d'affichage de www.youtube-nocookie.com<\/button>\t\t\t\t\t\t<\/p>\n<div class=\"embed-privacy-overlay\">\n<div class=\"embed-privacy-inner\">\n<p>\t\tClick here to display content from www.youtube-nocookie.com.\t\t<\/p>\n<p class=\"embed-privacy-input-wrapper\">\t\t\t<input id=\"embed-privacy-store-www-youtube-nocookie-com-adb3924c4c15576c1293b245c3fae15d\" type=\"checkbox\" value=\"1\" class=\"embed-privacy-input\" data-embed-provider=\"www-youtube-nocookie-com\">\t\t\t<label for=\"embed-privacy-store-www-youtube-nocookie-com-adb3924c4c15576c1293b245c3fae15d\" class=\"embed-privacy-label\" data-embed-provider=\"www-youtube-nocookie-com\">\t\t\t\tToujours afficher le contenu de www.youtube-nocookie.com\t\t\t<\/label>\t\t<\/p>\n<\/p><\/div>\n<div class=\"embed-privacy-footer\"><span class=\"embed-privacy-url\"><a href=\"https:\/\/www.youtube-nocookie.com\/embed\/yRaPelTpBY0?rel=0\" target=\"_blank\" rel=\"noopener\">Ouvrir le contenu directement<\/a><\/span><\/div>\n<\/p><\/div>\n<div class=\"embed-privacy-content\">\t\t\t\t<script>var _oembed_adb3924c4c15576c1293b245c3fae15d = '{\\\"embed\\\":\\\"&lt;iframe src=&quot;https:\\\\\/\\\\\/www.youtube-nocookie.com\\\\\/embed\\\\\/yRaPelTpBY0?rel=0&quot; width=&quot;560&quot; height=&quot;315&quot; frameborder=&quot;0&quot; allowfullscreen=&quot;allowfullscreen&quot;&gt;&lt;\\\\\/iframe&gt;\\\"}';<\/script>\t\t\t<\/div>\n<\/p><\/div>\n<p>Vid\u00e9o explicative sur l'arrosage correct :<\/p>\n<div class=\"embed-privacy-container is-disabled embed-www-youtube-nocookie-com\" data-embed-id=\"oembed_780d0c5b9f4a514b95a1802f4e13a4fd\" data-embed-provider=\"www-youtube-nocookie-com\" style=\"aspect-ratio: 560\/315;\">\t\t\t\t\t\t<button type=\"button\" class=\"embed-privacy-enable screen-reader-text\">Contenu d'affichage de www.youtube-nocookie.com<\/button>\t\t\t\t\t\t<\/p>\n<div class=\"embed-privacy-overlay\">\n<div class=\"embed-privacy-inner\">\n<p>\t\tClick here to display content from www.youtube-nocookie.com.\t\t<\/p>\n<p class=\"embed-privacy-input-wrapper\">\t\t\t<input id=\"embed-privacy-store-www-youtube-nocookie-com-780d0c5b9f4a514b95a1802f4e13a4fd\" type=\"checkbox\" value=\"1\" class=\"embed-privacy-input\" data-embed-provider=\"www-youtube-nocookie-com\">\t\t\t<label for=\"embed-privacy-store-www-youtube-nocookie-com-780d0c5b9f4a514b95a1802f4e13a4fd\" class=\"embed-privacy-label\" data-embed-provider=\"www-youtube-nocookie-com\">\t\t\t\tToujours afficher le contenu de www.youtube-nocookie.com\t\t\t<\/label>\t\t<\/p>\n<\/p><\/div>\n<div class=\"embed-privacy-footer\"><span class=\"embed-privacy-url\"><a href=\"https:\/\/www.youtube-nocookie.com\/embed\/Wfq0kIaAqTE?rel=0\" target=\"_blank\" rel=\"noopener\">Ouvrir le contenu directement<\/a><\/span><\/div>\n<\/p><\/div>\n<div class=\"embed-privacy-content\">\t\t\t\t<script>var _oembed_780d0c5b9f4a514b95a1802f4e13a4fd = '{\\\"embed\\\":\\\"&lt;iframe src=&quot;https:\\\\\/\\\\\/www.youtube-nocookie.com\\\\\/embed\\\\\/Wfq0kIaAqTE?rel=0&quot; width=&quot;560&quot; height=&quot;315&quot; frameborder=&quot;0&quot; allowfullscreen=&quot;allowfullscreen&quot;&gt;&lt;\\\\\/iframe&gt;\\\"}';<\/script>\t\t\t<\/div>\n<\/p><\/div>\n<p>Fabricant : Toshiro Swords, Andara GmbH, Brunnenweg 15, 64331 Weiterstadt, info@andara-gmbh.de<\/p>\n<div class=\"shariff shariff-align-left shariff-widget-align-left\"><ul class=\"shariff-buttons theme-grey orientation-horizontal buttonsize-medium\"><li class=\"shariff-button twitter shariff-nocustomcolor\" style=\"background-color:#595959\"><a href=\"https:\/\/twitter.com\/share?url=https%3A%2F%2Fsamuraischwert.kaufen%2Ffr%2Fprodukt%2F5x-tatami-omote-matte%2F&text=5x%20Tatami%20Omote%20Matte\" title=\"Partager sur X\" aria-label=\"Partager sur X\" role=\"button\" rel=\"noopener nofollow\" class=\"shariff-link\" style=\"; background-color:#000; color:#fff\" target=\"_blank\"><span class=\"shariff-icon\" style=\"\"><svg width=\"32px\" height=\"20px\" xmlns=\"http:\/\/www.w3.org\/2000\/svg\" viewbox=\"0 0 24 24\"><path fill=\"#000\" d=\"M14.258 10.152L23.176 0h-2.113l-7.747 8.813L7.133 0H0l9.352 13.328L0 23.973h2.113l8.176-9.309 6.531 9.309h7.133zm-2.895 3.293l-.949-1.328L2.875 1.56h3.246l6.086 8.523.945 1.328 7.91 11.078h-3.246zm0 0\"\/><\/svg><\/span><span class=\"shariff-text\">partager<\/span>&nbsp;<\/a><\/li><li class=\"shariff-button facebook shariff-nocustomcolor\" style=\"background-color:#4273c8\"><a href=\"https:\/\/www.facebook.com\/sharer\/sharer.php?u=https%3A%2F%2Fsamuraischwert.kaufen%2Ffr%2Fprodukt%2F5x-tatami-omote-matte%2F\" title=\"Partager sur Facebook\" aria-label=\"Partager sur Facebook\" role=\"button\" rel=\"nofollow\" class=\"shariff-link\" style=\"; background-color:#3b5998; color:#fff\" target=\"_blank\"><span class=\"shariff-icon\" style=\"\"><svg width=\"32px\" height=\"20px\" xmlns=\"http:\/\/www.w3.org\/2000\/svg\" viewbox=\"0 0 18 32\"><path fill=\"#3b5998\" d=\"M17.1 0.2v4.7h-2.8q-1.5 0-2.1 0.6t-0.5 1.9v3.4h5.2l-0.7 5.3h-4.5v13.6h-5.5v-13.6h-4.5v-5.3h4.5v-3.9q0-3.3 1.9-5.2t5-1.8q2.6 0 4.1 0.2z\"\/><\/svg><\/span><span class=\"shariff-text\">partager<\/span>&nbsp;<\/a><\/li><li class=\"shariff-button xing shariff-nocustomcolor\" style=\"background-color:#29888a\"><a href=\"https:\/\/www.xing.com\/spi\/shares\/new?url=https%3A%2F%2Fsamuraischwert.kaufen%2Ffr%2Fprodukt%2F5x-tatami-omote-matte%2F\" title=\"Partager sur XING\" aria-label=\"Partager sur XING\" role=\"button\" rel=\"noopener nofollow\" class=\"shariff-link\" style=\"; background-color:#126567; color:#fff\" target=\"_blank\"><span class=\"shariff-icon\" style=\"\"><svg width=\"32px\" height=\"20px\" xmlns=\"http:\/\/www.w3.org\/2000\/svg\" viewbox=\"0 0 25 32\"><path fill=\"#126567\" d=\"M10.7 11.9q-0.2 0.3-4.6 8.2-0.5 0.8-1.2 0.8h-4.3q-0.4 0-0.5-0.3t0-0.6l4.5-8q0 0 0 0l-2.9-5q-0.2-0.4 0-0.7 0.2-0.3 0.5-0.3h4.3q0.7 0 1.2 0.8zM25.1 0.4q0.2 0.3 0 0.7l-9.4 16.7 6 11q0.2 0.4 0 0.6-0.2 0.3-0.6 0.3h-4.3q-0.7 0-1.2-0.8l-6-11.1q0.3-0.6 9.5-16.8 0.4-0.8 1.2-0.8h4.3q0.4 0 0.5 0.3z\"\/><\/svg><\/span><span class=\"shariff-text\">partager<\/span>&nbsp;<\/a><\/li><li class=\"shariff-button linkedin shariff-nocustomcolor\" style=\"background-color:#1488bf\"><a href=\"https:\/\/www.linkedin.com\/sharing\/share-offsite\/?url=https%3A%2F%2Fsamuraischwert.kaufen%2Ffr%2Fprodukt%2F5x-tatami-omote-matte%2F\" title=\"Partager sur LinkedIn\" aria-label=\"Partager sur LinkedIn\" role=\"button\" rel=\"noopener nofollow\" class=\"shariff-link\" style=\"; background-color:#0077b5; color:#fff\" target=\"_blank\"><span class=\"shariff-icon\" style=\"\"><svg width=\"32px\" height=\"20px\" xmlns=\"http:\/\/www.w3.org\/2000\/svg\" viewbox=\"0 0 27 32\"><path fill=\"#0077b5\" d=\"M6.2 11.2v17.7h-5.9v-17.7h5.9zM6.6 5.7q0 1.3-0.9 2.2t-2.4 0.9h0q-1.5 0-2.4-0.9t-0.9-2.2 0.9-2.2 2.4-0.9 2.4 0.9 0.9 2.2zM27.4 18.7v10.1h-5.9v-9.5q0-1.9-0.7-2.9t-2.3-1.1q-1.1 0-1.9 0.6t-1.2 1.5q-0.2 0.5-0.2 1.4v9.9h-5.9q0-7.1 0-11.6t0-5.3l0-0.9h5.9v2.6h0q0.4-0.6 0.7-1t1-0.9 1.6-0.8 2-0.3q3 0 4.9 2t1.9 6z\"\/><\/svg><\/span><span class=\"shariff-text\">partager<\/span>&nbsp;<\/a><\/li><li class=\"shariff-button mailto shariff-nocustomcolor\" style=\"background-color:#a8a8a8\"><a href=\"mailto:?body=https%3A%2F%2Fsamuraischwert.kaufen%2Ffr%2Fprodukt%2F5x-tatami-omote-matte%2F&subject=5x%20Tatami%20Omote%20Matte\" title=\"Envoyer par e-mail\" aria-label=\"Envoyer par e-mail\" role=\"button\" rel=\"noopener nofollow\" class=\"shariff-link\" style=\"; background-color:#999; color:#fff\"><span class=\"shariff-icon\" style=\"\"><svg width=\"32px\" height=\"20px\" xmlns=\"http:\/\/www.w3.org\/2000\/svg\" viewbox=\"0 0 32 32\"><path fill=\"#999\" d=\"M32 12.7v14.2q0 1.2-0.8 2t-2 0.9h-26.3q-1.2 0-2-0.9t-0.8-2v-14.2q0.8 0.9 1.8 1.6 6.5 4.4 8.9 6.1 1 0.8 1.6 1.2t1.7 0.9 2 0.4h0.1q0.9 0 2-0.4t1.7-0.9 1.6-1.2q3-2.2 8.9-6.1 1-0.7 1.8-1.6zM32 7.4q0 1.4-0.9 2.7t-2.2 2.2q-6.7 4.7-8.4 5.8-0.2 0.1-0.7 0.5t-1 0.7-0.9 0.6-1.1 0.5-0.9 0.2h-0.1q-0.4 0-0.9-0.2t-1.1-0.5-0.9-0.6-1-0.7-0.7-0.5q-1.6-1.1-4.7-3.2t-3.6-2.6q-1.1-0.7-2.1-2t-1-2.5q0-1.4 0.7-2.3t2.1-0.9h26.3q1.2 0 2 0.8t0.9 2z\"\/><\/svg><\/span><span class=\"shariff-text\">Courrier \u00e9lectronique<\/span>&nbsp;<\/a><\/li><li class=\"shariff-button whatsapp shariff-nocustomcolor\" style=\"background-color:#5cbe4a\"><a href=\"https:\/\/api.whatsapp.com\/send?text=https%3A%2F%2Fsamuraischwert.kaufen%2Ffr%2Fprodukt%2F5x-tatami-omote-matte%2F%205x%20Tatami%20Omote%20Matte\" title=\"Partager sur Whatsapp\" aria-label=\"Partager sur Whatsapp\" role=\"button\" rel=\"noopener nofollow\" class=\"shariff-link\" style=\"; background-color:#34af23; color:#fff\" target=\"_blank\"><span class=\"shariff-icon\" style=\"\"><svg width=\"32px\" height=\"20px\" xmlns=\"http:\/\/www.w3.org\/2000\/svg\" viewbox=\"0 0 32 32\"><path fill=\"#34af23\" d=\"M17.6 17.4q0.2 0 1.7 0.8t1.6 0.9q0 0.1 0 0.3 0 0.6-0.3 1.4-0.3 0.7-1.3 1.2t-1.8 0.5q-1 0-3.4-1.1-1.7-0.8-3-2.1t-2.6-3.3q-1.3-1.9-1.3-3.5v-0.1q0.1-1.6 1.3-2.8 0.4-0.4 0.9-0.4 0.1 0 0.3 0t0.3 0q0.3 0 0.5 0.1t0.3 0.5q0.1 0.4 0.6 1.6t0.4 1.3q0 0.4-0.6 1t-0.6 0.8q0 0.1 0.1 0.3 0.6 1.3 1.8 2.4 1 0.9 2.7 1.8 0.2 0.1 0.4 0.1 0.3 0 1-0.9t0.9-0.9zM14 26.9q2.3 0 4.3-0.9t3.6-2.4 2.4-3.6 0.9-4.3-0.9-4.3-2.4-3.6-3.6-2.4-4.3-0.9-4.3 0.9-3.6 2.4-2.4 3.6-0.9 4.3q0 3.6 2.1 6.6l-1.4 4.2 4.3-1.4q2.8 1.9 6.2 1.9zM14 2.2q2.7 0 5.2 1.1t4.3 2.9 2.9 4.3 1.1 5.2-1.1 5.2-2.9 4.3-4.3 2.9-5.2 1.1q-3.5 0-6.5-1.7l-7.4 2.4 2.4-7.2q-1.9-3.2-1.9-6.9 0-2.7 1.1-5.2t2.9-4.3 4.3-2.9 5.2-1.1z\"\/><\/svg><\/span><span class=\"shariff-text\">partager<\/span>&nbsp;<\/a><\/li><\/ul><\/div>","protected":false},"excerpt":{"rendered":"<p>Produktmerkmale: \u00a0 \u00a0 Gehobene Qualit\u00e4t \u00a0 Ma\u00dfe ausgerollt 108 x 200 cm! \u00a0 Sichere Bindung aus Hanfschn\u00fcren \u00a0 F\u00fcr optimiertes W\u00e4ssern und hervorragende Schnitt\u00fcbungen \u00a0 Toshiro Swords Markenprodukt \u00a0 \u00a0 Produktbeschreibung: Darf es auch etwas mehr sein? Toshiro Swords beantwortet diese Frage mit JA! Gebundene Tatami Omote Matte f\u00fcr Tameshigiri Schnitt\u00fcbungen. Die Matte besitzt ausgerollt [&hellip;]<\/p>\n","protected":false},"featured_media":8975,"comment_status":"open","ping_status":"closed","template":"","meta":{"_acf_changed":false},"product_brand":[],"product_cat":[737],"product_tag":[871,225,154,868,523,870,869,150,151,872,738,131,518,618],"class_list":{"0":"post-8981","1":"product","2":"type-product","3":"status-publish","4":"has-post-thumbnail","6":"product_cat-tameshigiri-zubehoer","7":"product_tag-dachi","8":"product_tag-fuer","9":"product_tag-katana","10":"product_tag-matte","11":"product_tag-mit","12":"product_tag-mugen","13":"product_tag-reisstroh","14":"product_tag-samurai","15":"product_tag-samuraischwert","16":"product_tag-schnitttestmatte","17":"product_tag-schnittuebungen","18":"product_tag-schwert","19":"product_tag-shinken","20":"product_tag-tameshigiri","21":"product_shipping_class-debrief145-2","23":"first","24":"instock","25":"taxable","26":"shipping-taxable","27":"purchasable","28":"product-type-simple"},"acf":[],"_links":{"self":[{"href":"https:\/\/samuraischwert.kaufen\/fr\/wp-json\/wp\/v2\/product\/8981","targetHints":{"allow":["GET"]}}],"collection":[{"href":"https:\/\/samuraischwert.kaufen\/fr\/wp-json\/wp\/v2\/product"}],"about":[{"href":"https:\/\/samuraischwert.kaufen\/fr\/wp-json\/wp\/v2\/types\/product"}],"replies":[{"embeddable":true,"href":"https:\/\/samuraischwert.kaufen\/fr\/wp-json\/wp\/v2\/comments?post=8981"}],"wp:featuredmedia":[{"embeddable":true,"href":"https:\/\/samuraischwert.kaufen\/fr\/wp-json\/wp\/v2\/media\/8975"}],"wp:attachment":[{"href":"https:\/\/samuraischwert.kaufen\/fr\/wp-json\/wp\/v2\/media?parent=8981"}],"wp:term":[{"taxonomy":"product_brand","embeddable":true,"href":"https:\/\/samuraischwert.kaufen\/fr\/wp-json\/wp\/v2\/product_brand?post=8981"},{"taxonomy":"product_cat","embeddable":true,"href":"https:\/\/samuraischwert.kaufen\/fr\/wp-json\/wp\/v2\/product_cat?post=8981"},{"taxonomy":"product_tag","embeddable":true,"href":"https:\/\/samuraischwert.kaufen\/fr\/wp-json\/wp\/v2\/product_tag?post=8981"}],"curies":[{"name":"wp","href":"https:\/\/api.w.org\/{rel}","templated":true}]}}