{"id":65593,"date":"2025-05-28T19:05:39","date_gmt":"2025-05-28T17:05:39","guid":{"rendered":"https:\/\/samuraischwert.kaufen\/?post_type=product&#038;p=65593"},"modified":"2025-05-28T19:11:47","modified_gmt":"2025-05-28T17:11:47","slug":"gendaito-katana-de-bizen-osafune-sukesada","status":"publish","type":"product","link":"https:\/\/samuraischwert.kaufen\/fr\/produkt\/gendaito-katana-von-bizen-osafune-sukesada\/","title":{"rendered":"Gendaito Katana de Bizen Osafune Sukesada"},"content":{"rendered":"<p>Sukesada - 39651<\/p>\n<p>Tr\u00e8s beau katana Gendaito bien conserv\u00e9 et sans d\u00e9faut de la c\u00e9l\u00e8bre \u00e9cole Bizen Osafune. Celle-ci a une histoire qui remonte \u00e0 la fin du 12\u00e8me si\u00e8cle. De nombreux forgerons tr\u00e8s dou\u00e9s ont travaill\u00e9 sous le nom de forge Sukesada tout au long de l'histoire du Japon.<\/p>\n<p>Katana Mei (signature) :<br \/>\nC\u00f4t\u00e9 Omote : Bizen Osafune Tomonari Rokujudai Mago Yokoyama Senryushi Sukesada<br \/>\nPage Ura : Taisho Gonen Sangatsu Kichijitsu Momoyama Nogi Jinja Shinzen ni oite Kore wo Kitaeru<\/p>\n<p>Informations sur le forgeron :<br \/>\nLe nom de Sukesada est si connu qu'on peut le consid\u00e9rer comme l'un des repr\u00e9sentants les plus remarquables de Bizen Osafune.<\/p>\n<p>Informations sur l'\u00e9p\u00e9e :<br \/>\nAnn\u00e9e de fabrication : 1916 (Taisho)<br \/>\nNagasa (longueur de la lame) : 64.8 cm<br \/>\nSori (courbure) : 1,8 cm<br \/>\nSakihaba : 18,6 mm<br \/>\nSakikasane : 5,3 mm<br \/>\nMotohaba : 27,1 mm<br \/>\nMotokasane : 6,9 mm<br \/>\nForme de la lame : Shinogi-zukuri, Iori-mune<br \/>\nJigane : Itame<br \/>\nHamon : Gunome<br \/>\nBoshi : Midarekomi<br \/>\nNakago : Ubu<br \/>\nPoids : 610 g (lame), 920 g (sans Saya)<\/p>\n<p>Cette lame a une histoire particuli\u00e8re. La signature sur le c\u00f4t\u00e9 Ura de la garde de la lame signifie : \"En mars 1916, cette \u00e9p\u00e9e a \u00e9t\u00e9 forg\u00e9e devant Dieu sur le site du sanctuaire Nogijinja dans la r\u00e9gion de Momoyama \u00e0 Kyoto\".<\/p>\n<p>Le sanctuaire Nogi a \u00e9t\u00e9 inaugur\u00e9 en 1916. Il est probable que le sabre ait \u00e9t\u00e9 forg\u00e9 et consacr\u00e9 \u00e0 cette occasion. D'un point de vue occidental, il s'agit peut-\u00eatre d'un d\u00e9tail mineur, mais pour un sabre japonais, il rev\u00eat une importance particuli\u00e8re.<\/p>\n<p>La lame est accompagn\u00e9e de deux montures. Shirasaya avec sayagaki de Sato Kanzan et Uchigatana Koshirae avec une conception \u00e9labor\u00e9e.<\/p>\n<p>La tsuba est sign\u00e9e \"Efu Ju Akao Yoshitsugu\". Akao Yoshitsugu a travaill\u00e9 \u00e0 l'\u00e9poque d'Edo et est connu pour ses travaux de grande qualit\u00e9.<\/p>\n<p>Compte tenu de son \u00e9tat, de son origine et de son contexte historique, la NBTHK a accord\u00e9 le statut de Tokubetsu \u00e0 ce beau sabre et a d\u00e9livr\u00e9 le certificat correspondant.<\/p>\n<p>Cette \u00e9p\u00e9e se trouve actuellement encore au Japon. Nous nous chargeons des d\u00e9marches d'importation si vous d\u00e9cidez de l'acheter.<\/p>\n<div class=\"shariff shariff-align-left shariff-widget-align-left\"><ul class=\"shariff-buttons theme-grey orientation-horizontal buttonsize-medium\"><li class=\"shariff-button twitter shariff-nocustomcolor\" style=\"background-color:#595959\"><a href=\"https:\/\/twitter.com\/share?url=https%3A%2F%2Fsamuraischwert.kaufen%2Ffr%2Fprodukt%2Fgendaito-katana-von-bizen-osafune-sukesada%2F&text=Gendaito%20Katana%20von%20Bizen%20Osafune%20Sukesada\" title=\"Partager sur X\" aria-label=\"Partager sur X\" role=\"button\" rel=\"noopener nofollow\" class=\"shariff-link\" style=\"; background-color:#000; color:#fff\" target=\"_blank\"><span class=\"shariff-icon\" style=\"\"><svg width=\"32px\" height=\"20px\" xmlns=\"http:\/\/www.w3.org\/2000\/svg\" viewbox=\"0 0 24 24\"><path fill=\"#000\" d=\"M14.258 10.152L23.176 0h-2.113l-7.747 8.813L7.133 0H0l9.352 13.328L0 23.973h2.113l8.176-9.309 6.531 9.309h7.133zm-2.895 3.293l-.949-1.328L2.875 1.56h3.246l6.086 8.523.945 1.328 7.91 11.078h-3.246zm0 0\"\/><\/svg><\/span><span class=\"shariff-text\">partager<\/span>&nbsp;<\/a><\/li><li class=\"shariff-button facebook shariff-nocustomcolor\" style=\"background-color:#4273c8\"><a href=\"https:\/\/www.facebook.com\/sharer\/sharer.php?u=https%3A%2F%2Fsamuraischwert.kaufen%2Ffr%2Fprodukt%2Fgendaito-katana-von-bizen-osafune-sukesada%2F\" title=\"Partager sur Facebook\" aria-label=\"Partager sur Facebook\" role=\"button\" rel=\"nofollow\" class=\"shariff-link\" style=\"; background-color:#3b5998; color:#fff\" target=\"_blank\"><span class=\"shariff-icon\" style=\"\"><svg width=\"32px\" height=\"20px\" xmlns=\"http:\/\/www.w3.org\/2000\/svg\" viewbox=\"0 0 18 32\"><path fill=\"#3b5998\" d=\"M17.1 0.2v4.7h-2.8q-1.5 0-2.1 0.6t-0.5 1.9v3.4h5.2l-0.7 5.3h-4.5v13.6h-5.5v-13.6h-4.5v-5.3h4.5v-3.9q0-3.3 1.9-5.2t5-1.8q2.6 0 4.1 0.2z\"\/><\/svg><\/span><span class=\"shariff-text\">partager<\/span>&nbsp;<\/a><\/li><li class=\"shariff-button xing shariff-nocustomcolor\" style=\"background-color:#29888a\"><a href=\"https:\/\/www.xing.com\/spi\/shares\/new?url=https%3A%2F%2Fsamuraischwert.kaufen%2Ffr%2Fprodukt%2Fgendaito-katana-von-bizen-osafune-sukesada%2F\" title=\"Partager sur XING\" aria-label=\"Partager sur XING\" role=\"button\" rel=\"noopener nofollow\" class=\"shariff-link\" style=\"; background-color:#126567; color:#fff\" target=\"_blank\"><span class=\"shariff-icon\" style=\"\"><svg width=\"32px\" height=\"20px\" xmlns=\"http:\/\/www.w3.org\/2000\/svg\" viewbox=\"0 0 25 32\"><path fill=\"#126567\" d=\"M10.7 11.9q-0.2 0.3-4.6 8.2-0.5 0.8-1.2 0.8h-4.3q-0.4 0-0.5-0.3t0-0.6l4.5-8q0 0 0 0l-2.9-5q-0.2-0.4 0-0.7 0.2-0.3 0.5-0.3h4.3q0.7 0 1.2 0.8zM25.1 0.4q0.2 0.3 0 0.7l-9.4 16.7 6 11q0.2 0.4 0 0.6-0.2 0.3-0.6 0.3h-4.3q-0.7 0-1.2-0.8l-6-11.1q0.3-0.6 9.5-16.8 0.4-0.8 1.2-0.8h4.3q0.4 0 0.5 0.3z\"\/><\/svg><\/span><span class=\"shariff-text\">partager<\/span>&nbsp;<\/a><\/li><li class=\"shariff-button linkedin shariff-nocustomcolor\" style=\"background-color:#1488bf\"><a href=\"https:\/\/www.linkedin.com\/sharing\/share-offsite\/?url=https%3A%2F%2Fsamuraischwert.kaufen%2Ffr%2Fprodukt%2Fgendaito-katana-von-bizen-osafune-sukesada%2F\" title=\"Partager sur LinkedIn\" aria-label=\"Partager sur LinkedIn\" role=\"button\" rel=\"noopener nofollow\" class=\"shariff-link\" style=\"; background-color:#0077b5; color:#fff\" target=\"_blank\"><span class=\"shariff-icon\" style=\"\"><svg width=\"32px\" height=\"20px\" xmlns=\"http:\/\/www.w3.org\/2000\/svg\" viewbox=\"0 0 27 32\"><path fill=\"#0077b5\" d=\"M6.2 11.2v17.7h-5.9v-17.7h5.9zM6.6 5.7q0 1.3-0.9 2.2t-2.4 0.9h0q-1.5 0-2.4-0.9t-0.9-2.2 0.9-2.2 2.4-0.9 2.4 0.9 0.9 2.2zM27.4 18.7v10.1h-5.9v-9.5q0-1.9-0.7-2.9t-2.3-1.1q-1.1 0-1.9 0.6t-1.2 1.5q-0.2 0.5-0.2 1.4v9.9h-5.9q0-7.1 0-11.6t0-5.3l0-0.9h5.9v2.6h0q0.4-0.6 0.7-1t1-0.9 1.6-0.8 2-0.3q3 0 4.9 2t1.9 6z\"\/><\/svg><\/span><span class=\"shariff-text\">partager<\/span>&nbsp;<\/a><\/li><li class=\"shariff-button mailto shariff-nocustomcolor\" style=\"background-color:#a8a8a8\"><a href=\"mailto:?body=https%3A%2F%2Fsamuraischwert.kaufen%2Ffr%2Fprodukt%2Fgendaito-katana-von-bizen-osafune-sukesada%2F&subject=Gendaito%20Katana%20von%20Bizen%20Osafune%20Sukesada\" title=\"Envoyer par e-mail\" aria-label=\"Envoyer par e-mail\" role=\"button\" rel=\"noopener nofollow\" class=\"shariff-link\" style=\"; background-color:#999; color:#fff\"><span class=\"shariff-icon\" style=\"\"><svg width=\"32px\" height=\"20px\" xmlns=\"http:\/\/www.w3.org\/2000\/svg\" viewbox=\"0 0 32 32\"><path fill=\"#999\" d=\"M32 12.7v14.2q0 1.2-0.8 2t-2 0.9h-26.3q-1.2 0-2-0.9t-0.8-2v-14.2q0.8 0.9 1.8 1.6 6.5 4.4 8.9 6.1 1 0.8 1.6 1.2t1.7 0.9 2 0.4h0.1q0.9 0 2-0.4t1.7-0.9 1.6-1.2q3-2.2 8.9-6.1 1-0.7 1.8-1.6zM32 7.4q0 1.4-0.9 2.7t-2.2 2.2q-6.7 4.7-8.4 5.8-0.2 0.1-0.7 0.5t-1 0.7-0.9 0.6-1.1 0.5-0.9 0.2h-0.1q-0.4 0-0.9-0.2t-1.1-0.5-0.9-0.6-1-0.7-0.7-0.5q-1.6-1.1-4.7-3.2t-3.6-2.6q-1.1-0.7-2.1-2t-1-2.5q0-1.4 0.7-2.3t2.1-0.9h26.3q1.2 0 2 0.8t0.9 2z\"\/><\/svg><\/span><span class=\"shariff-text\">Courrier \u00e9lectronique<\/span>&nbsp;<\/a><\/li><li class=\"shariff-button whatsapp shariff-nocustomcolor\" style=\"background-color:#5cbe4a\"><a href=\"https:\/\/api.whatsapp.com\/send?text=https%3A%2F%2Fsamuraischwert.kaufen%2Ffr%2Fprodukt%2Fgendaito-katana-von-bizen-osafune-sukesada%2F%20Gendaito%20Katana%20von%20Bizen%20Osafune%20Sukesada\" title=\"Partager sur Whatsapp\" aria-label=\"Partager sur Whatsapp\" role=\"button\" rel=\"noopener nofollow\" class=\"shariff-link\" style=\"; background-color:#34af23; color:#fff\" target=\"_blank\"><span class=\"shariff-icon\" style=\"\"><svg width=\"32px\" height=\"20px\" xmlns=\"http:\/\/www.w3.org\/2000\/svg\" viewbox=\"0 0 32 32\"><path fill=\"#34af23\" d=\"M17.6 17.4q0.2 0 1.7 0.8t1.6 0.9q0 0.1 0 0.3 0 0.6-0.3 1.4-0.3 0.7-1.3 1.2t-1.8 0.5q-1 0-3.4-1.1-1.7-0.8-3-2.1t-2.6-3.3q-1.3-1.9-1.3-3.5v-0.1q0.1-1.6 1.3-2.8 0.4-0.4 0.9-0.4 0.1 0 0.3 0t0.3 0q0.3 0 0.5 0.1t0.3 0.5q0.1 0.4 0.6 1.6t0.4 1.3q0 0.4-0.6 1t-0.6 0.8q0 0.1 0.1 0.3 0.6 1.3 1.8 2.4 1 0.9 2.7 1.8 0.2 0.1 0.4 0.1 0.3 0 1-0.9t0.9-0.9zM14 26.9q2.3 0 4.3-0.9t3.6-2.4 2.4-3.6 0.9-4.3-0.9-4.3-2.4-3.6-3.6-2.4-4.3-0.9-4.3 0.9-3.6 2.4-2.4 3.6-0.9 4.3q0 3.6 2.1 6.6l-1.4 4.2 4.3-1.4q2.8 1.9 6.2 1.9zM14 2.2q2.7 0 5.2 1.1t4.3 2.9 2.9 4.3 1.1 5.2-1.1 5.2-2.9 4.3-4.3 2.9-5.2 1.1q-3.5 0-6.5-1.7l-7.4 2.4 2.4-7.2q-1.9-3.2-1.9-6.9 0-2.7 1.1-5.2t2.9-4.3 4.3-2.9 5.2-1.1z\"\/><\/svg><\/span><span class=\"shariff-text\">partager<\/span>&nbsp;<\/a><\/li><\/ul><\/div>","protected":false},"excerpt":{"rendered":"<p>Sukesada &#8211; 39651 Sehr sch\u00f6nes und gut erhaltenes Gendaito Katana ohne Fehler aus der ber\u00fchmten Bizen Osafune Schule. Diese hat eine Historie seit dem sp\u00e4ten 12. Jahrhundert. Viele sehr begabte Schmiede arbeiteten in der Geschichte Japans unter dem Schmiedenamen Sukesada. Katana Mei (Signatur): Omote-Seite: Bizen Osafune Tomonari Rokujudai Mago Yokoyama Senryushi Sukesada Ura-Seite: Taisho Gonen [&hellip;]<\/p>\n","protected":false},"featured_media":65594,"comment_status":"open","ping_status":"closed","template":"","meta":{"_acf_changed":false},"product_brand":[],"product_cat":[1724],"product_tag":[],"class_list":{"0":"post-65593","1":"product","2":"type-product","3":"status-publish","4":"has-post-thumbnail","6":"product_cat-gendaito-kaufen","8":"first","9":"instock","10":"taxable","11":"shipping-taxable","12":"product-type-external"},"acf":[],"_links":{"self":[{"href":"https:\/\/samuraischwert.kaufen\/fr\/wp-json\/wp\/v2\/product\/65593","targetHints":{"allow":["GET"]}}],"collection":[{"href":"https:\/\/samuraischwert.kaufen\/fr\/wp-json\/wp\/v2\/product"}],"about":[{"href":"https:\/\/samuraischwert.kaufen\/fr\/wp-json\/wp\/v2\/types\/product"}],"replies":[{"embeddable":true,"href":"https:\/\/samuraischwert.kaufen\/fr\/wp-json\/wp\/v2\/comments?post=65593"}],"wp:featuredmedia":[{"embeddable":true,"href":"https:\/\/samuraischwert.kaufen\/fr\/wp-json\/wp\/v2\/media\/65594"}],"wp:attachment":[{"href":"https:\/\/samuraischwert.kaufen\/fr\/wp-json\/wp\/v2\/media?parent=65593"}],"wp:term":[{"taxonomy":"product_brand","embeddable":true,"href":"https:\/\/samuraischwert.kaufen\/fr\/wp-json\/wp\/v2\/product_brand?post=65593"},{"taxonomy":"product_cat","embeddable":true,"href":"https:\/\/samuraischwert.kaufen\/fr\/wp-json\/wp\/v2\/product_cat?post=65593"},{"taxonomy":"product_tag","embeddable":true,"href":"https:\/\/samuraischwert.kaufen\/fr\/wp-json\/wp\/v2\/product_tag?post=65593"}],"curies":[{"name":"wp","href":"https:\/\/api.w.org\/{rel}","templated":true}]}}