{"id":65190,"date":"2025-03-21T08:38:50","date_gmt":"2025-03-21T07:38:50","guid":{"rendered":"https:\/\/samuraischwert.kaufen\/?post_type=product&#038;p=65190"},"modified":"2025-05-28T21:47:31","modified_gmt":"2025-05-28T19:47:31","slug":"katana-japonais-pour-iaido-et-tameshigiri-par-morikazu-nagasa-69-9cm","status":"publish","type":"product","link":"https:\/\/samuraischwert.kaufen\/fr\/produkt\/japanisches-katana-fuer-iaido-und-tameshigiri-von-morikazu-nagasa-69-9cm\/","title":{"rendered":"Katana japonais pour iaido et tameshigiri de Morikazu - Nagasa 69.9cm"},"content":{"rendered":"<p>Katana du 21e si\u00e8cle fabriqu\u00e9 au Japon. Un sabre id\u00e9al pour l'iaido ou pour les exercices de coupe (tameshigiri).<\/p>\n<p>Informations sur la lame :<br \/>\nNagasa (longueur de la lame) : 69.9 cm<br \/>\nSori (courbure de la lame) : 1,7 cm<br \/>\nMotohaba : 30,7 mm<br \/>\nMotokasane : 5,4 mm<br \/>\nSakihaba : 22,1 mm<br \/>\nSakikasane : 3,8 mm<br \/>\nPoids de la lame (lame seule) : 535 g<br \/>\nPoids sans saya : 780 g<br \/>\nLa lame a \u00e9t\u00e9 fabriqu\u00e9e en 2004 par le ma\u00eetre forgeron Morikazu.<\/p>\n<p>Katana Mei (signature) :<br \/>\nC\u00f4t\u00e9 Omote : \u85a9\u5dde\u4f4f\u6e90\u76db\u548c\u4f5c = Fabriqu\u00e9 par Minamoto Morikazu \u00e0 Sassh\u016b (Satsuma)<br \/>\nPage Ura : \u5e73\u6210\u5341\u516d\u5e74\u5341\u6708\u65e5 = Un jour d'octobre Heisei 16 (2004)<\/p>\n<p>Informations sur le forgeron :<br \/>\nMorikazu s'appelle de son vrai nom Kazumasa Fujita et vivait \u00e0 Satsuma dans la province de Kagoshima.<br \/>\nIl est \u00e9l\u00e8ve du ma\u00eetre Minamoto Moriatsu.<br \/>\nIl est membre de la All Japan Swordsmiths Association (AJSA) pour les forgerons de sabres contemporains au Japon.<\/p>\n<p>Informations sur la monture :<br \/>\nLa lame est mont\u00e9e dans une monture de katana classique. Avec un saya marron fonc\u00e9 avec Han-Same, c'est-\u00e0-dire une incrustation de Same sur le c\u00f4t\u00e9 de l'ouverture. La poign\u00e9e est en cuir noir.<\/p>\n<p>Ce sabre se trouve actuellement encore au Japon. Nous nous chargeons des formalit\u00e9s d'importation (tous les frais y aff\u00e9rents, y compris les frais de douane, sont inclus dans le prix) si vous d\u00e9cidez de l'acheter.<br \/>\nAvec le sabre, vous recevez une copie de l'enregistrement japonais de l'arme, qui confirme que le sabre a \u00e9t\u00e9 enregistr\u00e9 au Japon comme un v\u00e9ritable sabre.<\/p>\n<div class=\"shariff shariff-align-left shariff-widget-align-left\"><ul class=\"shariff-buttons theme-grey orientation-horizontal buttonsize-medium\"><li class=\"shariff-button twitter shariff-nocustomcolor\" style=\"background-color:#595959\"><a href=\"https:\/\/twitter.com\/share?url=https%3A%2F%2Fsamuraischwert.kaufen%2Ffr%2Fprodukt%2Fjapanisches-katana-fuer-iaido-und-tameshigiri-von-morikazu-nagasa-69-9cm%2F&text=Japanisches%20Katana%20f%C3%BCr%20Iaido%20und%20Tameshigiri%20von%20Morikazu%20%E2%80%93%20Nagasa%2069.9cm\" title=\"Partager sur X\" aria-label=\"Partager sur X\" role=\"button\" rel=\"noopener nofollow\" class=\"shariff-link\" style=\"; background-color:#000; color:#fff\" target=\"_blank\"><span class=\"shariff-icon\" style=\"\"><svg width=\"32px\" height=\"20px\" xmlns=\"http:\/\/www.w3.org\/2000\/svg\" viewbox=\"0 0 24 24\"><path fill=\"#000\" d=\"M14.258 10.152L23.176 0h-2.113l-7.747 8.813L7.133 0H0l9.352 13.328L0 23.973h2.113l8.176-9.309 6.531 9.309h7.133zm-2.895 3.293l-.949-1.328L2.875 1.56h3.246l6.086 8.523.945 1.328 7.91 11.078h-3.246zm0 0\"\/><\/svg><\/span><span class=\"shariff-text\">partager<\/span>&nbsp;<\/a><\/li><li class=\"shariff-button facebook shariff-nocustomcolor\" style=\"background-color:#4273c8\"><a href=\"https:\/\/www.facebook.com\/sharer\/sharer.php?u=https%3A%2F%2Fsamuraischwert.kaufen%2Ffr%2Fprodukt%2Fjapanisches-katana-fuer-iaido-und-tameshigiri-von-morikazu-nagasa-69-9cm%2F\" title=\"Partager sur Facebook\" aria-label=\"Partager sur Facebook\" role=\"button\" rel=\"nofollow\" class=\"shariff-link\" style=\"; background-color:#3b5998; color:#fff\" target=\"_blank\"><span class=\"shariff-icon\" style=\"\"><svg width=\"32px\" height=\"20px\" xmlns=\"http:\/\/www.w3.org\/2000\/svg\" viewbox=\"0 0 18 32\"><path fill=\"#3b5998\" d=\"M17.1 0.2v4.7h-2.8q-1.5 0-2.1 0.6t-0.5 1.9v3.4h5.2l-0.7 5.3h-4.5v13.6h-5.5v-13.6h-4.5v-5.3h4.5v-3.9q0-3.3 1.9-5.2t5-1.8q2.6 0 4.1 0.2z\"\/><\/svg><\/span><span class=\"shariff-text\">partager<\/span>&nbsp;<\/a><\/li><li class=\"shariff-button xing shariff-nocustomcolor\" style=\"background-color:#29888a\"><a href=\"https:\/\/www.xing.com\/spi\/shares\/new?url=https%3A%2F%2Fsamuraischwert.kaufen%2Ffr%2Fprodukt%2Fjapanisches-katana-fuer-iaido-und-tameshigiri-von-morikazu-nagasa-69-9cm%2F\" title=\"Partager sur XING\" aria-label=\"Partager sur XING\" role=\"button\" rel=\"noopener nofollow\" class=\"shariff-link\" style=\"; background-color:#126567; color:#fff\" target=\"_blank\"><span class=\"shariff-icon\" style=\"\"><svg width=\"32px\" height=\"20px\" xmlns=\"http:\/\/www.w3.org\/2000\/svg\" viewbox=\"0 0 25 32\"><path fill=\"#126567\" d=\"M10.7 11.9q-0.2 0.3-4.6 8.2-0.5 0.8-1.2 0.8h-4.3q-0.4 0-0.5-0.3t0-0.6l4.5-8q0 0 0 0l-2.9-5q-0.2-0.4 0-0.7 0.2-0.3 0.5-0.3h4.3q0.7 0 1.2 0.8zM25.1 0.4q0.2 0.3 0 0.7l-9.4 16.7 6 11q0.2 0.4 0 0.6-0.2 0.3-0.6 0.3h-4.3q-0.7 0-1.2-0.8l-6-11.1q0.3-0.6 9.5-16.8 0.4-0.8 1.2-0.8h4.3q0.4 0 0.5 0.3z\"\/><\/svg><\/span><span class=\"shariff-text\">partager<\/span>&nbsp;<\/a><\/li><li class=\"shariff-button linkedin shariff-nocustomcolor\" style=\"background-color:#1488bf\"><a href=\"https:\/\/www.linkedin.com\/sharing\/share-offsite\/?url=https%3A%2F%2Fsamuraischwert.kaufen%2Ffr%2Fprodukt%2Fjapanisches-katana-fuer-iaido-und-tameshigiri-von-morikazu-nagasa-69-9cm%2F\" title=\"Partager sur LinkedIn\" aria-label=\"Partager sur LinkedIn\" role=\"button\" rel=\"noopener nofollow\" class=\"shariff-link\" style=\"; background-color:#0077b5; color:#fff\" target=\"_blank\"><span class=\"shariff-icon\" style=\"\"><svg width=\"32px\" height=\"20px\" xmlns=\"http:\/\/www.w3.org\/2000\/svg\" viewbox=\"0 0 27 32\"><path fill=\"#0077b5\" d=\"M6.2 11.2v17.7h-5.9v-17.7h5.9zM6.6 5.7q0 1.3-0.9 2.2t-2.4 0.9h0q-1.5 0-2.4-0.9t-0.9-2.2 0.9-2.2 2.4-0.9 2.4 0.9 0.9 2.2zM27.4 18.7v10.1h-5.9v-9.5q0-1.9-0.7-2.9t-2.3-1.1q-1.1 0-1.9 0.6t-1.2 1.5q-0.2 0.5-0.2 1.4v9.9h-5.9q0-7.1 0-11.6t0-5.3l0-0.9h5.9v2.6h0q0.4-0.6 0.7-1t1-0.9 1.6-0.8 2-0.3q3 0 4.9 2t1.9 6z\"\/><\/svg><\/span><span class=\"shariff-text\">partager<\/span>&nbsp;<\/a><\/li><li class=\"shariff-button mailto shariff-nocustomcolor\" style=\"background-color:#a8a8a8\"><a href=\"mailto:?body=https%3A%2F%2Fsamuraischwert.kaufen%2Ffr%2Fprodukt%2Fjapanisches-katana-fuer-iaido-und-tameshigiri-von-morikazu-nagasa-69-9cm%2F&subject=Japanisches%20Katana%20f%C3%BCr%20Iaido%20und%20Tameshigiri%20von%20Morikazu%20%E2%80%93%20Nagasa%2069.9cm\" title=\"Envoyer par e-mail\" aria-label=\"Envoyer par e-mail\" role=\"button\" rel=\"noopener nofollow\" class=\"shariff-link\" style=\"; background-color:#999; color:#fff\"><span class=\"shariff-icon\" style=\"\"><svg width=\"32px\" height=\"20px\" xmlns=\"http:\/\/www.w3.org\/2000\/svg\" viewbox=\"0 0 32 32\"><path fill=\"#999\" d=\"M32 12.7v14.2q0 1.2-0.8 2t-2 0.9h-26.3q-1.2 0-2-0.9t-0.8-2v-14.2q0.8 0.9 1.8 1.6 6.5 4.4 8.9 6.1 1 0.8 1.6 1.2t1.7 0.9 2 0.4h0.1q0.9 0 2-0.4t1.7-0.9 1.6-1.2q3-2.2 8.9-6.1 1-0.7 1.8-1.6zM32 7.4q0 1.4-0.9 2.7t-2.2 2.2q-6.7 4.7-8.4 5.8-0.2 0.1-0.7 0.5t-1 0.7-0.9 0.6-1.1 0.5-0.9 0.2h-0.1q-0.4 0-0.9-0.2t-1.1-0.5-0.9-0.6-1-0.7-0.7-0.5q-1.6-1.1-4.7-3.2t-3.6-2.6q-1.1-0.7-2.1-2t-1-2.5q0-1.4 0.7-2.3t2.1-0.9h26.3q1.2 0 2 0.8t0.9 2z\"\/><\/svg><\/span><span class=\"shariff-text\">Courrier \u00e9lectronique<\/span>&nbsp;<\/a><\/li><li class=\"shariff-button whatsapp shariff-nocustomcolor\" style=\"background-color:#5cbe4a\"><a href=\"https:\/\/api.whatsapp.com\/send?text=https%3A%2F%2Fsamuraischwert.kaufen%2Ffr%2Fprodukt%2Fjapanisches-katana-fuer-iaido-und-tameshigiri-von-morikazu-nagasa-69-9cm%2F%20Japanisches%20Katana%20f%C3%BCr%20Iaido%20und%20Tameshigiri%20von%20Morikazu%20%E2%80%93%20Nagasa%2069.9cm\" title=\"Partager sur Whatsapp\" aria-label=\"Partager sur Whatsapp\" role=\"button\" rel=\"noopener nofollow\" class=\"shariff-link\" style=\"; background-color:#34af23; color:#fff\" target=\"_blank\"><span class=\"shariff-icon\" style=\"\"><svg width=\"32px\" height=\"20px\" xmlns=\"http:\/\/www.w3.org\/2000\/svg\" viewbox=\"0 0 32 32\"><path fill=\"#34af23\" d=\"M17.6 17.4q0.2 0 1.7 0.8t1.6 0.9q0 0.1 0 0.3 0 0.6-0.3 1.4-0.3 0.7-1.3 1.2t-1.8 0.5q-1 0-3.4-1.1-1.7-0.8-3-2.1t-2.6-3.3q-1.3-1.9-1.3-3.5v-0.1q0.1-1.6 1.3-2.8 0.4-0.4 0.9-0.4 0.1 0 0.3 0t0.3 0q0.3 0 0.5 0.1t0.3 0.5q0.1 0.4 0.6 1.6t0.4 1.3q0 0.4-0.6 1t-0.6 0.8q0 0.1 0.1 0.3 0.6 1.3 1.8 2.4 1 0.9 2.7 1.8 0.2 0.1 0.4 0.1 0.3 0 1-0.9t0.9-0.9zM14 26.9q2.3 0 4.3-0.9t3.6-2.4 2.4-3.6 0.9-4.3-0.9-4.3-2.4-3.6-3.6-2.4-4.3-0.9-4.3 0.9-3.6 2.4-2.4 3.6-0.9 4.3q0 3.6 2.1 6.6l-1.4 4.2 4.3-1.4q2.8 1.9 6.2 1.9zM14 2.2q2.7 0 5.2 1.1t4.3 2.9 2.9 4.3 1.1 5.2-1.1 5.2-2.9 4.3-4.3 2.9-5.2 1.1q-3.5 0-6.5-1.7l-7.4 2.4 2.4-7.2q-1.9-3.2-1.9-6.9 0-2.7 1.1-5.2t2.9-4.3 4.3-2.9 5.2-1.1z\"\/><\/svg><\/span><span class=\"shariff-text\">partager<\/span>&nbsp;<\/a><\/li><\/ul><\/div>","protected":false},"excerpt":{"rendered":"<p>In Japan gefertigtes Katana aus dem 21. Jahrhundert. Ein ideales Iaido Schwert oder f\u00fcr Schnitt\u00fcbungen (Tameshigiri). Informationen \u00fcber die Klinge: Nagasa (Klingenl\u00e4nge): 69.9 cm Sori (Klingenkr\u00fcmmung): 1.7 cm Motohaba: 30.7 mm Motokasane: 5,4 mm Sakihaba: 22.1 mm Sakikasane: 3.8 mm Klingengewicht (nur Klinge): 535 g Gewicht ohne Saya: 780 g Die Klinge wurde 2004 vom [&hellip;]<\/p>\n","protected":false},"featured_media":65206,"comment_status":"open","ping_status":"closed","template":"","meta":{"_acf_changed":false},"product_brand":[],"product_cat":[1801],"product_tag":[],"class_list":{"0":"post-65190","1":"product","2":"type-product","3":"status-publish","4":"has-post-thumbnail","6":"product_cat-nihonto-budo-training","8":"first","9":"instock","10":"taxable","11":"shipping-taxable","12":"product-type-external"},"acf":[],"_links":{"self":[{"href":"https:\/\/samuraischwert.kaufen\/fr\/wp-json\/wp\/v2\/product\/65190","targetHints":{"allow":["GET"]}}],"collection":[{"href":"https:\/\/samuraischwert.kaufen\/fr\/wp-json\/wp\/v2\/product"}],"about":[{"href":"https:\/\/samuraischwert.kaufen\/fr\/wp-json\/wp\/v2\/types\/product"}],"replies":[{"embeddable":true,"href":"https:\/\/samuraischwert.kaufen\/fr\/wp-json\/wp\/v2\/comments?post=65190"}],"wp:featuredmedia":[{"embeddable":true,"href":"https:\/\/samuraischwert.kaufen\/fr\/wp-json\/wp\/v2\/media\/65206"}],"wp:attachment":[{"href":"https:\/\/samuraischwert.kaufen\/fr\/wp-json\/wp\/v2\/media?parent=65190"}],"wp:term":[{"taxonomy":"product_brand","embeddable":true,"href":"https:\/\/samuraischwert.kaufen\/fr\/wp-json\/wp\/v2\/product_brand?post=65190"},{"taxonomy":"product_cat","embeddable":true,"href":"https:\/\/samuraischwert.kaufen\/fr\/wp-json\/wp\/v2\/product_cat?post=65190"},{"taxonomy":"product_tag","embeddable":true,"href":"https:\/\/samuraischwert.kaufen\/fr\/wp-json\/wp\/v2\/product_tag?post=65190"}],"curies":[{"name":"wp","href":"https:\/\/api.w.org\/{rel}","templated":true}]}}