{"id":65178,"date":"2025-03-20T17:41:59","date_gmt":"2025-03-20T16:41:59","guid":{"rendered":"https:\/\/samuraischwert.kaufen\/?post_type=product&#038;p=65178"},"modified":"2025-04-16T18:55:21","modified_gmt":"2025-04-16T16:55:21","slug":"iaido-et-tameshigiri-nihonto-katana-par-matsubara-ryuhei-hidemune-nagasa-72-7c%ef%bd%8d","status":"publish","type":"product","link":"https:\/\/samuraischwert.kaufen\/fr\/produkt\/iaido-und-tameshigiri-nihonto-katana-von-matsubara-ryuhei-hidemune-nagasa-72-7c%ef%bd%8d\/","title":{"rendered":"Iaido et Tameshigiri Nihonto Katana de Matsubara Ryuhei Hidemune - Nagasa 72.7c\uff4d"},"content":{"rendered":"<p>Katana de fabrication japonaise moderne. Id\u00e9al pour l'iaido et le tameshigiri.<\/p>\n<p>Informations sur la lame :<br \/>\nNagasa (longueur de la lame) : 72.7 cm<br \/>\nSori (courbure de la lame) : 1,8 cm<br \/>\nMotohaba : 34,1 mm<br \/>\nMotokasane : 7 mm<br \/>\nEpaisseur de la lame : 7,3 mm<br \/>\nSakihaba : 24,1 mm<br \/>\nSakikasane : 4,8 mm<br \/>\nPoids de la lame (lame seule) : 800 g<br \/>\nPoids sans saya : 1150 g<br \/>\nLa lame a \u00e9t\u00e9 fabriqu\u00e9e en 1974 par le ma\u00eetre forgeron Hidemune.<\/p>\n<p>Katana Mei (signature) :<br \/>\nSite Omote : \u65bc\u65e5\u5409\u5c71\u95a2\u4f4f\u4eba\u677e\u539f\u79c0\u5b97\u4f5c\u4e4b = <span class=\"Y2IQFc\"><span class=\"Y2IQFc\" lang=\"de\">Fabriqu\u00e9 au mont Hiyoshi \u00e0 Seki par <\/span><\/span><span class=\"Y2IQFc\" lang=\"de\">Matsubara Hidemune<\/span><br \/>\nPage Ura : \u662d\u548c\u7532\u5bc5\u5e74\u516b\u6708\u65e5 = Un jour en ao\u00fbt Showa 49 (1974)<\/p>\n<p>Informations sur le forgeron :<br \/>\nLe nom civil du forgeron Hidemune \u00e9tait Matsubara Ryuhei. Il est n\u00e9 en 1930 \u00e0 Nagano et a v\u00e9cu \u00e0 Sekiguchi, ville de Seki, province de Gifu.<br \/>\nSon p\u00e8re \u00e9tait Matsubara Kaneyoshi et il a \u00e9t\u00e9 l'\u00e9l\u00e8ve des c\u00e9l\u00e8bres forgerons de sabres Kawashima Masahide et Nakata Kanehide de la 13e g\u00e9n\u00e9ration.<br \/>\nIl a remport\u00e9 de nombreuses r\u00e9compenses en tant que forgeron.<\/p>\n<p>Informations sur la monture :<br \/>\nLa lame est mont\u00e9e dans une monture Katana classique. Avec un saya noir avec un vernis brillant. La poign\u00e9e est en coton noir. Aspect g\u00e9n\u00e9ral tr\u00e8s discret. En contraste, une bande de sageo claire, comme on en trouve souvent sur les katana japonais.<\/p>\n<p>Ce sabre se trouve actuellement encore au Japon. Nous nous chargeons des formalit\u00e9s d'importation (tous les frais y aff\u00e9rents, y compris les frais de douane, sont inclus dans le prix) si vous d\u00e9cidez de l'acheter.<br \/>\nAvec le sabre, vous recevez une copie de l'enregistrement japonais de l'arme, qui confirme que le sabre a \u00e9t\u00e9 enregistr\u00e9 au Japon comme un v\u00e9ritable sabre.<\/p>\n<div class=\"shariff shariff-align-left shariff-widget-align-left\"><ul class=\"shariff-buttons theme-grey orientation-horizontal buttonsize-medium\"><li class=\"shariff-button twitter shariff-nocustomcolor\" style=\"background-color:#595959\"><a href=\"https:\/\/twitter.com\/share?url=https%3A%2F%2Fsamuraischwert.kaufen%2Ffr%2Fprodukt%2Fiaido-und-tameshigiri-nihonto-katana-von-matsubara-ryuhei-hidemune-nagasa-72-7c%25ef%25bd%258d%2F&text=Iaido%20und%20Tameshigiri%20Nihonto%20Katana%20von%20Matsubara%20Ryuhei%20Hidemune%20%E2%80%93%20Nagasa%2072.7c%EF%BD%8D\" title=\"Partager sur X\" aria-label=\"Partager sur X\" role=\"button\" rel=\"noopener nofollow\" class=\"shariff-link\" style=\"; background-color:#000; color:#fff\" target=\"_blank\"><span class=\"shariff-icon\" style=\"\"><svg width=\"32px\" height=\"20px\" xmlns=\"http:\/\/www.w3.org\/2000\/svg\" viewbox=\"0 0 24 24\"><path fill=\"#000\" d=\"M14.258 10.152L23.176 0h-2.113l-7.747 8.813L7.133 0H0l9.352 13.328L0 23.973h2.113l8.176-9.309 6.531 9.309h7.133zm-2.895 3.293l-.949-1.328L2.875 1.56h3.246l6.086 8.523.945 1.328 7.91 11.078h-3.246zm0 0\"\/><\/svg><\/span><span class=\"shariff-text\">partager<\/span>&nbsp;<\/a><\/li><li class=\"shariff-button facebook shariff-nocustomcolor\" style=\"background-color:#4273c8\"><a href=\"https:\/\/www.facebook.com\/sharer\/sharer.php?u=https%3A%2F%2Fsamuraischwert.kaufen%2Ffr%2Fprodukt%2Fiaido-und-tameshigiri-nihonto-katana-von-matsubara-ryuhei-hidemune-nagasa-72-7c%25ef%25bd%258d%2F\" title=\"Partager sur Facebook\" aria-label=\"Partager sur Facebook\" role=\"button\" rel=\"nofollow\" class=\"shariff-link\" style=\"; background-color:#3b5998; color:#fff\" target=\"_blank\"><span class=\"shariff-icon\" style=\"\"><svg width=\"32px\" height=\"20px\" xmlns=\"http:\/\/www.w3.org\/2000\/svg\" viewbox=\"0 0 18 32\"><path fill=\"#3b5998\" d=\"M17.1 0.2v4.7h-2.8q-1.5 0-2.1 0.6t-0.5 1.9v3.4h5.2l-0.7 5.3h-4.5v13.6h-5.5v-13.6h-4.5v-5.3h4.5v-3.9q0-3.3 1.9-5.2t5-1.8q2.6 0 4.1 0.2z\"\/><\/svg><\/span><span class=\"shariff-text\">partager<\/span>&nbsp;<\/a><\/li><li class=\"shariff-button xing shariff-nocustomcolor\" style=\"background-color:#29888a\"><a href=\"https:\/\/www.xing.com\/spi\/shares\/new?url=https%3A%2F%2Fsamuraischwert.kaufen%2Ffr%2Fprodukt%2Fiaido-und-tameshigiri-nihonto-katana-von-matsubara-ryuhei-hidemune-nagasa-72-7c%25ef%25bd%258d%2F\" title=\"Partager sur XING\" aria-label=\"Partager sur XING\" role=\"button\" rel=\"noopener nofollow\" class=\"shariff-link\" style=\"; background-color:#126567; color:#fff\" target=\"_blank\"><span class=\"shariff-icon\" style=\"\"><svg width=\"32px\" height=\"20px\" xmlns=\"http:\/\/www.w3.org\/2000\/svg\" viewbox=\"0 0 25 32\"><path fill=\"#126567\" d=\"M10.7 11.9q-0.2 0.3-4.6 8.2-0.5 0.8-1.2 0.8h-4.3q-0.4 0-0.5-0.3t0-0.6l4.5-8q0 0 0 0l-2.9-5q-0.2-0.4 0-0.7 0.2-0.3 0.5-0.3h4.3q0.7 0 1.2 0.8zM25.1 0.4q0.2 0.3 0 0.7l-9.4 16.7 6 11q0.2 0.4 0 0.6-0.2 0.3-0.6 0.3h-4.3q-0.7 0-1.2-0.8l-6-11.1q0.3-0.6 9.5-16.8 0.4-0.8 1.2-0.8h4.3q0.4 0 0.5 0.3z\"\/><\/svg><\/span><span class=\"shariff-text\">partager<\/span>&nbsp;<\/a><\/li><li class=\"shariff-button linkedin shariff-nocustomcolor\" style=\"background-color:#1488bf\"><a href=\"https:\/\/www.linkedin.com\/sharing\/share-offsite\/?url=https%3A%2F%2Fsamuraischwert.kaufen%2Ffr%2Fprodukt%2Fiaido-und-tameshigiri-nihonto-katana-von-matsubara-ryuhei-hidemune-nagasa-72-7c%25ef%25bd%258d%2F\" title=\"Partager sur LinkedIn\" aria-label=\"Partager sur LinkedIn\" role=\"button\" rel=\"noopener nofollow\" class=\"shariff-link\" style=\"; background-color:#0077b5; color:#fff\" target=\"_blank\"><span class=\"shariff-icon\" style=\"\"><svg width=\"32px\" height=\"20px\" xmlns=\"http:\/\/www.w3.org\/2000\/svg\" viewbox=\"0 0 27 32\"><path fill=\"#0077b5\" d=\"M6.2 11.2v17.7h-5.9v-17.7h5.9zM6.6 5.7q0 1.3-0.9 2.2t-2.4 0.9h0q-1.5 0-2.4-0.9t-0.9-2.2 0.9-2.2 2.4-0.9 2.4 0.9 0.9 2.2zM27.4 18.7v10.1h-5.9v-9.5q0-1.9-0.7-2.9t-2.3-1.1q-1.1 0-1.9 0.6t-1.2 1.5q-0.2 0.5-0.2 1.4v9.9h-5.9q0-7.1 0-11.6t0-5.3l0-0.9h5.9v2.6h0q0.4-0.6 0.7-1t1-0.9 1.6-0.8 2-0.3q3 0 4.9 2t1.9 6z\"\/><\/svg><\/span><span class=\"shariff-text\">partager<\/span>&nbsp;<\/a><\/li><li class=\"shariff-button mailto shariff-nocustomcolor\" style=\"background-color:#a8a8a8\"><a href=\"mailto:?body=https%3A%2F%2Fsamuraischwert.kaufen%2Ffr%2Fprodukt%2Fiaido-und-tameshigiri-nihonto-katana-von-matsubara-ryuhei-hidemune-nagasa-72-7c%25ef%25bd%258d%2F&subject=Iaido%20und%20Tameshigiri%20Nihonto%20Katana%20von%20Matsubara%20Ryuhei%20Hidemune%20%E2%80%93%20Nagasa%2072.7c%EF%BD%8D\" title=\"Envoyer par e-mail\" aria-label=\"Envoyer par e-mail\" role=\"button\" rel=\"noopener nofollow\" class=\"shariff-link\" style=\"; background-color:#999; color:#fff\"><span class=\"shariff-icon\" style=\"\"><svg width=\"32px\" height=\"20px\" xmlns=\"http:\/\/www.w3.org\/2000\/svg\" viewbox=\"0 0 32 32\"><path fill=\"#999\" d=\"M32 12.7v14.2q0 1.2-0.8 2t-2 0.9h-26.3q-1.2 0-2-0.9t-0.8-2v-14.2q0.8 0.9 1.8 1.6 6.5 4.4 8.9 6.1 1 0.8 1.6 1.2t1.7 0.9 2 0.4h0.1q0.9 0 2-0.4t1.7-0.9 1.6-1.2q3-2.2 8.9-6.1 1-0.7 1.8-1.6zM32 7.4q0 1.4-0.9 2.7t-2.2 2.2q-6.7 4.7-8.4 5.8-0.2 0.1-0.7 0.5t-1 0.7-0.9 0.6-1.1 0.5-0.9 0.2h-0.1q-0.4 0-0.9-0.2t-1.1-0.5-0.9-0.6-1-0.7-0.7-0.5q-1.6-1.1-4.7-3.2t-3.6-2.6q-1.1-0.7-2.1-2t-1-2.5q0-1.4 0.7-2.3t2.1-0.9h26.3q1.2 0 2 0.8t0.9 2z\"\/><\/svg><\/span><span class=\"shariff-text\">Courrier \u00e9lectronique<\/span>&nbsp;<\/a><\/li><li class=\"shariff-button whatsapp shariff-nocustomcolor\" style=\"background-color:#5cbe4a\"><a href=\"https:\/\/api.whatsapp.com\/send?text=https%3A%2F%2Fsamuraischwert.kaufen%2Ffr%2Fprodukt%2Fiaido-und-tameshigiri-nihonto-katana-von-matsubara-ryuhei-hidemune-nagasa-72-7c%25ef%25bd%258d%2F%20Iaido%20und%20Tameshigiri%20Nihonto%20Katana%20von%20Matsubara%20Ryuhei%20Hidemune%20%E2%80%93%20Nagasa%2072.7c%EF%BD%8D\" title=\"Partager sur Whatsapp\" aria-label=\"Partager sur Whatsapp\" role=\"button\" rel=\"noopener nofollow\" class=\"shariff-link\" style=\"; background-color:#34af23; color:#fff\" target=\"_blank\"><span class=\"shariff-icon\" style=\"\"><svg width=\"32px\" height=\"20px\" xmlns=\"http:\/\/www.w3.org\/2000\/svg\" viewbox=\"0 0 32 32\"><path fill=\"#34af23\" d=\"M17.6 17.4q0.2 0 1.7 0.8t1.6 0.9q0 0.1 0 0.3 0 0.6-0.3 1.4-0.3 0.7-1.3 1.2t-1.8 0.5q-1 0-3.4-1.1-1.7-0.8-3-2.1t-2.6-3.3q-1.3-1.9-1.3-3.5v-0.1q0.1-1.6 1.3-2.8 0.4-0.4 0.9-0.4 0.1 0 0.3 0t0.3 0q0.3 0 0.5 0.1t0.3 0.5q0.1 0.4 0.6 1.6t0.4 1.3q0 0.4-0.6 1t-0.6 0.8q0 0.1 0.1 0.3 0.6 1.3 1.8 2.4 1 0.9 2.7 1.8 0.2 0.1 0.4 0.1 0.3 0 1-0.9t0.9-0.9zM14 26.9q2.3 0 4.3-0.9t3.6-2.4 2.4-3.6 0.9-4.3-0.9-4.3-2.4-3.6-3.6-2.4-4.3-0.9-4.3 0.9-3.6 2.4-2.4 3.6-0.9 4.3q0 3.6 2.1 6.6l-1.4 4.2 4.3-1.4q2.8 1.9 6.2 1.9zM14 2.2q2.7 0 5.2 1.1t4.3 2.9 2.9 4.3 1.1 5.2-1.1 5.2-2.9 4.3-4.3 2.9-5.2 1.1q-3.5 0-6.5-1.7l-7.4 2.4 2.4-7.2q-1.9-3.2-1.9-6.9 0-2.7 1.1-5.2t2.9-4.3 4.3-2.9 5.2-1.1z\"\/><\/svg><\/span><span class=\"shariff-text\">partager<\/span>&nbsp;<\/a><\/li><\/ul><\/div>","protected":false},"excerpt":{"rendered":"<p>Neuzeitlich in Japan gefertigtes Katana. Ideal f\u00fcr Iaido und Tameshigiri. Informationen \u00fcber die Klinge: Nagasa (Klingenl\u00e4nge): 72.7 cm Sori (Klingenkr\u00fcmmung): 1.8 cm Motohaba: 34.1 mm Motokasane: 7 mm Klingest\u00e4rke: 7,3mm Sakihaba: 24.1 mm Sakikasane: 4.8 mm Klingengewicht (nur Klinge): 800 g Gewicht ohne Saya: 1150 g Die Klinge wurde 1974 vom Meisterschmied Hidemune gefertigt. Katana [&hellip;]<\/p>\n","protected":false},"featured_media":65203,"comment_status":"open","ping_status":"closed","template":"","meta":{"_acf_changed":false},"product_brand":[],"product_cat":[1801],"product_tag":[],"class_list":{"0":"post-65178","1":"product","2":"type-product","3":"status-publish","4":"has-post-thumbnail","6":"product_cat-nihonto-budo-training","8":"first","9":"instock","10":"taxable","11":"shipping-taxable","12":"product-type-external"},"acf":[],"_links":{"self":[{"href":"https:\/\/samuraischwert.kaufen\/fr\/wp-json\/wp\/v2\/product\/65178","targetHints":{"allow":["GET"]}}],"collection":[{"href":"https:\/\/samuraischwert.kaufen\/fr\/wp-json\/wp\/v2\/product"}],"about":[{"href":"https:\/\/samuraischwert.kaufen\/fr\/wp-json\/wp\/v2\/types\/product"}],"replies":[{"embeddable":true,"href":"https:\/\/samuraischwert.kaufen\/fr\/wp-json\/wp\/v2\/comments?post=65178"}],"wp:featuredmedia":[{"embeddable":true,"href":"https:\/\/samuraischwert.kaufen\/fr\/wp-json\/wp\/v2\/media\/65203"}],"wp:attachment":[{"href":"https:\/\/samuraischwert.kaufen\/fr\/wp-json\/wp\/v2\/media?parent=65178"}],"wp:term":[{"taxonomy":"product_brand","embeddable":true,"href":"https:\/\/samuraischwert.kaufen\/fr\/wp-json\/wp\/v2\/product_brand?post=65178"},{"taxonomy":"product_cat","embeddable":true,"href":"https:\/\/samuraischwert.kaufen\/fr\/wp-json\/wp\/v2\/product_cat?post=65178"},{"taxonomy":"product_tag","embeddable":true,"href":"https:\/\/samuraischwert.kaufen\/fr\/wp-json\/wp\/v2\/product_tag?post=65178"}],"curies":[{"name":"wp","href":"https:\/\/api.w.org\/{rel}","templated":true}]}}