{"id":62765,"date":"2024-09-03T10:21:21","date_gmt":"2024-09-03T08:21:21","guid":{"rendered":"https:\/\/samuraischwert.kaufen\/?post_type=product&#038;p=62765"},"modified":"2024-11-04T18:53:01","modified_gmt":"2024-11-04T17:53:01","slug":"katana-et-wakizashi-shinshinto-daisho-set-de-lepoque-edo-de-toshizane-avec-certification-nbthk-tokubetsu-hozon","status":"publish","type":"product","link":"https:\/\/samuraischwert.kaufen\/fr\/produkt\/katana-und-wakizashi-shinshinto-daisho-set-aus-der-edo-zeit-von-toshizane-mit-nbthk-tokubetsu-hozon-zertifizierung\/","title":{"rendered":"Katana et wakizashi Shinshinto Daisho Set de l'\u00e9poque Edo de Toshizane avec certification NBTHK Tokubetsu Hozon"},"content":{"rendered":"<p>Daisho Toshizane - 90508\/90509<\/p>\n<p>Katana Mei (signature) :<br \/>\nC\u00f4t\u00e9 Omote : Minryushi Toshizane<br \/>\nC\u00f4t\u00e9 Ura : Bunsei Gan'nen Hachigatu-bi<\/p>\n<p>Informations sur le forgeron :<br \/>\nNom : Minryushi Toshizane<br \/>\nNom civil : Hamabe Gihachiro<br \/>\nFils de : Hamabe Toshinori<\/p>\n<p>Minryushi Toshizane est n\u00e9 en 1777 et a travaill\u00e9 les premi\u00e8res ann\u00e9es sous le nom de Toshikuni, puis \u00e0 partir de 1797 sous celui de Toshizane. L'\u00e9cole Minryushi dans laquelle il forgeait \u00e9tait tr\u00e8s populaire et couronn\u00e9e de succ\u00e8s \u00e0 l'\u00e9poque d'Edo.<\/p>\n<p>Informations sur les \u00e9p\u00e9es :<br \/>\nNagasa (longueur de la lame) : Katana 68.2 cm, Wakizashi 48.8 cm<br \/>\nSori (courbure de la lame) : Katana 1.3 cm, Wakizashi 0.8 cm<br \/>\nSakihaba : Katana 19,3 mm, Wakizashi 21,6 mm<br \/>\nSakikasane : Katana 4.1 mm, Wakizashi 4.4 mm<br \/>\nMotohaba : Katana 30.6 mm, Wakizashi 30.6 mm<br \/>\nMotokasane : Katana 7.1 mm, Wakizashi 67 mm<br \/>\nStructure de la lame : Shinogi-zukuri, Iori-mune<br \/>\nNakago (crochet de la lame) : Ubu(Katana\/Wakizashi)<br \/>\nPoids de la lame : Katana 700 g, Wakizashi 490 g<\/p>\n<p>Les deux lames ont \u00e9t\u00e9 forg\u00e9es en ao\u00fbt 1818 en tant que daisho associ\u00e9. Elles sont en excellent \u00e9tat, sans d\u00e9faut ni dommage.<br \/>\nLe Hada est Ko-Itame avec un Chikei clairement visible. Le katana Hamon est Choji-Midare avec Ashinaga Choji visible et Nie dans le Ha. Le wakizashi hamon est \u00e9galement choji-midare, mais avec une conception l\u00e9g\u00e8rement diff\u00e9rente. Le katana-boshi est de forme nakamaru, tandis que le wakizashi est de forme omaru.<\/p>\n<p>La koshirae pour les deux sabres date de la m\u00eame \u00e9poque que les lames. Elle a \u00e9t\u00e9 con\u00e7ue comme un ensemble avec un bout droit de la saya pour le sabre long et un bout rond pour le sabre court, comme c'\u00e9tait l'\u00e9tiquette \u00e0 l'\u00e9poque.<br \/>\nLa tsuba est sign\u00e9e Masamitsu, qui travaillait \u00e0 la fin de la p\u00e9riode Edo \u00e0 Inaba (aujourd'hui Tottori).<\/p>\n<p>Le tsukaito du katana pr\u00e9sente de l\u00e9g\u00e8res traces d'usure sur la partie sup\u00e9rieure du kashira.<\/p>\n<p>En raison de l'excellent \u00e9tat et de la qualit\u00e9 de la lame, le Daisho s'est vu attribuer le statut de Tokubetsu Hozon par la NBTHK.<\/p>\n<p>Les sabres se trouvent actuellement encore au Japon. Nous nous chargeons des d\u00e9marches d'importation si vous d\u00e9cidez de l'acheter.<\/p>\n<div class=\"shariff shariff-align-left shariff-widget-align-left\"><ul class=\"shariff-buttons theme-grey orientation-horizontal buttonsize-medium\"><li class=\"shariff-button twitter shariff-nocustomcolor\" style=\"background-color:#595959\"><a href=\"https:\/\/twitter.com\/share?url=https%3A%2F%2Fsamuraischwert.kaufen%2Ffr%2Fprodukt%2Fkatana-und-wakizashi-shinshinto-daisho-set-aus-der-edo-zeit-von-toshizane-mit-nbthk-tokubetsu-hozon-zertifizierung%2F&text=Katana%20und%20Wakizashi%20Shinshinto%20Daisho%20Set%20aus%20der%20Edo%20Zeit%20von%20Toshizane%20mit%20NBTHK%20Tokubetsu%20Hozon%20Zertifizierung\" title=\"Partager sur X\" aria-label=\"Partager sur X\" role=\"button\" rel=\"noopener nofollow\" class=\"shariff-link\" style=\"; background-color:#000; color:#fff\" target=\"_blank\"><span class=\"shariff-icon\" style=\"\"><svg width=\"32px\" height=\"20px\" xmlns=\"http:\/\/www.w3.org\/2000\/svg\" viewbox=\"0 0 24 24\"><path fill=\"#000\" d=\"M14.258 10.152L23.176 0h-2.113l-7.747 8.813L7.133 0H0l9.352 13.328L0 23.973h2.113l8.176-9.309 6.531 9.309h7.133zm-2.895 3.293l-.949-1.328L2.875 1.56h3.246l6.086 8.523.945 1.328 7.91 11.078h-3.246zm0 0\"\/><\/svg><\/span><span class=\"shariff-text\">partager<\/span>&nbsp;<\/a><\/li><li class=\"shariff-button facebook shariff-nocustomcolor\" style=\"background-color:#4273c8\"><a href=\"https:\/\/www.facebook.com\/sharer\/sharer.php?u=https%3A%2F%2Fsamuraischwert.kaufen%2Ffr%2Fprodukt%2Fkatana-und-wakizashi-shinshinto-daisho-set-aus-der-edo-zeit-von-toshizane-mit-nbthk-tokubetsu-hozon-zertifizierung%2F\" title=\"Partager sur Facebook\" aria-label=\"Partager sur Facebook\" role=\"button\" rel=\"nofollow\" class=\"shariff-link\" style=\"; background-color:#3b5998; color:#fff\" target=\"_blank\"><span class=\"shariff-icon\" style=\"\"><svg width=\"32px\" height=\"20px\" xmlns=\"http:\/\/www.w3.org\/2000\/svg\" viewbox=\"0 0 18 32\"><path fill=\"#3b5998\" d=\"M17.1 0.2v4.7h-2.8q-1.5 0-2.1 0.6t-0.5 1.9v3.4h5.2l-0.7 5.3h-4.5v13.6h-5.5v-13.6h-4.5v-5.3h4.5v-3.9q0-3.3 1.9-5.2t5-1.8q2.6 0 4.1 0.2z\"\/><\/svg><\/span><span class=\"shariff-text\">partager<\/span>&nbsp;<\/a><\/li><li class=\"shariff-button xing shariff-nocustomcolor\" style=\"background-color:#29888a\"><a href=\"https:\/\/www.xing.com\/spi\/shares\/new?url=https%3A%2F%2Fsamuraischwert.kaufen%2Ffr%2Fprodukt%2Fkatana-und-wakizashi-shinshinto-daisho-set-aus-der-edo-zeit-von-toshizane-mit-nbthk-tokubetsu-hozon-zertifizierung%2F\" title=\"Partager sur XING\" aria-label=\"Partager sur XING\" role=\"button\" rel=\"noopener nofollow\" class=\"shariff-link\" style=\"; background-color:#126567; color:#fff\" target=\"_blank\"><span class=\"shariff-icon\" style=\"\"><svg width=\"32px\" height=\"20px\" xmlns=\"http:\/\/www.w3.org\/2000\/svg\" viewbox=\"0 0 25 32\"><path fill=\"#126567\" d=\"M10.7 11.9q-0.2 0.3-4.6 8.2-0.5 0.8-1.2 0.8h-4.3q-0.4 0-0.5-0.3t0-0.6l4.5-8q0 0 0 0l-2.9-5q-0.2-0.4 0-0.7 0.2-0.3 0.5-0.3h4.3q0.7 0 1.2 0.8zM25.1 0.4q0.2 0.3 0 0.7l-9.4 16.7 6 11q0.2 0.4 0 0.6-0.2 0.3-0.6 0.3h-4.3q-0.7 0-1.2-0.8l-6-11.1q0.3-0.6 9.5-16.8 0.4-0.8 1.2-0.8h4.3q0.4 0 0.5 0.3z\"\/><\/svg><\/span><span class=\"shariff-text\">partager<\/span>&nbsp;<\/a><\/li><li class=\"shariff-button linkedin shariff-nocustomcolor\" style=\"background-color:#1488bf\"><a href=\"https:\/\/www.linkedin.com\/sharing\/share-offsite\/?url=https%3A%2F%2Fsamuraischwert.kaufen%2Ffr%2Fprodukt%2Fkatana-und-wakizashi-shinshinto-daisho-set-aus-der-edo-zeit-von-toshizane-mit-nbthk-tokubetsu-hozon-zertifizierung%2F\" title=\"Partager sur LinkedIn\" aria-label=\"Partager sur LinkedIn\" role=\"button\" rel=\"noopener nofollow\" class=\"shariff-link\" style=\"; background-color:#0077b5; color:#fff\" target=\"_blank\"><span class=\"shariff-icon\" style=\"\"><svg width=\"32px\" height=\"20px\" xmlns=\"http:\/\/www.w3.org\/2000\/svg\" viewbox=\"0 0 27 32\"><path fill=\"#0077b5\" d=\"M6.2 11.2v17.7h-5.9v-17.7h5.9zM6.6 5.7q0 1.3-0.9 2.2t-2.4 0.9h0q-1.5 0-2.4-0.9t-0.9-2.2 0.9-2.2 2.4-0.9 2.4 0.9 0.9 2.2zM27.4 18.7v10.1h-5.9v-9.5q0-1.9-0.7-2.9t-2.3-1.1q-1.1 0-1.9 0.6t-1.2 1.5q-0.2 0.5-0.2 1.4v9.9h-5.9q0-7.1 0-11.6t0-5.3l0-0.9h5.9v2.6h0q0.4-0.6 0.7-1t1-0.9 1.6-0.8 2-0.3q3 0 4.9 2t1.9 6z\"\/><\/svg><\/span><span class=\"shariff-text\">partager<\/span>&nbsp;<\/a><\/li><li class=\"shariff-button mailto shariff-nocustomcolor\" style=\"background-color:#a8a8a8\"><a href=\"mailto:?body=https%3A%2F%2Fsamuraischwert.kaufen%2Ffr%2Fprodukt%2Fkatana-und-wakizashi-shinshinto-daisho-set-aus-der-edo-zeit-von-toshizane-mit-nbthk-tokubetsu-hozon-zertifizierung%2F&subject=Katana%20und%20Wakizashi%20Shinshinto%20Daisho%20Set%20aus%20der%20Edo%20Zeit%20von%20Toshizane%20mit%20NBTHK%20Tokubetsu%20Hozon%20Zertifizierung\" title=\"Envoyer par e-mail\" aria-label=\"Envoyer par e-mail\" role=\"button\" rel=\"noopener nofollow\" class=\"shariff-link\" style=\"; background-color:#999; color:#fff\"><span class=\"shariff-icon\" style=\"\"><svg width=\"32px\" height=\"20px\" xmlns=\"http:\/\/www.w3.org\/2000\/svg\" viewbox=\"0 0 32 32\"><path fill=\"#999\" d=\"M32 12.7v14.2q0 1.2-0.8 2t-2 0.9h-26.3q-1.2 0-2-0.9t-0.8-2v-14.2q0.8 0.9 1.8 1.6 6.5 4.4 8.9 6.1 1 0.8 1.6 1.2t1.7 0.9 2 0.4h0.1q0.9 0 2-0.4t1.7-0.9 1.6-1.2q3-2.2 8.9-6.1 1-0.7 1.8-1.6zM32 7.4q0 1.4-0.9 2.7t-2.2 2.2q-6.7 4.7-8.4 5.8-0.2 0.1-0.7 0.5t-1 0.7-0.9 0.6-1.1 0.5-0.9 0.2h-0.1q-0.4 0-0.9-0.2t-1.1-0.5-0.9-0.6-1-0.7-0.7-0.5q-1.6-1.1-4.7-3.2t-3.6-2.6q-1.1-0.7-2.1-2t-1-2.5q0-1.4 0.7-2.3t2.1-0.9h26.3q1.2 0 2 0.8t0.9 2z\"\/><\/svg><\/span><span class=\"shariff-text\">Courrier \u00e9lectronique<\/span>&nbsp;<\/a><\/li><li class=\"shariff-button whatsapp shariff-nocustomcolor\" style=\"background-color:#5cbe4a\"><a href=\"https:\/\/api.whatsapp.com\/send?text=https%3A%2F%2Fsamuraischwert.kaufen%2Ffr%2Fprodukt%2Fkatana-und-wakizashi-shinshinto-daisho-set-aus-der-edo-zeit-von-toshizane-mit-nbthk-tokubetsu-hozon-zertifizierung%2F%20Katana%20und%20Wakizashi%20Shinshinto%20Daisho%20Set%20aus%20der%20Edo%20Zeit%20von%20Toshizane%20mit%20NBTHK%20Tokubetsu%20Hozon%20Zertifizierung\" title=\"Partager sur Whatsapp\" aria-label=\"Partager sur Whatsapp\" role=\"button\" rel=\"noopener nofollow\" class=\"shariff-link\" style=\"; background-color:#34af23; color:#fff\" target=\"_blank\"><span class=\"shariff-icon\" style=\"\"><svg width=\"32px\" height=\"20px\" xmlns=\"http:\/\/www.w3.org\/2000\/svg\" viewbox=\"0 0 32 32\"><path fill=\"#34af23\" d=\"M17.6 17.4q0.2 0 1.7 0.8t1.6 0.9q0 0.1 0 0.3 0 0.6-0.3 1.4-0.3 0.7-1.3 1.2t-1.8 0.5q-1 0-3.4-1.1-1.7-0.8-3-2.1t-2.6-3.3q-1.3-1.9-1.3-3.5v-0.1q0.1-1.6 1.3-2.8 0.4-0.4 0.9-0.4 0.1 0 0.3 0t0.3 0q0.3 0 0.5 0.1t0.3 0.5q0.1 0.4 0.6 1.6t0.4 1.3q0 0.4-0.6 1t-0.6 0.8q0 0.1 0.1 0.3 0.6 1.3 1.8 2.4 1 0.9 2.7 1.8 0.2 0.1 0.4 0.1 0.3 0 1-0.9t0.9-0.9zM14 26.9q2.3 0 4.3-0.9t3.6-2.4 2.4-3.6 0.9-4.3-0.9-4.3-2.4-3.6-3.6-2.4-4.3-0.9-4.3 0.9-3.6 2.4-2.4 3.6-0.9 4.3q0 3.6 2.1 6.6l-1.4 4.2 4.3-1.4q2.8 1.9 6.2 1.9zM14 2.2q2.7 0 5.2 1.1t4.3 2.9 2.9 4.3 1.1 5.2-1.1 5.2-2.9 4.3-4.3 2.9-5.2 1.1q-3.5 0-6.5-1.7l-7.4 2.4 2.4-7.2q-1.9-3.2-1.9-6.9 0-2.7 1.1-5.2t2.9-4.3 4.3-2.9 5.2-1.1z\"\/><\/svg><\/span><span class=\"shariff-text\">partager<\/span>&nbsp;<\/a><\/li><\/ul><\/div>","protected":false},"excerpt":{"rendered":"<p>Daisho Toshizane &#8211; 90508\/90509 Katana Mei (Signatur): Omote-Seite: Minryushi Toshizane Ura-Seite: Bunsei Gan&#8217;nen Hachigatu-bi Informationen \u00fcber den Schmied: Name: Minryushi Toshizane B\u00fcrgerlicher Name: Hamabe Gihachiro Sohn von: Hamabe Toshinori Minryushi Toshizane wurde 1777 geboren und arbeitete die ersten Jahre unter dem Name Toshikuni, ab 1797 war er unter dem Namen Toshizane aktiv. Die Minryushi-Schule in [&hellip;]<\/p>\n","protected":false},"featured_media":63080,"comment_status":"open","ping_status":"closed","template":"","meta":{"_acf_changed":false},"product_brand":[],"product_cat":[1723],"product_tag":[],"class_list":{"0":"post-62765","1":"product","2":"type-product","3":"status-publish","4":"has-post-thumbnail","6":"product_cat-nihonto-kaufen","8":"first","9":"instock","10":"taxable","11":"shipping-taxable","12":"product-type-external"},"acf":[],"_links":{"self":[{"href":"https:\/\/samuraischwert.kaufen\/fr\/wp-json\/wp\/v2\/product\/62765","targetHints":{"allow":["GET"]}}],"collection":[{"href":"https:\/\/samuraischwert.kaufen\/fr\/wp-json\/wp\/v2\/product"}],"about":[{"href":"https:\/\/samuraischwert.kaufen\/fr\/wp-json\/wp\/v2\/types\/product"}],"replies":[{"embeddable":true,"href":"https:\/\/samuraischwert.kaufen\/fr\/wp-json\/wp\/v2\/comments?post=62765"}],"wp:featuredmedia":[{"embeddable":true,"href":"https:\/\/samuraischwert.kaufen\/fr\/wp-json\/wp\/v2\/media\/63080"}],"wp:attachment":[{"href":"https:\/\/samuraischwert.kaufen\/fr\/wp-json\/wp\/v2\/media?parent=62765"}],"wp:term":[{"taxonomy":"product_brand","embeddable":true,"href":"https:\/\/samuraischwert.kaufen\/fr\/wp-json\/wp\/v2\/product_brand?post=62765"},{"taxonomy":"product_cat","embeddable":true,"href":"https:\/\/samuraischwert.kaufen\/fr\/wp-json\/wp\/v2\/product_cat?post=62765"},{"taxonomy":"product_tag","embeddable":true,"href":"https:\/\/samuraischwert.kaufen\/fr\/wp-json\/wp\/v2\/product_tag?post=62765"}],"curies":[{"name":"wp","href":"https:\/\/api.w.org\/{rel}","templated":true}]}}