{"id":62763,"date":"2024-08-31T22:06:01","date_gmt":"2024-08-31T20:06:01","guid":{"rendered":"https:\/\/samuraischwert.kaufen\/?post_type=product&#038;p=62763"},"modified":"2024-11-05T15:18:37","modified_gmt":"2024-11-05T14:18:37","slug":"shigetsugu-katana-du-japon-shinshinto-18-siecle","status":"publish","type":"product","link":"https:\/\/samuraischwert.kaufen\/fr\/produkt\/shigetsugu-katana-aus-japan-shinshinto-18-jahrhundert\/","title":{"rendered":"Katana Shigetsugu du Japon - Shinshinto, 18\u00e8me si\u00e8cle"},"content":{"rendered":"<p>Shigetsugu - 228407<\/p>\n<p>Katana Mei (signature) :<br \/>\nC\u00f4t\u00e9 omote : Muramatsu-shin Shigetsugu Korewo Tsukuru (fabriqu\u00e9 par Shigetsugu, de l'entourage de la famille Muramatsu)<br \/>\nPage Ura : Keio San'nen Gogatsu Kichijitsu (mai 1867)<\/p>\n<p>Informations sur le forgeron :<br \/>\nNom : Shigetsugu<br \/>\nNom de jeune fille : Itagaki Shinnosuke<br \/>\nForm\u00e9 par : Suishinshi Masahide<\/p>\n<p>Shigetsugu faisait partie de l'entourage de la famille Muramatsu dans la province d'Echigo. Son ma\u00eetre Suishinshi Masahide \u00e9tait un forgeron de sabres l\u00e9gendaire.<\/p>\n<p>Informations sur l'\u00e9p\u00e9e :<br \/>\nNagasa (longueur de la lame) : 69.8 cm<br \/>\nSori (courbure) : 1,4 cm<br \/>\nSakihaba : 20,1 mm<br \/>\nSakikasane : 5,4 mm<br \/>\nMotohaba : 31.9 mm<br \/>\nMotokasane : 7,1 mm<br \/>\nConception de la lame : Shinogi-zukuri, Iori-mune<br \/>\nJihada : Itame<br \/>\nHamon : Suguha<br \/>\nBoshi : Massugu Haitte Nakamaru ni Kaeru<br \/>\nNakago : Ubu<br \/>\nPoids de la lame : 1180 g<br \/>\n\u00c9poque du sabre : Shinshinto<\/p>\n<p>La fabrication de ce sabre en 1876 correspond \u00e0 une p\u00e9riode particuli\u00e8rement int\u00e9ressante de l'histoire japonaise. C'\u00e9tait la p\u00e9riode entre la fin du shogunat Tokugawa et le d\u00e9but de la restauration Meiji. Un an plus tard, la guerre de Boshin commen\u00e7ait.<\/p>\n<p>La NBTHK classe l'\u00e9p\u00e9e dans la cat\u00e9gorie \"Hozon\", c'est-\u00e0-dire digne d'\u00eatre conserv\u00e9e. Le certificat correspondant fait partie de l'offre.<\/p>\n<p>Le sabre est g\u00e9n\u00e9ralement bien conserv\u00e9. Il a cependant une \u00e9raflure de 2mm de large \u00e0 la shinogiji, \u00e0 environ 12cm de la habakimoto du c\u00f4t\u00e9 sashiura. A voir sur les photos.<\/p>\n<p>La lame est mont\u00e9e en koshirae complet, datant de la m\u00eame \u00e9poque que la lame. L'enroulement de la poign\u00e9e est en soie Tsumamimaki et peint. Le fourreau du sabre est laqu\u00e9 dans le style Tamenuri.<\/p>\n<p>Cette \u00e9p\u00e9e se trouve actuellement encore au Japon. Nous nous chargeons des d\u00e9marches d'importation si vous d\u00e9cidez de l'acheter.<\/p>\n<div class=\"shariff shariff-align-left shariff-widget-align-left\"><ul class=\"shariff-buttons theme-grey orientation-horizontal buttonsize-medium\"><li class=\"shariff-button twitter shariff-nocustomcolor\" style=\"background-color:#595959\"><a href=\"https:\/\/twitter.com\/share?url=https%3A%2F%2Fsamuraischwert.kaufen%2Ffr%2Fprodukt%2Fshigetsugu-katana-aus-japan-shinshinto-18-jahrhundert%2F&text=Shigetsugu%20Katana%20aus%20Japan%20%E2%80%93%20Shinshinto%2C%2018.%20Jahrhundert\" title=\"Partager sur X\" aria-label=\"Partager sur X\" role=\"button\" rel=\"noopener nofollow\" class=\"shariff-link\" style=\"; background-color:#000; color:#fff\" target=\"_blank\"><span class=\"shariff-icon\" style=\"\"><svg width=\"32px\" height=\"20px\" xmlns=\"http:\/\/www.w3.org\/2000\/svg\" viewbox=\"0 0 24 24\"><path fill=\"#000\" d=\"M14.258 10.152L23.176 0h-2.113l-7.747 8.813L7.133 0H0l9.352 13.328L0 23.973h2.113l8.176-9.309 6.531 9.309h7.133zm-2.895 3.293l-.949-1.328L2.875 1.56h3.246l6.086 8.523.945 1.328 7.91 11.078h-3.246zm0 0\"\/><\/svg><\/span><span class=\"shariff-text\">partager<\/span>&nbsp;<\/a><\/li><li class=\"shariff-button facebook shariff-nocustomcolor\" style=\"background-color:#4273c8\"><a href=\"https:\/\/www.facebook.com\/sharer\/sharer.php?u=https%3A%2F%2Fsamuraischwert.kaufen%2Ffr%2Fprodukt%2Fshigetsugu-katana-aus-japan-shinshinto-18-jahrhundert%2F\" title=\"Partager sur Facebook\" aria-label=\"Partager sur Facebook\" role=\"button\" rel=\"nofollow\" class=\"shariff-link\" style=\"; background-color:#3b5998; color:#fff\" target=\"_blank\"><span class=\"shariff-icon\" style=\"\"><svg width=\"32px\" height=\"20px\" xmlns=\"http:\/\/www.w3.org\/2000\/svg\" viewbox=\"0 0 18 32\"><path fill=\"#3b5998\" d=\"M17.1 0.2v4.7h-2.8q-1.5 0-2.1 0.6t-0.5 1.9v3.4h5.2l-0.7 5.3h-4.5v13.6h-5.5v-13.6h-4.5v-5.3h4.5v-3.9q0-3.3 1.9-5.2t5-1.8q2.6 0 4.1 0.2z\"\/><\/svg><\/span><span class=\"shariff-text\">partager<\/span>&nbsp;<\/a><\/li><li class=\"shariff-button xing shariff-nocustomcolor\" style=\"background-color:#29888a\"><a href=\"https:\/\/www.xing.com\/spi\/shares\/new?url=https%3A%2F%2Fsamuraischwert.kaufen%2Ffr%2Fprodukt%2Fshigetsugu-katana-aus-japan-shinshinto-18-jahrhundert%2F\" title=\"Partager sur XING\" aria-label=\"Partager sur XING\" role=\"button\" rel=\"noopener nofollow\" class=\"shariff-link\" style=\"; background-color:#126567; color:#fff\" target=\"_blank\"><span class=\"shariff-icon\" style=\"\"><svg width=\"32px\" height=\"20px\" xmlns=\"http:\/\/www.w3.org\/2000\/svg\" viewbox=\"0 0 25 32\"><path fill=\"#126567\" d=\"M10.7 11.9q-0.2 0.3-4.6 8.2-0.5 0.8-1.2 0.8h-4.3q-0.4 0-0.5-0.3t0-0.6l4.5-8q0 0 0 0l-2.9-5q-0.2-0.4 0-0.7 0.2-0.3 0.5-0.3h4.3q0.7 0 1.2 0.8zM25.1 0.4q0.2 0.3 0 0.7l-9.4 16.7 6 11q0.2 0.4 0 0.6-0.2 0.3-0.6 0.3h-4.3q-0.7 0-1.2-0.8l-6-11.1q0.3-0.6 9.5-16.8 0.4-0.8 1.2-0.8h4.3q0.4 0 0.5 0.3z\"\/><\/svg><\/span><span class=\"shariff-text\">partager<\/span>&nbsp;<\/a><\/li><li class=\"shariff-button linkedin shariff-nocustomcolor\" style=\"background-color:#1488bf\"><a href=\"https:\/\/www.linkedin.com\/sharing\/share-offsite\/?url=https%3A%2F%2Fsamuraischwert.kaufen%2Ffr%2Fprodukt%2Fshigetsugu-katana-aus-japan-shinshinto-18-jahrhundert%2F\" title=\"Partager sur LinkedIn\" aria-label=\"Partager sur LinkedIn\" role=\"button\" rel=\"noopener nofollow\" class=\"shariff-link\" style=\"; background-color:#0077b5; color:#fff\" target=\"_blank\"><span class=\"shariff-icon\" style=\"\"><svg width=\"32px\" height=\"20px\" xmlns=\"http:\/\/www.w3.org\/2000\/svg\" viewbox=\"0 0 27 32\"><path fill=\"#0077b5\" d=\"M6.2 11.2v17.7h-5.9v-17.7h5.9zM6.6 5.7q0 1.3-0.9 2.2t-2.4 0.9h0q-1.5 0-2.4-0.9t-0.9-2.2 0.9-2.2 2.4-0.9 2.4 0.9 0.9 2.2zM27.4 18.7v10.1h-5.9v-9.5q0-1.9-0.7-2.9t-2.3-1.1q-1.1 0-1.9 0.6t-1.2 1.5q-0.2 0.5-0.2 1.4v9.9h-5.9q0-7.1 0-11.6t0-5.3l0-0.9h5.9v2.6h0q0.4-0.6 0.7-1t1-0.9 1.6-0.8 2-0.3q3 0 4.9 2t1.9 6z\"\/><\/svg><\/span><span class=\"shariff-text\">partager<\/span>&nbsp;<\/a><\/li><li class=\"shariff-button mailto shariff-nocustomcolor\" style=\"background-color:#a8a8a8\"><a href=\"mailto:?body=https%3A%2F%2Fsamuraischwert.kaufen%2Ffr%2Fprodukt%2Fshigetsugu-katana-aus-japan-shinshinto-18-jahrhundert%2F&subject=Shigetsugu%20Katana%20aus%20Japan%20%E2%80%93%20Shinshinto%2C%2018.%20Jahrhundert\" title=\"Envoyer par e-mail\" aria-label=\"Envoyer par e-mail\" role=\"button\" rel=\"noopener nofollow\" class=\"shariff-link\" style=\"; background-color:#999; color:#fff\"><span class=\"shariff-icon\" style=\"\"><svg width=\"32px\" height=\"20px\" xmlns=\"http:\/\/www.w3.org\/2000\/svg\" viewbox=\"0 0 32 32\"><path fill=\"#999\" d=\"M32 12.7v14.2q0 1.2-0.8 2t-2 0.9h-26.3q-1.2 0-2-0.9t-0.8-2v-14.2q0.8 0.9 1.8 1.6 6.5 4.4 8.9 6.1 1 0.8 1.6 1.2t1.7 0.9 2 0.4h0.1q0.9 0 2-0.4t1.7-0.9 1.6-1.2q3-2.2 8.9-6.1 1-0.7 1.8-1.6zM32 7.4q0 1.4-0.9 2.7t-2.2 2.2q-6.7 4.7-8.4 5.8-0.2 0.1-0.7 0.5t-1 0.7-0.9 0.6-1.1 0.5-0.9 0.2h-0.1q-0.4 0-0.9-0.2t-1.1-0.5-0.9-0.6-1-0.7-0.7-0.5q-1.6-1.1-4.7-3.2t-3.6-2.6q-1.1-0.7-2.1-2t-1-2.5q0-1.4 0.7-2.3t2.1-0.9h26.3q1.2 0 2 0.8t0.9 2z\"\/><\/svg><\/span><span class=\"shariff-text\">Courrier \u00e9lectronique<\/span>&nbsp;<\/a><\/li><li class=\"shariff-button whatsapp shariff-nocustomcolor\" style=\"background-color:#5cbe4a\"><a href=\"https:\/\/api.whatsapp.com\/send?text=https%3A%2F%2Fsamuraischwert.kaufen%2Ffr%2Fprodukt%2Fshigetsugu-katana-aus-japan-shinshinto-18-jahrhundert%2F%20Shigetsugu%20Katana%20aus%20Japan%20%E2%80%93%20Shinshinto%2C%2018.%20Jahrhundert\" title=\"Partager sur Whatsapp\" aria-label=\"Partager sur Whatsapp\" role=\"button\" rel=\"noopener nofollow\" class=\"shariff-link\" style=\"; background-color:#34af23; color:#fff\" target=\"_blank\"><span class=\"shariff-icon\" style=\"\"><svg width=\"32px\" height=\"20px\" xmlns=\"http:\/\/www.w3.org\/2000\/svg\" viewbox=\"0 0 32 32\"><path fill=\"#34af23\" d=\"M17.6 17.4q0.2 0 1.7 0.8t1.6 0.9q0 0.1 0 0.3 0 0.6-0.3 1.4-0.3 0.7-1.3 1.2t-1.8 0.5q-1 0-3.4-1.1-1.7-0.8-3-2.1t-2.6-3.3q-1.3-1.9-1.3-3.5v-0.1q0.1-1.6 1.3-2.8 0.4-0.4 0.9-0.4 0.1 0 0.3 0t0.3 0q0.3 0 0.5 0.1t0.3 0.5q0.1 0.4 0.6 1.6t0.4 1.3q0 0.4-0.6 1t-0.6 0.8q0 0.1 0.1 0.3 0.6 1.3 1.8 2.4 1 0.9 2.7 1.8 0.2 0.1 0.4 0.1 0.3 0 1-0.9t0.9-0.9zM14 26.9q2.3 0 4.3-0.9t3.6-2.4 2.4-3.6 0.9-4.3-0.9-4.3-2.4-3.6-3.6-2.4-4.3-0.9-4.3 0.9-3.6 2.4-2.4 3.6-0.9 4.3q0 3.6 2.1 6.6l-1.4 4.2 4.3-1.4q2.8 1.9 6.2 1.9zM14 2.2q2.7 0 5.2 1.1t4.3 2.9 2.9 4.3 1.1 5.2-1.1 5.2-2.9 4.3-4.3 2.9-5.2 1.1q-3.5 0-6.5-1.7l-7.4 2.4 2.4-7.2q-1.9-3.2-1.9-6.9 0-2.7 1.1-5.2t2.9-4.3 4.3-2.9 5.2-1.1z\"\/><\/svg><\/span><span class=\"shariff-text\">partager<\/span>&nbsp;<\/a><\/li><\/ul><\/div>","protected":false},"excerpt":{"rendered":"<p>Shigetsugu &#8211; 228407 Katana Mei (Signatur): Omote-Seite: Muramatsu-shin Shigetsugu Korewo Tsukuru (gefertigt von Shigetsugu, aus der Gefolgschaft der Muramatsu Familie) Ura Seite: Keio San&#8217;nen Gogatsu Kichijitsu (Mai 1867) Informationen \u00fcber den Schmied: Name: Shigetsugu B\u00fcrgerlicher Name: Itagaki Shinnosuke Ausgebildet von: Suishinshi Masahide Shigetsugu geh\u00f6rte zur Gefolgschaft der Muramatsu Familie in der Provinz Echigo. Sein Meister [&hellip;]<\/p>\n","protected":false},"featured_media":62997,"comment_status":"open","ping_status":"closed","template":"","meta":{"_acf_changed":false},"product_brand":[],"product_cat":[1723],"product_tag":[],"class_list":{"0":"post-62763","1":"product","2":"type-product","3":"status-publish","4":"has-post-thumbnail","6":"product_cat-nihonto-kaufen","8":"first","9":"instock","10":"taxable","11":"shipping-taxable","12":"product-type-external"},"acf":[],"_links":{"self":[{"href":"https:\/\/samuraischwert.kaufen\/fr\/wp-json\/wp\/v2\/product\/62763","targetHints":{"allow":["GET"]}}],"collection":[{"href":"https:\/\/samuraischwert.kaufen\/fr\/wp-json\/wp\/v2\/product"}],"about":[{"href":"https:\/\/samuraischwert.kaufen\/fr\/wp-json\/wp\/v2\/types\/product"}],"replies":[{"embeddable":true,"href":"https:\/\/samuraischwert.kaufen\/fr\/wp-json\/wp\/v2\/comments?post=62763"}],"wp:featuredmedia":[{"embeddable":true,"href":"https:\/\/samuraischwert.kaufen\/fr\/wp-json\/wp\/v2\/media\/62997"}],"wp:attachment":[{"href":"https:\/\/samuraischwert.kaufen\/fr\/wp-json\/wp\/v2\/media?parent=62763"}],"wp:term":[{"taxonomy":"product_brand","embeddable":true,"href":"https:\/\/samuraischwert.kaufen\/fr\/wp-json\/wp\/v2\/product_brand?post=62763"},{"taxonomy":"product_cat","embeddable":true,"href":"https:\/\/samuraischwert.kaufen\/fr\/wp-json\/wp\/v2\/product_cat?post=62763"},{"taxonomy":"product_tag","embeddable":true,"href":"https:\/\/samuraischwert.kaufen\/fr\/wp-json\/wp\/v2\/product_tag?post=62763"}],"curies":[{"name":"wp","href":"https:\/\/api.w.org\/{rel}","templated":true}]}}