{"id":61499,"date":"2024-05-02T12:39:10","date_gmt":"2024-05-02T10:39:10","guid":{"rendered":"https:\/\/samuraischwert.kaufen\/produkt\/rurouni-kenshin-mas-katana-sakabato-samuraischwert-mit-l6-klinge\/"},"modified":"2025-11-07T10:54:22","modified_gmt":"2025-11-07T09:54:22","slug":"rurouni-kenshin-mas-katana-sakabato-sabre-samourai-avec-lame-l6","status":"publish","type":"product","link":"https:\/\/samuraischwert.kaufen\/fr\/produkt\/rurouni-kenshin-mas-katana-sakabato-samuraischwert-mit-l6-klinge\/","title":{"rendered":"Rurouni Kenshin MAS Katana Sakabato sabre samoura\u00ef avec lame L6"},"content":{"rendered":"<p><b>Caract\u00e9ristiques du produit :<\/b><br \/>- Con\u00e7u pour une utilisation pratique<br \/>- Tr\u00e8s bon rapport qualit\u00e9\/prix<br \/>- V\u00e9ritable lame en acier L6<br \/>- Mat\u00e9riaux en provenance du Japon<br \/>- Par les experts en \u00e9p\u00e9es chez MAS<\/p>\n<p><b>Description du produit :<\/b><br \/>\u00c9p\u00e9e de haute qualit\u00e9 en l'honneur de la c\u00e9l\u00e8bre s\u00e9rie d'anime et de manga Rurouni Kenshin, qui a m\u00eame \u00e9t\u00e9 adapt\u00e9e en films r\u00e9els et est disponible sur Netflix par exemple. L'\u00e9p\u00e9e porte le nom de Sakabat ? et poss\u00e8de une lame dont le tranchant se trouve \u00e0 l'int\u00e9rieur de la courbure. L'\u00e9p\u00e9e est utilis\u00e9e par le personnage principal Himura Kenshin (ou Himura Shinta) et sa conception sp\u00e9ciale est bas\u00e9e sur son histoire personnelle.<\/p>\n<p>La lame japonaise en acier haute performance L6 constitue le c\u0153ur des sabres MAS. Celle-ci est finalement travaill\u00e9e en Cor\u00e9e du Sud et assembl\u00e9e avec les autres composants pour former un sabre complet. C'est ainsi que l'on obtient un sabre de la plus haute qualit\u00e9, \u00e0 un prix qui n'a pas son pareil.<\/p>\n<p>Le L6 est un acier industriel moderne qui pr\u00e9sente les meilleures caract\u00e9ristiques : il est l\u00e9ger mais n\u00e9anmoins stable, dur mais pas cassant et ne se d\u00e9forme pratiquement pas.<br \/>Autant de caract\u00e9ristiques que l'on souhaiterait trouver dans une \u00e9p\u00e9e, mais que d'autres types d'acier n'offrent pas dans cette combinaison.<\/p>\n<p>Le L6 est en revanche difficile \u00e0 traiter et c'est l\u00e0 que se situent les comp\u00e9tences particuli\u00e8res de MAS. En effet, seul le c\u00e9l\u00e8bre ma\u00eetre forgeron Howard Clark et MAS sont parvenus jusqu'\u00e0 pr\u00e9sent \u00e0 r\u00e9aliser un traitement thermique permettant d'obtenir une lame tremp\u00e9e diff\u00e9rentiellement utilisable dans le monde entier.<\/p>\n<p>Les autres composants des sabres MAS sont bien s\u00fbr aussi de la plus haute qualit\u00e9. L'accent est mis sur la capacit\u00e9 de coupe des lames.<\/p>\n<p>donn\u00e9es :<br \/>Longueur totale avec Saya : env. 103 cm<br \/>Longueur de la lame \u00e0 partir du habaki : env. 70 cm<br \/>Longueur de la tsuka : env. 28 cm<\/p>\n<p>En raison de l'exclusivit\u00e9 de cette \u00e9p\u00e9e, nous vous prions de bien vouloir comprendre qu'aucune action de r\u00e9duction ou de bon ne peut \u00eatre appliqu\u00e9e sur cette \u00e9p\u00e9e.<\/p>\n<p><strong>ATTENTION : L'achat de cet article n'est autoris\u00e9, selon la loi allemande, qu'aux personnes majeures. Nous v\u00e9rifions l'\u00e2ge de chaque acheteur !<br \/>Veuillez vous assurer que le destinataire d\u00e9pos\u00e9 r\u00e9ceptionne personnellement la livraison et qu'il puisse prouver son \u00e2ge au moyen d'une pi\u00e8ce d'identit\u00e9. L'\u00e2ge et l'identit\u00e9 seront v\u00e9rifi\u00e9s par le service de livraison au moment de la remise.<br \/>Veuillez noter que les commandes sans preuve d'\u00e2ge ne seront pas remises !<br \/>En raison du traitement particulier de cet article, aucune livraison n'est malheureusement possible aux stations d'emballage ou aux centres de r\u00e9ception de colis.<\/strong><\/p>\n<div class=\"shariff shariff-align-left shariff-widget-align-left\"><ul class=\"shariff-buttons theme-grey orientation-horizontal buttonsize-medium\"><li class=\"shariff-button twitter shariff-nocustomcolor\" style=\"background-color:#595959\"><a href=\"https:\/\/twitter.com\/share?url=https%3A%2F%2Fsamuraischwert.kaufen%2Ffr%2Fprodukt%2Frurouni-kenshin-mas-katana-sakabato-samuraischwert-mit-l6-klinge%2F&text=Rurouni%20Kenshin%20MAS%20Katana%20Sakabato%20Samuraischwert%20mit%20L6%20Klinge\" title=\"Partager sur X\" aria-label=\"Partager sur X\" role=\"button\" rel=\"noopener nofollow\" class=\"shariff-link\" style=\"; background-color:#000; color:#fff\" target=\"_blank\"><span class=\"shariff-icon\" style=\"\"><svg width=\"32px\" height=\"20px\" xmlns=\"http:\/\/www.w3.org\/2000\/svg\" viewbox=\"0 0 24 24\"><path fill=\"#000\" d=\"M14.258 10.152L23.176 0h-2.113l-7.747 8.813L7.133 0H0l9.352 13.328L0 23.973h2.113l8.176-9.309 6.531 9.309h7.133zm-2.895 3.293l-.949-1.328L2.875 1.56h3.246l6.086 8.523.945 1.328 7.91 11.078h-3.246zm0 0\"\/><\/svg><\/span><span class=\"shariff-text\">partager<\/span>&nbsp;<\/a><\/li><li class=\"shariff-button facebook shariff-nocustomcolor\" style=\"background-color:#4273c8\"><a href=\"https:\/\/www.facebook.com\/sharer\/sharer.php?u=https%3A%2F%2Fsamuraischwert.kaufen%2Ffr%2Fprodukt%2Frurouni-kenshin-mas-katana-sakabato-samuraischwert-mit-l6-klinge%2F\" title=\"Partager sur Facebook\" aria-label=\"Partager sur Facebook\" role=\"button\" rel=\"nofollow\" class=\"shariff-link\" style=\"; background-color:#3b5998; color:#fff\" target=\"_blank\"><span class=\"shariff-icon\" style=\"\"><svg width=\"32px\" height=\"20px\" xmlns=\"http:\/\/www.w3.org\/2000\/svg\" viewbox=\"0 0 18 32\"><path fill=\"#3b5998\" d=\"M17.1 0.2v4.7h-2.8q-1.5 0-2.1 0.6t-0.5 1.9v3.4h5.2l-0.7 5.3h-4.5v13.6h-5.5v-13.6h-4.5v-5.3h4.5v-3.9q0-3.3 1.9-5.2t5-1.8q2.6 0 4.1 0.2z\"\/><\/svg><\/span><span class=\"shariff-text\">partager<\/span>&nbsp;<\/a><\/li><li class=\"shariff-button xing shariff-nocustomcolor\" style=\"background-color:#29888a\"><a href=\"https:\/\/www.xing.com\/spi\/shares\/new?url=https%3A%2F%2Fsamuraischwert.kaufen%2Ffr%2Fprodukt%2Frurouni-kenshin-mas-katana-sakabato-samuraischwert-mit-l6-klinge%2F\" title=\"Partager sur XING\" aria-label=\"Partager sur XING\" role=\"button\" rel=\"noopener nofollow\" class=\"shariff-link\" style=\"; background-color:#126567; color:#fff\" target=\"_blank\"><span class=\"shariff-icon\" style=\"\"><svg width=\"32px\" height=\"20px\" xmlns=\"http:\/\/www.w3.org\/2000\/svg\" viewbox=\"0 0 25 32\"><path fill=\"#126567\" d=\"M10.7 11.9q-0.2 0.3-4.6 8.2-0.5 0.8-1.2 0.8h-4.3q-0.4 0-0.5-0.3t0-0.6l4.5-8q0 0 0 0l-2.9-5q-0.2-0.4 0-0.7 0.2-0.3 0.5-0.3h4.3q0.7 0 1.2 0.8zM25.1 0.4q0.2 0.3 0 0.7l-9.4 16.7 6 11q0.2 0.4 0 0.6-0.2 0.3-0.6 0.3h-4.3q-0.7 0-1.2-0.8l-6-11.1q0.3-0.6 9.5-16.8 0.4-0.8 1.2-0.8h4.3q0.4 0 0.5 0.3z\"\/><\/svg><\/span><span class=\"shariff-text\">partager<\/span>&nbsp;<\/a><\/li><li class=\"shariff-button linkedin shariff-nocustomcolor\" style=\"background-color:#1488bf\"><a href=\"https:\/\/www.linkedin.com\/sharing\/share-offsite\/?url=https%3A%2F%2Fsamuraischwert.kaufen%2Ffr%2Fprodukt%2Frurouni-kenshin-mas-katana-sakabato-samuraischwert-mit-l6-klinge%2F\" title=\"Partager sur LinkedIn\" aria-label=\"Partager sur LinkedIn\" role=\"button\" rel=\"noopener nofollow\" class=\"shariff-link\" style=\"; background-color:#0077b5; color:#fff\" target=\"_blank\"><span class=\"shariff-icon\" style=\"\"><svg width=\"32px\" height=\"20px\" xmlns=\"http:\/\/www.w3.org\/2000\/svg\" viewbox=\"0 0 27 32\"><path fill=\"#0077b5\" d=\"M6.2 11.2v17.7h-5.9v-17.7h5.9zM6.6 5.7q0 1.3-0.9 2.2t-2.4 0.9h0q-1.5 0-2.4-0.9t-0.9-2.2 0.9-2.2 2.4-0.9 2.4 0.9 0.9 2.2zM27.4 18.7v10.1h-5.9v-9.5q0-1.9-0.7-2.9t-2.3-1.1q-1.1 0-1.9 0.6t-1.2 1.5q-0.2 0.5-0.2 1.4v9.9h-5.9q0-7.1 0-11.6t0-5.3l0-0.9h5.9v2.6h0q0.4-0.6 0.7-1t1-0.9 1.6-0.8 2-0.3q3 0 4.9 2t1.9 6z\"\/><\/svg><\/span><span class=\"shariff-text\">partager<\/span>&nbsp;<\/a><\/li><li class=\"shariff-button mailto shariff-nocustomcolor\" style=\"background-color:#a8a8a8\"><a href=\"mailto:?body=https%3A%2F%2Fsamuraischwert.kaufen%2Ffr%2Fprodukt%2Frurouni-kenshin-mas-katana-sakabato-samuraischwert-mit-l6-klinge%2F&subject=Rurouni%20Kenshin%20MAS%20Katana%20Sakabato%20Samuraischwert%20mit%20L6%20Klinge\" title=\"Envoyer par e-mail\" aria-label=\"Envoyer par e-mail\" role=\"button\" rel=\"noopener nofollow\" class=\"shariff-link\" style=\"; background-color:#999; color:#fff\"><span class=\"shariff-icon\" style=\"\"><svg width=\"32px\" height=\"20px\" xmlns=\"http:\/\/www.w3.org\/2000\/svg\" viewbox=\"0 0 32 32\"><path fill=\"#999\" d=\"M32 12.7v14.2q0 1.2-0.8 2t-2 0.9h-26.3q-1.2 0-2-0.9t-0.8-2v-14.2q0.8 0.9 1.8 1.6 6.5 4.4 8.9 6.1 1 0.8 1.6 1.2t1.7 0.9 2 0.4h0.1q0.9 0 2-0.4t1.7-0.9 1.6-1.2q3-2.2 8.9-6.1 1-0.7 1.8-1.6zM32 7.4q0 1.4-0.9 2.7t-2.2 2.2q-6.7 4.7-8.4 5.8-0.2 0.1-0.7 0.5t-1 0.7-0.9 0.6-1.1 0.5-0.9 0.2h-0.1q-0.4 0-0.9-0.2t-1.1-0.5-0.9-0.6-1-0.7-0.7-0.5q-1.6-1.1-4.7-3.2t-3.6-2.6q-1.1-0.7-2.1-2t-1-2.5q0-1.4 0.7-2.3t2.1-0.9h26.3q1.2 0 2 0.8t0.9 2z\"\/><\/svg><\/span><span class=\"shariff-text\">Courrier \u00e9lectronique<\/span>&nbsp;<\/a><\/li><li class=\"shariff-button whatsapp shariff-nocustomcolor\" style=\"background-color:#5cbe4a\"><a href=\"https:\/\/api.whatsapp.com\/send?text=https%3A%2F%2Fsamuraischwert.kaufen%2Ffr%2Fprodukt%2Frurouni-kenshin-mas-katana-sakabato-samuraischwert-mit-l6-klinge%2F%20Rurouni%20Kenshin%20MAS%20Katana%20Sakabato%20Samuraischwert%20mit%20L6%20Klinge\" title=\"Partager sur Whatsapp\" aria-label=\"Partager sur Whatsapp\" role=\"button\" rel=\"noopener nofollow\" class=\"shariff-link\" style=\"; background-color:#34af23; color:#fff\" target=\"_blank\"><span class=\"shariff-icon\" style=\"\"><svg width=\"32px\" height=\"20px\" xmlns=\"http:\/\/www.w3.org\/2000\/svg\" viewbox=\"0 0 32 32\"><path fill=\"#34af23\" d=\"M17.6 17.4q0.2 0 1.7 0.8t1.6 0.9q0 0.1 0 0.3 0 0.6-0.3 1.4-0.3 0.7-1.3 1.2t-1.8 0.5q-1 0-3.4-1.1-1.7-0.8-3-2.1t-2.6-3.3q-1.3-1.9-1.3-3.5v-0.1q0.1-1.6 1.3-2.8 0.4-0.4 0.9-0.4 0.1 0 0.3 0t0.3 0q0.3 0 0.5 0.1t0.3 0.5q0.1 0.4 0.6 1.6t0.4 1.3q0 0.4-0.6 1t-0.6 0.8q0 0.1 0.1 0.3 0.6 1.3 1.8 2.4 1 0.9 2.7 1.8 0.2 0.1 0.4 0.1 0.3 0 1-0.9t0.9-0.9zM14 26.9q2.3 0 4.3-0.9t3.6-2.4 2.4-3.6 0.9-4.3-0.9-4.3-2.4-3.6-3.6-2.4-4.3-0.9-4.3 0.9-3.6 2.4-2.4 3.6-0.9 4.3q0 3.6 2.1 6.6l-1.4 4.2 4.3-1.4q2.8 1.9 6.2 1.9zM14 2.2q2.7 0 5.2 1.1t4.3 2.9 2.9 4.3 1.1 5.2-1.1 5.2-2.9 4.3-4.3 2.9-5.2 1.1q-3.5 0-6.5-1.7l-7.4 2.4 2.4-7.2q-1.9-3.2-1.9-6.9 0-2.7 1.1-5.2t2.9-4.3 4.3-2.9 5.2-1.1z\"\/><\/svg><\/span><span class=\"shariff-text\">partager<\/span>&nbsp;<\/a><\/li><\/ul><\/div>","protected":false},"excerpt":{"rendered":"<p>Produktmerkmale:&#8211; F\u00fcr den praktischen Einsatz konzipiert&#8211; Sehr gutes Preis-\/Leistungsverh\u00e4ltnis&#8211; Echte Klinge aus L6 Stahl&#8211; Materialien aus Japan&#8211; Von den Schwertexperten bei MAS Produktbeschreibung:Hochwertiges Schwert zu Ehren der bekannten Anime und Manga Serie Rurouni Kenshin, die inzwischen sogar als reale Filme umgesetzt und und zum Beispiel auf Netflix verf\u00fcgbar ist. Das Schwert tr\u00e4gt den Namen Sakabat? [&hellip;]<\/p>\n","protected":false},"featured_media":61498,"comment_status":"open","ping_status":"closed","template":"","meta":{"_acf_changed":false},"product_brand":[],"product_cat":[1194],"product_tag":[961,378,379,622,225,262,264,259,261,617,623,139,619,621,150,299,373,260,620,131,298,253,518,272,618],"class_list":{"0":"post-61499","1":"product","2":"type-product","3":"status-publish","4":"has-post-thumbnail","6":"product_cat-l6-stahl","7":"product_tag-butouken","8":"product_tag-echt","9":"product_tag-echtes","10":"product_tag-einsatz","11":"product_tag-fuer","12":"product_tag-handgefertigt","13":"product_tag-handgefertigtes","14":"product_tag-handgeschmiedet","15":"product_tag-handgeschmiedetes","16":"product_tag-l-6","17":"product_tag-martialartswords","18":"product_tag-neu","19":"product_tag-practical","20":"product_tag-praktischen","21":"product_tag-samurai","22":"product_tag-samuraischwerter","23":"product_tag-samuraiwaffe","24":"product_tag-scharf","25":"product_tag-schnittests","26":"product_tag-schwert","27":"product_tag-schwerte","28":"product_tag-schwerter","29":"product_tag-shinken","30":"product_tag-stahl","31":"product_tag-tameshigiri","32":"product_shipping_class-debrief145-2","34":"first","35":"onbackorder","36":"taxable","37":"shipping-taxable","38":"purchasable","39":"product-type-simple"},"acf":[],"_links":{"self":[{"href":"https:\/\/samuraischwert.kaufen\/fr\/wp-json\/wp\/v2\/product\/61499","targetHints":{"allow":["GET"]}}],"collection":[{"href":"https:\/\/samuraischwert.kaufen\/fr\/wp-json\/wp\/v2\/product"}],"about":[{"href":"https:\/\/samuraischwert.kaufen\/fr\/wp-json\/wp\/v2\/types\/product"}],"replies":[{"embeddable":true,"href":"https:\/\/samuraischwert.kaufen\/fr\/wp-json\/wp\/v2\/comments?post=61499"}],"wp:featuredmedia":[{"embeddable":true,"href":"https:\/\/samuraischwert.kaufen\/fr\/wp-json\/wp\/v2\/media\/61498"}],"wp:attachment":[{"href":"https:\/\/samuraischwert.kaufen\/fr\/wp-json\/wp\/v2\/media?parent=61499"}],"wp:term":[{"taxonomy":"product_brand","embeddable":true,"href":"https:\/\/samuraischwert.kaufen\/fr\/wp-json\/wp\/v2\/product_brand?post=61499"},{"taxonomy":"product_cat","embeddable":true,"href":"https:\/\/samuraischwert.kaufen\/fr\/wp-json\/wp\/v2\/product_cat?post=61499"},{"taxonomy":"product_tag","embeddable":true,"href":"https:\/\/samuraischwert.kaufen\/fr\/wp-json\/wp\/v2\/product_tag?post=61499"}],"curies":[{"name":"wp","href":"https:\/\/api.w.org\/{rel}","templated":true}]}}