{"id":58742,"date":"2023-09-22T12:56:54","date_gmt":"2023-09-22T10:56:54","guid":{"rendered":"https:\/\/samuraischwert.kaufen\/produkt\/katana-1095-stahl-scharf-mit-lehmhaertung-saya-mit-ishime-lackierung\/"},"modified":"2026-03-25T20:51:34","modified_gmt":"2026-03-25T19:51:34","slug":"katana-1095-acier-tranchant-avec-revetement-en-argile-saya-avec-peinture-ishime","status":"publish","type":"product","link":"https:\/\/samuraischwert.kaufen\/fr\/produkt\/katana-1095-stahl-scharf-mit-lehmhaertung-saya-mit-ishime-lackierung\/","title":{"rendered":"Katana 1095 acier tranchant avec trempe \u00e0 l'argile Saya avec peinture Ishime"},"content":{"rendered":"<p><b>Caract\u00e9ristiques du produit :<\/b><br \/>- Design classique<br \/>- Lame m\u00e9tallique tranchante en acier au carbone 1095<br \/>- Trait\u00e9 avec un durcissement \u00e0 l'argile<br \/>- Saya avec peinture Ishime<br \/>- Acquisition \u00e0 partir de 18 ans !<\/p>\n<p><b>Description du produit :<\/b><br \/>Sabre katana visuellement attrayant et d'une qualit\u00e9 de fabrication sup\u00e9rieure.<\/p>\n<p>La poign\u00e9e (tsuka) est extr\u00eamement bien adapt\u00e9e \u00e0 l'articulation de la lame pour cette cat\u00e9gorie de prix et un mekugi est utilis\u00e9 pour un aspect authentique. Le papier Hishigami a \u00e9t\u00e9 utilis\u00e9 dans l'enroulement noir de la poign\u00e9e, ce qui la rend tr\u00e8s robuste et la destine en priorit\u00e9 aux sabres de qualit\u00e9 sup\u00e9rieure.<br \/>Les inserts Same sont authentiques.<\/p>\n<p>La lame est forg\u00e9e en acier au carbone 1095 avec trempe diff\u00e9rentielle et v\u00e9ritable hamon. Une gorge (Bo-Hi) est usin\u00e9e dans la lame, ce qui permet de r\u00e9duire le poids de l'\u00e9p\u00e9e et d'\u00e9mettre un son clairement audible lors du balancement.<br \/>Un yokote est visuellement incorpor\u00e9 dans la lame.<\/p>\n<p>La lame de couteau (tsuba) est fabriqu\u00e9e en fer et est tr\u00e8s solide.<\/p>\n<p>Le fourreau de l'\u00e9p\u00e9e, de couleur rouge-brun, est en bois et renforc\u00e9 par des \u00e9l\u00e9ments en corne. Il est recouvert d'un vernis Ishime en forme de goutte d'eau avec un motif noir. Il est muni d'une bande noire (sageo) de style shigeuchi. Le pommeau (kurigata) est positionn\u00e9 de mani\u00e8re \u00e0 ce que le sabre puisse \u00eatre port\u00e9 de mani\u00e8re optimale sur l'obi, par exemple pour le iaido.<\/p>\n<p>L'\u00e9p\u00e9e est adapt\u00e9e aux exercices de coupe.<\/p>\n<p>Dimensions et poids :<br \/>Longueur totale avec fourreau : 102.5 cm<br \/>Longueur sans fourreau : 100 cm<br \/>Longueur de la lame mesur\u00e9e \u00e0 partir de la lame de couteau : 73.2 cm<br \/>Longueur de la poign\u00e9e \u00e0 partir de la lame : 26,3 cm<br \/>Poids avec fourreau : 1150 grammes<br \/>Poids sans fourreau : 930 grammes<\/p>\n<p><strong>ATTENTION : L'achat de cet article n'est autoris\u00e9, selon la loi allemande, qu'aux personnes majeures. Nous v\u00e9rifions l'\u00e2ge de chaque acheteur !<br \/>Veuillez vous assurer que le destinataire d\u00e9pos\u00e9 r\u00e9ceptionne personnellement la livraison et qu'il puisse prouver son \u00e2ge au moyen d'une pi\u00e8ce d'identit\u00e9. L'\u00e2ge et l'identit\u00e9 seront v\u00e9rifi\u00e9s par le service de livraison au moment de la remise.<br \/>Veuillez noter que les commandes sans preuve d'\u00e2ge ne seront pas remises !<br \/>En raison du traitement particulier de cet article, aucune livraison n'est malheureusement possible aux stations d'emballage ou aux centres de r\u00e9ception de colis.<\/strong><\/p>\n<p>Fabricant : Toshiro Swords, Andara GmbH, Brunnenweg 15, 64331 Weiterstadt, info@andara-gmbh.de<\/p>\n<div class=\"shariff shariff-align-left shariff-widget-align-left\"><ul class=\"shariff-buttons theme-grey orientation-horizontal buttonsize-medium\"><li class=\"shariff-button twitter shariff-nocustomcolor\" style=\"background-color:#595959\"><a href=\"https:\/\/twitter.com\/share?url=https%3A%2F%2Fsamuraischwert.kaufen%2Ffr%2Fprodukt%2Fkatana-1095-stahl-scharf-mit-lehmhaertung-saya-mit-ishime-lackierung%2F&text=Katana%201095%20Stahl%20scharf%20mit%20Lehmh%C3%A4rtung%20Saya%20mit%20Ishime%20Lackierung\" title=\"Partager sur X\" aria-label=\"Partager sur X\" role=\"button\" rel=\"noopener nofollow\" class=\"shariff-link\" style=\"; background-color:#000; color:#fff\" target=\"_blank\"><span class=\"shariff-icon\" style=\"\"><svg width=\"32px\" height=\"20px\" xmlns=\"http:\/\/www.w3.org\/2000\/svg\" viewbox=\"0 0 24 24\"><path fill=\"#000\" d=\"M14.258 10.152L23.176 0h-2.113l-7.747 8.813L7.133 0H0l9.352 13.328L0 23.973h2.113l8.176-9.309 6.531 9.309h7.133zm-2.895 3.293l-.949-1.328L2.875 1.56h3.246l6.086 8.523.945 1.328 7.91 11.078h-3.246zm0 0\"\/><\/svg><\/span><span class=\"shariff-text\">partager<\/span>&nbsp;<\/a><\/li><li class=\"shariff-button facebook shariff-nocustomcolor\" style=\"background-color:#4273c8\"><a href=\"https:\/\/www.facebook.com\/sharer\/sharer.php?u=https%3A%2F%2Fsamuraischwert.kaufen%2Ffr%2Fprodukt%2Fkatana-1095-stahl-scharf-mit-lehmhaertung-saya-mit-ishime-lackierung%2F\" title=\"Partager sur Facebook\" aria-label=\"Partager sur Facebook\" role=\"button\" rel=\"nofollow\" class=\"shariff-link\" style=\"; background-color:#3b5998; color:#fff\" target=\"_blank\"><span class=\"shariff-icon\" style=\"\"><svg width=\"32px\" height=\"20px\" xmlns=\"http:\/\/www.w3.org\/2000\/svg\" viewbox=\"0 0 18 32\"><path fill=\"#3b5998\" d=\"M17.1 0.2v4.7h-2.8q-1.5 0-2.1 0.6t-0.5 1.9v3.4h5.2l-0.7 5.3h-4.5v13.6h-5.5v-13.6h-4.5v-5.3h4.5v-3.9q0-3.3 1.9-5.2t5-1.8q2.6 0 4.1 0.2z\"\/><\/svg><\/span><span class=\"shariff-text\">partager<\/span>&nbsp;<\/a><\/li><li class=\"shariff-button xing shariff-nocustomcolor\" style=\"background-color:#29888a\"><a href=\"https:\/\/www.xing.com\/spi\/shares\/new?url=https%3A%2F%2Fsamuraischwert.kaufen%2Ffr%2Fprodukt%2Fkatana-1095-stahl-scharf-mit-lehmhaertung-saya-mit-ishime-lackierung%2F\" title=\"Partager sur XING\" aria-label=\"Partager sur XING\" role=\"button\" rel=\"noopener nofollow\" class=\"shariff-link\" style=\"; background-color:#126567; color:#fff\" target=\"_blank\"><span class=\"shariff-icon\" style=\"\"><svg width=\"32px\" height=\"20px\" xmlns=\"http:\/\/www.w3.org\/2000\/svg\" viewbox=\"0 0 25 32\"><path fill=\"#126567\" d=\"M10.7 11.9q-0.2 0.3-4.6 8.2-0.5 0.8-1.2 0.8h-4.3q-0.4 0-0.5-0.3t0-0.6l4.5-8q0 0 0 0l-2.9-5q-0.2-0.4 0-0.7 0.2-0.3 0.5-0.3h4.3q0.7 0 1.2 0.8zM25.1 0.4q0.2 0.3 0 0.7l-9.4 16.7 6 11q0.2 0.4 0 0.6-0.2 0.3-0.6 0.3h-4.3q-0.7 0-1.2-0.8l-6-11.1q0.3-0.6 9.5-16.8 0.4-0.8 1.2-0.8h4.3q0.4 0 0.5 0.3z\"\/><\/svg><\/span><span class=\"shariff-text\">partager<\/span>&nbsp;<\/a><\/li><li class=\"shariff-button linkedin shariff-nocustomcolor\" style=\"background-color:#1488bf\"><a href=\"https:\/\/www.linkedin.com\/sharing\/share-offsite\/?url=https%3A%2F%2Fsamuraischwert.kaufen%2Ffr%2Fprodukt%2Fkatana-1095-stahl-scharf-mit-lehmhaertung-saya-mit-ishime-lackierung%2F\" title=\"Partager sur LinkedIn\" aria-label=\"Partager sur LinkedIn\" role=\"button\" rel=\"noopener nofollow\" class=\"shariff-link\" style=\"; background-color:#0077b5; color:#fff\" target=\"_blank\"><span class=\"shariff-icon\" style=\"\"><svg width=\"32px\" height=\"20px\" xmlns=\"http:\/\/www.w3.org\/2000\/svg\" viewbox=\"0 0 27 32\"><path fill=\"#0077b5\" d=\"M6.2 11.2v17.7h-5.9v-17.7h5.9zM6.6 5.7q0 1.3-0.9 2.2t-2.4 0.9h0q-1.5 0-2.4-0.9t-0.9-2.2 0.9-2.2 2.4-0.9 2.4 0.9 0.9 2.2zM27.4 18.7v10.1h-5.9v-9.5q0-1.9-0.7-2.9t-2.3-1.1q-1.1 0-1.9 0.6t-1.2 1.5q-0.2 0.5-0.2 1.4v9.9h-5.9q0-7.1 0-11.6t0-5.3l0-0.9h5.9v2.6h0q0.4-0.6 0.7-1t1-0.9 1.6-0.8 2-0.3q3 0 4.9 2t1.9 6z\"\/><\/svg><\/span><span class=\"shariff-text\">partager<\/span>&nbsp;<\/a><\/li><li class=\"shariff-button mailto shariff-nocustomcolor\" style=\"background-color:#a8a8a8\"><a href=\"mailto:?body=https%3A%2F%2Fsamuraischwert.kaufen%2Ffr%2Fprodukt%2Fkatana-1095-stahl-scharf-mit-lehmhaertung-saya-mit-ishime-lackierung%2F&subject=Katana%201095%20Stahl%20scharf%20mit%20Lehmh%C3%A4rtung%20Saya%20mit%20Ishime%20Lackierung\" title=\"Envoyer par e-mail\" aria-label=\"Envoyer par e-mail\" role=\"button\" rel=\"noopener nofollow\" class=\"shariff-link\" style=\"; background-color:#999; color:#fff\"><span class=\"shariff-icon\" style=\"\"><svg width=\"32px\" height=\"20px\" xmlns=\"http:\/\/www.w3.org\/2000\/svg\" viewbox=\"0 0 32 32\"><path fill=\"#999\" d=\"M32 12.7v14.2q0 1.2-0.8 2t-2 0.9h-26.3q-1.2 0-2-0.9t-0.8-2v-14.2q0.8 0.9 1.8 1.6 6.5 4.4 8.9 6.1 1 0.8 1.6 1.2t1.7 0.9 2 0.4h0.1q0.9 0 2-0.4t1.7-0.9 1.6-1.2q3-2.2 8.9-6.1 1-0.7 1.8-1.6zM32 7.4q0 1.4-0.9 2.7t-2.2 2.2q-6.7 4.7-8.4 5.8-0.2 0.1-0.7 0.5t-1 0.7-0.9 0.6-1.1 0.5-0.9 0.2h-0.1q-0.4 0-0.9-0.2t-1.1-0.5-0.9-0.6-1-0.7-0.7-0.5q-1.6-1.1-4.7-3.2t-3.6-2.6q-1.1-0.7-2.1-2t-1-2.5q0-1.4 0.7-2.3t2.1-0.9h26.3q1.2 0 2 0.8t0.9 2z\"\/><\/svg><\/span><span class=\"shariff-text\">Courrier \u00e9lectronique<\/span>&nbsp;<\/a><\/li><li class=\"shariff-button whatsapp shariff-nocustomcolor\" style=\"background-color:#5cbe4a\"><a href=\"https:\/\/api.whatsapp.com\/send?text=https%3A%2F%2Fsamuraischwert.kaufen%2Ffr%2Fprodukt%2Fkatana-1095-stahl-scharf-mit-lehmhaertung-saya-mit-ishime-lackierung%2F%20Katana%201095%20Stahl%20scharf%20mit%20Lehmh%C3%A4rtung%20Saya%20mit%20Ishime%20Lackierung\" title=\"Partager sur Whatsapp\" aria-label=\"Partager sur Whatsapp\" role=\"button\" rel=\"noopener nofollow\" class=\"shariff-link\" style=\"; background-color:#34af23; color:#fff\" target=\"_blank\"><span class=\"shariff-icon\" style=\"\"><svg width=\"32px\" height=\"20px\" xmlns=\"http:\/\/www.w3.org\/2000\/svg\" viewbox=\"0 0 32 32\"><path fill=\"#34af23\" d=\"M17.6 17.4q0.2 0 1.7 0.8t1.6 0.9q0 0.1 0 0.3 0 0.6-0.3 1.4-0.3 0.7-1.3 1.2t-1.8 0.5q-1 0-3.4-1.1-1.7-0.8-3-2.1t-2.6-3.3q-1.3-1.9-1.3-3.5v-0.1q0.1-1.6 1.3-2.8 0.4-0.4 0.9-0.4 0.1 0 0.3 0t0.3 0q0.3 0 0.5 0.1t0.3 0.5q0.1 0.4 0.6 1.6t0.4 1.3q0 0.4-0.6 1t-0.6 0.8q0 0.1 0.1 0.3 0.6 1.3 1.8 2.4 1 0.9 2.7 1.8 0.2 0.1 0.4 0.1 0.3 0 1-0.9t0.9-0.9zM14 26.9q2.3 0 4.3-0.9t3.6-2.4 2.4-3.6 0.9-4.3-0.9-4.3-2.4-3.6-3.6-2.4-4.3-0.9-4.3 0.9-3.6 2.4-2.4 3.6-0.9 4.3q0 3.6 2.1 6.6l-1.4 4.2 4.3-1.4q2.8 1.9 6.2 1.9zM14 2.2q2.7 0 5.2 1.1t4.3 2.9 2.9 4.3 1.1 5.2-1.1 5.2-2.9 4.3-4.3 2.9-5.2 1.1q-3.5 0-6.5-1.7l-7.4 2.4 2.4-7.2q-1.9-3.2-1.9-6.9 0-2.7 1.1-5.2t2.9-4.3 4.3-2.9 5.2-1.1z\"\/><\/svg><\/span><span class=\"shariff-text\">partager<\/span>&nbsp;<\/a><\/li><\/ul><\/div>","protected":false},"excerpt":{"rendered":"<p>Produktmerkmale:&#8211; Klassisches Design&#8211; Scharfe Metall Klinge aus 1095 Kohlenstoffstahl&#8211; Mit Lehmh\u00e4rtung bearbeitet&#8211; Saya mit Ishime Lackierung&#8211; Erwerb ab 18! Produktbeschreibung:Optisch ansprechendes Katana Schwert mit hochwertiger Verarbeitungsqualit\u00e4t. Der Griff (Tsuka) ist f\u00fcr diese Preisklasse extrem gut an die Klingenangel angepasst und f\u00fcr eine authentische Optik wird ein Mekugi verwendet. In der schwarzen Griffwicklung wurde Hishigami Papier [&hellip;]<\/p>\n","protected":false},"featured_media":58735,"comment_status":"open","ping_status":"closed","template":"","meta":{"_acf_changed":false},"product_brand":[],"product_cat":[1193],"product_tag":[378,379,225,1374,401,1707,295,811,150,151,1706,745,1467,1708,738,131,518],"class_list":{"0":"post-58742","1":"product","2":"type-product","3":"status-publish","4":"has-post-thumbnail","6":"product_cat-kohlenstoffstahl-high-carbon","7":"product_tag-echt","8":"product_tag-echtes","9":"product_tag-fuer","10":"product_tag-hochwertig","11":"product_tag-iaido","12":"product_tag-katanas","13":"product_tag-metall","14":"product_tag-original","15":"product_tag-samurai","16":"product_tag-samuraischwert","17":"product_tag-scharfe","18":"product_tag-scharfer","19":"product_tag-schnitttests","20":"product_tag-schnitttraining","21":"product_tag-schnittuebungen","22":"product_tag-schwert","23":"product_tag-shinken","24":"product_shipping_class-debrief145-2","26":"first","27":"instock","28":"taxable","29":"shipping-taxable","30":"purchasable","31":"product-type-simple"},"acf":[],"_links":{"self":[{"href":"https:\/\/samuraischwert.kaufen\/fr\/wp-json\/wp\/v2\/product\/58742","targetHints":{"allow":["GET"]}}],"collection":[{"href":"https:\/\/samuraischwert.kaufen\/fr\/wp-json\/wp\/v2\/product"}],"about":[{"href":"https:\/\/samuraischwert.kaufen\/fr\/wp-json\/wp\/v2\/types\/product"}],"replies":[{"embeddable":true,"href":"https:\/\/samuraischwert.kaufen\/fr\/wp-json\/wp\/v2\/comments?post=58742"}],"wp:featuredmedia":[{"embeddable":true,"href":"https:\/\/samuraischwert.kaufen\/fr\/wp-json\/wp\/v2\/media\/58735"}],"wp:attachment":[{"href":"https:\/\/samuraischwert.kaufen\/fr\/wp-json\/wp\/v2\/media?parent=58742"}],"wp:term":[{"taxonomy":"product_brand","embeddable":true,"href":"https:\/\/samuraischwert.kaufen\/fr\/wp-json\/wp\/v2\/product_brand?post=58742"},{"taxonomy":"product_cat","embeddable":true,"href":"https:\/\/samuraischwert.kaufen\/fr\/wp-json\/wp\/v2\/product_cat?post=58742"},{"taxonomy":"product_tag","embeddable":true,"href":"https:\/\/samuraischwert.kaufen\/fr\/wp-json\/wp\/v2\/product_tag?post=58742"}],"curies":[{"name":"wp","href":"https:\/\/api.w.org\/{rel}","templated":true}]}}