{"id":58310,"date":"2023-08-11T15:02:30","date_gmt":"2023-08-11T13:02:30","guid":{"rendered":"https:\/\/samuraischwert.kaufen\/produkt\/katana-samurai-schwert-scharf-musashi-gestaltung-t8-klinge-aus-metall-mit-lehmhaertung\/"},"modified":"2026-02-24T08:40:14","modified_gmt":"2026-02-24T07:40:14","slug":"katana-samurai-sabre-tranchant-musashi-conception-t8-lame-metal-avec-revetement-en-argile","status":"publish","type":"product","link":"https:\/\/samuraischwert.kaufen\/fr\/produkt\/katana-samurai-schwert-scharf-musashi-gestaltung-t8-klinge-aus-metall-mit-lehmhaertung\/","title":{"rendered":"Katana samoura\u00ef \u00e9p\u00e9e tranchante Musashi conception T8 lame en m\u00e9tal avec durcissement \u00e0 l'argile"},"content":{"rendered":"<p><b>Caract\u00e9ristiques du produit :<\/b><br \/>- Finition de haute qualit\u00e9<br \/>- Sur le mod\u00e8le de la l\u00e9gendaire Musashi Koshirae<br \/>- Lame extr\u00eamement tranchante en acier T8<br \/>- De beaux hamons gr\u00e2ce au durcissement de l'argile<br \/>- Vente \u00e0 partir de 18 ans<\/p>\n<p><b>Description du produit :<\/b><br \/>Sabre de tr\u00e8s belle facture, inspir\u00e9 du sabre du l\u00e9gendaire samoura\u00ef Miyamoto Musashi.<\/p>\n<p>Musashi a v\u00e9cu entre la fin de l'\u00e9poque Sengoku et le d\u00e9but de l'\u00e9poque Edo (entre le 16e et le 17e si\u00e8cle) et est consid\u00e9r\u00e9 comme le meilleur \u00e9p\u00e9iste de l'histoire japonaise.<\/p>\n<p>Mais il n'\u00e9tait pas seulement un \u00e9p\u00e9iste dou\u00e9, c'\u00e9tait aussi un artiste et il a laiss\u00e9 \u00e0 la post\u00e9rit\u00e9 des \u00e9l\u00e9ments d'\u00e9p\u00e9e qu'il a lui-m\u00eame fabriqu\u00e9s.<br \/>Le design de ce sabre avec fourreau rouge et la c\u00e9l\u00e8bre tsuba \u00e0 double anneau Namako, \u00e9galement connue sous le nom de tsuba Musashi, s'en inspire.<\/p>\n<p>La lame de l'\u00e9p\u00e9e (tsuba) est fabriqu\u00e9e en fer et est tr\u00e8s solide. Le fourreau rouge est en bois et renforc\u00e9 par des \u00e9l\u00e9ments en corne. De plus, une bande (sageo) de style shigeuchi est fix\u00e9e au fourreau du sabre (saya). Le pommeau (kurigata) est positionn\u00e9 de mani\u00e8re \u00e0 ce que le sabre puisse \u00eatre port\u00e9 de mani\u00e8re optimale sur l'obi, par exemple pour le iaido.<\/p>\n<p>La poign\u00e9e est enroul\u00e9e d'une bande (Ito) de coton. Du papier hishigami est enroul\u00e9 dans l'enroulement du manche. Les incrustations de same sont authentiques. La poign\u00e9e (tsuka) est bien adapt\u00e9e \u00e0 l'articulation de la lame et un mekugi est utilis\u00e9 pour un aspect authentique. En g\u00e9n\u00e9ral, le manche pr\u00e9sente une qualit\u00e9 de finition exceptionnelle pour cette cat\u00e9gorie de prix.<\/p>\n<p>La lame est forg\u00e9e en acier T8 avec trempe diff\u00e9rentielle et v\u00e9ritable hamon. Une gorge (Bo-Hi) est int\u00e9gr\u00e9e dans la lame, ce qui permet de r\u00e9duire le poids du sabre et d'obtenir un son clairement audible lors du balancement. Un yokote est visuellement incorpor\u00e9 dans la lame.<\/p>\n<p>Dimensions et poids :<br \/>Longueur totale avec fourreau : 102.5 cm<br \/>Longueur sans fourreau : 100 cm<br \/>Longueur de la lame mesur\u00e9e \u00e0 partir de la lame de couteau : 73.2 cm<br \/>Longueur de la poign\u00e9e \u00e0 partir de la lame : 26,3 cm<br \/>Poids avec fourreau : 1150 grammes<br \/>Poids sans fourreau : 930 grammes<\/p>\n<p><strong>ATTENTION : L'achat de cet article n'est autoris\u00e9, selon la loi allemande, qu'aux personnes majeures. Nous v\u00e9rifions l'\u00e2ge de chaque acheteur !<br \/>Veuillez vous assurer que le destinataire d\u00e9pos\u00e9 r\u00e9ceptionne personnellement la livraison et qu'il puisse prouver son \u00e2ge au moyen d'une pi\u00e8ce d'identit\u00e9. L'\u00e2ge et l'identit\u00e9 seront v\u00e9rifi\u00e9s par le service de livraison au moment de la remise.<br \/>Veuillez noter que les commandes sans preuve d'\u00e2ge ne seront pas remises !<br \/>En raison du traitement particulier de cet article, il n'est malheureusement pas possible de le livrer \u00e0 l'\u00e9tranger, \u00e0 des stations d'emballage ou \u00e0 des centres de r\u00e9ception de colis.<\/strong><\/p>\n<p>Fabricant : Toshiro Swords, Andara GmbH, Brunnenweg 15, 64331 Weiterstadt, info@andara-gmbh.de<\/p>\n<div class=\"shariff shariff-align-left shariff-widget-align-left\"><ul class=\"shariff-buttons theme-grey orientation-horizontal buttonsize-medium\"><li class=\"shariff-button twitter shariff-nocustomcolor\" style=\"background-color:#595959\"><a href=\"https:\/\/twitter.com\/share?url=https%3A%2F%2Fsamuraischwert.kaufen%2Ffr%2Fprodukt%2Fkatana-samurai-schwert-scharf-musashi-gestaltung-t8-klinge-aus-metall-mit-lehmhaertung%2F&text=Katana%20Samurai%20Schwert%20scharf%20Musashi%20Gestaltung%20T8%20Klinge%20aus%20Metall%20mit%20Lehmh%C3%A4rtung\" title=\"Partager sur X\" aria-label=\"Partager sur X\" role=\"button\" rel=\"noopener nofollow\" class=\"shariff-link\" style=\"; background-color:#000; color:#fff\" target=\"_blank\"><span class=\"shariff-icon\" style=\"\"><svg width=\"32px\" height=\"20px\" xmlns=\"http:\/\/www.w3.org\/2000\/svg\" viewbox=\"0 0 24 24\"><path fill=\"#000\" d=\"M14.258 10.152L23.176 0h-2.113l-7.747 8.813L7.133 0H0l9.352 13.328L0 23.973h2.113l8.176-9.309 6.531 9.309h7.133zm-2.895 3.293l-.949-1.328L2.875 1.56h3.246l6.086 8.523.945 1.328 7.91 11.078h-3.246zm0 0\"\/><\/svg><\/span><span class=\"shariff-text\">partager<\/span>&nbsp;<\/a><\/li><li class=\"shariff-button facebook shariff-nocustomcolor\" style=\"background-color:#4273c8\"><a href=\"https:\/\/www.facebook.com\/sharer\/sharer.php?u=https%3A%2F%2Fsamuraischwert.kaufen%2Ffr%2Fprodukt%2Fkatana-samurai-schwert-scharf-musashi-gestaltung-t8-klinge-aus-metall-mit-lehmhaertung%2F\" title=\"Partager sur Facebook\" aria-label=\"Partager sur Facebook\" role=\"button\" rel=\"nofollow\" class=\"shariff-link\" style=\"; background-color:#3b5998; color:#fff\" target=\"_blank\"><span class=\"shariff-icon\" style=\"\"><svg width=\"32px\" height=\"20px\" xmlns=\"http:\/\/www.w3.org\/2000\/svg\" viewbox=\"0 0 18 32\"><path fill=\"#3b5998\" d=\"M17.1 0.2v4.7h-2.8q-1.5 0-2.1 0.6t-0.5 1.9v3.4h5.2l-0.7 5.3h-4.5v13.6h-5.5v-13.6h-4.5v-5.3h4.5v-3.9q0-3.3 1.9-5.2t5-1.8q2.6 0 4.1 0.2z\"\/><\/svg><\/span><span class=\"shariff-text\">partager<\/span>&nbsp;<\/a><\/li><li class=\"shariff-button xing shariff-nocustomcolor\" style=\"background-color:#29888a\"><a href=\"https:\/\/www.xing.com\/spi\/shares\/new?url=https%3A%2F%2Fsamuraischwert.kaufen%2Ffr%2Fprodukt%2Fkatana-samurai-schwert-scharf-musashi-gestaltung-t8-klinge-aus-metall-mit-lehmhaertung%2F\" title=\"Partager sur XING\" aria-label=\"Partager sur XING\" role=\"button\" rel=\"noopener nofollow\" class=\"shariff-link\" style=\"; background-color:#126567; color:#fff\" target=\"_blank\"><span class=\"shariff-icon\" style=\"\"><svg width=\"32px\" height=\"20px\" xmlns=\"http:\/\/www.w3.org\/2000\/svg\" viewbox=\"0 0 25 32\"><path fill=\"#126567\" d=\"M10.7 11.9q-0.2 0.3-4.6 8.2-0.5 0.8-1.2 0.8h-4.3q-0.4 0-0.5-0.3t0-0.6l4.5-8q0 0 0 0l-2.9-5q-0.2-0.4 0-0.7 0.2-0.3 0.5-0.3h4.3q0.7 0 1.2 0.8zM25.1 0.4q0.2 0.3 0 0.7l-9.4 16.7 6 11q0.2 0.4 0 0.6-0.2 0.3-0.6 0.3h-4.3q-0.7 0-1.2-0.8l-6-11.1q0.3-0.6 9.5-16.8 0.4-0.8 1.2-0.8h4.3q0.4 0 0.5 0.3z\"\/><\/svg><\/span><span class=\"shariff-text\">partager<\/span>&nbsp;<\/a><\/li><li class=\"shariff-button linkedin shariff-nocustomcolor\" style=\"background-color:#1488bf\"><a href=\"https:\/\/www.linkedin.com\/sharing\/share-offsite\/?url=https%3A%2F%2Fsamuraischwert.kaufen%2Ffr%2Fprodukt%2Fkatana-samurai-schwert-scharf-musashi-gestaltung-t8-klinge-aus-metall-mit-lehmhaertung%2F\" title=\"Partager sur LinkedIn\" aria-label=\"Partager sur LinkedIn\" role=\"button\" rel=\"noopener nofollow\" class=\"shariff-link\" style=\"; background-color:#0077b5; color:#fff\" target=\"_blank\"><span class=\"shariff-icon\" style=\"\"><svg width=\"32px\" height=\"20px\" xmlns=\"http:\/\/www.w3.org\/2000\/svg\" viewbox=\"0 0 27 32\"><path fill=\"#0077b5\" d=\"M6.2 11.2v17.7h-5.9v-17.7h5.9zM6.6 5.7q0 1.3-0.9 2.2t-2.4 0.9h0q-1.5 0-2.4-0.9t-0.9-2.2 0.9-2.2 2.4-0.9 2.4 0.9 0.9 2.2zM27.4 18.7v10.1h-5.9v-9.5q0-1.9-0.7-2.9t-2.3-1.1q-1.1 0-1.9 0.6t-1.2 1.5q-0.2 0.5-0.2 1.4v9.9h-5.9q0-7.1 0-11.6t0-5.3l0-0.9h5.9v2.6h0q0.4-0.6 0.7-1t1-0.9 1.6-0.8 2-0.3q3 0 4.9 2t1.9 6z\"\/><\/svg><\/span><span class=\"shariff-text\">partager<\/span>&nbsp;<\/a><\/li><li class=\"shariff-button mailto shariff-nocustomcolor\" style=\"background-color:#a8a8a8\"><a href=\"mailto:?body=https%3A%2F%2Fsamuraischwert.kaufen%2Ffr%2Fprodukt%2Fkatana-samurai-schwert-scharf-musashi-gestaltung-t8-klinge-aus-metall-mit-lehmhaertung%2F&subject=Katana%20Samurai%20Schwert%20scharf%20Musashi%20Gestaltung%20T8%20Klinge%20aus%20Metall%20mit%20Lehmh%C3%A4rtung\" title=\"Envoyer par e-mail\" aria-label=\"Envoyer par e-mail\" role=\"button\" rel=\"noopener nofollow\" class=\"shariff-link\" style=\"; background-color:#999; color:#fff\"><span class=\"shariff-icon\" style=\"\"><svg width=\"32px\" height=\"20px\" xmlns=\"http:\/\/www.w3.org\/2000\/svg\" viewbox=\"0 0 32 32\"><path fill=\"#999\" d=\"M32 12.7v14.2q0 1.2-0.8 2t-2 0.9h-26.3q-1.2 0-2-0.9t-0.8-2v-14.2q0.8 0.9 1.8 1.6 6.5 4.4 8.9 6.1 1 0.8 1.6 1.2t1.7 0.9 2 0.4h0.1q0.9 0 2-0.4t1.7-0.9 1.6-1.2q3-2.2 8.9-6.1 1-0.7 1.8-1.6zM32 7.4q0 1.4-0.9 2.7t-2.2 2.2q-6.7 4.7-8.4 5.8-0.2 0.1-0.7 0.5t-1 0.7-0.9 0.6-1.1 0.5-0.9 0.2h-0.1q-0.4 0-0.9-0.2t-1.1-0.5-0.9-0.6-1-0.7-0.7-0.5q-1.6-1.1-4.7-3.2t-3.6-2.6q-1.1-0.7-2.1-2t-1-2.5q0-1.4 0.7-2.3t2.1-0.9h26.3q1.2 0 2 0.8t0.9 2z\"\/><\/svg><\/span><span class=\"shariff-text\">Courrier \u00e9lectronique<\/span>&nbsp;<\/a><\/li><li class=\"shariff-button whatsapp shariff-nocustomcolor\" style=\"background-color:#5cbe4a\"><a href=\"https:\/\/api.whatsapp.com\/send?text=https%3A%2F%2Fsamuraischwert.kaufen%2Ffr%2Fprodukt%2Fkatana-samurai-schwert-scharf-musashi-gestaltung-t8-klinge-aus-metall-mit-lehmhaertung%2F%20Katana%20Samurai%20Schwert%20scharf%20Musashi%20Gestaltung%20T8%20Klinge%20aus%20Metall%20mit%20Lehmh%C3%A4rtung\" title=\"Partager sur Whatsapp\" aria-label=\"Partager sur Whatsapp\" role=\"button\" rel=\"noopener nofollow\" class=\"shariff-link\" style=\"; background-color:#34af23; color:#fff\" target=\"_blank\"><span class=\"shariff-icon\" style=\"\"><svg width=\"32px\" height=\"20px\" xmlns=\"http:\/\/www.w3.org\/2000\/svg\" viewbox=\"0 0 32 32\"><path fill=\"#34af23\" d=\"M17.6 17.4q0.2 0 1.7 0.8t1.6 0.9q0 0.1 0 0.3 0 0.6-0.3 1.4-0.3 0.7-1.3 1.2t-1.8 0.5q-1 0-3.4-1.1-1.7-0.8-3-2.1t-2.6-3.3q-1.3-1.9-1.3-3.5v-0.1q0.1-1.6 1.3-2.8 0.4-0.4 0.9-0.4 0.1 0 0.3 0t0.3 0q0.3 0 0.5 0.1t0.3 0.5q0.1 0.4 0.6 1.6t0.4 1.3q0 0.4-0.6 1t-0.6 0.8q0 0.1 0.1 0.3 0.6 1.3 1.8 2.4 1 0.9 2.7 1.8 0.2 0.1 0.4 0.1 0.3 0 1-0.9t0.9-0.9zM14 26.9q2.3 0 4.3-0.9t3.6-2.4 2.4-3.6 0.9-4.3-0.9-4.3-2.4-3.6-3.6-2.4-4.3-0.9-4.3 0.9-3.6 2.4-2.4 3.6-0.9 4.3q0 3.6 2.1 6.6l-1.4 4.2 4.3-1.4q2.8 1.9 6.2 1.9zM14 2.2q2.7 0 5.2 1.1t4.3 2.9 2.9 4.3 1.1 5.2-1.1 5.2-2.9 4.3-4.3 2.9-5.2 1.1q-3.5 0-6.5-1.7l-7.4 2.4 2.4-7.2q-1.9-3.2-1.9-6.9 0-2.7 1.1-5.2t2.9-4.3 4.3-2.9 5.2-1.1z\"\/><\/svg><\/span><span class=\"shariff-text\">partager<\/span>&nbsp;<\/a><\/li><\/ul><\/div>","protected":false},"excerpt":{"rendered":"<p>Produktmerkmale:&#8211; Hochwertige Verarbeitung&#8211; Nach dem Vorbild der legend\u00e4ren Musashi Koshirae&#8211; Extrem scharfe Klinge aus T8 Stahl&#8211; Sch\u00f6ne Hamon durch Lehmh\u00e4rtung&#8211; Verkauf ab 18 Produktbeschreibung:Sehr sch\u00f6n gearbeitetes Schwert, das dem Schwert des legend\u00e4ren Samurai Miyamoto Musashi nachempfunden ist. Musashi lebte zwischen zum Ende der Sengoku Zeit und dem Anfang der Edo Zeit (zwischen dem 16. und [&hellip;]<\/p>\n","protected":false},"featured_media":58302,"comment_status":"open","ping_status":"closed","template":"","meta":{"_acf_changed":false},"product_brand":[],"product_cat":[1193],"product_tag":[1372,378,379,262,1373,259,939,1374,164,138,295,619,1371,151,1370,131],"class_list":{"0":"post-58310","1":"product","2":"type-product","3":"status-publish","4":"has-post-thumbnail","6":"product_cat-kohlenstoffstahl-high-carbon","7":"product_tag-beige","8":"product_tag-echt","9":"product_tag-echtes","10":"product_tag-handgefertigt","11":"product_tag-handgeschliffen","12":"product_tag-handgeschmiedet","13":"product_tag-hanwei","14":"product_tag-hochwertig","15":"product_tag-japan","16":"product_tag-japanisches","17":"product_tag-metall","18":"product_tag-practical","19":"product_tag-rot","20":"product_tag-samuraischwert","21":"product_tag-samureischwert","22":"product_tag-schwert","23":"product_shipping_class-debrief145-2","25":"first","26":"instock","27":"taxable","28":"shipping-taxable","29":"purchasable","30":"product-type-simple"},"acf":[],"_links":{"self":[{"href":"https:\/\/samuraischwert.kaufen\/fr\/wp-json\/wp\/v2\/product\/58310","targetHints":{"allow":["GET"]}}],"collection":[{"href":"https:\/\/samuraischwert.kaufen\/fr\/wp-json\/wp\/v2\/product"}],"about":[{"href":"https:\/\/samuraischwert.kaufen\/fr\/wp-json\/wp\/v2\/types\/product"}],"replies":[{"embeddable":true,"href":"https:\/\/samuraischwert.kaufen\/fr\/wp-json\/wp\/v2\/comments?post=58310"}],"wp:featuredmedia":[{"embeddable":true,"href":"https:\/\/samuraischwert.kaufen\/fr\/wp-json\/wp\/v2\/media\/58302"}],"wp:attachment":[{"href":"https:\/\/samuraischwert.kaufen\/fr\/wp-json\/wp\/v2\/media?parent=58310"}],"wp:term":[{"taxonomy":"product_brand","embeddable":true,"href":"https:\/\/samuraischwert.kaufen\/fr\/wp-json\/wp\/v2\/product_brand?post=58310"},{"taxonomy":"product_cat","embeddable":true,"href":"https:\/\/samuraischwert.kaufen\/fr\/wp-json\/wp\/v2\/product_cat?post=58310"},{"taxonomy":"product_tag","embeddable":true,"href":"https:\/\/samuraischwert.kaufen\/fr\/wp-json\/wp\/v2\/product_tag?post=58310"}],"curies":[{"name":"wp","href":"https:\/\/api.w.org\/{rel}","templated":true}]}}