{"id":57986,"date":"2023-07-11T13:27:39","date_gmt":"2023-07-11T11:27:39","guid":{"rendered":"https:\/\/samuraischwert.kaufen\/produkt\/katana-sayagata-mit-lehmhaertung-und-suguha-hamon\/"},"modified":"2025-11-07T09:11:28","modified_gmt":"2025-11-07T08:11:28","slug":"katana-sayagata-avec-revetement-en-argile-et-suguha-hamon","status":"publish","type":"product","link":"https:\/\/samuraischwert.kaufen\/fr\/produkt\/katana-sayagata-mit-lehmhaertung-und-suguha-hamon\/","title":{"rendered":"Katana Sayagata avec durcissement \u00e0 l'argile et Suguha Hamon"},"content":{"rendered":"<p><b>Caract\u00e9ristiques du produit :<\/b><br \/>- Sabre Katana de haute qualit\u00e9<br \/>- Fait \u00e0 la main<br \/>- Suguha Hamon joliment mis en valeur<br \/>- Aspect extr\u00eamement exclusif<br \/>- Vente \u00e0 partir de 18 ans !<\/p>\n<p><b>Description du produit :<\/b><br \/>\u00c9p\u00e9e de samoura\u00ef fabriqu\u00e9e \u00e0 la main avec une lame tranchante et un aspect exclusif.<\/p>\n<p>Le symbole Sayagata a \u00e9t\u00e9 choisi comme th\u00e8me pour cette \u00e9p\u00e9e. Dans la mythologie asiatique, il repr\u00e9sente la vie et la force.<\/p>\n<p>La lame Maru est en acier au carbone avec plus de 0,6% de carbone. La lame a \u00e9t\u00e9 trait\u00e9e avec une trempe \u00e0 l'argile traditionnelle. Ce traitement permet d'obtenir un v\u00e9ritable hamon (ligne de trempe). Le motif droit de la ligne de trempe est appel\u00e9 Suguha Hamon et symbolise \u00e9galement la droiture des samoura\u00efs. De plus, la lame a \u00e9t\u00e9 trait\u00e9e avec le polissage de lame Sashikomi, qui est normalement utilis\u00e9 pour les lames encore plus ch\u00e8res.<br \/>Celle-ci souligne particuli\u00e8rement la ligne de duret\u00e9 et conduit \u00e0 un aspect exclusif.<br \/>La lame est aiguis\u00e9e.<\/p>\n<p>La poign\u00e9e se distingue elle aussi d\u00e8s le premier coup d'\u0153il des autres sabres de production moderne. Des hishigami (triangles de papier) sont int\u00e9gr\u00e9s dans l'enroulement de la poign\u00e9e. Ils donnent une structure suppl\u00e9mentaire \u00e0 l'enroulement et sont un must pour les sabres de qualit\u00e9.<br \/>La poign\u00e9e en bois massif est si bien adapt\u00e9e \u00e0 l'articulation de la lame qu'un mekugi (tige en bambou) suffit \u00e0 maintenir la lame dans la poign\u00e9e.<br \/>Cela correspond \u00e9galement \u00e0 la conception d'\u00e9p\u00e9es beaucoup plus ch\u00e8res.<br \/>L'insert Same sur le manche poss\u00e8de ce que l'on appelle un Emperor Node, ce qui signale qu'il a \u00e9t\u00e9 fabriqu\u00e9 \u00e0 partir de la pi\u00e8ce la plus pr\u00e9cieuse de Samegawa.<\/p>\n<p>Le beau fourreau de sabre avec une peinture noire Ishime compl\u00e8te parfaitement l'aspect haut de gamme du sabre.<br \/>En somme, un katana de tr\u00e8s haute qualit\u00e9, qui convient bien s\u00fbr aussi pour les exercices de coupe.<\/p>\n<p>Dimensions :<br \/>longueur totale : environ 103 cm<br \/>Longueur de la lame \u00e0 partir de la tsuba : env. 73 cm<br \/>Moto-Haba : environ 3,2 cm<br \/>Saki-Haba : environ 2.45 cm<br \/>longueur de la poign\u00e9e : env. 26.3 cm<br \/>Poids avec Saya : env. 1250 grammes<br \/>Poids sans Saya : env. 1000 grammes<\/p>\n<p>En raison de l'exclusivit\u00e9 de cette \u00e9p\u00e9e, aucun bon de r\u00e9duction ne peut \u00eatre utilis\u00e9 pour son achat.<\/p>\n<p><strong>ATTENTION : L'achat de cet article n'est autoris\u00e9, selon la loi allemande, qu'aux personnes majeures. Nous v\u00e9rifions l'\u00e2ge de chaque acheteur !<br \/>Veuillez vous assurer que le destinataire d\u00e9pos\u00e9 r\u00e9ceptionne personnellement la livraison et qu'il puisse prouver son \u00e2ge au moyen d'une pi\u00e8ce d'identit\u00e9. L'\u00e2ge et l'identit\u00e9 seront v\u00e9rifi\u00e9s par le service de livraison au moment de la remise.<br \/>Veuillez noter que les commandes sans preuve d'\u00e2ge ne seront pas remises !<br \/>En raison du traitement particulier de cet article, aucune livraison n'est malheureusement possible aux stations d'emballage ou aux centres de r\u00e9ception de colis.<\/strong><\/p>\n<p>Fabricant : Toshiro Swords, Andara GmbH, Brunnenweg 15, 64331 Weiterstadt, info@andara-gmbh.de<\/p>\n<div class=\"shariff shariff-align-left shariff-widget-align-left\"><ul class=\"shariff-buttons theme-grey orientation-horizontal buttonsize-medium\"><li class=\"shariff-button twitter shariff-nocustomcolor\" style=\"background-color:#595959\"><a href=\"https:\/\/twitter.com\/share?url=https%3A%2F%2Fsamuraischwert.kaufen%2Ffr%2Fprodukt%2Fkatana-sayagata-mit-lehmhaertung-und-suguha-hamon%2F&text=Katana%20Sayagata%20mit%20Lehmh%C3%A4rtung%20und%20Suguha%20Hamon\" title=\"Partager sur X\" aria-label=\"Partager sur X\" role=\"button\" rel=\"noopener nofollow\" class=\"shariff-link\" style=\"; background-color:#000; color:#fff\" target=\"_blank\"><span class=\"shariff-icon\" style=\"\"><svg width=\"32px\" height=\"20px\" xmlns=\"http:\/\/www.w3.org\/2000\/svg\" viewbox=\"0 0 24 24\"><path fill=\"#000\" d=\"M14.258 10.152L23.176 0h-2.113l-7.747 8.813L7.133 0H0l9.352 13.328L0 23.973h2.113l8.176-9.309 6.531 9.309h7.133zm-2.895 3.293l-.949-1.328L2.875 1.56h3.246l6.086 8.523.945 1.328 7.91 11.078h-3.246zm0 0\"\/><\/svg><\/span><span class=\"shariff-text\">partager<\/span>&nbsp;<\/a><\/li><li class=\"shariff-button facebook shariff-nocustomcolor\" style=\"background-color:#4273c8\"><a href=\"https:\/\/www.facebook.com\/sharer\/sharer.php?u=https%3A%2F%2Fsamuraischwert.kaufen%2Ffr%2Fprodukt%2Fkatana-sayagata-mit-lehmhaertung-und-suguha-hamon%2F\" title=\"Partager sur Facebook\" aria-label=\"Partager sur Facebook\" role=\"button\" rel=\"nofollow\" class=\"shariff-link\" style=\"; background-color:#3b5998; color:#fff\" target=\"_blank\"><span class=\"shariff-icon\" style=\"\"><svg width=\"32px\" height=\"20px\" xmlns=\"http:\/\/www.w3.org\/2000\/svg\" viewbox=\"0 0 18 32\"><path fill=\"#3b5998\" d=\"M17.1 0.2v4.7h-2.8q-1.5 0-2.1 0.6t-0.5 1.9v3.4h5.2l-0.7 5.3h-4.5v13.6h-5.5v-13.6h-4.5v-5.3h4.5v-3.9q0-3.3 1.9-5.2t5-1.8q2.6 0 4.1 0.2z\"\/><\/svg><\/span><span class=\"shariff-text\">partager<\/span>&nbsp;<\/a><\/li><li class=\"shariff-button xing shariff-nocustomcolor\" style=\"background-color:#29888a\"><a href=\"https:\/\/www.xing.com\/spi\/shares\/new?url=https%3A%2F%2Fsamuraischwert.kaufen%2Ffr%2Fprodukt%2Fkatana-sayagata-mit-lehmhaertung-und-suguha-hamon%2F\" title=\"Partager sur XING\" aria-label=\"Partager sur XING\" role=\"button\" rel=\"noopener nofollow\" class=\"shariff-link\" style=\"; background-color:#126567; color:#fff\" target=\"_blank\"><span class=\"shariff-icon\" style=\"\"><svg width=\"32px\" height=\"20px\" xmlns=\"http:\/\/www.w3.org\/2000\/svg\" viewbox=\"0 0 25 32\"><path fill=\"#126567\" d=\"M10.7 11.9q-0.2 0.3-4.6 8.2-0.5 0.8-1.2 0.8h-4.3q-0.4 0-0.5-0.3t0-0.6l4.5-8q0 0 0 0l-2.9-5q-0.2-0.4 0-0.7 0.2-0.3 0.5-0.3h4.3q0.7 0 1.2 0.8zM25.1 0.4q0.2 0.3 0 0.7l-9.4 16.7 6 11q0.2 0.4 0 0.6-0.2 0.3-0.6 0.3h-4.3q-0.7 0-1.2-0.8l-6-11.1q0.3-0.6 9.5-16.8 0.4-0.8 1.2-0.8h4.3q0.4 0 0.5 0.3z\"\/><\/svg><\/span><span class=\"shariff-text\">partager<\/span>&nbsp;<\/a><\/li><li class=\"shariff-button linkedin shariff-nocustomcolor\" style=\"background-color:#1488bf\"><a href=\"https:\/\/www.linkedin.com\/sharing\/share-offsite\/?url=https%3A%2F%2Fsamuraischwert.kaufen%2Ffr%2Fprodukt%2Fkatana-sayagata-mit-lehmhaertung-und-suguha-hamon%2F\" title=\"Partager sur LinkedIn\" aria-label=\"Partager sur LinkedIn\" role=\"button\" rel=\"noopener nofollow\" class=\"shariff-link\" style=\"; background-color:#0077b5; color:#fff\" target=\"_blank\"><span class=\"shariff-icon\" style=\"\"><svg width=\"32px\" height=\"20px\" xmlns=\"http:\/\/www.w3.org\/2000\/svg\" viewbox=\"0 0 27 32\"><path fill=\"#0077b5\" d=\"M6.2 11.2v17.7h-5.9v-17.7h5.9zM6.6 5.7q0 1.3-0.9 2.2t-2.4 0.9h0q-1.5 0-2.4-0.9t-0.9-2.2 0.9-2.2 2.4-0.9 2.4 0.9 0.9 2.2zM27.4 18.7v10.1h-5.9v-9.5q0-1.9-0.7-2.9t-2.3-1.1q-1.1 0-1.9 0.6t-1.2 1.5q-0.2 0.5-0.2 1.4v9.9h-5.9q0-7.1 0-11.6t0-5.3l0-0.9h5.9v2.6h0q0.4-0.6 0.7-1t1-0.9 1.6-0.8 2-0.3q3 0 4.9 2t1.9 6z\"\/><\/svg><\/span><span class=\"shariff-text\">partager<\/span>&nbsp;<\/a><\/li><li class=\"shariff-button mailto shariff-nocustomcolor\" style=\"background-color:#a8a8a8\"><a href=\"mailto:?body=https%3A%2F%2Fsamuraischwert.kaufen%2Ffr%2Fprodukt%2Fkatana-sayagata-mit-lehmhaertung-und-suguha-hamon%2F&subject=Katana%20Sayagata%20mit%20Lehmh%C3%A4rtung%20und%20Suguha%20Hamon\" title=\"Envoyer par e-mail\" aria-label=\"Envoyer par e-mail\" role=\"button\" rel=\"noopener nofollow\" class=\"shariff-link\" style=\"; background-color:#999; color:#fff\"><span class=\"shariff-icon\" style=\"\"><svg width=\"32px\" height=\"20px\" xmlns=\"http:\/\/www.w3.org\/2000\/svg\" viewbox=\"0 0 32 32\"><path fill=\"#999\" d=\"M32 12.7v14.2q0 1.2-0.8 2t-2 0.9h-26.3q-1.2 0-2-0.9t-0.8-2v-14.2q0.8 0.9 1.8 1.6 6.5 4.4 8.9 6.1 1 0.8 1.6 1.2t1.7 0.9 2 0.4h0.1q0.9 0 2-0.4t1.7-0.9 1.6-1.2q3-2.2 8.9-6.1 1-0.7 1.8-1.6zM32 7.4q0 1.4-0.9 2.7t-2.2 2.2q-6.7 4.7-8.4 5.8-0.2 0.1-0.7 0.5t-1 0.7-0.9 0.6-1.1 0.5-0.9 0.2h-0.1q-0.4 0-0.9-0.2t-1.1-0.5-0.9-0.6-1-0.7-0.7-0.5q-1.6-1.1-4.7-3.2t-3.6-2.6q-1.1-0.7-2.1-2t-1-2.5q0-1.4 0.7-2.3t2.1-0.9h26.3q1.2 0 2 0.8t0.9 2z\"\/><\/svg><\/span><span class=\"shariff-text\">Courrier \u00e9lectronique<\/span>&nbsp;<\/a><\/li><li class=\"shariff-button whatsapp shariff-nocustomcolor\" style=\"background-color:#5cbe4a\"><a href=\"https:\/\/api.whatsapp.com\/send?text=https%3A%2F%2Fsamuraischwert.kaufen%2Ffr%2Fprodukt%2Fkatana-sayagata-mit-lehmhaertung-und-suguha-hamon%2F%20Katana%20Sayagata%20mit%20Lehmh%C3%A4rtung%20und%20Suguha%20Hamon\" title=\"Partager sur Whatsapp\" aria-label=\"Partager sur Whatsapp\" role=\"button\" rel=\"noopener nofollow\" class=\"shariff-link\" style=\"; background-color:#34af23; color:#fff\" target=\"_blank\"><span class=\"shariff-icon\" style=\"\"><svg width=\"32px\" height=\"20px\" xmlns=\"http:\/\/www.w3.org\/2000\/svg\" viewbox=\"0 0 32 32\"><path fill=\"#34af23\" d=\"M17.6 17.4q0.2 0 1.7 0.8t1.6 0.9q0 0.1 0 0.3 0 0.6-0.3 1.4-0.3 0.7-1.3 1.2t-1.8 0.5q-1 0-3.4-1.1-1.7-0.8-3-2.1t-2.6-3.3q-1.3-1.9-1.3-3.5v-0.1q0.1-1.6 1.3-2.8 0.4-0.4 0.9-0.4 0.1 0 0.3 0t0.3 0q0.3 0 0.5 0.1t0.3 0.5q0.1 0.4 0.6 1.6t0.4 1.3q0 0.4-0.6 1t-0.6 0.8q0 0.1 0.1 0.3 0.6 1.3 1.8 2.4 1 0.9 2.7 1.8 0.2 0.1 0.4 0.1 0.3 0 1-0.9t0.9-0.9zM14 26.9q2.3 0 4.3-0.9t3.6-2.4 2.4-3.6 0.9-4.3-0.9-4.3-2.4-3.6-3.6-2.4-4.3-0.9-4.3 0.9-3.6 2.4-2.4 3.6-0.9 4.3q0 3.6 2.1 6.6l-1.4 4.2 4.3-1.4q2.8 1.9 6.2 1.9zM14 2.2q2.7 0 5.2 1.1t4.3 2.9 2.9 4.3 1.1 5.2-1.1 5.2-2.9 4.3-4.3 2.9-5.2 1.1q-3.5 0-6.5-1.7l-7.4 2.4 2.4-7.2q-1.9-3.2-1.9-6.9 0-2.7 1.1-5.2t2.9-4.3 4.3-2.9 5.2-1.1z\"\/><\/svg><\/span><span class=\"shariff-text\">partager<\/span>&nbsp;<\/a><\/li><\/ul><\/div>","protected":false},"excerpt":{"rendered":"<p>Produktmerkmale:&#8211; Hochwertiges Katana Schwert&#8211; Handgefertigt&#8211; Sch\u00f6n herausgearbeitete Suguha Hamon&#8211; Extrem exklusive Optik&#8211; Verkauf ab 18! Produktbeschreibung:Handgefertigtes Samuraischwert mit scharfer Klinge und exklusiver Optik. Als Thema wurde f\u00fcr dieses Schwert das Sayagata Symbol gew\u00e4hlt. Es steht in der asiatischen Mythologie f\u00fcr das Leben und St\u00e4rke. Die Maru Klinge besteht aus Kohlenstoffstahl mit mehr als 0.6% Kohlenstoffanteil. [&hellip;]<\/p>\n","protected":false},"featured_media":57978,"comment_status":"open","ping_status":"closed","template":"","meta":{"_acf_changed":false},"product_brand":[],"product_cat":[1193],"product_tag":[378,379,259,295,811,619,150,299,260,656,1467,489,738,131,253],"class_list":{"0":"post-57986","1":"product","2":"type-product","3":"status-publish","4":"has-post-thumbnail","6":"product_cat-kohlenstoffstahl-high-carbon","7":"product_tag-echt","8":"product_tag-echtes","9":"product_tag-handgeschmiedet","10":"product_tag-metall","11":"product_tag-original","12":"product_tag-practical","13":"product_tag-samurai","14":"product_tag-samuraischwerter","15":"product_tag-scharf","16":"product_tag-schnitttest","17":"product_tag-schnitttests","18":"product_tag-schnittuebung","19":"product_tag-schnittuebungen","20":"product_tag-schwert","21":"product_tag-schwerter","22":"product_shipping_class-debrief145-2","24":"first","25":"outofstock","26":"taxable","27":"shipping-taxable","28":"purchasable","29":"product-type-simple"},"acf":[],"_links":{"self":[{"href":"https:\/\/samuraischwert.kaufen\/fr\/wp-json\/wp\/v2\/product\/57986","targetHints":{"allow":["GET"]}}],"collection":[{"href":"https:\/\/samuraischwert.kaufen\/fr\/wp-json\/wp\/v2\/product"}],"about":[{"href":"https:\/\/samuraischwert.kaufen\/fr\/wp-json\/wp\/v2\/types\/product"}],"replies":[{"embeddable":true,"href":"https:\/\/samuraischwert.kaufen\/fr\/wp-json\/wp\/v2\/comments?post=57986"}],"wp:featuredmedia":[{"embeddable":true,"href":"https:\/\/samuraischwert.kaufen\/fr\/wp-json\/wp\/v2\/media\/57978"}],"wp:attachment":[{"href":"https:\/\/samuraischwert.kaufen\/fr\/wp-json\/wp\/v2\/media?parent=57986"}],"wp:term":[{"taxonomy":"product_brand","embeddable":true,"href":"https:\/\/samuraischwert.kaufen\/fr\/wp-json\/wp\/v2\/product_brand?post=57986"},{"taxonomy":"product_cat","embeddable":true,"href":"https:\/\/samuraischwert.kaufen\/fr\/wp-json\/wp\/v2\/product_cat?post=57986"},{"taxonomy":"product_tag","embeddable":true,"href":"https:\/\/samuraischwert.kaufen\/fr\/wp-json\/wp\/v2\/product_tag?post=57986"}],"curies":[{"name":"wp","href":"https:\/\/api.w.org\/{rel}","templated":true}]}}