{"id":47083,"date":"2022-10-27T17:14:58","date_gmt":"2022-10-27T15:14:58","guid":{"rendered":"https:\/\/samuraischwert.kaufen\/produkt\/gunto-handgefertigt-hohe-qualitaet-gefalteter-stahl\/"},"modified":"2026-04-28T20:56:27","modified_gmt":"2026-04-28T18:56:27","slug":"gunto-fait-main-haute-qualite","status":"publish","type":"product","link":"https:\/\/samuraischwert.kaufen\/fr\/produkt\/gunto-handgefertigt-hohe-qualitaet\/","title":{"rendered":"Gunto lame de haute qualit\u00e9 faite \u00e0 la main en acier pli\u00e9"},"content":{"rendered":"<h2>Gunto - Description de l'\u00e9p\u00e9e<\/h2>\n<p><b>Caract\u00e9ristiques du produit :<\/b><\/p>\n<p>\n- Reproduction de haute qualit\u00e9 d'un sabre Shin Gunto<br \/>\n- Les sabres militaires japonais pendant la Seconde Guerre mondiale<br \/>\n- lame en acier pli\u00e9<br \/>\n- Manteau en cuir inclus<br \/>\n- Vente \u00e0 partir de 18 ans !<\/p>\n<p><b>Description du produit :<\/b><br \/>\nMagnifique sabre Shin Gunto avec une lame tranchante et un hamon bien travaill\u00e9.<\/p>\n<p>R\u00e9plique de tr\u00e8s haute qualit\u00e9 d'un sabre militaire japonais de la deuxi\u00e8me guerre mondiale.<br \/>\nLa lame est en acier pli\u00e9 et a \u00e9t\u00e9 forg\u00e9e \u00e0 la main dans le style Shinogi Zukuri. Elle a en outre subi un durcissement diff\u00e9rentiel \u00e0 l'argile. Elle poss\u00e8de un beau hamon en forme de suguha (droit) et a \u00e9t\u00e9 travaill\u00e9e \u00e0 la main, ce qui permet de bien accentuer le hamon. La lame Maru poss\u00e8de un motif attrayant gr\u00e2ce \u00e0 l'acier pli\u00e9 et la zone au-dessus du shinogi est polie jusqu'au brillant. L'acier utilis\u00e9 a une teneur en carbone de plus de 0,7% et a \u00e9t\u00e9 tremp\u00e9 \u00e0 55 HRC sur le tranchant.<\/p>\n<p>Le site <a href=\"https:\/\/www.youtube.com\/watch?v=MMAzpWw0Xoc\" target=\"_blank\" rel=\"noopener\">Gunto<\/a> Saya est recouvert de m\u00e9tal et poss\u00e8de un \u00e9tui de protection en cuir. La poign\u00e9e ressemble \u00e0 un <a href=\"https:\/\/samuraischwert.kaufen\/fr\/product-2\/katana-handachi-samurai-schwert-hochwertig-scharf\/\" target=\"_blank\" rel=\"noopener\">Tachi<\/a> Poign\u00e9e, la fixation correspond au standard japonais avec des hishigami incorpor\u00e9s.<br \/>\nLa poign\u00e9e poss\u00e8de un dispositif d'arr\u00eat pour l'\u00e9p\u00e9e, comme c'est le cas dans le domaine militaire.<\/p>\n<p>Une \u00e9p\u00e9e de production moderne qui, malgr\u00e9 son prix relativement bas, r\u00e9pond \u00e0 des exigences de qualit\u00e9 \u00e9lev\u00e9es.<\/p>\n<p>Dimensions et poids :<br \/>\n- Longueur totale avec fourreau : env. 104 cm<br \/>\n- Longueur de la lame \u00e0 partir de la tsuba : env. 73 cm<br \/>\n- Longueur du manche : env. 27 cm<br \/>\n- Poids sans Saya : env. 1070 grammes<\/p>\n<p>En raison de l'exclusivit\u00e9 de cette \u00e9p\u00e9e, aucun bon de r\u00e9duction ne peut \u00eatre utilis\u00e9 pour son achat.<\/p>\n<p><strong>ATTENTION : L'achat de cet article n'est autoris\u00e9, selon la loi allemande, qu'aux personnes majeures. Nous v\u00e9rifions l'\u00e2ge de chaque acheteur !<br \/>\nVeuillez vous assurer que le destinataire d\u00e9pos\u00e9 r\u00e9ceptionne personnellement la livraison et qu'il puisse prouver son \u00e2ge au moyen d'une pi\u00e8ce d'identit\u00e9. L'\u00e2ge et l'identit\u00e9 seront v\u00e9rifi\u00e9s par le service de livraison au moment de la remise.<br \/>\nVeuillez noter que les commandes sans preuve d'\u00e2ge ne seront pas remises !<br \/>\nEn raison du traitement particulier de cet article, aucune livraison n'est malheureusement possible aux stations d'emballage ou aux centres de r\u00e9ception de colis.<\/strong><\/p>\n<div class=\"embed-privacy-container is-disabled embed-www-youtube-nocookie-com\" data-embed-id=\"oembed_b882c85e1890ffd68f2dc723936e87a1\" data-embed-provider=\"www-youtube-nocookie-com\" style=\"aspect-ratio: 560\/315;\">\t\t\t\t\t\t<button type=\"button\" class=\"embed-privacy-enable screen-reader-text\">Afficher \"YouTube video player\" depuis www.youtube-nocookie.com<\/button>\t\t\t\t\t\t<\/p>\n<div class=\"embed-privacy-overlay\">\n<div class=\"embed-privacy-inner\">\n<p>\t\tClick here to display content from www.youtube-nocookie.com.\t\t<\/p>\n<p class=\"embed-privacy-input-wrapper\">\t\t\t<input id=\"embed-privacy-store-www-youtube-nocookie-com-b882c85e1890ffd68f2dc723936e87a1\" type=\"checkbox\" value=\"1\" class=\"embed-privacy-input\" data-embed-provider=\"www-youtube-nocookie-com\">\t\t\t<label for=\"embed-privacy-store-www-youtube-nocookie-com-b882c85e1890ffd68f2dc723936e87a1\" class=\"embed-privacy-label\" data-embed-provider=\"www-youtube-nocookie-com\">\t\t\t\tToujours afficher le contenu de www.youtube-nocookie.com\t\t\t<\/label>\t\t<\/p>\n<\/p><\/div>\n<div class=\"embed-privacy-footer\"><span class=\"embed-privacy-url\"><a href=\"https:\/\/www.youtube-nocookie.com\/embed\/MMAzpWw0Xoc\" target=\"_blank\" rel=\"noopener\">Ouvrir \"YouTube video player\" directement<\/a><\/span><\/div>\n<\/p><\/div>\n<div class=\"embed-privacy-content\">\t\t\t\t<script>var _oembed_b882c85e1890ffd68f2dc723936e87a1 = '{\\\"embed\\\":\\\"&lt;iframe title=&quot;YouTube video player&quot; src=&quot;https:\\\\\/\\\\\/www.youtube-nocookie.com\\\\\/embed\\\\\/MMAzpWw0Xoc&quot; width=&quot;560&quot; height=&quot;315&quot; frameborder=&quot;0&quot; allowfullscreen=&quot;allowfullscreen&quot;&gt;&lt;span data-mce-type=&quot;bookmark&quot; style=&quot;display: inline-block; width: 0px; overflow: hidden; line-height: 0;&quot; class=&quot;mce_SELRES_start&quot;&gt;?&lt;\\\\\/span&gt;&lt;\\\\\/iframe&gt;\\\"}';<\/script>\t\t\t<\/div>\n<\/p><\/div>\n<\/p>\n<h3>L'histoire du sabre Shin Gunto<\/h3>\n<p>\nLe sabre Shin Gunto a une forme diff\u00e9rente de celle des anciens sabres de l'arm\u00e9e japonaise. Dans les ann\u00e9es 1930, le gouvernement national-oriental du Japon a voulu faire revivre l'ancienne \u00e9poque glorieuse des samoura\u00efs et les sabres de l'arm\u00e9e japonaise ont re\u00e7u un nouveau design.<br \/>\nLe design des sabres s'inspire de l'apparence des sabres Tachi, qui \u00e9taient l'\u00e9p\u00e9e principale des guerriers samoura\u00efs du 10e au 15e si\u00e8cle.<br \/>\nCette orientation vers des valeurs anciennes devrait motiver les soldats et leur rappeler leur responsabilit\u00e9 historique.<br \/>\nShin Gunto signifie en fran\u00e7ais \"nouvelle \u00e9p\u00e9e de l'arm\u00e9e\". Comme son apparence se distingue de celle des \u00e9p\u00e9es plus anciennes, qui ressemblent plut\u00f4t \u00e0 des sabres, il a son propre nom.<\/p>\n<p>Apr\u00e8s la Seconde Guerre mondiale, le Japon a \u00e9t\u00e9 occup\u00e9 par les \u00c9tats-Unis et les sabres de l'arm\u00e9e japonaise ont \u00e9t\u00e9 confisqu\u00e9s.<br \/>\nBeaucoup de ces \u00e9p\u00e9es ont \u00e9t\u00e9 ramen\u00e9es aux \u00c9tats-Unis comme butin de guerre.<br \/>\nC'est pourquoi il y a beaucoup de sabres Shin Gunto aux \u00c9tats-Unis.<\/p>\n<p>Fabricant : Toshiro Swords, Andara GmbH, Brunnenweg 15, 64331 Weiterstadt, info@andara-gmbh.de<\/p>\n<div class=\"shariff shariff-align-left shariff-widget-align-left\"><ul class=\"shariff-buttons theme-grey orientation-horizontal buttonsize-medium\"><li class=\"shariff-button twitter shariff-nocustomcolor\" style=\"background-color:#595959\"><a href=\"https:\/\/twitter.com\/share?url=https%3A%2F%2Fsamuraischwert.kaufen%2Ffr%2Fprodukt%2Fgunto-handgefertigt-hohe-qualitaet%2F&text=Gunto%20handgefertigt%20hohe%20Qualit%C3%A4t%20Klinge%20aus%20gefaltetem%20Stahl\" title=\"Partager sur X\" aria-label=\"Partager sur X\" role=\"button\" rel=\"noopener nofollow\" class=\"shariff-link\" style=\"; background-color:#000; color:#fff\" target=\"_blank\"><span class=\"shariff-icon\" style=\"\"><svg width=\"32px\" height=\"20px\" xmlns=\"http:\/\/www.w3.org\/2000\/svg\" viewbox=\"0 0 24 24\"><path fill=\"#000\" d=\"M14.258 10.152L23.176 0h-2.113l-7.747 8.813L7.133 0H0l9.352 13.328L0 23.973h2.113l8.176-9.309 6.531 9.309h7.133zm-2.895 3.293l-.949-1.328L2.875 1.56h3.246l6.086 8.523.945 1.328 7.91 11.078h-3.246zm0 0\"\/><\/svg><\/span><span class=\"shariff-text\">partager<\/span>&nbsp;<\/a><\/li><li class=\"shariff-button facebook shariff-nocustomcolor\" style=\"background-color:#4273c8\"><a href=\"https:\/\/www.facebook.com\/sharer\/sharer.php?u=https%3A%2F%2Fsamuraischwert.kaufen%2Ffr%2Fprodukt%2Fgunto-handgefertigt-hohe-qualitaet%2F\" title=\"Partager sur Facebook\" aria-label=\"Partager sur Facebook\" role=\"button\" rel=\"nofollow\" class=\"shariff-link\" style=\"; background-color:#3b5998; color:#fff\" target=\"_blank\"><span class=\"shariff-icon\" style=\"\"><svg width=\"32px\" height=\"20px\" xmlns=\"http:\/\/www.w3.org\/2000\/svg\" viewbox=\"0 0 18 32\"><path fill=\"#3b5998\" d=\"M17.1 0.2v4.7h-2.8q-1.5 0-2.1 0.6t-0.5 1.9v3.4h5.2l-0.7 5.3h-4.5v13.6h-5.5v-13.6h-4.5v-5.3h4.5v-3.9q0-3.3 1.9-5.2t5-1.8q2.6 0 4.1 0.2z\"\/><\/svg><\/span><span class=\"shariff-text\">partager<\/span>&nbsp;<\/a><\/li><li class=\"shariff-button xing shariff-nocustomcolor\" style=\"background-color:#29888a\"><a href=\"https:\/\/www.xing.com\/spi\/shares\/new?url=https%3A%2F%2Fsamuraischwert.kaufen%2Ffr%2Fprodukt%2Fgunto-handgefertigt-hohe-qualitaet%2F\" title=\"Partager sur XING\" aria-label=\"Partager sur XING\" role=\"button\" rel=\"noopener nofollow\" class=\"shariff-link\" style=\"; background-color:#126567; color:#fff\" target=\"_blank\"><span class=\"shariff-icon\" style=\"\"><svg width=\"32px\" height=\"20px\" xmlns=\"http:\/\/www.w3.org\/2000\/svg\" viewbox=\"0 0 25 32\"><path fill=\"#126567\" d=\"M10.7 11.9q-0.2 0.3-4.6 8.2-0.5 0.8-1.2 0.8h-4.3q-0.4 0-0.5-0.3t0-0.6l4.5-8q0 0 0 0l-2.9-5q-0.2-0.4 0-0.7 0.2-0.3 0.5-0.3h4.3q0.7 0 1.2 0.8zM25.1 0.4q0.2 0.3 0 0.7l-9.4 16.7 6 11q0.2 0.4 0 0.6-0.2 0.3-0.6 0.3h-4.3q-0.7 0-1.2-0.8l-6-11.1q0.3-0.6 9.5-16.8 0.4-0.8 1.2-0.8h4.3q0.4 0 0.5 0.3z\"\/><\/svg><\/span><span class=\"shariff-text\">partager<\/span>&nbsp;<\/a><\/li><li class=\"shariff-button linkedin shariff-nocustomcolor\" style=\"background-color:#1488bf\"><a href=\"https:\/\/www.linkedin.com\/sharing\/share-offsite\/?url=https%3A%2F%2Fsamuraischwert.kaufen%2Ffr%2Fprodukt%2Fgunto-handgefertigt-hohe-qualitaet%2F\" title=\"Partager sur LinkedIn\" aria-label=\"Partager sur LinkedIn\" role=\"button\" rel=\"noopener nofollow\" class=\"shariff-link\" style=\"; background-color:#0077b5; color:#fff\" target=\"_blank\"><span class=\"shariff-icon\" style=\"\"><svg width=\"32px\" height=\"20px\" xmlns=\"http:\/\/www.w3.org\/2000\/svg\" viewbox=\"0 0 27 32\"><path fill=\"#0077b5\" d=\"M6.2 11.2v17.7h-5.9v-17.7h5.9zM6.6 5.7q0 1.3-0.9 2.2t-2.4 0.9h0q-1.5 0-2.4-0.9t-0.9-2.2 0.9-2.2 2.4-0.9 2.4 0.9 0.9 2.2zM27.4 18.7v10.1h-5.9v-9.5q0-1.9-0.7-2.9t-2.3-1.1q-1.1 0-1.9 0.6t-1.2 1.5q-0.2 0.5-0.2 1.4v9.9h-5.9q0-7.1 0-11.6t0-5.3l0-0.9h5.9v2.6h0q0.4-0.6 0.7-1t1-0.9 1.6-0.8 2-0.3q3 0 4.9 2t1.9 6z\"\/><\/svg><\/span><span class=\"shariff-text\">partager<\/span>&nbsp;<\/a><\/li><li class=\"shariff-button mailto shariff-nocustomcolor\" style=\"background-color:#a8a8a8\"><a href=\"mailto:?body=https%3A%2F%2Fsamuraischwert.kaufen%2Ffr%2Fprodukt%2Fgunto-handgefertigt-hohe-qualitaet%2F&subject=Gunto%20handgefertigt%20hohe%20Qualit%C3%A4t%20Klinge%20aus%20gefaltetem%20Stahl\" title=\"Envoyer par e-mail\" aria-label=\"Envoyer par e-mail\" role=\"button\" rel=\"noopener nofollow\" class=\"shariff-link\" style=\"; background-color:#999; color:#fff\"><span class=\"shariff-icon\" style=\"\"><svg width=\"32px\" height=\"20px\" xmlns=\"http:\/\/www.w3.org\/2000\/svg\" viewbox=\"0 0 32 32\"><path fill=\"#999\" d=\"M32 12.7v14.2q0 1.2-0.8 2t-2 0.9h-26.3q-1.2 0-2-0.9t-0.8-2v-14.2q0.8 0.9 1.8 1.6 6.5 4.4 8.9 6.1 1 0.8 1.6 1.2t1.7 0.9 2 0.4h0.1q0.9 0 2-0.4t1.7-0.9 1.6-1.2q3-2.2 8.9-6.1 1-0.7 1.8-1.6zM32 7.4q0 1.4-0.9 2.7t-2.2 2.2q-6.7 4.7-8.4 5.8-0.2 0.1-0.7 0.5t-1 0.7-0.9 0.6-1.1 0.5-0.9 0.2h-0.1q-0.4 0-0.9-0.2t-1.1-0.5-0.9-0.6-1-0.7-0.7-0.5q-1.6-1.1-4.7-3.2t-3.6-2.6q-1.1-0.7-2.1-2t-1-2.5q0-1.4 0.7-2.3t2.1-0.9h26.3q1.2 0 2 0.8t0.9 2z\"\/><\/svg><\/span><span class=\"shariff-text\">Courrier \u00e9lectronique<\/span>&nbsp;<\/a><\/li><li class=\"shariff-button whatsapp shariff-nocustomcolor\" style=\"background-color:#5cbe4a\"><a href=\"https:\/\/api.whatsapp.com\/send?text=https%3A%2F%2Fsamuraischwert.kaufen%2Ffr%2Fprodukt%2Fgunto-handgefertigt-hohe-qualitaet%2F%20Gunto%20handgefertigt%20hohe%20Qualit%C3%A4t%20Klinge%20aus%20gefaltetem%20Stahl\" title=\"Partager sur Whatsapp\" aria-label=\"Partager sur Whatsapp\" role=\"button\" rel=\"noopener nofollow\" class=\"shariff-link\" style=\"; background-color:#34af23; color:#fff\" target=\"_blank\"><span class=\"shariff-icon\" style=\"\"><svg width=\"32px\" height=\"20px\" xmlns=\"http:\/\/www.w3.org\/2000\/svg\" viewbox=\"0 0 32 32\"><path fill=\"#34af23\" d=\"M17.6 17.4q0.2 0 1.7 0.8t1.6 0.9q0 0.1 0 0.3 0 0.6-0.3 1.4-0.3 0.7-1.3 1.2t-1.8 0.5q-1 0-3.4-1.1-1.7-0.8-3-2.1t-2.6-3.3q-1.3-1.9-1.3-3.5v-0.1q0.1-1.6 1.3-2.8 0.4-0.4 0.9-0.4 0.1 0 0.3 0t0.3 0q0.3 0 0.5 0.1t0.3 0.5q0.1 0.4 0.6 1.6t0.4 1.3q0 0.4-0.6 1t-0.6 0.8q0 0.1 0.1 0.3 0.6 1.3 1.8 2.4 1 0.9 2.7 1.8 0.2 0.1 0.4 0.1 0.3 0 1-0.9t0.9-0.9zM14 26.9q2.3 0 4.3-0.9t3.6-2.4 2.4-3.6 0.9-4.3-0.9-4.3-2.4-3.6-3.6-2.4-4.3-0.9-4.3 0.9-3.6 2.4-2.4 3.6-0.9 4.3q0 3.6 2.1 6.6l-1.4 4.2 4.3-1.4q2.8 1.9 6.2 1.9zM14 2.2q2.7 0 5.2 1.1t4.3 2.9 2.9 4.3 1.1 5.2-1.1 5.2-2.9 4.3-4.3 2.9-5.2 1.1q-3.5 0-6.5-1.7l-7.4 2.4 2.4-7.2q-1.9-3.2-1.9-6.9 0-2.7 1.1-5.2t2.9-4.3 4.3-2.9 5.2-1.1z\"\/><\/svg><\/span><span class=\"shariff-text\">partager<\/span>&nbsp;<\/a><\/li><\/ul><\/div>","protected":false},"excerpt":{"rendered":"<p>Gunto \u2013 Beschreibung des Schwertes Produktmerkmale: \u2013 Qualitativ hochwertige Nachbildung eines Shin Gunto Schwertes \u2013 Die japanischen Milit\u00e4r-Schwerter im WWII \u2013 Klinge aus gefalteten Stahl \u2013 Inklusive Leder-Mantel \u2013 Verkauf ab 18! Produktbeschreibung: Sch\u00f6n gearbeitetes Shin Gunto Schwert mit scharfer Klinge und sauber herausgearbeiteter Hamon. Sehr hochwertig gefertigtes Replika eines japanischen Milit\u00e4r-Schwertes aus dem zweiten [&hellip;]<\/p>\n","protected":false},"featured_media":47075,"comment_status":"open","ping_status":"closed","template":"","meta":{"_acf_changed":false},"product_brand":[],"product_cat":[1193],"product_tag":[378,164,138,154,1584,150,151,260,131,1583,393],"class_list":{"0":"post-47083","1":"product","2":"type-product","3":"status-publish","4":"has-post-thumbnail","6":"product_cat-kohlenstoffstahl-high-carbon","7":"product_tag-echt","8":"product_tag-japan","9":"product_tag-japanisches","10":"product_tag-katana","11":"product_tag-militaerschwert","12":"product_tag-samurai","13":"product_tag-samuraischwert","14":"product_tag-scharf","15":"product_tag-schwert","16":"product_tag-ww2","17":"product_tag-wwii","18":"product_shipping_class-debrief145-2","20":"first","21":"outofstock","22":"taxable","23":"shipping-taxable","24":"purchasable","25":"product-type-simple"},"acf":[],"_links":{"self":[{"href":"https:\/\/samuraischwert.kaufen\/fr\/wp-json\/wp\/v2\/product\/47083","targetHints":{"allow":["GET"]}}],"collection":[{"href":"https:\/\/samuraischwert.kaufen\/fr\/wp-json\/wp\/v2\/product"}],"about":[{"href":"https:\/\/samuraischwert.kaufen\/fr\/wp-json\/wp\/v2\/types\/product"}],"replies":[{"embeddable":true,"href":"https:\/\/samuraischwert.kaufen\/fr\/wp-json\/wp\/v2\/comments?post=47083"}],"wp:featuredmedia":[{"embeddable":true,"href":"https:\/\/samuraischwert.kaufen\/fr\/wp-json\/wp\/v2\/media\/47075"}],"wp:attachment":[{"href":"https:\/\/samuraischwert.kaufen\/fr\/wp-json\/wp\/v2\/media?parent=47083"}],"wp:term":[{"taxonomy":"product_brand","embeddable":true,"href":"https:\/\/samuraischwert.kaufen\/fr\/wp-json\/wp\/v2\/product_brand?post=47083"},{"taxonomy":"product_cat","embeddable":true,"href":"https:\/\/samuraischwert.kaufen\/fr\/wp-json\/wp\/v2\/product_cat?post=47083"},{"taxonomy":"product_tag","embeddable":true,"href":"https:\/\/samuraischwert.kaufen\/fr\/wp-json\/wp\/v2\/product_tag?post=47083"}],"curies":[{"name":"wp","href":"https:\/\/api.w.org\/{rel}","templated":true}]}}