{"id":45826,"date":"2022-09-23T13:14:49","date_gmt":"2022-09-23T11:14:49","guid":{"rendered":"https:\/\/samuraischwert.kaufen\/produkt\/katana-handachi-samurai-schwert-hochwertig-scharf\/"},"modified":"2026-04-09T09:38:14","modified_gmt":"2026-04-09T07:38:14","slug":"katana-tachi-mix-handachi-de-qualite-superieure","status":"publish","type":"product","link":"https:\/\/samuraischwert.kaufen\/fr\/produkt\/katana-tachi-mix-handachi-hochwertig\/","title":{"rendered":"Katana Tachi Mix Handachi sabre samoura\u00ef tranchant de haute qualit\u00e9"},"content":{"rendered":"<h1>Handachi : Katana-Tachi Mix Description<\/h1>\n<p><b>Caract\u00e9ristiques du produit :<\/b><\/p>\n<p>- Type de katana particulier<br \/>- Lame tranchante en acier de haute qualit\u00e9<br \/>- Convient \u00e0 tous les types d'exercices de coupe<br \/>- D\u00e9coration particuli\u00e8rement \u00e9labor\u00e9e et belle<br \/>- Vente \u00e0 partir de 18 ans !<\/p>\n<p><b>Description du produit :<\/b><br \/>Katana en forme de Handachi avec une lame \u00e9labor\u00e9e.<\/p>\n<p>Handachi signifie litt\u00e9ralement demi-tachi et constitue une transition entre le sabre de samoura\u00ef tachi et le katana qui devint populaire par la suite. Cette forme de sabre \u00e9tait \u00e9galement tr\u00e8s populaire \u00e0 l'\u00e9poque d'Edo, et le syst\u00e8me Edo <a href=\"https:\/\/www.youtube.com\/watch?v=1eo63qGqLpg\" target=\"_blank\" rel=\"noopener\">Handachi<\/a> est le mod\u00e8le de cet exemplaire.<br \/>Le sabre \u00e9tait port\u00e9 comme un katana, mais il poss\u00e8de encore des \u00e9l\u00e9ments de son pr\u00e9d\u00e9cesseur, le tachi, plus somptueux, comme en t\u00e9moigne la conception du fourreau et de la poign\u00e9e.<\/p>\n<p>La lame est forg\u00e9e en acier pli\u00e9 et a \u00e9t\u00e9 trait\u00e9e par trempe diff\u00e9rentielle. Il en r\u00e9sulte un tranchant dur et un corps l\u00e9g\u00e8rement plus souple, comme c'est g\u00e9n\u00e9ralement le cas pour les sabres japonais. L'acier utilis\u00e9 est un acier au carbone de haute qualit\u00e9 avec une teneur en carbone de plus de 0,7%. La lame Maru est forg\u00e9e dans le style Shinogi Zukuri et sa surface a \u00e9t\u00e9 longuement polie.<\/p>\n<p>Dans la zone Ji de la lame, le motif de l'acier pli\u00e9 appara\u00eet clairement, la partie sup\u00e9rieure est polie pour obtenir un brillant miroir et la zone durcie sur le tranchant est particuli\u00e8rement accentu\u00e9e, ce qui met en valeur le beau hamon Suguha.<br \/>Le tranchant est tremp\u00e9 \u00e0 56 HRC.<\/p>\n<p>Le fourreau du sabre est fabriqu\u00e9 en bois. Il est noir, mais parsem\u00e9 de petites particules r\u00e9fl\u00e9chissantes, ce qui correspond \u00e0 la peinture d'un tachi. L'extr\u00e9mit\u00e9 du fourreau de l'\u00e9p\u00e9e est munie d'un \u00e9l\u00e9ment en m\u00e9tal.<\/p>\n<p>La poign\u00e9e est \u00e9galement en bois, l'enroulement de la poign\u00e9e en ruban bleu est conforme aux normes les plus strictes, y compris les hishigami (petits morceaux de papier incorpor\u00e9s sous le ruban de la poign\u00e9e). La garde finale du sabre est de style tachi. La poign\u00e9e est si bien travaill\u00e9e qu'un mekugi suffit, comme pour les mod\u00e8les historiques.<\/p>\n<p>L'\u00e9p\u00e9e est tr\u00e8s l\u00e9g\u00e8re dans la main et se laisse facilement guider.<\/p>\n<p>Dimensions et poids :<br \/>- longueur totale avec le fourreau : env. 106 cm<br \/>- Longueur de la lame \u00e0 partir de la tsuba : env. 72,5 cm<br \/>- Longueur du manche : env. 27 cm<br \/>- Poids sans saya : 1050 grammes<\/p>\n<p>En raison de l'exclusivit\u00e9 de cette \u00e9p\u00e9e, aucun bon de r\u00e9duction ne peut \u00eatre utilis\u00e9 pour son achat.<\/p>\n<p>L'\u00e9p\u00e9e est forg\u00e9e en petites quantit\u00e9s. Si le statut est \"livrable\", cela signifie que nous avons l'\u00e9p\u00e9e en stock et qu'elle peut \u00eatre command\u00e9e avec le d\u00e9lai de livraison normal (quelques jours ouvrables apr\u00e8s r\u00e9ception du paiement).<br \/>Si le statut est \"Disponible en cas de r\u00e9assort\", cela signifie que nous n'avons actuellement aucun exemplaire en stock. Vous pouvez n\u00e9anmoins passer une pr\u00e9commande. Avec ce statut, la fabrication prendra environ 12 semaines.<\/p>\n<p><strong>ATTENTION : L'achat de cet article n'est autoris\u00e9, selon la loi allemande, qu'aux personnes majeures. Nous v\u00e9rifions l'\u00e2ge de chaque acheteur !<br \/>Veuillez vous assurer que le destinataire d\u00e9pos\u00e9 r\u00e9ceptionne personnellement la livraison et qu'il puisse prouver son \u00e2ge au moyen d'une pi\u00e8ce d'identit\u00e9. L'\u00e2ge et l'identit\u00e9 seront v\u00e9rifi\u00e9s par le service de livraison au moment de la remise.<\/strong><\/p>\n<p><strong>Veuillez noter que les commandes sans preuve d'\u00e2ge ne seront pas remises !<br \/>En raison du traitement particulier de cet article, aucune livraison n'est malheureusement possible aux stations d'emballage ou aux centres de r\u00e9ception de colis.<\/strong><\/p>\n<div class=\"embed-privacy-container is-disabled embed-www-youtube-nocookie-com\" data-embed-id=\"oembed_5dac9e1a1236f943122a26b89e641ed8\" data-embed-provider=\"www-youtube-nocookie-com\" style=\"aspect-ratio: 560\/315;\">\t\t\t\t\t\t<button type=\"button\" class=\"embed-privacy-enable screen-reader-text\">Afficher \"YouTube video player\" depuis www.youtube-nocookie.com<\/button>\t\t\t\t\t\t<\/p>\n<div class=\"embed-privacy-overlay\">\n<div class=\"embed-privacy-inner\">\n<p>\t\tClick here to display content from www.youtube-nocookie.com.\t\t<\/p>\n<p class=\"embed-privacy-input-wrapper\">\t\t\t<input id=\"embed-privacy-store-www-youtube-nocookie-com-5dac9e1a1236f943122a26b89e641ed8\" type=\"checkbox\" value=\"1\" class=\"embed-privacy-input\" data-embed-provider=\"www-youtube-nocookie-com\">\t\t\t<label for=\"embed-privacy-store-www-youtube-nocookie-com-5dac9e1a1236f943122a26b89e641ed8\" class=\"embed-privacy-label\" data-embed-provider=\"www-youtube-nocookie-com\">\t\t\t\tToujours afficher le contenu de www.youtube-nocookie.com\t\t\t<\/label>\t\t<\/p>\n<\/p><\/div>\n<div class=\"embed-privacy-footer\"><span class=\"embed-privacy-url\"><a href=\"https:\/\/www.youtube-nocookie.com\/embed\/1eo63qGqLpg\" target=\"_blank\" rel=\"noopener\">Ouvrir \"YouTube video player\" directement<\/a><\/span><\/div>\n<\/p><\/div>\n<div class=\"embed-privacy-content\">\t\t\t\t<script>var _oembed_5dac9e1a1236f943122a26b89e641ed8 = '{\\\"embed\\\":\\\"&lt;iframe title=&quot;YouTube video player&quot; src=&quot;https:\\\\\/\\\\\/www.youtube-nocookie.com\\\\\/embed\\\\\/1eo63qGqLpg&quot; width=&quot;560&quot; height=&quot;315&quot; frameborder=&quot;0&quot; allowfullscreen=&quot;allowfullscreen&quot;&gt;&lt;\\\\\/iframe&gt;\\\"}';<\/script>\t\t\t<\/div>\n<\/p><\/div>\n<p><\/p>\n<h3>Histoire du m\u00e9lange de tachi et de katana<\/h3>\n<p><\/p>\n<p>Le handachi est un m\u00e9lange entre un tachi et ce qui deviendra plus tard le sabre <a href=\"https:\/\/samuraischwert.kaufen\/fr\/uchigatana\/\" target=\"_blank\" rel=\"noopener\">Uchigatana<\/a>connu sous le nom de katana.<br \/>Il date d'une phase de transition entre les deux \u00e9p\u00e9es et les <a href=\"https:\/\/de.wikipedia.org\/wiki\/Koshirae\" target=\"_blank\" rel=\"nofollow noopener\">Koshirae<\/a>Le montage du sabre a donc des \u00e9l\u00e9ments qui \u00e9taient communs au tachi et au katana.<\/p>\n<p>Le tachi \u00e9tait le sabre principal des guerriers samoura\u00efs du 10e au 15e si\u00e8cle. C'\u00e9tait donc aussi le sabre des c\u00e9r\u00e9monies officielles. Aux 14e et 15e si\u00e8cles, le katana, plus court, est devenu de plus en plus \u00e0 la mode et de nombreux samoura\u00efs l'ont port\u00e9.<\/p>\n<p>Mais comme le tachi restait d'usage pour les occasions publiques, il existait des sabres qui ressemblaient \u00e0 un tachi, mais qui se portaient \u00e0 la ceinture, le tranchant vers le haut, comme le katana.<br \/>Si n\u00e9cessaire, le sabre pouvait \u00eatre transform\u00e9 en tachi.<\/p>\n<p>Ce type de sabre a disparu apr\u00e8s que le katana est devenu le sabre principal officiel des samoura\u00efs.<br \/>Plus tard, \u00e0 l'\u00e9poque Edo, il y eut une renaissance de ces sabres, qui \u00e9taient tr\u00e8s populaires en raison de leurs d\u00e9corations beaucoup plus voyantes que celles des katana normaux.<\/p>\n<p>Fabricant : DerShogun, Andara GmbH, Brunnenweg 15, 64331 Weiterstadt, info@andara-gmbh.de<\/p>\n<div class=\"shariff shariff-align-left shariff-widget-align-left\"><ul class=\"shariff-buttons theme-grey orientation-horizontal buttonsize-medium\"><li class=\"shariff-button twitter shariff-nocustomcolor\" style=\"background-color:#595959\"><a href=\"https:\/\/twitter.com\/share?url=https%3A%2F%2Fsamuraischwert.kaufen%2Ffr%2Fprodukt%2Fkatana-tachi-mix-handachi-hochwertig%2F&text=Katana%20Tachi%20Mix%20Handachi%20Samurai%20Schwert%20hochwertig%20scharf\" title=\"Partager sur X\" aria-label=\"Partager sur X\" role=\"button\" rel=\"noopener nofollow\" class=\"shariff-link\" style=\"; background-color:#000; color:#fff\" target=\"_blank\"><span class=\"shariff-icon\" style=\"\"><svg width=\"32px\" height=\"20px\" xmlns=\"http:\/\/www.w3.org\/2000\/svg\" viewbox=\"0 0 24 24\"><path fill=\"#000\" d=\"M14.258 10.152L23.176 0h-2.113l-7.747 8.813L7.133 0H0l9.352 13.328L0 23.973h2.113l8.176-9.309 6.531 9.309h7.133zm-2.895 3.293l-.949-1.328L2.875 1.56h3.246l6.086 8.523.945 1.328 7.91 11.078h-3.246zm0 0\"\/><\/svg><\/span><span class=\"shariff-text\">partager<\/span>&nbsp;<\/a><\/li><li class=\"shariff-button facebook shariff-nocustomcolor\" style=\"background-color:#4273c8\"><a href=\"https:\/\/www.facebook.com\/sharer\/sharer.php?u=https%3A%2F%2Fsamuraischwert.kaufen%2Ffr%2Fprodukt%2Fkatana-tachi-mix-handachi-hochwertig%2F\" title=\"Partager sur Facebook\" aria-label=\"Partager sur Facebook\" role=\"button\" rel=\"nofollow\" class=\"shariff-link\" style=\"; background-color:#3b5998; color:#fff\" target=\"_blank\"><span class=\"shariff-icon\" style=\"\"><svg width=\"32px\" height=\"20px\" xmlns=\"http:\/\/www.w3.org\/2000\/svg\" viewbox=\"0 0 18 32\"><path fill=\"#3b5998\" d=\"M17.1 0.2v4.7h-2.8q-1.5 0-2.1 0.6t-0.5 1.9v3.4h5.2l-0.7 5.3h-4.5v13.6h-5.5v-13.6h-4.5v-5.3h4.5v-3.9q0-3.3 1.9-5.2t5-1.8q2.6 0 4.1 0.2z\"\/><\/svg><\/span><span class=\"shariff-text\">partager<\/span>&nbsp;<\/a><\/li><li class=\"shariff-button xing shariff-nocustomcolor\" style=\"background-color:#29888a\"><a href=\"https:\/\/www.xing.com\/spi\/shares\/new?url=https%3A%2F%2Fsamuraischwert.kaufen%2Ffr%2Fprodukt%2Fkatana-tachi-mix-handachi-hochwertig%2F\" title=\"Partager sur XING\" aria-label=\"Partager sur XING\" role=\"button\" rel=\"noopener nofollow\" class=\"shariff-link\" style=\"; background-color:#126567; color:#fff\" target=\"_blank\"><span class=\"shariff-icon\" style=\"\"><svg width=\"32px\" height=\"20px\" xmlns=\"http:\/\/www.w3.org\/2000\/svg\" viewbox=\"0 0 25 32\"><path fill=\"#126567\" d=\"M10.7 11.9q-0.2 0.3-4.6 8.2-0.5 0.8-1.2 0.8h-4.3q-0.4 0-0.5-0.3t0-0.6l4.5-8q0 0 0 0l-2.9-5q-0.2-0.4 0-0.7 0.2-0.3 0.5-0.3h4.3q0.7 0 1.2 0.8zM25.1 0.4q0.2 0.3 0 0.7l-9.4 16.7 6 11q0.2 0.4 0 0.6-0.2 0.3-0.6 0.3h-4.3q-0.7 0-1.2-0.8l-6-11.1q0.3-0.6 9.5-16.8 0.4-0.8 1.2-0.8h4.3q0.4 0 0.5 0.3z\"\/><\/svg><\/span><span class=\"shariff-text\">partager<\/span>&nbsp;<\/a><\/li><li class=\"shariff-button linkedin shariff-nocustomcolor\" style=\"background-color:#1488bf\"><a href=\"https:\/\/www.linkedin.com\/sharing\/share-offsite\/?url=https%3A%2F%2Fsamuraischwert.kaufen%2Ffr%2Fprodukt%2Fkatana-tachi-mix-handachi-hochwertig%2F\" title=\"Partager sur LinkedIn\" aria-label=\"Partager sur LinkedIn\" role=\"button\" rel=\"noopener nofollow\" class=\"shariff-link\" style=\"; background-color:#0077b5; color:#fff\" target=\"_blank\"><span class=\"shariff-icon\" style=\"\"><svg width=\"32px\" height=\"20px\" xmlns=\"http:\/\/www.w3.org\/2000\/svg\" viewbox=\"0 0 27 32\"><path fill=\"#0077b5\" d=\"M6.2 11.2v17.7h-5.9v-17.7h5.9zM6.6 5.7q0 1.3-0.9 2.2t-2.4 0.9h0q-1.5 0-2.4-0.9t-0.9-2.2 0.9-2.2 2.4-0.9 2.4 0.9 0.9 2.2zM27.4 18.7v10.1h-5.9v-9.5q0-1.9-0.7-2.9t-2.3-1.1q-1.1 0-1.9 0.6t-1.2 1.5q-0.2 0.5-0.2 1.4v9.9h-5.9q0-7.1 0-11.6t0-5.3l0-0.9h5.9v2.6h0q0.4-0.6 0.7-1t1-0.9 1.6-0.8 2-0.3q3 0 4.9 2t1.9 6z\"\/><\/svg><\/span><span class=\"shariff-text\">partager<\/span>&nbsp;<\/a><\/li><li class=\"shariff-button mailto shariff-nocustomcolor\" style=\"background-color:#a8a8a8\"><a href=\"mailto:?body=https%3A%2F%2Fsamuraischwert.kaufen%2Ffr%2Fprodukt%2Fkatana-tachi-mix-handachi-hochwertig%2F&subject=Katana%20Tachi%20Mix%20Handachi%20Samurai%20Schwert%20hochwertig%20scharf\" title=\"Envoyer par e-mail\" aria-label=\"Envoyer par e-mail\" role=\"button\" rel=\"noopener nofollow\" class=\"shariff-link\" style=\"; background-color:#999; color:#fff\"><span class=\"shariff-icon\" style=\"\"><svg width=\"32px\" height=\"20px\" xmlns=\"http:\/\/www.w3.org\/2000\/svg\" viewbox=\"0 0 32 32\"><path fill=\"#999\" d=\"M32 12.7v14.2q0 1.2-0.8 2t-2 0.9h-26.3q-1.2 0-2-0.9t-0.8-2v-14.2q0.8 0.9 1.8 1.6 6.5 4.4 8.9 6.1 1 0.8 1.6 1.2t1.7 0.9 2 0.4h0.1q0.9 0 2-0.4t1.7-0.9 1.6-1.2q3-2.2 8.9-6.1 1-0.7 1.8-1.6zM32 7.4q0 1.4-0.9 2.7t-2.2 2.2q-6.7 4.7-8.4 5.8-0.2 0.1-0.7 0.5t-1 0.7-0.9 0.6-1.1 0.5-0.9 0.2h-0.1q-0.4 0-0.9-0.2t-1.1-0.5-0.9-0.6-1-0.7-0.7-0.5q-1.6-1.1-4.7-3.2t-3.6-2.6q-1.1-0.7-2.1-2t-1-2.5q0-1.4 0.7-2.3t2.1-0.9h26.3q1.2 0 2 0.8t0.9 2z\"\/><\/svg><\/span><span class=\"shariff-text\">Courrier \u00e9lectronique<\/span>&nbsp;<\/a><\/li><li class=\"shariff-button whatsapp shariff-nocustomcolor\" style=\"background-color:#5cbe4a\"><a href=\"https:\/\/api.whatsapp.com\/send?text=https%3A%2F%2Fsamuraischwert.kaufen%2Ffr%2Fprodukt%2Fkatana-tachi-mix-handachi-hochwertig%2F%20Katana%20Tachi%20Mix%20Handachi%20Samurai%20Schwert%20hochwertig%20scharf\" title=\"Partager sur Whatsapp\" aria-label=\"Partager sur Whatsapp\" role=\"button\" rel=\"noopener nofollow\" class=\"shariff-link\" style=\"; background-color:#34af23; color:#fff\" target=\"_blank\"><span class=\"shariff-icon\" style=\"\"><svg width=\"32px\" height=\"20px\" xmlns=\"http:\/\/www.w3.org\/2000\/svg\" viewbox=\"0 0 32 32\"><path fill=\"#34af23\" d=\"M17.6 17.4q0.2 0 1.7 0.8t1.6 0.9q0 0.1 0 0.3 0 0.6-0.3 1.4-0.3 0.7-1.3 1.2t-1.8 0.5q-1 0-3.4-1.1-1.7-0.8-3-2.1t-2.6-3.3q-1.3-1.9-1.3-3.5v-0.1q0.1-1.6 1.3-2.8 0.4-0.4 0.9-0.4 0.1 0 0.3 0t0.3 0q0.3 0 0.5 0.1t0.3 0.5q0.1 0.4 0.6 1.6t0.4 1.3q0 0.4-0.6 1t-0.6 0.8q0 0.1 0.1 0.3 0.6 1.3 1.8 2.4 1 0.9 2.7 1.8 0.2 0.1 0.4 0.1 0.3 0 1-0.9t0.9-0.9zM14 26.9q2.3 0 4.3-0.9t3.6-2.4 2.4-3.6 0.9-4.3-0.9-4.3-2.4-3.6-3.6-2.4-4.3-0.9-4.3 0.9-3.6 2.4-2.4 3.6-0.9 4.3q0 3.6 2.1 6.6l-1.4 4.2 4.3-1.4q2.8 1.9 6.2 1.9zM14 2.2q2.7 0 5.2 1.1t4.3 2.9 2.9 4.3 1.1 5.2-1.1 5.2-2.9 4.3-4.3 2.9-5.2 1.1q-3.5 0-6.5-1.7l-7.4 2.4 2.4-7.2q-1.9-3.2-1.9-6.9 0-2.7 1.1-5.2t2.9-4.3 4.3-2.9 5.2-1.1z\"\/><\/svg><\/span><span class=\"shariff-text\">partager<\/span>&nbsp;<\/a><\/li><\/ul><\/div>","protected":false},"excerpt":{"rendered":"<p>Handachi: Katana-Tachi Mix Beschreibung Produktmerkmale:\u2013 Besondere Katana Art\u2013 Scharfe Klinge aus hochwertigem Stahl\u2013 F\u00fcr alle Arten von Schnitt\u00fcbungen geeignet\u2013 Besonders aufw\u00e4ndige und sch\u00f6ne Verzierung\u2013 Verkauf ab 18! Produktbeschreibung:Katana in Handachi Form mit aufw\u00e4ndig ausgearbeiteter Klinge. Handachi bedeutet w\u00f6rtlich \u00fcbersetzt halbes Tachi und bildet einen \u00dcbergang zwischen dem Samurai Schwert Tachi und dem sp\u00e4ter beliebten Katana. [&hellip;]<\/p>\n","protected":false},"featured_media":45818,"comment_status":"open","ping_status":"closed","template":"","meta":{"_acf_changed":false},"product_brand":[],"product_cat":[1193],"product_tag":[378,379,259,295,811,619,150,299,260,656,1467,489,738,131,253],"class_list":{"0":"post-45826","1":"product","2":"type-product","3":"status-publish","4":"has-post-thumbnail","6":"product_cat-kohlenstoffstahl-high-carbon","7":"product_tag-echt","8":"product_tag-echtes","9":"product_tag-handgeschmiedet","10":"product_tag-metall","11":"product_tag-original","12":"product_tag-practical","13":"product_tag-samurai","14":"product_tag-samuraischwerter","15":"product_tag-scharf","16":"product_tag-schnitttest","17":"product_tag-schnitttests","18":"product_tag-schnittuebung","19":"product_tag-schnittuebungen","20":"product_tag-schwert","21":"product_tag-schwerter","22":"product_shipping_class-debrief145-2","24":"first","25":"instock","26":"taxable","27":"shipping-taxable","28":"purchasable","29":"product-type-simple"},"acf":[],"_links":{"self":[{"href":"https:\/\/samuraischwert.kaufen\/fr\/wp-json\/wp\/v2\/product\/45826","targetHints":{"allow":["GET"]}}],"collection":[{"href":"https:\/\/samuraischwert.kaufen\/fr\/wp-json\/wp\/v2\/product"}],"about":[{"href":"https:\/\/samuraischwert.kaufen\/fr\/wp-json\/wp\/v2\/types\/product"}],"replies":[{"embeddable":true,"href":"https:\/\/samuraischwert.kaufen\/fr\/wp-json\/wp\/v2\/comments?post=45826"}],"wp:featuredmedia":[{"embeddable":true,"href":"https:\/\/samuraischwert.kaufen\/fr\/wp-json\/wp\/v2\/media\/45818"}],"wp:attachment":[{"href":"https:\/\/samuraischwert.kaufen\/fr\/wp-json\/wp\/v2\/media?parent=45826"}],"wp:term":[{"taxonomy":"product_brand","embeddable":true,"href":"https:\/\/samuraischwert.kaufen\/fr\/wp-json\/wp\/v2\/product_brand?post=45826"},{"taxonomy":"product_cat","embeddable":true,"href":"https:\/\/samuraischwert.kaufen\/fr\/wp-json\/wp\/v2\/product_cat?post=45826"},{"taxonomy":"product_tag","embeddable":true,"href":"https:\/\/samuraischwert.kaufen\/fr\/wp-json\/wp\/v2\/product_tag?post=45826"}],"curies":[{"name":"wp","href":"https:\/\/api.w.org\/{rel}","templated":true}]}}