{"id":4495,"date":"2017-08-23T15:29:11","date_gmt":"2017-08-23T13:29:11","guid":{"rendered":"https:\/\/samuraischwert.kaufen\/?post_type=product&#038;p=4495"},"modified":"2025-12-18T08:48:38","modified_gmt":"2025-12-18T07:48:38","slug":"dershogun-soshu-kitae-katana-sabre-samourai-avec-revetement-en-argile","status":"publish","type":"product","link":"https:\/\/samuraischwert.kaufen\/fr\/produkt\/dershogun-soshu-kitae-katana-samuraischwert-mit-lehmhaertung\/","title":{"rendered":"Le Shogun Soshu Kitae Katana sabre samoura\u00ef avec durcissement \u00e0 l'argile"},"content":{"rendered":"<p><b>Fiche de donn\u00e9es :<\/b><br \/>\n- Le plus haut niveau de forgeage<br \/>\n- Lame Soshu Kitae<br \/>\n- Lame pli\u00e9e 12x<br \/>\n- Sac \u00e0 \u00e9p\u00e9e inclus<br \/>\n- Acquisition possible uniquement pour les personnes majeures !<\/p>\n<p><b>Description du produit :<\/b><br \/>\nParfait sabre de samoura\u00ef avec lame Soshu Kitae en acier \u00e0 12 plis.<\/p>\n<p>Lame Soshu-Kitae, ce qui signifie que des sortes d'acier de diff\u00e9rentes duret\u00e9s ont effectivement \u00e9t\u00e9 utilis\u00e9es pour le processus de forgeage et non pas une seule et m\u00eame sorte, comme on le voit bizarrement souvent sur Internet.<br \/>\nLe soshu-kitae est l'une des constructions de lames les plus compliqu\u00e9es et est consid\u00e9r\u00e9 comme un travail de tr\u00e8s haute qualit\u00e9.<\/p>\n<p>Sur cette \u00e9p\u00e9e, l'\u00e2me a une duret\u00e9 de 40-42 HRC. Les c\u00f4t\u00e9s, le dos et le tranchant de la lame ont une duret\u00e9 de 58-60 HRC. Les couches entre l'\u00e2me et les c\u00f4t\u00e9s ont une duret\u00e9 de 50-52 HRC. L'acier a \u00e9t\u00e9 pli\u00e9 12 fois et la lame a \u00e9t\u00e9 tremp\u00e9e \u00e0 l'argile. Le hamon est bien s\u00fbr authentique.<\/p>\n<p>Pour le reste, seuls les mat\u00e9riaux de la plus haute qualit\u00e9 ont \u00e9t\u00e9 utilis\u00e9s pour ce sabre, comme par exemple le bois massif pour le Saya. Toutes les ferrures sont fabriqu\u00e9es en m\u00e9tal.<\/p>\n<p>Le guide-cha\u00eene est bien entendu adapt\u00e9 aux tests de coupe.<\/p>\n<p>Poids et dimensions :<br \/>\nlongueur totale : 105,5 cm<br \/>\nLongueur de la lame (mesur\u00e9e \u00e0 partir de la tsuba) : 73,6 cm<br \/>\nLongueur du manche : 28,5 cm<br \/>\nPoids avec saya : 1280 grammes<br \/>\nPoids sans saya : 1047 grammes<\/p>\n<p><strong>L'achat de cet article est autoris\u00e9 par la loi allemande uniquement pour les personnes majeures. Nous v\u00e9rifions l'\u00e2ge de chaque acheteur !<br \/>\nVeuillez vous assurer que le destinataire d\u00e9pos\u00e9 r\u00e9ceptionne personnellement la livraison et qu'il puisse prouver son \u00e2ge au moyen d'une pi\u00e8ce d'identit\u00e9. L'\u00e2ge et l'identit\u00e9 seront v\u00e9rifi\u00e9s par le service de livraison au moment de la remise.<br \/>\nVeuillez noter que les commandes sans preuve d'\u00e2ge ne seront pas remises !<br \/>\nEn raison du traitement particulier de cet article, aucune livraison n'est malheureusement possible aux stations d'emballage ou aux centres de r\u00e9ception de colis.<\/strong><\/p>\n<p>Fabricant : DerShogun, Andara GmbH, Brunnenweg 15, 64331 Weiterstadt, info@andara-gmbh.de<\/p>\n<div class=\"shariff shariff-align-left shariff-widget-align-left\"><ul class=\"shariff-buttons theme-grey orientation-horizontal buttonsize-medium\"><li class=\"shariff-button twitter shariff-nocustomcolor\" style=\"background-color:#595959\"><a href=\"https:\/\/twitter.com\/share?url=https%3A%2F%2Fsamuraischwert.kaufen%2Ffr%2Fprodukt%2Fdershogun-soshu-kitae-katana-samuraischwert-mit-lehmhaertung%2F&text=DerShogun%20Soshu%20Kitae%20Katana%20Samuraischwert%20mit%20Lehmh%C3%A4rtung\" title=\"Partager sur X\" aria-label=\"Partager sur X\" role=\"button\" rel=\"noopener nofollow\" class=\"shariff-link\" style=\"; background-color:#000; color:#fff\" target=\"_blank\"><span class=\"shariff-icon\" style=\"\"><svg width=\"32px\" height=\"20px\" xmlns=\"http:\/\/www.w3.org\/2000\/svg\" viewbox=\"0 0 24 24\"><path fill=\"#000\" d=\"M14.258 10.152L23.176 0h-2.113l-7.747 8.813L7.133 0H0l9.352 13.328L0 23.973h2.113l8.176-9.309 6.531 9.309h7.133zm-2.895 3.293l-.949-1.328L2.875 1.56h3.246l6.086 8.523.945 1.328 7.91 11.078h-3.246zm0 0\"\/><\/svg><\/span><span class=\"shariff-text\">partager<\/span>&nbsp;<\/a><\/li><li class=\"shariff-button facebook shariff-nocustomcolor\" style=\"background-color:#4273c8\"><a href=\"https:\/\/www.facebook.com\/sharer\/sharer.php?u=https%3A%2F%2Fsamuraischwert.kaufen%2Ffr%2Fprodukt%2Fdershogun-soshu-kitae-katana-samuraischwert-mit-lehmhaertung%2F\" title=\"Partager sur Facebook\" aria-label=\"Partager sur Facebook\" role=\"button\" rel=\"nofollow\" class=\"shariff-link\" style=\"; background-color:#3b5998; color:#fff\" target=\"_blank\"><span class=\"shariff-icon\" style=\"\"><svg width=\"32px\" height=\"20px\" xmlns=\"http:\/\/www.w3.org\/2000\/svg\" viewbox=\"0 0 18 32\"><path fill=\"#3b5998\" d=\"M17.1 0.2v4.7h-2.8q-1.5 0-2.1 0.6t-0.5 1.9v3.4h5.2l-0.7 5.3h-4.5v13.6h-5.5v-13.6h-4.5v-5.3h4.5v-3.9q0-3.3 1.9-5.2t5-1.8q2.6 0 4.1 0.2z\"\/><\/svg><\/span><span class=\"shariff-text\">partager<\/span>&nbsp;<\/a><\/li><li class=\"shariff-button xing shariff-nocustomcolor\" style=\"background-color:#29888a\"><a href=\"https:\/\/www.xing.com\/spi\/shares\/new?url=https%3A%2F%2Fsamuraischwert.kaufen%2Ffr%2Fprodukt%2Fdershogun-soshu-kitae-katana-samuraischwert-mit-lehmhaertung%2F\" title=\"Partager sur XING\" aria-label=\"Partager sur XING\" role=\"button\" rel=\"noopener nofollow\" class=\"shariff-link\" style=\"; background-color:#126567; color:#fff\" target=\"_blank\"><span class=\"shariff-icon\" style=\"\"><svg width=\"32px\" height=\"20px\" xmlns=\"http:\/\/www.w3.org\/2000\/svg\" viewbox=\"0 0 25 32\"><path fill=\"#126567\" d=\"M10.7 11.9q-0.2 0.3-4.6 8.2-0.5 0.8-1.2 0.8h-4.3q-0.4 0-0.5-0.3t0-0.6l4.5-8q0 0 0 0l-2.9-5q-0.2-0.4 0-0.7 0.2-0.3 0.5-0.3h4.3q0.7 0 1.2 0.8zM25.1 0.4q0.2 0.3 0 0.7l-9.4 16.7 6 11q0.2 0.4 0 0.6-0.2 0.3-0.6 0.3h-4.3q-0.7 0-1.2-0.8l-6-11.1q0.3-0.6 9.5-16.8 0.4-0.8 1.2-0.8h4.3q0.4 0 0.5 0.3z\"\/><\/svg><\/span><span class=\"shariff-text\">partager<\/span>&nbsp;<\/a><\/li><li class=\"shariff-button linkedin shariff-nocustomcolor\" style=\"background-color:#1488bf\"><a href=\"https:\/\/www.linkedin.com\/sharing\/share-offsite\/?url=https%3A%2F%2Fsamuraischwert.kaufen%2Ffr%2Fprodukt%2Fdershogun-soshu-kitae-katana-samuraischwert-mit-lehmhaertung%2F\" title=\"Partager sur LinkedIn\" aria-label=\"Partager sur LinkedIn\" role=\"button\" rel=\"noopener nofollow\" class=\"shariff-link\" style=\"; background-color:#0077b5; color:#fff\" target=\"_blank\"><span class=\"shariff-icon\" style=\"\"><svg width=\"32px\" height=\"20px\" xmlns=\"http:\/\/www.w3.org\/2000\/svg\" viewbox=\"0 0 27 32\"><path fill=\"#0077b5\" d=\"M6.2 11.2v17.7h-5.9v-17.7h5.9zM6.6 5.7q0 1.3-0.9 2.2t-2.4 0.9h0q-1.5 0-2.4-0.9t-0.9-2.2 0.9-2.2 2.4-0.9 2.4 0.9 0.9 2.2zM27.4 18.7v10.1h-5.9v-9.5q0-1.9-0.7-2.9t-2.3-1.1q-1.1 0-1.9 0.6t-1.2 1.5q-0.2 0.5-0.2 1.4v9.9h-5.9q0-7.1 0-11.6t0-5.3l0-0.9h5.9v2.6h0q0.4-0.6 0.7-1t1-0.9 1.6-0.8 2-0.3q3 0 4.9 2t1.9 6z\"\/><\/svg><\/span><span class=\"shariff-text\">partager<\/span>&nbsp;<\/a><\/li><li class=\"shariff-button mailto shariff-nocustomcolor\" style=\"background-color:#a8a8a8\"><a href=\"mailto:?body=https%3A%2F%2Fsamuraischwert.kaufen%2Ffr%2Fprodukt%2Fdershogun-soshu-kitae-katana-samuraischwert-mit-lehmhaertung%2F&subject=DerShogun%20Soshu%20Kitae%20Katana%20Samuraischwert%20mit%20Lehmh%C3%A4rtung\" title=\"Envoyer par e-mail\" aria-label=\"Envoyer par e-mail\" role=\"button\" rel=\"noopener nofollow\" class=\"shariff-link\" style=\"; background-color:#999; color:#fff\"><span class=\"shariff-icon\" style=\"\"><svg width=\"32px\" height=\"20px\" xmlns=\"http:\/\/www.w3.org\/2000\/svg\" viewbox=\"0 0 32 32\"><path fill=\"#999\" d=\"M32 12.7v14.2q0 1.2-0.8 2t-2 0.9h-26.3q-1.2 0-2-0.9t-0.8-2v-14.2q0.8 0.9 1.8 1.6 6.5 4.4 8.9 6.1 1 0.8 1.6 1.2t1.7 0.9 2 0.4h0.1q0.9 0 2-0.4t1.7-0.9 1.6-1.2q3-2.2 8.9-6.1 1-0.7 1.8-1.6zM32 7.4q0 1.4-0.9 2.7t-2.2 2.2q-6.7 4.7-8.4 5.8-0.2 0.1-0.7 0.5t-1 0.7-0.9 0.6-1.1 0.5-0.9 0.2h-0.1q-0.4 0-0.9-0.2t-1.1-0.5-0.9-0.6-1-0.7-0.7-0.5q-1.6-1.1-4.7-3.2t-3.6-2.6q-1.1-0.7-2.1-2t-1-2.5q0-1.4 0.7-2.3t2.1-0.9h26.3q1.2 0 2 0.8t0.9 2z\"\/><\/svg><\/span><span class=\"shariff-text\">Courrier \u00e9lectronique<\/span>&nbsp;<\/a><\/li><li class=\"shariff-button whatsapp shariff-nocustomcolor\" style=\"background-color:#5cbe4a\"><a href=\"https:\/\/api.whatsapp.com\/send?text=https%3A%2F%2Fsamuraischwert.kaufen%2Ffr%2Fprodukt%2Fdershogun-soshu-kitae-katana-samuraischwert-mit-lehmhaertung%2F%20DerShogun%20Soshu%20Kitae%20Katana%20Samuraischwert%20mit%20Lehmh%C3%A4rtung\" title=\"Partager sur Whatsapp\" aria-label=\"Partager sur Whatsapp\" role=\"button\" rel=\"noopener nofollow\" class=\"shariff-link\" style=\"; background-color:#34af23; color:#fff\" target=\"_blank\"><span class=\"shariff-icon\" style=\"\"><svg width=\"32px\" height=\"20px\" xmlns=\"http:\/\/www.w3.org\/2000\/svg\" viewbox=\"0 0 32 32\"><path fill=\"#34af23\" d=\"M17.6 17.4q0.2 0 1.7 0.8t1.6 0.9q0 0.1 0 0.3 0 0.6-0.3 1.4-0.3 0.7-1.3 1.2t-1.8 0.5q-1 0-3.4-1.1-1.7-0.8-3-2.1t-2.6-3.3q-1.3-1.9-1.3-3.5v-0.1q0.1-1.6 1.3-2.8 0.4-0.4 0.9-0.4 0.1 0 0.3 0t0.3 0q0.3 0 0.5 0.1t0.3 0.5q0.1 0.4 0.6 1.6t0.4 1.3q0 0.4-0.6 1t-0.6 0.8q0 0.1 0.1 0.3 0.6 1.3 1.8 2.4 1 0.9 2.7 1.8 0.2 0.1 0.4 0.1 0.3 0 1-0.9t0.9-0.9zM14 26.9q2.3 0 4.3-0.9t3.6-2.4 2.4-3.6 0.9-4.3-0.9-4.3-2.4-3.6-3.6-2.4-4.3-0.9-4.3 0.9-3.6 2.4-2.4 3.6-0.9 4.3q0 3.6 2.1 6.6l-1.4 4.2 4.3-1.4q2.8 1.9 6.2 1.9zM14 2.2q2.7 0 5.2 1.1t4.3 2.9 2.9 4.3 1.1 5.2-1.1 5.2-2.9 4.3-4.3 2.9-5.2 1.1q-3.5 0-6.5-1.7l-7.4 2.4 2.4-7.2q-1.9-3.2-1.9-6.9 0-2.7 1.1-5.2t2.9-4.3 4.3-2.9 5.2-1.1z\"\/><\/svg><\/span><span class=\"shariff-text\">partager<\/span>&nbsp;<\/a><\/li><\/ul><\/div>","protected":false},"excerpt":{"rendered":"<p>Datenblatt: &#8211; H\u00f6chste Schmiedekunst &#8211; Soshu Kitae-Klinge &#8211; Klinge 12x gefaltet &#8211; Inklusive Schwertbeutel &#8211; Erwerb nur f\u00fcr vollj\u00e4hrige Personen m\u00f6glich! Produktbeschreibung: Perfektes Samuraischwert mit Soshu Kitae Klinge aus 12-fach gefaltetem Stahl. Soshu-Kitae Klinge, das bedeutet, dass tats\u00e4chlich Stahlsorten mit verschiedener H\u00e4rte f\u00fcr den Schmiedeprozess verwendet wurden und nicht ein und dieselbe Sorte, wie man [&hellip;]<\/p>\n","protected":false},"featured_media":5859,"comment_status":"open","ping_status":"closed","template":"","meta":{"_acf_changed":false},"product_brand":[],"product_cat":[1193],"product_tag":[297,378,379,262,264,259,261,357,271,268,647,139,150,299,260,131,298,253,272],"class_list":{"0":"post-4495","1":"product","2":"type-product","3":"status-publish","4":"has-post-thumbnail","6":"product_cat-kohlenstoffstahl-high-carbon","7":"product_tag-carbon","8":"product_tag-echt","9":"product_tag-echtes","10":"product_tag-handgefertigt","11":"product_tag-handgefertigtes","12":"product_tag-handgeschmiedet","13":"product_tag-handgeschmiedetes","14":"product_tag-klinge","15":"product_tag-kohlenstoff","16":"product_tag-kohlenstoffstahl","17":"product_tag-lehmgehaertet","18":"product_tag-neu","19":"product_tag-samurai","20":"product_tag-samuraischwerter","21":"product_tag-scharf","22":"product_tag-schwert","23":"product_tag-schwerte","24":"product_tag-schwerter","25":"product_tag-stahl","27":"first","28":"instock","29":"taxable","30":"shipping-taxable","31":"purchasable","32":"product-type-simple"},"acf":[],"_links":{"self":[{"href":"https:\/\/samuraischwert.kaufen\/fr\/wp-json\/wp\/v2\/product\/4495","targetHints":{"allow":["GET"]}}],"collection":[{"href":"https:\/\/samuraischwert.kaufen\/fr\/wp-json\/wp\/v2\/product"}],"about":[{"href":"https:\/\/samuraischwert.kaufen\/fr\/wp-json\/wp\/v2\/types\/product"}],"replies":[{"embeddable":true,"href":"https:\/\/samuraischwert.kaufen\/fr\/wp-json\/wp\/v2\/comments?post=4495"}],"wp:featuredmedia":[{"embeddable":true,"href":"https:\/\/samuraischwert.kaufen\/fr\/wp-json\/wp\/v2\/media\/5859"}],"wp:attachment":[{"href":"https:\/\/samuraischwert.kaufen\/fr\/wp-json\/wp\/v2\/media?parent=4495"}],"wp:term":[{"taxonomy":"product_brand","embeddable":true,"href":"https:\/\/samuraischwert.kaufen\/fr\/wp-json\/wp\/v2\/product_brand?post=4495"},{"taxonomy":"product_cat","embeddable":true,"href":"https:\/\/samuraischwert.kaufen\/fr\/wp-json\/wp\/v2\/product_cat?post=4495"},{"taxonomy":"product_tag","embeddable":true,"href":"https:\/\/samuraischwert.kaufen\/fr\/wp-json\/wp\/v2\/product_tag?post=4495"}],"curies":[{"name":"wp","href":"https:\/\/api.w.org\/{rel}","templated":true}]}}