{"id":4474,"date":"2017-08-23T15:27:17","date_gmt":"2017-08-23T13:27:17","guid":{"rendered":"https:\/\/samuraischwert.kaufen\/?post_type=product&#038;p=4474"},"modified":"2026-04-11T20:26:14","modified_gmt":"2026-04-11T18:26:14","slug":"acheter-une-epee-ninja-to-ninja","status":"publish","type":"product","link":"https:\/\/samuraischwert.kaufen\/fr\/produkt\/ninja-to-ninjaschwert-kaufen\/","title":{"rendered":"DerShogun Ninja-To \u00e9p\u00e9e de ninja 1045 acier carbone"},"content":{"rendered":"<p>Acheter un sabre de ninja de bonne qualit\u00e9 maintenant \u00e0 bas prix dans notre boutique en ligne ! Vous trouverez ici toutes les informations sur cette offre int\u00e9ressante.<\/p>\n<h2>Acheter une \u00e9p\u00e9e de ninja - Ce que nous pouvons vous offrir :<\/h2>\n<p><b>Fiche de donn\u00e9es :<\/b><\/p>\n<p>- Fait \u00e0 la main<br \/>- Forg\u00e9 en acier 1045 de haute qualit\u00e9<br \/>- Saya noir, sageo noir<br \/>- Inclus le sac \u00e0 \u00e9p\u00e9e illustr\u00e9<br \/>- Acquisition possible uniquement pour les personnes majeures !<\/p>\n<p><b>Description du produit :<\/b><br \/>Lame :<br \/>Fabriqu\u00e9 en acier au carbone 1045 de haute qualit\u00e9. La duret\u00e9 de la lame de 45 HRC (+\/- 1 HRC, car il s'agit d'une \u00e9p\u00e9e fabriqu\u00e9e \u00e0 la main) assure de bonnes propri\u00e9t\u00e9s de coupe et une bonne stabilit\u00e9 de la lame. Elle poss\u00e8de un bo-hi (rainure de sang) pour optimiser le poids.<br \/>La lame est aff\u00fbt\u00e9e.<\/p>\n<p>Tsuka (la poign\u00e9e) :<br \/>Fabriqu\u00e9 en bois massif pour la stabilit\u00e9 et la durabilit\u00e9. Avec des inserts en v\u00e9ritable peau de raie noircie et envelopp\u00e9e de mani\u00e8re traditionnelle avec une bande de poign\u00e9e en coton noir. 2 goupilles en bois permettent de maintenir la lame 100% dans le manche. Top optique gr\u00e2ce \u00e0 2 \u00e9l\u00e9ments d\u00e9coratifs dor\u00e9s, motif : dragon.<\/p>\n<p>Saya (fourreau de sabre) :<br \/>En bois, laqu\u00e9 noir avec un sageo (ruban) noir en coton. Shito d\u00f4me dor\u00e9 (ornement sur l'ouverture de l'\u0153illet).<\/p>\n<p>- Longueur totale du sabre avec saya : 105,5 cm<br \/>- Longueur de la lame : 73 cm<br \/>- Longueur du manche : 29 cm<\/p>\n<p><strong>L'achat de cet article est autoris\u00e9 par la loi allemande uniquement pour les personnes majeures. Nous v\u00e9rifions l'\u00e2ge de chaque acheteur !<br \/>Veuillez vous assurer que le destinataire d\u00e9pos\u00e9 r\u00e9ceptionne personnellement la livraison et qu'il puisse prouver son \u00e2ge au moyen d'une carte d'identit\u00e9 lorsque vous achetez cette \u00e9p\u00e9e ninja. L'\u00e2ge et l'identit\u00e9 seront v\u00e9rifi\u00e9s par le service de livraison au moment de la remise.<br \/>Veuillez noter que les commandes sans preuve d'\u00e2ge ne seront pas remises !<br \/>En raison du traitement particulier de cet article, aucune livraison n'est malheureusement possible aux stations d'emballage ou aux centres de r\u00e9ception de colis.<\/strong><\/p>\n<div class=\"embed-privacy-container is-disabled embed-www-youtube-nocookie-com\" data-embed-id=\"oembed_e82c34ecb1f2c94dc5ae713887c0b3b3\" data-embed-provider=\"www-youtube-nocookie-com\" style=\"aspect-ratio: 560\/315;\">\t\t\t\t\t\t<button type=\"button\" class=\"embed-privacy-enable screen-reader-text\">Afficher \"YouTube video player\" depuis www.youtube-nocookie.com<\/button>\t\t\t\t\t\t<\/p>\n<div class=\"embed-privacy-overlay\">\n<div class=\"embed-privacy-inner\">\n<p>\t\tClick here to display content from www.youtube-nocookie.com.\t\t<\/p>\n<p class=\"embed-privacy-input-wrapper\">\t\t\t<input id=\"embed-privacy-store-www-youtube-nocookie-com-e82c34ecb1f2c94dc5ae713887c0b3b3\" type=\"checkbox\" value=\"1\" class=\"embed-privacy-input\" data-embed-provider=\"www-youtube-nocookie-com\">\t\t\t<label for=\"embed-privacy-store-www-youtube-nocookie-com-e82c34ecb1f2c94dc5ae713887c0b3b3\" class=\"embed-privacy-label\" data-embed-provider=\"www-youtube-nocookie-com\">\t\t\t\tToujours afficher le contenu de www.youtube-nocookie.com\t\t\t<\/label>\t\t<\/p>\n<\/p><\/div>\n<div class=\"embed-privacy-footer\"><span class=\"embed-privacy-url\"><a href=\"https:\/\/www.youtube-nocookie.com\/embed\/VN5oter40lM\" target=\"_blank\" rel=\"noopener\">Ouvrir \"YouTube video player\" directement<\/a><\/span><\/div>\n<\/p><\/div>\n<div class=\"embed-privacy-content\">\t\t\t\t<script>var _oembed_e82c34ecb1f2c94dc5ae713887c0b3b3 = '{\\\"embed\\\":\\\"&lt;iframe title=&quot;YouTube video player&quot; src=&quot;https:\\\\\/\\\\\/www.youtube-nocookie.com\\\\\/embed\\\\\/VN5oter40lM&quot; width=&quot;560&quot; height=&quot;315&quot; frameborder=&quot;0&quot; allowfullscreen=&quot;allowfullscreen&quot;&gt;&lt;\\\\\/iframe&gt;\\\"}';<\/script>\t\t\t<\/div>\n<\/p><\/div>\n<p><\/p>\n<h2>Le sabre l\u00e9gendaire des ninjas. Quelles sont ses particularit\u00e9s ?<\/h2>\n<p><\/p>\n<p>Le sabre du ninja, appel\u00e9 en japonais Ninjato (<a href=\"https:\/\/de.wikipedia.org\/wiki\/Ninjat%C5%8D\" target=\"_blank\" rel=\"noopener\"><img decoding=\"async\" class=\"alignnone wp-image-61456\" src=\"https:\/\/samuraischwert.kaufen\/wp-content\/uploads\/2017\/08\/ninjaschwert-kaufen-1.jpg\" alt=\"Acheter une \u00e9p\u00e9e de ninja\" width=\"41\" height=\"12\"><\/a>) sont connues. Il existe d'innombrables l\u00e9gendes sur les ninjas, leurs capacit\u00e9s sp\u00e9ciales et leurs armes particuli\u00e8res.<br \/>Les ninjas \u00e9taient des combattants sp\u00e9cialis\u00e9s dans l'ancien Japon. Des combattants qui \u00e9taient particuli\u00e8rement entra\u00een\u00e9s pour les assassinats et l'espionnage.<\/p>\n<h3>Samoura\u00ef vs. Ninja<\/h3>\n<p><\/p>\n<p>Selon la l\u00e9gende, il existait une hostilit\u00e9 profond\u00e9ment enracin\u00e9e entre les ninjas et les samoura\u00efs. Apr\u00e8s tout, de nombreux samoura\u00efs ont \u00e9t\u00e9 tu\u00e9s dans des assassinats de ninjas.<br \/>Cependant, il s'agissait de deux groupes de guerriers diff\u00e9rents qui, en principe, n'avaient aucun probl\u00e8me entre eux.<\/p>\n<p>Certains samoura\u00efs, comme le l\u00e9gendaire <a href=\"https:\/\/samuraischwert.kaufen\/fr\/sabre-de-samourai\/histoire\/celebres-sabreurs\/hattori-hanzo\/\" target=\"_blank\" rel=\"noopener\">Hattori Hanzo<\/a> \u00e9taient m\u00eame c\u00e9l\u00e8bres pour \u00eatre des samoura\u00efs tout en menant une vie de ninja.<\/p>\n<h3>Les ninjas avaient-ils des \u00e9p\u00e9es sp\u00e9ciales ?<\/h3>\n<p><\/p>\n<p>Aujourd'hui, on consid\u00e8re que les ninjas n'avaient pas d'\u00e9p\u00e9es sp\u00e9ciales. Pour une meilleure utilisation \u00e0 l'int\u00e9rieur de locaux tels que les ch\u00e2teaux, ils utilisaient probablement des \u00e9p\u00e9es courtes. Ceux-ci correspondaient probablement exactement aux \u00e9p\u00e9es de samoura\u00ef de l'\u00e9poque concern\u00e9e.<\/p>\n<p>Cela ne correspondrait pas non plus au concept de ninja de poss\u00e9der une \u00e9p\u00e9e qui permette de les identifier imm\u00e9diatement comme ninja.<\/p>\n<h2>Qu'obtient-on lorsqu'on veut acheter une \u00e9p\u00e9e ninja aujourd'hui ?<\/h2>\n<p><\/p>\n<p>Aujourd'hui, celui qui veut acheter une \u00e9p\u00e9e ninja se voit g\u00e9n\u00e9ralement proposer une \u00e9p\u00e9e \u00e0 lame droite et la lame est \u00e0 simple tranchant.<\/p>\n<p>Ce design s'est impos\u00e9 sous le nom d'\u00e9p\u00e9e ninja, m\u00eame si, comme d\u00e9crit plus haut, il n'est pas 100% exact du point de vue historique.<\/p>\n<p>La lame droite de l'\u00e9p\u00e9e de ninja s'accorde visuellement avec le reste de l'\u00e9quipement du ninja.<\/p>\n<h2>Combien co\u00fbte une v\u00e9ritable \u00e9p\u00e9e de ninja ?<\/h2>\n<p><\/p>\n<p>Les termes \"\u00e9p\u00e9e ninja\" et \"\u00e9p\u00e9e samoura\u00ef\" \u00e9tant largement synonymes, il en va de m\u00eame pour les \u00e9p\u00e9es ninja que pour les \u00e9p\u00e9es des samoura\u00efs.<\/p>\n<p>Cela signifie que le prix d'un sabre ninja peut varier de quelques euros \u00e0 plusieurs milliers d'euros, en fonction de sa qualit\u00e9.<\/p>\n<p>Vous pouvez acheter ici un sabre de ninja dont la lame et la poign\u00e9e sont fabriqu\u00e9es d'une seule pi\u00e8ce (full tang). Avec une lame tranchante en acier carbone 1045. Il s'agit donc d'une v\u00e9ritable \u00e9p\u00e9e dont le prix se situe dans la cat\u00e9gorie des prix d'entr\u00e9e de gamme.<\/p>\n<p>Fabricant : DerShogun, Andara GmbH, Brunnenweg 15, 64331 Weiterstadt, info@andara-gmbh.de<\/p>\n<div class=\"shariff shariff-align-left shariff-widget-align-left\"><ul class=\"shariff-buttons theme-grey orientation-horizontal buttonsize-medium\"><li class=\"shariff-button twitter shariff-nocustomcolor\" style=\"background-color:#595959\"><a href=\"https:\/\/twitter.com\/share?url=https%3A%2F%2Fsamuraischwert.kaufen%2Ffr%2Fprodukt%2Fninja-to-ninjaschwert-kaufen%2F&text=DerShogun%20Ninja-To%20Ninjaschwert%201045%20Carbonstahl\" title=\"Partager sur X\" aria-label=\"Partager sur X\" role=\"button\" rel=\"noopener nofollow\" class=\"shariff-link\" style=\"; background-color:#000; color:#fff\" target=\"_blank\"><span class=\"shariff-icon\" style=\"\"><svg width=\"32px\" height=\"20px\" xmlns=\"http:\/\/www.w3.org\/2000\/svg\" viewbox=\"0 0 24 24\"><path fill=\"#000\" d=\"M14.258 10.152L23.176 0h-2.113l-7.747 8.813L7.133 0H0l9.352 13.328L0 23.973h2.113l8.176-9.309 6.531 9.309h7.133zm-2.895 3.293l-.949-1.328L2.875 1.56h3.246l6.086 8.523.945 1.328 7.91 11.078h-3.246zm0 0\"\/><\/svg><\/span><span class=\"shariff-text\">partager<\/span>&nbsp;<\/a><\/li><li class=\"shariff-button facebook shariff-nocustomcolor\" style=\"background-color:#4273c8\"><a href=\"https:\/\/www.facebook.com\/sharer\/sharer.php?u=https%3A%2F%2Fsamuraischwert.kaufen%2Ffr%2Fprodukt%2Fninja-to-ninjaschwert-kaufen%2F\" title=\"Partager sur Facebook\" aria-label=\"Partager sur Facebook\" role=\"button\" rel=\"nofollow\" class=\"shariff-link\" style=\"; background-color:#3b5998; color:#fff\" target=\"_blank\"><span class=\"shariff-icon\" style=\"\"><svg width=\"32px\" height=\"20px\" xmlns=\"http:\/\/www.w3.org\/2000\/svg\" viewbox=\"0 0 18 32\"><path fill=\"#3b5998\" d=\"M17.1 0.2v4.7h-2.8q-1.5 0-2.1 0.6t-0.5 1.9v3.4h5.2l-0.7 5.3h-4.5v13.6h-5.5v-13.6h-4.5v-5.3h4.5v-3.9q0-3.3 1.9-5.2t5-1.8q2.6 0 4.1 0.2z\"\/><\/svg><\/span><span class=\"shariff-text\">partager<\/span>&nbsp;<\/a><\/li><li class=\"shariff-button xing shariff-nocustomcolor\" style=\"background-color:#29888a\"><a href=\"https:\/\/www.xing.com\/spi\/shares\/new?url=https%3A%2F%2Fsamuraischwert.kaufen%2Ffr%2Fprodukt%2Fninja-to-ninjaschwert-kaufen%2F\" title=\"Partager sur XING\" aria-label=\"Partager sur XING\" role=\"button\" rel=\"noopener nofollow\" class=\"shariff-link\" style=\"; background-color:#126567; color:#fff\" target=\"_blank\"><span class=\"shariff-icon\" style=\"\"><svg width=\"32px\" height=\"20px\" xmlns=\"http:\/\/www.w3.org\/2000\/svg\" viewbox=\"0 0 25 32\"><path fill=\"#126567\" d=\"M10.7 11.9q-0.2 0.3-4.6 8.2-0.5 0.8-1.2 0.8h-4.3q-0.4 0-0.5-0.3t0-0.6l4.5-8q0 0 0 0l-2.9-5q-0.2-0.4 0-0.7 0.2-0.3 0.5-0.3h4.3q0.7 0 1.2 0.8zM25.1 0.4q0.2 0.3 0 0.7l-9.4 16.7 6 11q0.2 0.4 0 0.6-0.2 0.3-0.6 0.3h-4.3q-0.7 0-1.2-0.8l-6-11.1q0.3-0.6 9.5-16.8 0.4-0.8 1.2-0.8h4.3q0.4 0 0.5 0.3z\"\/><\/svg><\/span><span class=\"shariff-text\">partager<\/span>&nbsp;<\/a><\/li><li class=\"shariff-button linkedin shariff-nocustomcolor\" style=\"background-color:#1488bf\"><a href=\"https:\/\/www.linkedin.com\/sharing\/share-offsite\/?url=https%3A%2F%2Fsamuraischwert.kaufen%2Ffr%2Fprodukt%2Fninja-to-ninjaschwert-kaufen%2F\" title=\"Partager sur LinkedIn\" aria-label=\"Partager sur LinkedIn\" role=\"button\" rel=\"noopener nofollow\" class=\"shariff-link\" style=\"; background-color:#0077b5; color:#fff\" target=\"_blank\"><span class=\"shariff-icon\" style=\"\"><svg width=\"32px\" height=\"20px\" xmlns=\"http:\/\/www.w3.org\/2000\/svg\" viewbox=\"0 0 27 32\"><path fill=\"#0077b5\" d=\"M6.2 11.2v17.7h-5.9v-17.7h5.9zM6.6 5.7q0 1.3-0.9 2.2t-2.4 0.9h0q-1.5 0-2.4-0.9t-0.9-2.2 0.9-2.2 2.4-0.9 2.4 0.9 0.9 2.2zM27.4 18.7v10.1h-5.9v-9.5q0-1.9-0.7-2.9t-2.3-1.1q-1.1 0-1.9 0.6t-1.2 1.5q-0.2 0.5-0.2 1.4v9.9h-5.9q0-7.1 0-11.6t0-5.3l0-0.9h5.9v2.6h0q0.4-0.6 0.7-1t1-0.9 1.6-0.8 2-0.3q3 0 4.9 2t1.9 6z\"\/><\/svg><\/span><span class=\"shariff-text\">partager<\/span>&nbsp;<\/a><\/li><li class=\"shariff-button mailto shariff-nocustomcolor\" style=\"background-color:#a8a8a8\"><a href=\"mailto:?body=https%3A%2F%2Fsamuraischwert.kaufen%2Ffr%2Fprodukt%2Fninja-to-ninjaschwert-kaufen%2F&subject=DerShogun%20Ninja-To%20Ninjaschwert%201045%20Carbonstahl\" title=\"Envoyer par e-mail\" aria-label=\"Envoyer par e-mail\" role=\"button\" rel=\"noopener nofollow\" class=\"shariff-link\" style=\"; background-color:#999; color:#fff\"><span class=\"shariff-icon\" style=\"\"><svg width=\"32px\" height=\"20px\" xmlns=\"http:\/\/www.w3.org\/2000\/svg\" viewbox=\"0 0 32 32\"><path fill=\"#999\" d=\"M32 12.7v14.2q0 1.2-0.8 2t-2 0.9h-26.3q-1.2 0-2-0.9t-0.8-2v-14.2q0.8 0.9 1.8 1.6 6.5 4.4 8.9 6.1 1 0.8 1.6 1.2t1.7 0.9 2 0.4h0.1q0.9 0 2-0.4t1.7-0.9 1.6-1.2q3-2.2 8.9-6.1 1-0.7 1.8-1.6zM32 7.4q0 1.4-0.9 2.7t-2.2 2.2q-6.7 4.7-8.4 5.8-0.2 0.1-0.7 0.5t-1 0.7-0.9 0.6-1.1 0.5-0.9 0.2h-0.1q-0.4 0-0.9-0.2t-1.1-0.5-0.9-0.6-1-0.7-0.7-0.5q-1.6-1.1-4.7-3.2t-3.6-2.6q-1.1-0.7-2.1-2t-1-2.5q0-1.4 0.7-2.3t2.1-0.9h26.3q1.2 0 2 0.8t0.9 2z\"\/><\/svg><\/span><span class=\"shariff-text\">Courrier \u00e9lectronique<\/span>&nbsp;<\/a><\/li><li class=\"shariff-button whatsapp shariff-nocustomcolor\" style=\"background-color:#5cbe4a\"><a href=\"https:\/\/api.whatsapp.com\/send?text=https%3A%2F%2Fsamuraischwert.kaufen%2Ffr%2Fprodukt%2Fninja-to-ninjaschwert-kaufen%2F%20DerShogun%20Ninja-To%20Ninjaschwert%201045%20Carbonstahl\" title=\"Partager sur Whatsapp\" aria-label=\"Partager sur Whatsapp\" role=\"button\" rel=\"noopener nofollow\" class=\"shariff-link\" style=\"; background-color:#34af23; color:#fff\" target=\"_blank\"><span class=\"shariff-icon\" style=\"\"><svg width=\"32px\" height=\"20px\" xmlns=\"http:\/\/www.w3.org\/2000\/svg\" viewbox=\"0 0 32 32\"><path fill=\"#34af23\" d=\"M17.6 17.4q0.2 0 1.7 0.8t1.6 0.9q0 0.1 0 0.3 0 0.6-0.3 1.4-0.3 0.7-1.3 1.2t-1.8 0.5q-1 0-3.4-1.1-1.7-0.8-3-2.1t-2.6-3.3q-1.3-1.9-1.3-3.5v-0.1q0.1-1.6 1.3-2.8 0.4-0.4 0.9-0.4 0.1 0 0.3 0t0.3 0q0.3 0 0.5 0.1t0.3 0.5q0.1 0.4 0.6 1.6t0.4 1.3q0 0.4-0.6 1t-0.6 0.8q0 0.1 0.1 0.3 0.6 1.3 1.8 2.4 1 0.9 2.7 1.8 0.2 0.1 0.4 0.1 0.3 0 1-0.9t0.9-0.9zM14 26.9q2.3 0 4.3-0.9t3.6-2.4 2.4-3.6 0.9-4.3-0.9-4.3-2.4-3.6-3.6-2.4-4.3-0.9-4.3 0.9-3.6 2.4-2.4 3.6-0.9 4.3q0 3.6 2.1 6.6l-1.4 4.2 4.3-1.4q2.8 1.9 6.2 1.9zM14 2.2q2.7 0 5.2 1.1t4.3 2.9 2.9 4.3 1.1 5.2-1.1 5.2-2.9 4.3-4.3 2.9-5.2 1.1q-3.5 0-6.5-1.7l-7.4 2.4 2.4-7.2q-1.9-3.2-1.9-6.9 0-2.7 1.1-5.2t2.9-4.3 4.3-2.9 5.2-1.1z\"\/><\/svg><\/span><span class=\"shariff-text\">partager<\/span>&nbsp;<\/a><\/li><\/ul><\/div>","protected":false},"excerpt":{"rendered":"<p>Ein Ninjaschwert kaufen in guter Qualit\u00e4t jetzt g\u00fcnstig in unserem Onlineshop! Hier finden Sie alle Infos zu diesem interessanten Angebot. Ninjaschwert kaufen \u2013 Das k\u00f6nnen wir Ihnen bieten: Datenblatt:\u2013 Handgefertigt\u2013 Aus hochwertigem 1045 Stahl geschmiedet\u2013 Schwarze Saya, schwarze Sageo\u2013 Inklusive dem abgebildeten Schwertbeutel\u2013 Erwerb nur f\u00fcr vollj\u00e4hrige Personen m\u00f6glich! Produktbeschreibung:Klinge:Wurde aus hochwertigem 1045 Kohlenstoff-Stahl gefertigt. [&hellip;]<\/p>\n","protected":false},"featured_media":4467,"comment_status":"open","ping_status":"closed","template":"","meta":{"_acf_changed":false},"product_brand":[],"product_cat":[90],"product_tag":[266,163,297,478,397,383,485,484,483,481,271,480,139,482,479,260,131,272,189],"class_list":{"0":"post-4474","1":"product","2":"type-product","3":"status-publish","4":"has-post-thumbnail","6":"product_cat-1045-kohlenstoffstahl","7":"product_tag-1045er","8":"product_tag-aus","9":"product_tag-carbon","10":"product_tag-des","11":"product_tag-die","12":"product_tag-geschliffen","13":"product_tag-ja","14":"product_tag-jitsu","15":"product_tag-jutsu","16":"product_tag-kohlen","17":"product_tag-kohlenstoff","18":"product_tag-kraft","19":"product_tag-neu","20":"product_tag-nin","21":"product_tag-ninjato","22":"product_tag-scharf","23":"product_tag-schwert","24":"product_tag-stahl","25":"product_tag-stoff","27":"first","28":"instock","29":"taxable","30":"shipping-taxable","31":"purchasable","32":"product-type-simple"},"acf":[],"_links":{"self":[{"href":"https:\/\/samuraischwert.kaufen\/fr\/wp-json\/wp\/v2\/product\/4474","targetHints":{"allow":["GET"]}}],"collection":[{"href":"https:\/\/samuraischwert.kaufen\/fr\/wp-json\/wp\/v2\/product"}],"about":[{"href":"https:\/\/samuraischwert.kaufen\/fr\/wp-json\/wp\/v2\/types\/product"}],"replies":[{"embeddable":true,"href":"https:\/\/samuraischwert.kaufen\/fr\/wp-json\/wp\/v2\/comments?post=4474"}],"wp:featuredmedia":[{"embeddable":true,"href":"https:\/\/samuraischwert.kaufen\/fr\/wp-json\/wp\/v2\/media\/4467"}],"wp:attachment":[{"href":"https:\/\/samuraischwert.kaufen\/fr\/wp-json\/wp\/v2\/media?parent=4474"}],"wp:term":[{"taxonomy":"product_brand","embeddable":true,"href":"https:\/\/samuraischwert.kaufen\/fr\/wp-json\/wp\/v2\/product_brand?post=4474"},{"taxonomy":"product_cat","embeddable":true,"href":"https:\/\/samuraischwert.kaufen\/fr\/wp-json\/wp\/v2\/product_cat?post=4474"},{"taxonomy":"product_tag","embeddable":true,"href":"https:\/\/samuraischwert.kaufen\/fr\/wp-json\/wp\/v2\/product_tag?post=4474"}],"curies":[{"name":"wp","href":"https:\/\/api.w.org\/{rel}","templated":true}]}}