{"id":3981,"date":"2017-08-23T14:41:39","date_gmt":"2017-08-23T12:41:39","guid":{"rendered":"https:\/\/samuraischwert.kaufen\/?post_type=product&#038;p=3981"},"modified":"2026-04-10T17:19:17","modified_gmt":"2026-04-10T15:19:17","slug":"kill-bill-katana-budds-epee","status":"publish","type":"product","link":"https:\/\/samuraischwert.kaufen\/fr\/produkt\/kill-bill-katana-budds-schwert\/","title":{"rendered":"Katana Kill Bill - L'\u00e9p\u00e9e de Budd"},"content":{"rendered":"<p><b>Fiche de donn\u00e9es :<\/b><br \/>- Imitation parfaite et travail de forge de haute qualit\u00e9<br \/>- Forg\u00e9 \u00e0 la main en acier au carbone 1045<br \/>- Gravure sur la lame incluse<br \/>- Acquisition possible uniquement pour les personnes majeures !<\/p>\n<p><b>Description du produit :<\/b><br \/>La lame :<br \/>A \u00e9t\u00e9 forg\u00e9 \u00e0 la main en acier carbone 1045 de haute qualit\u00e9 et tremp\u00e9 \u00e0 c\u0153ur \u00e0 une duret\u00e9 de 45 HRC, pour une bonne flexibilit\u00e9 et duret\u00e9 de la lame. Avec hamon aiguis\u00e9. La lame a une gravure caract\u00e9ristique et est aiguis\u00e9e !<\/p>\n<p>La poign\u00e9e :<br \/>Fabriqu\u00e9 en bois massif, pour une stabilit\u00e9 et une durabilit\u00e9 optimales. Avec des inserts en v\u00e9ritable peau de raie blanche et une bande de poign\u00e9e noire.<br \/>Le manche est muni de 2 mekugi pour un maintien 100% de la lame dans le manche.<br \/>Top optique gr\u00e2ce \u00e0 2 Menuki dor\u00e9s, motif : dragon.<\/p>\n<p>Le saya (fourreau de sabre) :<br \/>En bois, peint en noir et blanc.<br \/>Avec sageo blanc (ruban) et shito d\u00f4me dor\u00e9 (d\u00e9coration de l'ouverture de l'\u0153illet).<\/p>\n<p>La tsuba :<br \/>a le motif classique de Kill Bill.<\/p>\n<p>Dimensions :<br \/>- Longueur totale du sabre avec saya : 104 cm<br \/>- Longueur de la lame : 70,8 cm<br \/>- longueur de la poign\u00e9e : 29,5 cm<\/p>\n<p>Nous vous offrons le sac \u00e0 \u00e9p\u00e9e correspondant.<\/p>\n<p><strong>L'achat de cet article est autoris\u00e9 par la loi allemande uniquement pour les personnes majeures. Nous v\u00e9rifions l'\u00e2ge de chaque acheteur !<br \/>Veuillez vous assurer que le destinataire d\u00e9pos\u00e9 r\u00e9ceptionne personnellement la livraison et qu'il puisse prouver son \u00e2ge au moyen d'une pi\u00e8ce d'identit\u00e9. L'\u00e2ge et l'identit\u00e9 seront v\u00e9rifi\u00e9s par le service de livraison au moment de la remise.<br \/>Veuillez noter que les commandes sans preuve d'\u00e2ge ne seront pas remises !<br \/>En raison du traitement particulier de cet article, aucune livraison n'est malheureusement possible aux stations d'emballage ou aux centres de r\u00e9ception de colis.<\/strong><\/p>\n<p>Fabricant : DerShogun, Andara GmbH, Brunnenweg 15, 64331 Weiterstadt, info@andara-gmbh.de<\/p>\n<div class=\"shariff shariff-align-left shariff-widget-align-left\"><ul class=\"shariff-buttons theme-grey orientation-horizontal buttonsize-medium\"><li class=\"shariff-button twitter shariff-nocustomcolor\" style=\"background-color:#595959\"><a href=\"https:\/\/twitter.com\/share?url=https%3A%2F%2Fsamuraischwert.kaufen%2Ffr%2Fprodukt%2Fkill-bill-katana-budds-schwert%2F&text=Kill%20Bill%20Katana%20%E2%80%93%20Budds%20Schwert\" title=\"Partager sur X\" aria-label=\"Partager sur X\" role=\"button\" rel=\"noopener nofollow\" class=\"shariff-link\" style=\"; background-color:#000; color:#fff\" target=\"_blank\"><span class=\"shariff-icon\" style=\"\"><svg width=\"32px\" height=\"20px\" xmlns=\"http:\/\/www.w3.org\/2000\/svg\" viewbox=\"0 0 24 24\"><path fill=\"#000\" d=\"M14.258 10.152L23.176 0h-2.113l-7.747 8.813L7.133 0H0l9.352 13.328L0 23.973h2.113l8.176-9.309 6.531 9.309h7.133zm-2.895 3.293l-.949-1.328L2.875 1.56h3.246l6.086 8.523.945 1.328 7.91 11.078h-3.246zm0 0\"\/><\/svg><\/span><span class=\"shariff-text\">partager<\/span>&nbsp;<\/a><\/li><li class=\"shariff-button facebook shariff-nocustomcolor\" style=\"background-color:#4273c8\"><a href=\"https:\/\/www.facebook.com\/sharer\/sharer.php?u=https%3A%2F%2Fsamuraischwert.kaufen%2Ffr%2Fprodukt%2Fkill-bill-katana-budds-schwert%2F\" title=\"Partager sur Facebook\" aria-label=\"Partager sur Facebook\" role=\"button\" rel=\"nofollow\" class=\"shariff-link\" style=\"; background-color:#3b5998; color:#fff\" target=\"_blank\"><span class=\"shariff-icon\" style=\"\"><svg width=\"32px\" height=\"20px\" xmlns=\"http:\/\/www.w3.org\/2000\/svg\" viewbox=\"0 0 18 32\"><path fill=\"#3b5998\" d=\"M17.1 0.2v4.7h-2.8q-1.5 0-2.1 0.6t-0.5 1.9v3.4h5.2l-0.7 5.3h-4.5v13.6h-5.5v-13.6h-4.5v-5.3h4.5v-3.9q0-3.3 1.9-5.2t5-1.8q2.6 0 4.1 0.2z\"\/><\/svg><\/span><span class=\"shariff-text\">partager<\/span>&nbsp;<\/a><\/li><li class=\"shariff-button xing shariff-nocustomcolor\" style=\"background-color:#29888a\"><a href=\"https:\/\/www.xing.com\/spi\/shares\/new?url=https%3A%2F%2Fsamuraischwert.kaufen%2Ffr%2Fprodukt%2Fkill-bill-katana-budds-schwert%2F\" title=\"Partager sur XING\" aria-label=\"Partager sur XING\" role=\"button\" rel=\"noopener nofollow\" class=\"shariff-link\" style=\"; background-color:#126567; color:#fff\" target=\"_blank\"><span class=\"shariff-icon\" style=\"\"><svg width=\"32px\" height=\"20px\" xmlns=\"http:\/\/www.w3.org\/2000\/svg\" viewbox=\"0 0 25 32\"><path fill=\"#126567\" d=\"M10.7 11.9q-0.2 0.3-4.6 8.2-0.5 0.8-1.2 0.8h-4.3q-0.4 0-0.5-0.3t0-0.6l4.5-8q0 0 0 0l-2.9-5q-0.2-0.4 0-0.7 0.2-0.3 0.5-0.3h4.3q0.7 0 1.2 0.8zM25.1 0.4q0.2 0.3 0 0.7l-9.4 16.7 6 11q0.2 0.4 0 0.6-0.2 0.3-0.6 0.3h-4.3q-0.7 0-1.2-0.8l-6-11.1q0.3-0.6 9.5-16.8 0.4-0.8 1.2-0.8h4.3q0.4 0 0.5 0.3z\"\/><\/svg><\/span><span class=\"shariff-text\">partager<\/span>&nbsp;<\/a><\/li><li class=\"shariff-button linkedin shariff-nocustomcolor\" style=\"background-color:#1488bf\"><a href=\"https:\/\/www.linkedin.com\/sharing\/share-offsite\/?url=https%3A%2F%2Fsamuraischwert.kaufen%2Ffr%2Fprodukt%2Fkill-bill-katana-budds-schwert%2F\" title=\"Partager sur LinkedIn\" aria-label=\"Partager sur LinkedIn\" role=\"button\" rel=\"noopener nofollow\" class=\"shariff-link\" style=\"; background-color:#0077b5; color:#fff\" target=\"_blank\"><span class=\"shariff-icon\" style=\"\"><svg width=\"32px\" height=\"20px\" xmlns=\"http:\/\/www.w3.org\/2000\/svg\" viewbox=\"0 0 27 32\"><path fill=\"#0077b5\" d=\"M6.2 11.2v17.7h-5.9v-17.7h5.9zM6.6 5.7q0 1.3-0.9 2.2t-2.4 0.9h0q-1.5 0-2.4-0.9t-0.9-2.2 0.9-2.2 2.4-0.9 2.4 0.9 0.9 2.2zM27.4 18.7v10.1h-5.9v-9.5q0-1.9-0.7-2.9t-2.3-1.1q-1.1 0-1.9 0.6t-1.2 1.5q-0.2 0.5-0.2 1.4v9.9h-5.9q0-7.1 0-11.6t0-5.3l0-0.9h5.9v2.6h0q0.4-0.6 0.7-1t1-0.9 1.6-0.8 2-0.3q3 0 4.9 2t1.9 6z\"\/><\/svg><\/span><span class=\"shariff-text\">partager<\/span>&nbsp;<\/a><\/li><li class=\"shariff-button mailto shariff-nocustomcolor\" style=\"background-color:#a8a8a8\"><a href=\"mailto:?body=https%3A%2F%2Fsamuraischwert.kaufen%2Ffr%2Fprodukt%2Fkill-bill-katana-budds-schwert%2F&subject=Kill%20Bill%20Katana%20%E2%80%93%20Budds%20Schwert\" title=\"Envoyer par e-mail\" aria-label=\"Envoyer par e-mail\" role=\"button\" rel=\"noopener nofollow\" class=\"shariff-link\" style=\"; background-color:#999; color:#fff\"><span class=\"shariff-icon\" style=\"\"><svg width=\"32px\" height=\"20px\" xmlns=\"http:\/\/www.w3.org\/2000\/svg\" viewbox=\"0 0 32 32\"><path fill=\"#999\" d=\"M32 12.7v14.2q0 1.2-0.8 2t-2 0.9h-26.3q-1.2 0-2-0.9t-0.8-2v-14.2q0.8 0.9 1.8 1.6 6.5 4.4 8.9 6.1 1 0.8 1.6 1.2t1.7 0.9 2 0.4h0.1q0.9 0 2-0.4t1.7-0.9 1.6-1.2q3-2.2 8.9-6.1 1-0.7 1.8-1.6zM32 7.4q0 1.4-0.9 2.7t-2.2 2.2q-6.7 4.7-8.4 5.8-0.2 0.1-0.7 0.5t-1 0.7-0.9 0.6-1.1 0.5-0.9 0.2h-0.1q-0.4 0-0.9-0.2t-1.1-0.5-0.9-0.6-1-0.7-0.7-0.5q-1.6-1.1-4.7-3.2t-3.6-2.6q-1.1-0.7-2.1-2t-1-2.5q0-1.4 0.7-2.3t2.1-0.9h26.3q1.2 0 2 0.8t0.9 2z\"\/><\/svg><\/span><span class=\"shariff-text\">Courrier \u00e9lectronique<\/span>&nbsp;<\/a><\/li><li class=\"shariff-button whatsapp shariff-nocustomcolor\" style=\"background-color:#5cbe4a\"><a href=\"https:\/\/api.whatsapp.com\/send?text=https%3A%2F%2Fsamuraischwert.kaufen%2Ffr%2Fprodukt%2Fkill-bill-katana-budds-schwert%2F%20Kill%20Bill%20Katana%20%E2%80%93%20Budds%20Schwert\" title=\"Partager sur Whatsapp\" aria-label=\"Partager sur Whatsapp\" role=\"button\" rel=\"noopener nofollow\" class=\"shariff-link\" style=\"; background-color:#34af23; color:#fff\" target=\"_blank\"><span class=\"shariff-icon\" style=\"\"><svg width=\"32px\" height=\"20px\" xmlns=\"http:\/\/www.w3.org\/2000\/svg\" viewbox=\"0 0 32 32\"><path fill=\"#34af23\" d=\"M17.6 17.4q0.2 0 1.7 0.8t1.6 0.9q0 0.1 0 0.3 0 0.6-0.3 1.4-0.3 0.7-1.3 1.2t-1.8 0.5q-1 0-3.4-1.1-1.7-0.8-3-2.1t-2.6-3.3q-1.3-1.9-1.3-3.5v-0.1q0.1-1.6 1.3-2.8 0.4-0.4 0.9-0.4 0.1 0 0.3 0t0.3 0q0.3 0 0.5 0.1t0.3 0.5q0.1 0.4 0.6 1.6t0.4 1.3q0 0.4-0.6 1t-0.6 0.8q0 0.1 0.1 0.3 0.6 1.3 1.8 2.4 1 0.9 2.7 1.8 0.2 0.1 0.4 0.1 0.3 0 1-0.9t0.9-0.9zM14 26.9q2.3 0 4.3-0.9t3.6-2.4 2.4-3.6 0.9-4.3-0.9-4.3-2.4-3.6-3.6-2.4-4.3-0.9-4.3 0.9-3.6 2.4-2.4 3.6-0.9 4.3q0 3.6 2.1 6.6l-1.4 4.2 4.3-1.4q2.8 1.9 6.2 1.9zM14 2.2q2.7 0 5.2 1.1t4.3 2.9 2.9 4.3 1.1 5.2-1.1 5.2-2.9 4.3-4.3 2.9-5.2 1.1q-3.5 0-6.5-1.7l-7.4 2.4 2.4-7.2q-1.9-3.2-1.9-6.9 0-2.7 1.1-5.2t2.9-4.3 4.3-2.9 5.2-1.1z\"\/><\/svg><\/span><span class=\"shariff-text\">partager<\/span>&nbsp;<\/a><\/li><\/ul><\/div>","protected":false},"excerpt":{"rendered":"<p>Datenblatt:&#8211; Perfekte Nachbildung und qualitativ hochwertige Schmiedearbeit&#8211; Aus 1045 Carbonstahl von Hand geschmiedet&#8211; Inklusive Gravur auf der Klinge&#8211; Erwerb nur f\u00fcr vollj\u00e4hrige Personen m\u00f6glich! Produktbeschreibung:Die Klinge:Wurde aus hochwertigem 1045 Carbonstahl von Hand geschmiedet und mit einer H\u00e4rte von 45 HRC durchgeh\u00e4rtet, f\u00fcr eine gute Flexibilit\u00e4t und H\u00e4rte der Klinge. Mit geschliffener Hamon. Die Klinge hat [&hellip;]<\/p>\n","protected":false},"featured_media":3974,"comment_status":"open","ping_status":"closed","template":"","meta":{"_acf_changed":false},"product_brand":[],"product_cat":[90,1722],"product_tag":[235,280,266,265,276,277,278,267,263,279,264,259,261,269,270,138,273,271,268,274,275,150,151,260,272],"class_list":{"0":"post-3981","1":"product","2":"type-product","3":"status-publish","4":"has-post-thumbnail","6":"product_cat-1045-kohlenstoffstahl","7":"product_cat-filmschwerter","8":"product_tag-235","9":"product_tag-280","10":"product_tag-1045er","11":"product_tag-265","12":"product_tag-asiatisches","13":"product_tag-bud","14":"product_tag-buds","15":"product_tag-carbonstahl","16":"product_tag-filmschwert","17":"product_tag-handgefertig","18":"product_tag-handgefertigtes","19":"product_tag-handgeschmiedet","20":"product_tag-handgeschmiedetes","21":"product_tag-i","22":"product_tag-ii","23":"product_tag-japanisches","24":"product_tag-killbill","25":"product_tag-kohlenstoff","26":"product_tag-kohlenstoffstahl","27":"product_tag-ninja","28":"product_tag-ninjaschwert","29":"product_tag-samurai","30":"product_tag-samuraischwert","31":"product_tag-scharf","32":"product_tag-stahl","33":"product_shipping_class-debrief145-2","35":"first","36":"instock","37":"sale","38":"taxable","39":"shipping-taxable","40":"purchasable","41":"product-type-simple"},"acf":[],"_links":{"self":[{"href":"https:\/\/samuraischwert.kaufen\/fr\/wp-json\/wp\/v2\/product\/3981","targetHints":{"allow":["GET"]}}],"collection":[{"href":"https:\/\/samuraischwert.kaufen\/fr\/wp-json\/wp\/v2\/product"}],"about":[{"href":"https:\/\/samuraischwert.kaufen\/fr\/wp-json\/wp\/v2\/types\/product"}],"replies":[{"embeddable":true,"href":"https:\/\/samuraischwert.kaufen\/fr\/wp-json\/wp\/v2\/comments?post=3981"}],"wp:featuredmedia":[{"embeddable":true,"href":"https:\/\/samuraischwert.kaufen\/fr\/wp-json\/wp\/v2\/media\/3974"}],"wp:attachment":[{"href":"https:\/\/samuraischwert.kaufen\/fr\/wp-json\/wp\/v2\/media?parent=3981"}],"wp:term":[{"taxonomy":"product_brand","embeddable":true,"href":"https:\/\/samuraischwert.kaufen\/fr\/wp-json\/wp\/v2\/product_brand?post=3981"},{"taxonomy":"product_cat","embeddable":true,"href":"https:\/\/samuraischwert.kaufen\/fr\/wp-json\/wp\/v2\/product_cat?post=3981"},{"taxonomy":"product_tag","embeddable":true,"href":"https:\/\/samuraischwert.kaufen\/fr\/wp-json\/wp\/v2\/product_tag?post=3981"}],"curies":[{"name":"wp","href":"https:\/\/api.w.org\/{rel}","templated":true}]}}