{"id":29848,"date":"2021-08-26T13:17:54","date_gmt":"2021-08-26T11:17:54","guid":{"rendered":"https:\/\/samuraischwert.kaufen\/produkt\/last-samurai-katana-samurai-schwert-mit-metall-klinge-aus-1045-carbonstahl\/"},"modified":"2026-04-21T20:05:20","modified_gmt":"2026-04-21T18:05:20","slug":"last-samurai-katana-samurai-sabre-avec-lame-metallique-en-acier-carbone-1045","status":"publish","type":"product","link":"https:\/\/samuraischwert.kaufen\/fr\/produkt\/last-samurai-katana-samurai-schwert-mit-metall-klinge-aus-1045-carbonstahl\/","title":{"rendered":"Last Samurai Katana Sabre de samoura\u00ef avec lame m\u00e9tallique en acier carbone 1045"},"content":{"rendered":"<p><b>Caract\u00e9ristiques du produit :<\/b><\/p>\n<p>- \u00c9p\u00e9e de samoura\u00ef \u00e0 lame tranchante<br \/>- Acier au carbone 1045 de haute qualit\u00e9<br \/>- Fabrication solide, faite \u00e0 la main<br \/>- Avec un large crochet de lame dans le manche<br \/>- \u00c9dition Dernier Samoura\u00ef<\/p>\n<p><b>Description du produit :<\/b><br \/>La lame :<br \/>A \u00e9t\u00e9 forg\u00e9 \u00e0 la main en acier au carbone 1045 de haute qualit\u00e9 et tremp\u00e9 \u00e0 c\u0153ur \u00e0 une duret\u00e9 de 45 HRC, ce qui assure une bonne flexibilit\u00e9 et duret\u00e9 de la lame. Avec hamon aff\u00fbt\u00e9.<br \/>Avec des caract\u00e8res grav\u00e9s sur la lame. Ces signes signifient : Le guerrier qui parvient \u00e0 allier tradition et modernit\u00e9 est autoris\u00e9 \u00e0 porter cette \u00e9p\u00e9e.<br \/>La lame est aff\u00fbt\u00e9e !<\/p>\n<p>La poign\u00e9e :<br \/>Fabriqu\u00e9 en bois massif, pour une stabilit\u00e9 et une durabilit\u00e9 optimales. Avec des inserts en v\u00e9ritable peau de raie blanche.<br \/>Grip noir en fibre synth\u00e9tique.<\/p>\n<p>La poign\u00e9e :<br \/>Reli\u00e9 par 2 mekugi \u00e0 la garde du sabre pour un maintien de la lame 100%.<br \/>Top optique gr\u00e2ce \u00e0 2 Menuki dor\u00e9s, motif : dragon.<\/p>\n<p>Le saya (fourreau de sabre) :<br \/>En bois, laqu\u00e9 noir. Avec sageo (ruban) dor\u00e9 et shito d\u00f4me dor\u00e9 (d\u00e9coration de l'ouverture de l'\u0153illet).<\/p>\n<p>La tsuba :<br \/>Poss\u00e8de le motif classique du dernier samoura\u00ef. Ce motif est un motif traditionnel japonais et symbolise la fleur de chrysanth\u00e8me, qui repr\u00e9sente l'immortalit\u00e9 au Japon.<\/p>\n<p>Dimensions :<br \/>- Longueur totale du sabre avec saya : 104 cm<br \/>- Longueur de la lame : 70,8 cm<br \/>- longueur de la poign\u00e9e : 29,5 cm<\/p>\n<p>Nous vous offrons le sac \u00e0 \u00e9p\u00e9e correspondant.<\/p>\n<p><strong>ATTENTION : L'achat de cet article n'est autoris\u00e9, selon la loi allemande, qu'aux personnes majeures. Nous v\u00e9rifions l'\u00e2ge de chaque acheteur !<br \/>Veuillez vous assurer que le destinataire d\u00e9pos\u00e9 r\u00e9ceptionne personnellement la livraison et qu'il puisse prouver son \u00e2ge au moyen d'une pi\u00e8ce d'identit\u00e9. L'\u00e2ge et l'identit\u00e9 seront v\u00e9rifi\u00e9s par le service de livraison au moment de la remise.<br \/>Veuillez noter que les commandes sans preuve d'\u00e2ge ne seront pas remises !<br \/>En raison du traitement particulier de cet article, aucune livraison n'est malheureusement possible aux stations d'emballage ou aux centres de r\u00e9ception de colis.<\/strong><\/p>\n<p>La v\u00e9ritable histoire des derniers samoura\u00efs :<\/p>\n<div class=\"embed-privacy-container is-disabled embed-www-youtube-nocookie-com\" data-embed-id=\"oembed_690bba3bf191cddf38fdd5dd6267a56a\" data-embed-provider=\"www-youtube-nocookie-com\" style=\"aspect-ratio: 560\/315;\">\t\t\t\t\t\t<button type=\"button\" class=\"embed-privacy-enable screen-reader-text\">Afficher \"YouTube video player\" depuis www.youtube-nocookie.com<\/button>\t\t\t\t\t\t<\/p>\n<div class=\"embed-privacy-overlay\">\n<div class=\"embed-privacy-inner\">\n<p>\t\tClick here to display content from www.youtube-nocookie.com.\t\t<\/p>\n<p class=\"embed-privacy-input-wrapper\">\t\t\t<input id=\"embed-privacy-store-www-youtube-nocookie-com-690bba3bf191cddf38fdd5dd6267a56a\" type=\"checkbox\" value=\"1\" class=\"embed-privacy-input\" data-embed-provider=\"www-youtube-nocookie-com\">\t\t\t<label for=\"embed-privacy-store-www-youtube-nocookie-com-690bba3bf191cddf38fdd5dd6267a56a\" class=\"embed-privacy-label\" data-embed-provider=\"www-youtube-nocookie-com\">\t\t\t\tToujours afficher le contenu de www.youtube-nocookie.com\t\t\t<\/label>\t\t<\/p>\n<\/p><\/div>\n<div class=\"embed-privacy-footer\"><span class=\"embed-privacy-url\"><a href=\"https:\/\/www.youtube-nocookie.com\/embed\/IlLbIjCAM48\" target=\"_blank\" rel=\"noopener\">Ouvrir \"YouTube video player\" directement<\/a><\/span><\/div>\n<\/p><\/div>\n<div class=\"embed-privacy-content\">\t\t\t\t<script>var _oembed_690bba3bf191cddf38fdd5dd6267a56a = '{\\\"embed\\\":\\\"&lt;iframe width=&quot;560&quot; height=&quot;315&quot; src=&quot;https:\\\\\/\\\\\/www.youtube-nocookie.com\\\\\/embed\\\\\/IlLbIjCAM48&quot; title=&quot;YouTube video player&quot; frameborder=&quot;0&quot; allow=&quot;accelerometer; autoplay; clipboard-write; encrypted-media; gyroscope; picture-in-picture&quot; allowfullscreen&gt;&lt;\\\\\/iframe&gt;\\\"}';<\/script>\t\t\t<\/div>\n<\/p><\/div>\n<p>Fabricant : DerShogun, Andara GmbH, Brunnenweg 15, 64331 Weiterstadt, info@andara-gmbh.de<\/p>\n<div class=\"shariff shariff-align-left shariff-widget-align-left\"><ul class=\"shariff-buttons theme-grey orientation-horizontal buttonsize-medium\"><li class=\"shariff-button twitter shariff-nocustomcolor\" style=\"background-color:#595959\"><a href=\"https:\/\/twitter.com\/share?url=https%3A%2F%2Fsamuraischwert.kaufen%2Ffr%2Fprodukt%2Flast-samurai-katana-samurai-schwert-mit-metall-klinge-aus-1045-carbonstahl%2F&text=Last%20Samurai%20Katana%20Samurai%20Schwert%20mit%20Metall%20Klinge%20aus%201045%20Carbonstahl\" title=\"Partager sur X\" aria-label=\"Partager sur X\" role=\"button\" rel=\"noopener nofollow\" class=\"shariff-link\" style=\"; background-color:#000; color:#fff\" target=\"_blank\"><span class=\"shariff-icon\" style=\"\"><svg width=\"32px\" height=\"20px\" xmlns=\"http:\/\/www.w3.org\/2000\/svg\" viewbox=\"0 0 24 24\"><path fill=\"#000\" d=\"M14.258 10.152L23.176 0h-2.113l-7.747 8.813L7.133 0H0l9.352 13.328L0 23.973h2.113l8.176-9.309 6.531 9.309h7.133zm-2.895 3.293l-.949-1.328L2.875 1.56h3.246l6.086 8.523.945 1.328 7.91 11.078h-3.246zm0 0\"\/><\/svg><\/span><span class=\"shariff-text\">partager<\/span>&nbsp;<\/a><\/li><li class=\"shariff-button facebook shariff-nocustomcolor\" style=\"background-color:#4273c8\"><a href=\"https:\/\/www.facebook.com\/sharer\/sharer.php?u=https%3A%2F%2Fsamuraischwert.kaufen%2Ffr%2Fprodukt%2Flast-samurai-katana-samurai-schwert-mit-metall-klinge-aus-1045-carbonstahl%2F\" title=\"Partager sur Facebook\" aria-label=\"Partager sur Facebook\" role=\"button\" rel=\"nofollow\" class=\"shariff-link\" style=\"; background-color:#3b5998; color:#fff\" target=\"_blank\"><span class=\"shariff-icon\" style=\"\"><svg width=\"32px\" height=\"20px\" xmlns=\"http:\/\/www.w3.org\/2000\/svg\" viewbox=\"0 0 18 32\"><path fill=\"#3b5998\" d=\"M17.1 0.2v4.7h-2.8q-1.5 0-2.1 0.6t-0.5 1.9v3.4h5.2l-0.7 5.3h-4.5v13.6h-5.5v-13.6h-4.5v-5.3h4.5v-3.9q0-3.3 1.9-5.2t5-1.8q2.6 0 4.1 0.2z\"\/><\/svg><\/span><span class=\"shariff-text\">partager<\/span>&nbsp;<\/a><\/li><li class=\"shariff-button xing shariff-nocustomcolor\" style=\"background-color:#29888a\"><a href=\"https:\/\/www.xing.com\/spi\/shares\/new?url=https%3A%2F%2Fsamuraischwert.kaufen%2Ffr%2Fprodukt%2Flast-samurai-katana-samurai-schwert-mit-metall-klinge-aus-1045-carbonstahl%2F\" title=\"Partager sur XING\" aria-label=\"Partager sur XING\" role=\"button\" rel=\"noopener nofollow\" class=\"shariff-link\" style=\"; background-color:#126567; color:#fff\" target=\"_blank\"><span class=\"shariff-icon\" style=\"\"><svg width=\"32px\" height=\"20px\" xmlns=\"http:\/\/www.w3.org\/2000\/svg\" viewbox=\"0 0 25 32\"><path fill=\"#126567\" d=\"M10.7 11.9q-0.2 0.3-4.6 8.2-0.5 0.8-1.2 0.8h-4.3q-0.4 0-0.5-0.3t0-0.6l4.5-8q0 0 0 0l-2.9-5q-0.2-0.4 0-0.7 0.2-0.3 0.5-0.3h4.3q0.7 0 1.2 0.8zM25.1 0.4q0.2 0.3 0 0.7l-9.4 16.7 6 11q0.2 0.4 0 0.6-0.2 0.3-0.6 0.3h-4.3q-0.7 0-1.2-0.8l-6-11.1q0.3-0.6 9.5-16.8 0.4-0.8 1.2-0.8h4.3q0.4 0 0.5 0.3z\"\/><\/svg><\/span><span class=\"shariff-text\">partager<\/span>&nbsp;<\/a><\/li><li class=\"shariff-button linkedin shariff-nocustomcolor\" style=\"background-color:#1488bf\"><a href=\"https:\/\/www.linkedin.com\/sharing\/share-offsite\/?url=https%3A%2F%2Fsamuraischwert.kaufen%2Ffr%2Fprodukt%2Flast-samurai-katana-samurai-schwert-mit-metall-klinge-aus-1045-carbonstahl%2F\" title=\"Partager sur LinkedIn\" aria-label=\"Partager sur LinkedIn\" role=\"button\" rel=\"noopener nofollow\" class=\"shariff-link\" style=\"; background-color:#0077b5; color:#fff\" target=\"_blank\"><span class=\"shariff-icon\" style=\"\"><svg width=\"32px\" height=\"20px\" xmlns=\"http:\/\/www.w3.org\/2000\/svg\" viewbox=\"0 0 27 32\"><path fill=\"#0077b5\" d=\"M6.2 11.2v17.7h-5.9v-17.7h5.9zM6.6 5.7q0 1.3-0.9 2.2t-2.4 0.9h0q-1.5 0-2.4-0.9t-0.9-2.2 0.9-2.2 2.4-0.9 2.4 0.9 0.9 2.2zM27.4 18.7v10.1h-5.9v-9.5q0-1.9-0.7-2.9t-2.3-1.1q-1.1 0-1.9 0.6t-1.2 1.5q-0.2 0.5-0.2 1.4v9.9h-5.9q0-7.1 0-11.6t0-5.3l0-0.9h5.9v2.6h0q0.4-0.6 0.7-1t1-0.9 1.6-0.8 2-0.3q3 0 4.9 2t1.9 6z\"\/><\/svg><\/span><span class=\"shariff-text\">partager<\/span>&nbsp;<\/a><\/li><li class=\"shariff-button mailto shariff-nocustomcolor\" style=\"background-color:#a8a8a8\"><a href=\"mailto:?body=https%3A%2F%2Fsamuraischwert.kaufen%2Ffr%2Fprodukt%2Flast-samurai-katana-samurai-schwert-mit-metall-klinge-aus-1045-carbonstahl%2F&subject=Last%20Samurai%20Katana%20Samurai%20Schwert%20mit%20Metall%20Klinge%20aus%201045%20Carbonstahl\" title=\"Envoyer par e-mail\" aria-label=\"Envoyer par e-mail\" role=\"button\" rel=\"noopener nofollow\" class=\"shariff-link\" style=\"; background-color:#999; color:#fff\"><span class=\"shariff-icon\" style=\"\"><svg width=\"32px\" height=\"20px\" xmlns=\"http:\/\/www.w3.org\/2000\/svg\" viewbox=\"0 0 32 32\"><path fill=\"#999\" d=\"M32 12.7v14.2q0 1.2-0.8 2t-2 0.9h-26.3q-1.2 0-2-0.9t-0.8-2v-14.2q0.8 0.9 1.8 1.6 6.5 4.4 8.9 6.1 1 0.8 1.6 1.2t1.7 0.9 2 0.4h0.1q0.9 0 2-0.4t1.7-0.9 1.6-1.2q3-2.2 8.9-6.1 1-0.7 1.8-1.6zM32 7.4q0 1.4-0.9 2.7t-2.2 2.2q-6.7 4.7-8.4 5.8-0.2 0.1-0.7 0.5t-1 0.7-0.9 0.6-1.1 0.5-0.9 0.2h-0.1q-0.4 0-0.9-0.2t-1.1-0.5-0.9-0.6-1-0.7-0.7-0.5q-1.6-1.1-4.7-3.2t-3.6-2.6q-1.1-0.7-2.1-2t-1-2.5q0-1.4 0.7-2.3t2.1-0.9h26.3q1.2 0 2 0.8t0.9 2z\"\/><\/svg><\/span><span class=\"shariff-text\">Courrier \u00e9lectronique<\/span>&nbsp;<\/a><\/li><li class=\"shariff-button whatsapp shariff-nocustomcolor\" style=\"background-color:#5cbe4a\"><a href=\"https:\/\/api.whatsapp.com\/send?text=https%3A%2F%2Fsamuraischwert.kaufen%2Ffr%2Fprodukt%2Flast-samurai-katana-samurai-schwert-mit-metall-klinge-aus-1045-carbonstahl%2F%20Last%20Samurai%20Katana%20Samurai%20Schwert%20mit%20Metall%20Klinge%20aus%201045%20Carbonstahl\" title=\"Partager sur Whatsapp\" aria-label=\"Partager sur Whatsapp\" role=\"button\" rel=\"noopener nofollow\" class=\"shariff-link\" style=\"; background-color:#34af23; color:#fff\" target=\"_blank\"><span class=\"shariff-icon\" style=\"\"><svg width=\"32px\" height=\"20px\" xmlns=\"http:\/\/www.w3.org\/2000\/svg\" viewbox=\"0 0 32 32\"><path fill=\"#34af23\" d=\"M17.6 17.4q0.2 0 1.7 0.8t1.6 0.9q0 0.1 0 0.3 0 0.6-0.3 1.4-0.3 0.7-1.3 1.2t-1.8 0.5q-1 0-3.4-1.1-1.7-0.8-3-2.1t-2.6-3.3q-1.3-1.9-1.3-3.5v-0.1q0.1-1.6 1.3-2.8 0.4-0.4 0.9-0.4 0.1 0 0.3 0t0.3 0q0.3 0 0.5 0.1t0.3 0.5q0.1 0.4 0.6 1.6t0.4 1.3q0 0.4-0.6 1t-0.6 0.8q0 0.1 0.1 0.3 0.6 1.3 1.8 2.4 1 0.9 2.7 1.8 0.2 0.1 0.4 0.1 0.3 0 1-0.9t0.9-0.9zM14 26.9q2.3 0 4.3-0.9t3.6-2.4 2.4-3.6 0.9-4.3-0.9-4.3-2.4-3.6-3.6-2.4-4.3-0.9-4.3 0.9-3.6 2.4-2.4 3.6-0.9 4.3q0 3.6 2.1 6.6l-1.4 4.2 4.3-1.4q2.8 1.9 6.2 1.9zM14 2.2q2.7 0 5.2 1.1t4.3 2.9 2.9 4.3 1.1 5.2-1.1 5.2-2.9 4.3-4.3 2.9-5.2 1.1q-3.5 0-6.5-1.7l-7.4 2.4 2.4-7.2q-1.9-3.2-1.9-6.9 0-2.7 1.1-5.2t2.9-4.3 4.3-2.9 5.2-1.1z\"\/><\/svg><\/span><span class=\"shariff-text\">partager<\/span>&nbsp;<\/a><\/li><\/ul><\/div>","protected":false},"excerpt":{"rendered":"<p>Produktmerkmale:\u2013 Samuraischwert mit scharfer Klinge\u2013 Hochwertiger 1045er Kohlenstoffstahl\u2013 Solide Verarbeitung, handgefertigt\u2013 Mit breiter Klingenangel im Griff\u2013 Last Samurai Edition Produktbeschreibung:Die Klinge:Wurde aus hochwertigem 1045 Kohlenstoffstahl von Hand geschmiedet und mit einer H\u00e4rte von 45 HRC durchgeh\u00e4rtet, das sorgt f\u00fcr eine gute Flexibilit\u00e4t und H\u00e4rte der Klinge. Mit geschliffener Hamon.Mit eingravierten Schriftzeichen auf der Klinge. Die [&hellip;]<\/p>\n","protected":false},"featured_media":29849,"comment_status":"open","ping_status":"closed","template":"","meta":{"_acf_changed":false},"product_brand":[],"product_cat":[90,1722],"product_tag":[1400,1403,301,286,378,379,287,263,1404,262,259,164,138,268,1401,1402,1097,1399,150,131,290],"class_list":{"0":"post-29848","1":"product","2":"type-product","3":"status-publish","4":"has-post-thumbnail","6":"product_cat-1045-kohlenstoffstahl","7":"product_cat-filmschwerter","8":"product_tag-allgren","9":"product_tag-cuise","10":"product_tag-der","11":"product_tag-dvd","12":"product_tag-echt","13":"product_tag-echtes","14":"product_tag-film","15":"product_tag-filmschwert","16":"product_tag-filmschwerter","17":"product_tag-handgefertigt","18":"product_tag-handgeschmiedet","19":"product_tag-japan","20":"product_tag-japanisches","21":"product_tag-kohlenstoffstahl","22":"product_tag-letzte","23":"product_tag-merch","24":"product_tag-merchandize","25":"product_tag-nathen","26":"product_tag-samurai","27":"product_tag-schwert","28":"product_tag-tom","29":"product_shipping_class-debrief145-2","31":"first","32":"instock","33":"taxable","34":"shipping-taxable","35":"purchasable","36":"product-type-simple"},"acf":[],"_links":{"self":[{"href":"https:\/\/samuraischwert.kaufen\/fr\/wp-json\/wp\/v2\/product\/29848","targetHints":{"allow":["GET"]}}],"collection":[{"href":"https:\/\/samuraischwert.kaufen\/fr\/wp-json\/wp\/v2\/product"}],"about":[{"href":"https:\/\/samuraischwert.kaufen\/fr\/wp-json\/wp\/v2\/types\/product"}],"replies":[{"embeddable":true,"href":"https:\/\/samuraischwert.kaufen\/fr\/wp-json\/wp\/v2\/comments?post=29848"}],"wp:featuredmedia":[{"embeddable":true,"href":"https:\/\/samuraischwert.kaufen\/fr\/wp-json\/wp\/v2\/media\/29849"}],"wp:attachment":[{"href":"https:\/\/samuraischwert.kaufen\/fr\/wp-json\/wp\/v2\/media?parent=29848"}],"wp:term":[{"taxonomy":"product_brand","embeddable":true,"href":"https:\/\/samuraischwert.kaufen\/fr\/wp-json\/wp\/v2\/product_brand?post=29848"},{"taxonomy":"product_cat","embeddable":true,"href":"https:\/\/samuraischwert.kaufen\/fr\/wp-json\/wp\/v2\/product_cat?post=29848"},{"taxonomy":"product_tag","embeddable":true,"href":"https:\/\/samuraischwert.kaufen\/fr\/wp-json\/wp\/v2\/product_tag?post=29848"}],"curies":[{"name":"wp","href":"https:\/\/api.w.org\/{rel}","templated":true}]}}