{"id":20422,"date":"2020-09-01T17:22:03","date_gmt":"2020-09-01T15:22:03","guid":{"rendered":"https:\/\/samuraischwert.kaufen\/shop\/unkategorisiert\/schleifpapier-set-fuer-rostentfernung-koernung-1000-2000-3000-5000-7000\/"},"modified":"2026-04-08T21:57:42","modified_gmt":"2026-04-08T19:57:42","slug":"papier-abrasif-pour-lelimination-de-la-rouille-1000-2000-3000-5000-7000","status":"publish","type":"product","link":"https:\/\/samuraischwert.kaufen\/fr\/produkt\/schleifpapier-set-fuer-rostentfernung-koernung-1000-2000-3000-5000-7000\/","title":{"rendered":"Set pour l'\u00e9limination de la rouille Brosse m\u00e9tallique Papier abrasif Granulation 1000 2000 3000 5000 7000"},"content":{"rendered":"<p><b>Caract\u00e9ristiques du produit :<br \/><\/b>- Kit pour l'\u00e9limination de la rouille compos\u00e9 d'une brosse m\u00e9tallique et d'un papier abrasif<br \/>- Brosse avec fil de laiton pour une \u00e9limination en douceur de la rouille<br \/>- Papier abrasif dans les graduations 1000 2000 3000 5000 et 7000, 4 feuilles de chaque grain<br \/>- Pour \u00e9liminer les d\u00e9p\u00f4ts de rouille sur les lames<br \/>- Kit de premiers secours pour votre lame<\/p>\n<p><b>Description du produit :<\/b><br \/>La brosse m\u00e9tallique incluse a des poils en laiton. Le laiton est plus doux que la plupart des autres m\u00e9taux, mais suffisamment dur pour enlever la rouille.<br \/>C'est pourquoi la brosse convient \u00e0 l'\u00e9limination superficielle de la rouille sur pratiquement toutes les lames. Pour cela, il suffit de brosser la rouille avec la brosse.<\/p>\n<p>La deuxi\u00e8me \u00e9tape consiste \u00e0 utiliser le papier abrasif.<br \/>Le kit contient au total 20 feuilles de papier abrasif qui peuvent \u00eatre utilis\u00e9es \u00e0 sec ou \u00e0 l'eau.<br \/>4 feuilles dans chacune des granulom\u00e9tries 1000, 2000, 3000, 5000 et 7000.<\/p>\n<p>Les grains 1000 - 3000 sont n\u00e9cessaires en cas de formation de rouille avanc\u00e9e et de lames satin\u00e9es, afin d'\u00e9liminer la rouille existante et de redresser les points de rouille.<br \/>Les grains 5000 et 7000 sont n\u00e9cessaires pour \u00e9liminer les l\u00e9g\u00e8res traces de rouille ou les traces laiss\u00e9es par les grains plus grossiers.<br \/>Apr\u00e8s l'aiguisage \u00e0 l'eau avec un grain de 7000, il suffit de traiter la lame avec de l'Uchiko ou du polish pour m\u00e9taux pour obtenir une finition acceptable.<br \/>Dimensions de chaque feuille : env. 23 x 9,5 cm<\/p>\n<p>Ce kit de premier secours est destin\u00e9 \u00e0 \u00e9liminer la formation de rouille sur les lames modernes de s\u00e9rie. Il ne remplace pas un processus de polissage en plusieurs \u00e9tapes par un sp\u00e9cialiste. Veuillez utiliser le kit avec pr\u00e9caution, car les composants peuvent provoquer des rayures et des dommages irr\u00e9parables sur la lame en cas de mauvaise manipulation.<\/p>\n<p>Fabricant : DerShogun, Andara GmbH, Brunnenweg 15, 64331 Weiterstadt, info@andara-gmbh.de<\/p>\n<div class=\"shariff shariff-align-left shariff-widget-align-left\"><ul class=\"shariff-buttons theme-grey orientation-horizontal buttonsize-medium\"><li class=\"shariff-button twitter shariff-nocustomcolor\" style=\"background-color:#595959\"><a href=\"https:\/\/twitter.com\/share?url=https%3A%2F%2Fsamuraischwert.kaufen%2Ffr%2Fprodukt%2Fschleifpapier-set-fuer-rostentfernung-koernung-1000-2000-3000-5000-7000%2F&text=Set%20f%C3%BCr%20Rostentfernung%20Drahtb%C3%BCrste%20Schleifpapier%20K%C3%B6rnung%201000%202000%203000%205000%207000\" title=\"Partager sur X\" aria-label=\"Partager sur X\" role=\"button\" rel=\"noopener nofollow\" class=\"shariff-link\" style=\"; background-color:#000; color:#fff\" target=\"_blank\"><span class=\"shariff-icon\" style=\"\"><svg width=\"32px\" height=\"20px\" xmlns=\"http:\/\/www.w3.org\/2000\/svg\" viewbox=\"0 0 24 24\"><path fill=\"#000\" d=\"M14.258 10.152L23.176 0h-2.113l-7.747 8.813L7.133 0H0l9.352 13.328L0 23.973h2.113l8.176-9.309 6.531 9.309h7.133zm-2.895 3.293l-.949-1.328L2.875 1.56h3.246l6.086 8.523.945 1.328 7.91 11.078h-3.246zm0 0\"\/><\/svg><\/span><span class=\"shariff-text\">partager<\/span>&nbsp;<\/a><\/li><li class=\"shariff-button facebook shariff-nocustomcolor\" style=\"background-color:#4273c8\"><a href=\"https:\/\/www.facebook.com\/sharer\/sharer.php?u=https%3A%2F%2Fsamuraischwert.kaufen%2Ffr%2Fprodukt%2Fschleifpapier-set-fuer-rostentfernung-koernung-1000-2000-3000-5000-7000%2F\" title=\"Partager sur Facebook\" aria-label=\"Partager sur Facebook\" role=\"button\" rel=\"nofollow\" class=\"shariff-link\" style=\"; background-color:#3b5998; color:#fff\" target=\"_blank\"><span class=\"shariff-icon\" style=\"\"><svg width=\"32px\" height=\"20px\" xmlns=\"http:\/\/www.w3.org\/2000\/svg\" viewbox=\"0 0 18 32\"><path fill=\"#3b5998\" d=\"M17.1 0.2v4.7h-2.8q-1.5 0-2.1 0.6t-0.5 1.9v3.4h5.2l-0.7 5.3h-4.5v13.6h-5.5v-13.6h-4.5v-5.3h4.5v-3.9q0-3.3 1.9-5.2t5-1.8q2.6 0 4.1 0.2z\"\/><\/svg><\/span><span class=\"shariff-text\">partager<\/span>&nbsp;<\/a><\/li><li class=\"shariff-button xing shariff-nocustomcolor\" style=\"background-color:#29888a\"><a href=\"https:\/\/www.xing.com\/spi\/shares\/new?url=https%3A%2F%2Fsamuraischwert.kaufen%2Ffr%2Fprodukt%2Fschleifpapier-set-fuer-rostentfernung-koernung-1000-2000-3000-5000-7000%2F\" title=\"Partager sur XING\" aria-label=\"Partager sur XING\" role=\"button\" rel=\"noopener nofollow\" class=\"shariff-link\" style=\"; background-color:#126567; color:#fff\" target=\"_blank\"><span class=\"shariff-icon\" style=\"\"><svg width=\"32px\" height=\"20px\" xmlns=\"http:\/\/www.w3.org\/2000\/svg\" viewbox=\"0 0 25 32\"><path fill=\"#126567\" d=\"M10.7 11.9q-0.2 0.3-4.6 8.2-0.5 0.8-1.2 0.8h-4.3q-0.4 0-0.5-0.3t0-0.6l4.5-8q0 0 0 0l-2.9-5q-0.2-0.4 0-0.7 0.2-0.3 0.5-0.3h4.3q0.7 0 1.2 0.8zM25.1 0.4q0.2 0.3 0 0.7l-9.4 16.7 6 11q0.2 0.4 0 0.6-0.2 0.3-0.6 0.3h-4.3q-0.7 0-1.2-0.8l-6-11.1q0.3-0.6 9.5-16.8 0.4-0.8 1.2-0.8h4.3q0.4 0 0.5 0.3z\"\/><\/svg><\/span><span class=\"shariff-text\">partager<\/span>&nbsp;<\/a><\/li><li class=\"shariff-button linkedin shariff-nocustomcolor\" style=\"background-color:#1488bf\"><a href=\"https:\/\/www.linkedin.com\/sharing\/share-offsite\/?url=https%3A%2F%2Fsamuraischwert.kaufen%2Ffr%2Fprodukt%2Fschleifpapier-set-fuer-rostentfernung-koernung-1000-2000-3000-5000-7000%2F\" title=\"Partager sur LinkedIn\" aria-label=\"Partager sur LinkedIn\" role=\"button\" rel=\"noopener nofollow\" class=\"shariff-link\" style=\"; background-color:#0077b5; color:#fff\" target=\"_blank\"><span class=\"shariff-icon\" style=\"\"><svg width=\"32px\" height=\"20px\" xmlns=\"http:\/\/www.w3.org\/2000\/svg\" viewbox=\"0 0 27 32\"><path fill=\"#0077b5\" d=\"M6.2 11.2v17.7h-5.9v-17.7h5.9zM6.6 5.7q0 1.3-0.9 2.2t-2.4 0.9h0q-1.5 0-2.4-0.9t-0.9-2.2 0.9-2.2 2.4-0.9 2.4 0.9 0.9 2.2zM27.4 18.7v10.1h-5.9v-9.5q0-1.9-0.7-2.9t-2.3-1.1q-1.1 0-1.9 0.6t-1.2 1.5q-0.2 0.5-0.2 1.4v9.9h-5.9q0-7.1 0-11.6t0-5.3l0-0.9h5.9v2.6h0q0.4-0.6 0.7-1t1-0.9 1.6-0.8 2-0.3q3 0 4.9 2t1.9 6z\"\/><\/svg><\/span><span class=\"shariff-text\">partager<\/span>&nbsp;<\/a><\/li><li class=\"shariff-button mailto shariff-nocustomcolor\" style=\"background-color:#a8a8a8\"><a href=\"mailto:?body=https%3A%2F%2Fsamuraischwert.kaufen%2Ffr%2Fprodukt%2Fschleifpapier-set-fuer-rostentfernung-koernung-1000-2000-3000-5000-7000%2F&subject=Set%20f%C3%BCr%20Rostentfernung%20Drahtb%C3%BCrste%20Schleifpapier%20K%C3%B6rnung%201000%202000%203000%205000%207000\" title=\"Envoyer par e-mail\" aria-label=\"Envoyer par e-mail\" role=\"button\" rel=\"noopener nofollow\" class=\"shariff-link\" style=\"; background-color:#999; color:#fff\"><span class=\"shariff-icon\" style=\"\"><svg width=\"32px\" height=\"20px\" xmlns=\"http:\/\/www.w3.org\/2000\/svg\" viewbox=\"0 0 32 32\"><path fill=\"#999\" d=\"M32 12.7v14.2q0 1.2-0.8 2t-2 0.9h-26.3q-1.2 0-2-0.9t-0.8-2v-14.2q0.8 0.9 1.8 1.6 6.5 4.4 8.9 6.1 1 0.8 1.6 1.2t1.7 0.9 2 0.4h0.1q0.9 0 2-0.4t1.7-0.9 1.6-1.2q3-2.2 8.9-6.1 1-0.7 1.8-1.6zM32 7.4q0 1.4-0.9 2.7t-2.2 2.2q-6.7 4.7-8.4 5.8-0.2 0.1-0.7 0.5t-1 0.7-0.9 0.6-1.1 0.5-0.9 0.2h-0.1q-0.4 0-0.9-0.2t-1.1-0.5-0.9-0.6-1-0.7-0.7-0.5q-1.6-1.1-4.7-3.2t-3.6-2.6q-1.1-0.7-2.1-2t-1-2.5q0-1.4 0.7-2.3t2.1-0.9h26.3q1.2 0 2 0.8t0.9 2z\"\/><\/svg><\/span><span class=\"shariff-text\">Courrier \u00e9lectronique<\/span>&nbsp;<\/a><\/li><li class=\"shariff-button whatsapp shariff-nocustomcolor\" style=\"background-color:#5cbe4a\"><a href=\"https:\/\/api.whatsapp.com\/send?text=https%3A%2F%2Fsamuraischwert.kaufen%2Ffr%2Fprodukt%2Fschleifpapier-set-fuer-rostentfernung-koernung-1000-2000-3000-5000-7000%2F%20Set%20f%C3%BCr%20Rostentfernung%20Drahtb%C3%BCrste%20Schleifpapier%20K%C3%B6rnung%201000%202000%203000%205000%207000\" title=\"Partager sur Whatsapp\" aria-label=\"Partager sur Whatsapp\" role=\"button\" rel=\"noopener nofollow\" class=\"shariff-link\" style=\"; background-color:#34af23; color:#fff\" target=\"_blank\"><span class=\"shariff-icon\" style=\"\"><svg width=\"32px\" height=\"20px\" xmlns=\"http:\/\/www.w3.org\/2000\/svg\" viewbox=\"0 0 32 32\"><path fill=\"#34af23\" d=\"M17.6 17.4q0.2 0 1.7 0.8t1.6 0.9q0 0.1 0 0.3 0 0.6-0.3 1.4-0.3 0.7-1.3 1.2t-1.8 0.5q-1 0-3.4-1.1-1.7-0.8-3-2.1t-2.6-3.3q-1.3-1.9-1.3-3.5v-0.1q0.1-1.6 1.3-2.8 0.4-0.4 0.9-0.4 0.1 0 0.3 0t0.3 0q0.3 0 0.5 0.1t0.3 0.5q0.1 0.4 0.6 1.6t0.4 1.3q0 0.4-0.6 1t-0.6 0.8q0 0.1 0.1 0.3 0.6 1.3 1.8 2.4 1 0.9 2.7 1.8 0.2 0.1 0.4 0.1 0.3 0 1-0.9t0.9-0.9zM14 26.9q2.3 0 4.3-0.9t3.6-2.4 2.4-3.6 0.9-4.3-0.9-4.3-2.4-3.6-3.6-2.4-4.3-0.9-4.3 0.9-3.6 2.4-2.4 3.6-0.9 4.3q0 3.6 2.1 6.6l-1.4 4.2 4.3-1.4q2.8 1.9 6.2 1.9zM14 2.2q2.7 0 5.2 1.1t4.3 2.9 2.9 4.3 1.1 5.2-1.1 5.2-2.9 4.3-4.3 2.9-5.2 1.1q-3.5 0-6.5-1.7l-7.4 2.4 2.4-7.2q-1.9-3.2-1.9-6.9 0-2.7 1.1-5.2t2.9-4.3 4.3-2.9 5.2-1.1z\"\/><\/svg><\/span><span class=\"shariff-text\">partager<\/span>&nbsp;<\/a><\/li><\/ul><\/div>","protected":false},"excerpt":{"rendered":"<p>Produktmerkmale:&#8211; Set f\u00fcr die Rostentfernung aus Drahtb\u00fcrste und Schleifpapier&#8211; B\u00fcrste mit Messingdraht f\u00fcr schonende Rostentfernung&#8211; Schleifpapier in den Abstufungen 1000 2000 3000 5000 und 7000, jeweils 4 Blatt von jeder K\u00f6rnung&#8211; F\u00fcr das Entfernen von Rostansatz auf Klingen&#8211; Erste Hilfe Set f\u00fcr Ihre Klinge Produktbeschreibung:Die enthaltene\u00a0 Drahtb\u00fcrste hat Borsten aus Messing. Messing ist weicher als [&hellip;]<\/p>\n","protected":false},"featured_media":35266,"comment_status":"open","ping_status":"closed","template":"","meta":{"_acf_changed":false},"product_brand":[],"product_cat":[82],"product_tag":[154,1267,152,1264,151,1266,1263,1265],"class_list":{"0":"post-20422","1":"product","2":"type-product","3":"status-publish","4":"has-post-thumbnail","6":"product_cat-schwertpflege","7":"product_tag-katana","8":"product_tag-klingen","9":"product_tag-messer","10":"product_tag-nassschleifpapier","11":"product_tag-samuraischwert","12":"product_tag-sandpaper","13":"product_tag-schleifpapierset","14":"product_tag-trockenschleifpapier","15":"product_shipping_class-debrief145-2","17":"first","18":"instock","19":"taxable","20":"shipping-taxable","21":"purchasable","22":"product-type-simple"},"acf":[],"_links":{"self":[{"href":"https:\/\/samuraischwert.kaufen\/fr\/wp-json\/wp\/v2\/product\/20422","targetHints":{"allow":["GET"]}}],"collection":[{"href":"https:\/\/samuraischwert.kaufen\/fr\/wp-json\/wp\/v2\/product"}],"about":[{"href":"https:\/\/samuraischwert.kaufen\/fr\/wp-json\/wp\/v2\/types\/product"}],"replies":[{"embeddable":true,"href":"https:\/\/samuraischwert.kaufen\/fr\/wp-json\/wp\/v2\/comments?post=20422"}],"wp:featuredmedia":[{"embeddable":true,"href":"https:\/\/samuraischwert.kaufen\/fr\/wp-json\/wp\/v2\/media\/35266"}],"wp:attachment":[{"href":"https:\/\/samuraischwert.kaufen\/fr\/wp-json\/wp\/v2\/media?parent=20422"}],"wp:term":[{"taxonomy":"product_brand","embeddable":true,"href":"https:\/\/samuraischwert.kaufen\/fr\/wp-json\/wp\/v2\/product_brand?post=20422"},{"taxonomy":"product_cat","embeddable":true,"href":"https:\/\/samuraischwert.kaufen\/fr\/wp-json\/wp\/v2\/product_cat?post=20422"},{"taxonomy":"product_tag","embeddable":true,"href":"https:\/\/samuraischwert.kaufen\/fr\/wp-json\/wp\/v2\/product_tag?post=20422"}],"curies":[{"name":"wp","href":"https:\/\/api.w.org\/{rel}","templated":true}]}}