{"id":19305,"date":"2020-07-14T15:05:13","date_gmt":"2020-07-14T13:05:13","guid":{"rendered":"https:\/\/samuraischwert.kaufen\/shop\/unkategorisiert\/katana-wakizashi-schwertpaar-daisho-kuro-tatsu-2\/"},"modified":"2026-04-04T17:03:38","modified_gmt":"2026-04-04T15:03:38","slug":"katana-wakizashi-paire-de-sabres-daisho-kuro-tatsu","status":"publish","type":"product","link":"https:\/\/samuraischwert.kaufen\/fr\/produkt\/katana-wakizashi-schwertpaar-daisho-kuro-tatsu\/","title":{"rendered":"Paire de katana wakizashi Daisho Kuro Tatsu"},"content":{"rendered":"<p><b>Caract\u00e9ristiques du produit :<\/b><br \/>- Acier \u00e0 ressort \u00e0 haute teneur en silicium, id\u00e9al pour les exercices de coupe<br \/>- Fait \u00e0 la main, tr\u00e8s bonne finition<br \/>- La paire de sabres classique du samoura\u00ef<br \/>- La qualit\u00e9 de la marque Toshiro Swords avec un vaste ensemble d'accessoires<br \/>- Vente \u00e0 partir de 18 ans !<\/p>\n<p><b>Description du produit :<\/b><br \/>Le set classique de sabres de samoura\u00ef (Daisho) que seuls les samoura\u00efs \u00e9taient traditionnellement autoris\u00e9s \u00e0 porter.<\/p>\n<p>Il se compose d'un katana Kuro Tatsu et d'un wakizashi Kuro Tatsu de Toshiro Swords.<br \/>Les deux sabres ont pour motif le dragon (Tatsu). Le dragon est la cr\u00e9ature la plus importante de la mythologie japonaise et repr\u00e9sente la chance, le pouvoir et la sagesse. Les deux \u00e9p\u00e9es sont visuellement assorties. Un ensemble noble, fabriqu\u00e9 \u00e0 la main. Dimensions du katana :<\/p>\n<p>- longueur totale avec Saya : env. 104 cm<br \/>- Longueur totale de l'\u00e9p\u00e9e : env. 101 cm<br \/>- Longueur du manche : env. 28,5 cm<br \/>- Poids avec Saya : env. 1260 grammes<br \/>- Poids du guide : env. 1010 grammes<\/p>\n<p>Dimensions du wakizashi :<br \/>- longueur totale avec Saya : env. 82 cm<br \/>- longueur totale de l'\u00e9p\u00e9e : env.79 cm<br \/>- longueur de la poign\u00e9e : environ 24,5 cm<br \/>- Poids avec Saya : env. 1100 grammes<br \/>- Poids du guide : env. 850 grammes<br \/>Le sabre est con\u00e7u pour des applications avec des tatamis omote.<\/p>\n<p>Les deux sabres ont une lame tr\u00e8s tranchante en acier au carbone de haute qualit\u00e9 d'une duret\u00e9 de 55 HRC. Ils sont con\u00e7us pour les tests de coupe avec tatami omote.<\/p>\n<p><strong>ATTENTION : L'achat de cet article n'est autoris\u00e9, selon la loi allemande, qu'aux personnes majeures. Nous v\u00e9rifions l'\u00e2ge de chaque acheteur !<br \/>Veuillez vous assurer que le destinataire d\u00e9pos\u00e9 r\u00e9ceptionne personnellement la livraison et qu'il puisse prouver son \u00e2ge au moyen d'une pi\u00e8ce d'identit\u00e9. L'\u00e2ge et l'identit\u00e9 seront v\u00e9rifi\u00e9s par le service de livraison au moment de la remise.<br \/>Veuillez noter que les commandes sans preuve d'\u00e2ge ne seront pas remises !<br \/>En raison du traitement particulier de cet article, aucune livraison n'est malheureusement possible aux stations d'emballage ou aux centres de r\u00e9ception de colis.<\/strong><\/p>\n<p>Fabricant : Toshiro Swords, Andara GmbH, Brunnenweg 15, 64331 Weiterstadt, info@andara-gmbh.de<\/p>\n<div class=\"shariff shariff-align-left shariff-widget-align-left\"><ul class=\"shariff-buttons theme-grey orientation-horizontal buttonsize-medium\"><li class=\"shariff-button twitter shariff-nocustomcolor\" style=\"background-color:#595959\"><a href=\"https:\/\/twitter.com\/share?url=https%3A%2F%2Fsamuraischwert.kaufen%2Ffr%2Fprodukt%2Fkatana-wakizashi-schwertpaar-daisho-kuro-tatsu%2F&text=Katana%20Wakizashi%20Schwertpaar%20Daisho%20Kuro%20Tatsu\" title=\"Partager sur X\" aria-label=\"Partager sur X\" role=\"button\" rel=\"noopener nofollow\" class=\"shariff-link\" style=\"; background-color:#000; color:#fff\" target=\"_blank\"><span class=\"shariff-icon\" style=\"\"><svg width=\"32px\" height=\"20px\" xmlns=\"http:\/\/www.w3.org\/2000\/svg\" viewbox=\"0 0 24 24\"><path fill=\"#000\" d=\"M14.258 10.152L23.176 0h-2.113l-7.747 8.813L7.133 0H0l9.352 13.328L0 23.973h2.113l8.176-9.309 6.531 9.309h7.133zm-2.895 3.293l-.949-1.328L2.875 1.56h3.246l6.086 8.523.945 1.328 7.91 11.078h-3.246zm0 0\"\/><\/svg><\/span><span class=\"shariff-text\">partager<\/span>&nbsp;<\/a><\/li><li class=\"shariff-button facebook shariff-nocustomcolor\" style=\"background-color:#4273c8\"><a href=\"https:\/\/www.facebook.com\/sharer\/sharer.php?u=https%3A%2F%2Fsamuraischwert.kaufen%2Ffr%2Fprodukt%2Fkatana-wakizashi-schwertpaar-daisho-kuro-tatsu%2F\" title=\"Partager sur Facebook\" aria-label=\"Partager sur Facebook\" role=\"button\" rel=\"nofollow\" class=\"shariff-link\" style=\"; background-color:#3b5998; color:#fff\" target=\"_blank\"><span class=\"shariff-icon\" style=\"\"><svg width=\"32px\" height=\"20px\" xmlns=\"http:\/\/www.w3.org\/2000\/svg\" viewbox=\"0 0 18 32\"><path fill=\"#3b5998\" d=\"M17.1 0.2v4.7h-2.8q-1.5 0-2.1 0.6t-0.5 1.9v3.4h5.2l-0.7 5.3h-4.5v13.6h-5.5v-13.6h-4.5v-5.3h4.5v-3.9q0-3.3 1.9-5.2t5-1.8q2.6 0 4.1 0.2z\"\/><\/svg><\/span><span class=\"shariff-text\">partager<\/span>&nbsp;<\/a><\/li><li class=\"shariff-button xing shariff-nocustomcolor\" style=\"background-color:#29888a\"><a href=\"https:\/\/www.xing.com\/spi\/shares\/new?url=https%3A%2F%2Fsamuraischwert.kaufen%2Ffr%2Fprodukt%2Fkatana-wakizashi-schwertpaar-daisho-kuro-tatsu%2F\" title=\"Partager sur XING\" aria-label=\"Partager sur XING\" role=\"button\" rel=\"noopener nofollow\" class=\"shariff-link\" style=\"; background-color:#126567; color:#fff\" target=\"_blank\"><span class=\"shariff-icon\" style=\"\"><svg width=\"32px\" height=\"20px\" xmlns=\"http:\/\/www.w3.org\/2000\/svg\" viewbox=\"0 0 25 32\"><path fill=\"#126567\" d=\"M10.7 11.9q-0.2 0.3-4.6 8.2-0.5 0.8-1.2 0.8h-4.3q-0.4 0-0.5-0.3t0-0.6l4.5-8q0 0 0 0l-2.9-5q-0.2-0.4 0-0.7 0.2-0.3 0.5-0.3h4.3q0.7 0 1.2 0.8zM25.1 0.4q0.2 0.3 0 0.7l-9.4 16.7 6 11q0.2 0.4 0 0.6-0.2 0.3-0.6 0.3h-4.3q-0.7 0-1.2-0.8l-6-11.1q0.3-0.6 9.5-16.8 0.4-0.8 1.2-0.8h4.3q0.4 0 0.5 0.3z\"\/><\/svg><\/span><span class=\"shariff-text\">partager<\/span>&nbsp;<\/a><\/li><li class=\"shariff-button linkedin shariff-nocustomcolor\" style=\"background-color:#1488bf\"><a href=\"https:\/\/www.linkedin.com\/sharing\/share-offsite\/?url=https%3A%2F%2Fsamuraischwert.kaufen%2Ffr%2Fprodukt%2Fkatana-wakizashi-schwertpaar-daisho-kuro-tatsu%2F\" title=\"Partager sur LinkedIn\" aria-label=\"Partager sur LinkedIn\" role=\"button\" rel=\"noopener nofollow\" class=\"shariff-link\" style=\"; background-color:#0077b5; color:#fff\" target=\"_blank\"><span class=\"shariff-icon\" style=\"\"><svg width=\"32px\" height=\"20px\" xmlns=\"http:\/\/www.w3.org\/2000\/svg\" viewbox=\"0 0 27 32\"><path fill=\"#0077b5\" d=\"M6.2 11.2v17.7h-5.9v-17.7h5.9zM6.6 5.7q0 1.3-0.9 2.2t-2.4 0.9h0q-1.5 0-2.4-0.9t-0.9-2.2 0.9-2.2 2.4-0.9 2.4 0.9 0.9 2.2zM27.4 18.7v10.1h-5.9v-9.5q0-1.9-0.7-2.9t-2.3-1.1q-1.1 0-1.9 0.6t-1.2 1.5q-0.2 0.5-0.2 1.4v9.9h-5.9q0-7.1 0-11.6t0-5.3l0-0.9h5.9v2.6h0q0.4-0.6 0.7-1t1-0.9 1.6-0.8 2-0.3q3 0 4.9 2t1.9 6z\"\/><\/svg><\/span><span class=\"shariff-text\">partager<\/span>&nbsp;<\/a><\/li><li class=\"shariff-button mailto shariff-nocustomcolor\" style=\"background-color:#a8a8a8\"><a href=\"mailto:?body=https%3A%2F%2Fsamuraischwert.kaufen%2Ffr%2Fprodukt%2Fkatana-wakizashi-schwertpaar-daisho-kuro-tatsu%2F&subject=Katana%20Wakizashi%20Schwertpaar%20Daisho%20Kuro%20Tatsu\" title=\"Envoyer par e-mail\" aria-label=\"Envoyer par e-mail\" role=\"button\" rel=\"noopener nofollow\" class=\"shariff-link\" style=\"; background-color:#999; color:#fff\"><span class=\"shariff-icon\" style=\"\"><svg width=\"32px\" height=\"20px\" xmlns=\"http:\/\/www.w3.org\/2000\/svg\" viewbox=\"0 0 32 32\"><path fill=\"#999\" d=\"M32 12.7v14.2q0 1.2-0.8 2t-2 0.9h-26.3q-1.2 0-2-0.9t-0.8-2v-14.2q0.8 0.9 1.8 1.6 6.5 4.4 8.9 6.1 1 0.8 1.6 1.2t1.7 0.9 2 0.4h0.1q0.9 0 2-0.4t1.7-0.9 1.6-1.2q3-2.2 8.9-6.1 1-0.7 1.8-1.6zM32 7.4q0 1.4-0.9 2.7t-2.2 2.2q-6.7 4.7-8.4 5.8-0.2 0.1-0.7 0.5t-1 0.7-0.9 0.6-1.1 0.5-0.9 0.2h-0.1q-0.4 0-0.9-0.2t-1.1-0.5-0.9-0.6-1-0.7-0.7-0.5q-1.6-1.1-4.7-3.2t-3.6-2.6q-1.1-0.7-2.1-2t-1-2.5q0-1.4 0.7-2.3t2.1-0.9h26.3q1.2 0 2 0.8t0.9 2z\"\/><\/svg><\/span><span class=\"shariff-text\">Courrier \u00e9lectronique<\/span>&nbsp;<\/a><\/li><li class=\"shariff-button whatsapp shariff-nocustomcolor\" style=\"background-color:#5cbe4a\"><a href=\"https:\/\/api.whatsapp.com\/send?text=https%3A%2F%2Fsamuraischwert.kaufen%2Ffr%2Fprodukt%2Fkatana-wakizashi-schwertpaar-daisho-kuro-tatsu%2F%20Katana%20Wakizashi%20Schwertpaar%20Daisho%20Kuro%20Tatsu\" title=\"Partager sur Whatsapp\" aria-label=\"Partager sur Whatsapp\" role=\"button\" rel=\"noopener nofollow\" class=\"shariff-link\" style=\"; background-color:#34af23; color:#fff\" target=\"_blank\"><span class=\"shariff-icon\" style=\"\"><svg width=\"32px\" height=\"20px\" xmlns=\"http:\/\/www.w3.org\/2000\/svg\" viewbox=\"0 0 32 32\"><path fill=\"#34af23\" d=\"M17.6 17.4q0.2 0 1.7 0.8t1.6 0.9q0 0.1 0 0.3 0 0.6-0.3 1.4-0.3 0.7-1.3 1.2t-1.8 0.5q-1 0-3.4-1.1-1.7-0.8-3-2.1t-2.6-3.3q-1.3-1.9-1.3-3.5v-0.1q0.1-1.6 1.3-2.8 0.4-0.4 0.9-0.4 0.1 0 0.3 0t0.3 0q0.3 0 0.5 0.1t0.3 0.5q0.1 0.4 0.6 1.6t0.4 1.3q0 0.4-0.6 1t-0.6 0.8q0 0.1 0.1 0.3 0.6 1.3 1.8 2.4 1 0.9 2.7 1.8 0.2 0.1 0.4 0.1 0.3 0 1-0.9t0.9-0.9zM14 26.9q2.3 0 4.3-0.9t3.6-2.4 2.4-3.6 0.9-4.3-0.9-4.3-2.4-3.6-3.6-2.4-4.3-0.9-4.3 0.9-3.6 2.4-2.4 3.6-0.9 4.3q0 3.6 2.1 6.6l-1.4 4.2 4.3-1.4q2.8 1.9 6.2 1.9zM14 2.2q2.7 0 5.2 1.1t4.3 2.9 2.9 4.3 1.1 5.2-1.1 5.2-2.9 4.3-4.3 2.9-5.2 1.1q-3.5 0-6.5-1.7l-7.4 2.4 2.4-7.2q-1.9-3.2-1.9-6.9 0-2.7 1.1-5.2t2.9-4.3 4.3-2.9 5.2-1.1z\"\/><\/svg><\/span><span class=\"shariff-text\">partager<\/span>&nbsp;<\/a><\/li><\/ul><\/div>","protected":false},"excerpt":{"rendered":"<p>Produktmerkmale:&#8211; Federstahl mit hohem Siliziumgehalt, ideal f\u00fcr Schnitt\u00fcbungen&#8211; Handgefertigt, sehr gute Verarbeitung&#8211; Das klassische Schwertpaar des Samurai&#8211; Toshiro Swords Markenqualit\u00e4t mit umfangreichem Zubeh\u00f6rpaket&#8211; Verkauf ab 18! Produktbeschreibung:Das klassische Samuraischwert-Set (Daisho) das traditionell nur die Samurai tragen durften. Es besteht aus einem Kuro Tatsu Katana und einem Kuro Tatsu Wakizashi von Toshiro Swords.Beide Schwerter haben den [&hellip;]<\/p>\n","protected":false},"featured_media":21525,"comment_status":"open","ping_status":"closed","template":"","meta":{"_acf_changed":false},"product_brand":[],"product_cat":[1192],"product_tag":[280,932,933,952,941,297,267,945,948,940,292,301,488,378,379,942,955,947,939,164,138,271,268,943,304,937,274,275,811,944,938,150,931,131,328,518,954,272,320,956,946],"class_list":{"0":"post-19305","1":"product","2":"type-product","3":"status-publish","4":"has-post-thumbnail","6":"product_cat-federstahl","7":"product_tag-280","8":"product_tag-932","9":"product_tag-933","10":"product_tag-952","11":"product_tag-boeker","12":"product_tag-carbon","13":"product_tag-carbonstahl","14":"product_tag-chen","15":"product_tag-cheness","16":"product_tag-cold","17":"product_tag-deko","18":"product_tag-der","19":"product_tag-dershogun","20":"product_tag-echt","21":"product_tag-echtes","22":"product_tag-feng","23":"product_tag-full","24":"product_tag-furoshin","25":"product_tag-hanwei","26":"product_tag-japan","27":"product_tag-japanisches","28":"product_tag-kohlenstoff","29":"product_tag-kohlenstoffstahl","30":"product_tag-lin","31":"product_tag-magnum","32":"product_tag-musashi","33":"product_tag-ninja","34":"product_tag-ninjaschwert","35":"product_tag-original","36":"product_tag-paul","37":"product_tag-ronin","38":"product_tag-samurai","39":"product_tag-scharfes","40":"product_tag-schwert","41":"product_tag-schwertset","42":"product_tag-shinken","43":"product_tag-shogun","44":"product_tag-stahl","45":"product_tag-steel","46":"product_tag-tang","47":"product_tag-wkc","48":"product_shipping_class-debrief145-2","50":"first","51":"instock","52":"taxable","53":"shipping-taxable","54":"purchasable","55":"product-type-simple"},"acf":[],"_links":{"self":[{"href":"https:\/\/samuraischwert.kaufen\/fr\/wp-json\/wp\/v2\/product\/19305","targetHints":{"allow":["GET"]}}],"collection":[{"href":"https:\/\/samuraischwert.kaufen\/fr\/wp-json\/wp\/v2\/product"}],"about":[{"href":"https:\/\/samuraischwert.kaufen\/fr\/wp-json\/wp\/v2\/types\/product"}],"replies":[{"embeddable":true,"href":"https:\/\/samuraischwert.kaufen\/fr\/wp-json\/wp\/v2\/comments?post=19305"}],"wp:featuredmedia":[{"embeddable":true,"href":"https:\/\/samuraischwert.kaufen\/fr\/wp-json\/wp\/v2\/media\/21525"}],"wp:attachment":[{"href":"https:\/\/samuraischwert.kaufen\/fr\/wp-json\/wp\/v2\/media?parent=19305"}],"wp:term":[{"taxonomy":"product_brand","embeddable":true,"href":"https:\/\/samuraischwert.kaufen\/fr\/wp-json\/wp\/v2\/product_brand?post=19305"},{"taxonomy":"product_cat","embeddable":true,"href":"https:\/\/samuraischwert.kaufen\/fr\/wp-json\/wp\/v2\/product_cat?post=19305"},{"taxonomy":"product_tag","embeddable":true,"href":"https:\/\/samuraischwert.kaufen\/fr\/wp-json\/wp\/v2\/product_tag?post=19305"}],"curies":[{"name":"wp","href":"https:\/\/api.w.org\/{rel}","templated":true}]}}