{"id":11595,"date":"2019-09-17T09:51:18","date_gmt":"2019-09-17T07:51:18","guid":{"rendered":"https:\/\/samuraischwert.kaufen\/shop\/unkategorisiert\/2x-toshiro-swords-schwertoel\/"},"modified":"2026-04-24T15:43:19","modified_gmt":"2026-04-24T13:43:19","slug":"2x-toshiro-swords-huile-depee","status":"publish","type":"product","link":"https:\/\/samuraischwert.kaufen\/fr\/produkt\/2x-toshiro-swords-schwertoel\/","title":{"rendered":"2x huile d'\u00e9p\u00e9e Toshiro Swords"},"content":{"rendered":"<p><b>Caract\u00e9ristiques du produit :<\/b><br \/>- Set pratique de 2 pi\u00e8ces<br \/>- Odeur agr\u00e9able<br \/>- Con\u00e7u pour l'entretien des lames, propri\u00e9t\u00e9s d'entretien de pointe<br \/>- Manuel d'utilisation en allemand inclus<br \/>- Con\u00e7u pour l'entretien des lames, propri\u00e9t\u00e9s d'entretien de pointe<\/p>\n<p><b>Description du produit :<\/b><br \/>Huile de sabre de haute qualit\u00e9 en coffret double :<\/p>\n<p>Cette huile a \u00e9t\u00e9 sp\u00e9cialement con\u00e7ue pour l'entretien des lames. Elle est sans acide, glissante, rampante, non volatile et non r\u00e9sineuse. Elle s'applique facilement et a un rendement extr\u00eamement \u00e9lev\u00e9.<\/p>\n<p>L'huile d'\u00e9p\u00e9e Toshiro Swords est bas\u00e9e sur un m\u00e9lange d'huiles synth\u00e9tiques de haute qualit\u00e9, comme l'huile blanche m\u00e9dicale, mais elle contient \u00e9galement des huiles v\u00e9g\u00e9tales de premi\u00e8re qualit\u00e9, comme l'huile de girofle et l'huile de cam\u00e9lia.<br \/>L'huile d'\u00e9p\u00e9e a une odeur tr\u00e8s agr\u00e9able.<br \/>Les ingr\u00e9dients douteux comme le p\u00e9trole ou l'huile industrielle ont \u00e9t\u00e9 d\u00e9lib\u00e9r\u00e9ment \u00e9vit\u00e9s.<br \/>Gr\u00e2ce \u00e0 ses composants synth\u00e9tiques, l'huile d\u00e9ploie un effet protecteur nettement sup\u00e9rieur et dure jusqu'\u00e0 5 fois plus longtemps que les huiles v\u00e9g\u00e9tales traditionnelles.<\/p>\n<p>Le m\u00e9lange optimal de fluage et de r\u00e9sistance a \u00e9t\u00e9 choisi, comme devrait l'\u00eatre une huile d'entretien pour lames.<br \/>L'huile offre \u00e0 votre lame le soin dont elle a besoin. La livraison comprend une description en allemand avec des indications et des conseils utiles.<\/p>\n<p>Un flacon contient 40 ml.<br \/>Quantit\u00e9 de remplissage adapt\u00e9e pour environ 25 applications sur une lame de sabre par bouteille.<br \/>Une autre bonne nouvelle pour tous les budoka : en raison de ses composants de haute qualit\u00e9, l'huile convient \u00e9galement \u00e0 l'entretien des bokuto.<\/p>\n<p>Fabricant : Toshiro Swords, Andara GmbH, Brunnenweg 15, 64331 Weiterstadt, info@andara-gmbh.de<\/p>\n<div class=\"shariff shariff-align-left shariff-widget-align-left\"><ul class=\"shariff-buttons theme-grey orientation-horizontal buttonsize-medium\"><li class=\"shariff-button twitter shariff-nocustomcolor\" style=\"background-color:#595959\"><a href=\"https:\/\/twitter.com\/share?url=https%3A%2F%2Fsamuraischwert.kaufen%2Ffr%2Fprodukt%2F2x-toshiro-swords-schwertoel%2F&text=2x%20Toshiro%20Swords%20Schwert%C3%B6l\" title=\"Partager sur X\" aria-label=\"Partager sur X\" role=\"button\" rel=\"noopener nofollow\" class=\"shariff-link\" style=\"; background-color:#000; color:#fff\" target=\"_blank\"><span class=\"shariff-icon\" style=\"\"><svg width=\"32px\" height=\"20px\" xmlns=\"http:\/\/www.w3.org\/2000\/svg\" viewbox=\"0 0 24 24\"><path fill=\"#000\" d=\"M14.258 10.152L23.176 0h-2.113l-7.747 8.813L7.133 0H0l9.352 13.328L0 23.973h2.113l8.176-9.309 6.531 9.309h7.133zm-2.895 3.293l-.949-1.328L2.875 1.56h3.246l6.086 8.523.945 1.328 7.91 11.078h-3.246zm0 0\"\/><\/svg><\/span><span class=\"shariff-text\">partager<\/span>&nbsp;<\/a><\/li><li class=\"shariff-button facebook shariff-nocustomcolor\" style=\"background-color:#4273c8\"><a href=\"https:\/\/www.facebook.com\/sharer\/sharer.php?u=https%3A%2F%2Fsamuraischwert.kaufen%2Ffr%2Fprodukt%2F2x-toshiro-swords-schwertoel%2F\" title=\"Partager sur Facebook\" aria-label=\"Partager sur Facebook\" role=\"button\" rel=\"nofollow\" class=\"shariff-link\" style=\"; background-color:#3b5998; color:#fff\" target=\"_blank\"><span class=\"shariff-icon\" style=\"\"><svg width=\"32px\" height=\"20px\" xmlns=\"http:\/\/www.w3.org\/2000\/svg\" viewbox=\"0 0 18 32\"><path fill=\"#3b5998\" d=\"M17.1 0.2v4.7h-2.8q-1.5 0-2.1 0.6t-0.5 1.9v3.4h5.2l-0.7 5.3h-4.5v13.6h-5.5v-13.6h-4.5v-5.3h4.5v-3.9q0-3.3 1.9-5.2t5-1.8q2.6 0 4.1 0.2z\"\/><\/svg><\/span><span class=\"shariff-text\">partager<\/span>&nbsp;<\/a><\/li><li class=\"shariff-button xing shariff-nocustomcolor\" style=\"background-color:#29888a\"><a href=\"https:\/\/www.xing.com\/spi\/shares\/new?url=https%3A%2F%2Fsamuraischwert.kaufen%2Ffr%2Fprodukt%2F2x-toshiro-swords-schwertoel%2F\" title=\"Partager sur XING\" aria-label=\"Partager sur XING\" role=\"button\" rel=\"noopener nofollow\" class=\"shariff-link\" style=\"; background-color:#126567; color:#fff\" target=\"_blank\"><span class=\"shariff-icon\" style=\"\"><svg width=\"32px\" height=\"20px\" xmlns=\"http:\/\/www.w3.org\/2000\/svg\" viewbox=\"0 0 25 32\"><path fill=\"#126567\" d=\"M10.7 11.9q-0.2 0.3-4.6 8.2-0.5 0.8-1.2 0.8h-4.3q-0.4 0-0.5-0.3t0-0.6l4.5-8q0 0 0 0l-2.9-5q-0.2-0.4 0-0.7 0.2-0.3 0.5-0.3h4.3q0.7 0 1.2 0.8zM25.1 0.4q0.2 0.3 0 0.7l-9.4 16.7 6 11q0.2 0.4 0 0.6-0.2 0.3-0.6 0.3h-4.3q-0.7 0-1.2-0.8l-6-11.1q0.3-0.6 9.5-16.8 0.4-0.8 1.2-0.8h4.3q0.4 0 0.5 0.3z\"\/><\/svg><\/span><span class=\"shariff-text\">partager<\/span>&nbsp;<\/a><\/li><li class=\"shariff-button linkedin shariff-nocustomcolor\" style=\"background-color:#1488bf\"><a href=\"https:\/\/www.linkedin.com\/sharing\/share-offsite\/?url=https%3A%2F%2Fsamuraischwert.kaufen%2Ffr%2Fprodukt%2F2x-toshiro-swords-schwertoel%2F\" title=\"Partager sur LinkedIn\" aria-label=\"Partager sur LinkedIn\" role=\"button\" rel=\"noopener nofollow\" class=\"shariff-link\" style=\"; background-color:#0077b5; color:#fff\" target=\"_blank\"><span class=\"shariff-icon\" style=\"\"><svg width=\"32px\" height=\"20px\" xmlns=\"http:\/\/www.w3.org\/2000\/svg\" viewbox=\"0 0 27 32\"><path fill=\"#0077b5\" d=\"M6.2 11.2v17.7h-5.9v-17.7h5.9zM6.6 5.7q0 1.3-0.9 2.2t-2.4 0.9h0q-1.5 0-2.4-0.9t-0.9-2.2 0.9-2.2 2.4-0.9 2.4 0.9 0.9 2.2zM27.4 18.7v10.1h-5.9v-9.5q0-1.9-0.7-2.9t-2.3-1.1q-1.1 0-1.9 0.6t-1.2 1.5q-0.2 0.5-0.2 1.4v9.9h-5.9q0-7.1 0-11.6t0-5.3l0-0.9h5.9v2.6h0q0.4-0.6 0.7-1t1-0.9 1.6-0.8 2-0.3q3 0 4.9 2t1.9 6z\"\/><\/svg><\/span><span class=\"shariff-text\">partager<\/span>&nbsp;<\/a><\/li><li class=\"shariff-button mailto shariff-nocustomcolor\" style=\"background-color:#a8a8a8\"><a href=\"mailto:?body=https%3A%2F%2Fsamuraischwert.kaufen%2Ffr%2Fprodukt%2F2x-toshiro-swords-schwertoel%2F&subject=2x%20Toshiro%20Swords%20Schwert%C3%B6l\" title=\"Envoyer par e-mail\" aria-label=\"Envoyer par e-mail\" role=\"button\" rel=\"noopener nofollow\" class=\"shariff-link\" style=\"; background-color:#999; color:#fff\"><span class=\"shariff-icon\" style=\"\"><svg width=\"32px\" height=\"20px\" xmlns=\"http:\/\/www.w3.org\/2000\/svg\" viewbox=\"0 0 32 32\"><path fill=\"#999\" d=\"M32 12.7v14.2q0 1.2-0.8 2t-2 0.9h-26.3q-1.2 0-2-0.9t-0.8-2v-14.2q0.8 0.9 1.8 1.6 6.5 4.4 8.9 6.1 1 0.8 1.6 1.2t1.7 0.9 2 0.4h0.1q0.9 0 2-0.4t1.7-0.9 1.6-1.2q3-2.2 8.9-6.1 1-0.7 1.8-1.6zM32 7.4q0 1.4-0.9 2.7t-2.2 2.2q-6.7 4.7-8.4 5.8-0.2 0.1-0.7 0.5t-1 0.7-0.9 0.6-1.1 0.5-0.9 0.2h-0.1q-0.4 0-0.9-0.2t-1.1-0.5-0.9-0.6-1-0.7-0.7-0.5q-1.6-1.1-4.7-3.2t-3.6-2.6q-1.1-0.7-2.1-2t-1-2.5q0-1.4 0.7-2.3t2.1-0.9h26.3q1.2 0 2 0.8t0.9 2z\"\/><\/svg><\/span><span class=\"shariff-text\">Courrier \u00e9lectronique<\/span>&nbsp;<\/a><\/li><li class=\"shariff-button whatsapp shariff-nocustomcolor\" style=\"background-color:#5cbe4a\"><a href=\"https:\/\/api.whatsapp.com\/send?text=https%3A%2F%2Fsamuraischwert.kaufen%2Ffr%2Fprodukt%2F2x-toshiro-swords-schwertoel%2F%202x%20Toshiro%20Swords%20Schwert%C3%B6l\" title=\"Partager sur Whatsapp\" aria-label=\"Partager sur Whatsapp\" role=\"button\" rel=\"noopener nofollow\" class=\"shariff-link\" style=\"; background-color:#34af23; color:#fff\" target=\"_blank\"><span class=\"shariff-icon\" style=\"\"><svg width=\"32px\" height=\"20px\" xmlns=\"http:\/\/www.w3.org\/2000\/svg\" viewbox=\"0 0 32 32\"><path fill=\"#34af23\" d=\"M17.6 17.4q0.2 0 1.7 0.8t1.6 0.9q0 0.1 0 0.3 0 0.6-0.3 1.4-0.3 0.7-1.3 1.2t-1.8 0.5q-1 0-3.4-1.1-1.7-0.8-3-2.1t-2.6-3.3q-1.3-1.9-1.3-3.5v-0.1q0.1-1.6 1.3-2.8 0.4-0.4 0.9-0.4 0.1 0 0.3 0t0.3 0q0.3 0 0.5 0.1t0.3 0.5q0.1 0.4 0.6 1.6t0.4 1.3q0 0.4-0.6 1t-0.6 0.8q0 0.1 0.1 0.3 0.6 1.3 1.8 2.4 1 0.9 2.7 1.8 0.2 0.1 0.4 0.1 0.3 0 1-0.9t0.9-0.9zM14 26.9q2.3 0 4.3-0.9t3.6-2.4 2.4-3.6 0.9-4.3-0.9-4.3-2.4-3.6-3.6-2.4-4.3-0.9-4.3 0.9-3.6 2.4-2.4 3.6-0.9 4.3q0 3.6 2.1 6.6l-1.4 4.2 4.3-1.4q2.8 1.9 6.2 1.9zM14 2.2q2.7 0 5.2 1.1t4.3 2.9 2.9 4.3 1.1 5.2-1.1 5.2-2.9 4.3-4.3 2.9-5.2 1.1q-3.5 0-6.5-1.7l-7.4 2.4 2.4-7.2q-1.9-3.2-1.9-6.9 0-2.7 1.1-5.2t2.9-4.3 4.3-2.9 5.2-1.1z\"\/><\/svg><\/span><span class=\"shariff-text\">partager<\/span>&nbsp;<\/a><\/li><\/ul><\/div>","protected":false},"excerpt":{"rendered":"<p>Produktmerkmale:&#8211; Praktisches 2er Set&#8211; Angenehmer Geruch&#8211; F\u00fcr die Klingenpflege entwickelt, top Pflegeeigenschaften&#8211; Inklusive deutschsprachiger Bedienungsanleitung&#8211; F\u00fcr die Klingenpflege entwickelt, top Pflegeeigenschaften Produktbeschreibung:Hochwertiges Schwert\u00f6l im Doppelpack: Das \u00d6l wurde extra f\u00fcr die Klingenpflege entwickelt. Es ist s\u00e4urefrei, gleitend, kriechend, nicht fl\u00fcchtig und nicht harzend. Es l\u00e4sst sich gut auftragen und ist extrem ergiebig. Das Toshiro Swords [&hellip;]<\/p>\n","protected":false},"featured_media":18701,"comment_status":"open","ping_status":"closed","template":"","meta":{"_acf_changed":false},"product_brand":[],"product_cat":[82],"product_tag":[716,238,702,715,772,138,713,154,142,139,135,1092,132,156,137,155,150,151,131,133,673,136,134,714,927],"class_list":{"0":"post-11595","1":"product","2":"type-product","3":"status-publish","4":"has-post-thumbnail","6":"product_cat-schwertpflege","7":"product_tag-abura","8":"product_tag-bokken","9":"product_tag-bokuto","10":"product_tag-choji","11":"product_tag-holzschwert","12":"product_tag-japanisches","13":"product_tag-kamelienoel","14":"product_tag-katana","15":"product_tag-nelkenoel","16":"product_tag-neu","17":"product_tag-pflege","18":"product_tag-pflegeoel","19":"product_tag-pflegeset","20":"product_tag-putzen","21":"product_tag-reinigung","22":"product_tag-reparatur","23":"product_tag-samurai","24":"product_tag-samuraischwert","25":"product_tag-schwert","26":"product_tag-schwertpflege","27":"product_tag-schwertpflegeset","28":"product_tag-schwertreinigung","29":"product_tag-set","30":"product_tag-tsubaki","31":"product_tag-waffenset","32":"product_shipping_class-debrief145-2","34":"first","35":"instock","36":"taxable","37":"shipping-taxable","38":"purchasable","39":"product-type-simple"},"acf":[],"_links":{"self":[{"href":"https:\/\/samuraischwert.kaufen\/fr\/wp-json\/wp\/v2\/product\/11595","targetHints":{"allow":["GET"]}}],"collection":[{"href":"https:\/\/samuraischwert.kaufen\/fr\/wp-json\/wp\/v2\/product"}],"about":[{"href":"https:\/\/samuraischwert.kaufen\/fr\/wp-json\/wp\/v2\/types\/product"}],"replies":[{"embeddable":true,"href":"https:\/\/samuraischwert.kaufen\/fr\/wp-json\/wp\/v2\/comments?post=11595"}],"wp:featuredmedia":[{"embeddable":true,"href":"https:\/\/samuraischwert.kaufen\/fr\/wp-json\/wp\/v2\/media\/18701"}],"wp:attachment":[{"href":"https:\/\/samuraischwert.kaufen\/fr\/wp-json\/wp\/v2\/media?parent=11595"}],"wp:term":[{"taxonomy":"product_brand","embeddable":true,"href":"https:\/\/samuraischwert.kaufen\/fr\/wp-json\/wp\/v2\/product_brand?post=11595"},{"taxonomy":"product_cat","embeddable":true,"href":"https:\/\/samuraischwert.kaufen\/fr\/wp-json\/wp\/v2\/product_cat?post=11595"},{"taxonomy":"product_tag","embeddable":true,"href":"https:\/\/samuraischwert.kaufen\/fr\/wp-json\/wp\/v2\/product_tag?post=11595"}],"curies":[{"name":"wp","href":"https:\/\/api.w.org\/{rel}","templated":true}]}}