{"id":11424,"date":"2019-08-29T12:11:35","date_gmt":"2019-08-29T10:11:35","guid":{"rendered":"https:\/\/samuraischwert.kaufen\/shop\/unkategorisiert\/kill-bill-schwertset-katana-wakizashi-tanto-mit-schwertstaender-und-zubehoer\/"},"modified":"2026-04-05T13:18:37","modified_gmt":"2026-04-05T11:18:37","slug":"kill-bill-set-de-sabre-katana-wakizashi-tanto-avec-porte-sabre-et-accessoires","status":"publish","type":"product","link":"https:\/\/samuraischwert.kaufen\/fr\/produkt\/kill-bill-schwertset-katana-wakizashi-tanto-mit-schwertstaender-und-zubehoer\/","title":{"rendered":"Set d'\u00e9p\u00e9es Kill Bill Katana - Wakizashi -Tanto avec support d'\u00e9p\u00e9e et accessoires"},"content":{"rendered":"<p><b>Caract\u00e9ristiques du produit :<\/b><br \/>- Set complet d'\u00e9p\u00e9es d\u00e9coratives de bonne qualit\u00e9<br \/>- Avec des lames m\u00e9talliques \u00e9mouss\u00e9es<br \/>- \u00c9p\u00e9es de d\u00e9coration en vente libre selon WaffVwV Anl.I-A1-UA2-1.1 du 22.03.2012<br \/>- Avec des lames grav\u00e9es<br \/>- Comprend le support de guide correspondant et les accessoires d'entretien<\/p>\n<p><b>Description du produit :<\/b><br \/>Un set complet d'\u00e9p\u00e9es de samoura\u00ef. Chaque \u00e9p\u00e9e est inspir\u00e9e de l'\u00e9p\u00e9e de la s\u00e9rie Kill Bill, avec des sculptures sur le fourreau et une gravure de lion sur la lame.<\/p>\n<p>L'ensemble se compose d'un katana, d'un wakizashi et d'un tanto.<br \/>Les lames ne sont pas aff\u00fbt\u00e9es, elles sont donc \u00e9mouss\u00e9es.<\/p>\n<p>Dimensions :<br \/>Longueur totale des sabres avec saya :<br \/>- Katana : 101 cm<br \/>- wakizashi : 80 cm<br \/>- Tanto : 55 cm<\/p>\n<p>Le set d'\u00e9p\u00e9es est livr\u00e9 avec le support d'\u00e9p\u00e9e\/support mural correspondant, le guide des \u00e9p\u00e9es d'Epic Swords (avec de nombreux conseils et indications utiles, par exemple sur le maniement correct), des chiffons d'entretien et un flacon d'essai d'huile d'entretien. Les \u00e9p\u00e9es sont des objets de d\u00e9coration et ne conviennent pas \u00e0 une utilisation active.<\/p>\n<p>Fabricant : DerShogun, Andara GmbH, Brunnenweg 15, 64331 Weiterstadt, info@andara-gmbh.de<\/p>\n<div class=\"shariff shariff-align-left shariff-widget-align-left\"><ul class=\"shariff-buttons theme-grey orientation-horizontal buttonsize-medium\"><li class=\"shariff-button twitter shariff-nocustomcolor\" style=\"background-color:#595959\"><a href=\"https:\/\/twitter.com\/share?url=https%3A%2F%2Fsamuraischwert.kaufen%2Ffr%2Fprodukt%2Fkill-bill-schwertset-katana-wakizashi-tanto-mit-schwertstaender-und-zubehoer%2F&text=Kill%20Bill%20Schwertset%20Katana%20%E2%80%93%20Wakizashi%20-Tanto%20mit%20Schwertst%C3%A4nder%20und%20Zubeh%C3%B6r\" title=\"Partager sur X\" aria-label=\"Partager sur X\" role=\"button\" rel=\"noopener nofollow\" class=\"shariff-link\" style=\"; background-color:#000; color:#fff\" target=\"_blank\"><span class=\"shariff-icon\" style=\"\"><svg width=\"32px\" height=\"20px\" xmlns=\"http:\/\/www.w3.org\/2000\/svg\" viewbox=\"0 0 24 24\"><path fill=\"#000\" d=\"M14.258 10.152L23.176 0h-2.113l-7.747 8.813L7.133 0H0l9.352 13.328L0 23.973h2.113l8.176-9.309 6.531 9.309h7.133zm-2.895 3.293l-.949-1.328L2.875 1.56h3.246l6.086 8.523.945 1.328 7.91 11.078h-3.246zm0 0\"\/><\/svg><\/span><span class=\"shariff-text\">partager<\/span>&nbsp;<\/a><\/li><li class=\"shariff-button facebook shariff-nocustomcolor\" style=\"background-color:#4273c8\"><a href=\"https:\/\/www.facebook.com\/sharer\/sharer.php?u=https%3A%2F%2Fsamuraischwert.kaufen%2Ffr%2Fprodukt%2Fkill-bill-schwertset-katana-wakizashi-tanto-mit-schwertstaender-und-zubehoer%2F\" title=\"Partager sur Facebook\" aria-label=\"Partager sur Facebook\" role=\"button\" rel=\"nofollow\" class=\"shariff-link\" style=\"; background-color:#3b5998; color:#fff\" target=\"_blank\"><span class=\"shariff-icon\" style=\"\"><svg width=\"32px\" height=\"20px\" xmlns=\"http:\/\/www.w3.org\/2000\/svg\" viewbox=\"0 0 18 32\"><path fill=\"#3b5998\" d=\"M17.1 0.2v4.7h-2.8q-1.5 0-2.1 0.6t-0.5 1.9v3.4h5.2l-0.7 5.3h-4.5v13.6h-5.5v-13.6h-4.5v-5.3h4.5v-3.9q0-3.3 1.9-5.2t5-1.8q2.6 0 4.1 0.2z\"\/><\/svg><\/span><span class=\"shariff-text\">partager<\/span>&nbsp;<\/a><\/li><li class=\"shariff-button xing shariff-nocustomcolor\" style=\"background-color:#29888a\"><a href=\"https:\/\/www.xing.com\/spi\/shares\/new?url=https%3A%2F%2Fsamuraischwert.kaufen%2Ffr%2Fprodukt%2Fkill-bill-schwertset-katana-wakizashi-tanto-mit-schwertstaender-und-zubehoer%2F\" title=\"Partager sur XING\" aria-label=\"Partager sur XING\" role=\"button\" rel=\"noopener nofollow\" class=\"shariff-link\" style=\"; background-color:#126567; color:#fff\" target=\"_blank\"><span class=\"shariff-icon\" style=\"\"><svg width=\"32px\" height=\"20px\" xmlns=\"http:\/\/www.w3.org\/2000\/svg\" viewbox=\"0 0 25 32\"><path fill=\"#126567\" d=\"M10.7 11.9q-0.2 0.3-4.6 8.2-0.5 0.8-1.2 0.8h-4.3q-0.4 0-0.5-0.3t0-0.6l4.5-8q0 0 0 0l-2.9-5q-0.2-0.4 0-0.7 0.2-0.3 0.5-0.3h4.3q0.7 0 1.2 0.8zM25.1 0.4q0.2 0.3 0 0.7l-9.4 16.7 6 11q0.2 0.4 0 0.6-0.2 0.3-0.6 0.3h-4.3q-0.7 0-1.2-0.8l-6-11.1q0.3-0.6 9.5-16.8 0.4-0.8 1.2-0.8h4.3q0.4 0 0.5 0.3z\"\/><\/svg><\/span><span class=\"shariff-text\">partager<\/span>&nbsp;<\/a><\/li><li class=\"shariff-button linkedin shariff-nocustomcolor\" style=\"background-color:#1488bf\"><a href=\"https:\/\/www.linkedin.com\/sharing\/share-offsite\/?url=https%3A%2F%2Fsamuraischwert.kaufen%2Ffr%2Fprodukt%2Fkill-bill-schwertset-katana-wakizashi-tanto-mit-schwertstaender-und-zubehoer%2F\" title=\"Partager sur LinkedIn\" aria-label=\"Partager sur LinkedIn\" role=\"button\" rel=\"noopener nofollow\" class=\"shariff-link\" style=\"; background-color:#0077b5; color:#fff\" target=\"_blank\"><span class=\"shariff-icon\" style=\"\"><svg width=\"32px\" height=\"20px\" xmlns=\"http:\/\/www.w3.org\/2000\/svg\" viewbox=\"0 0 27 32\"><path fill=\"#0077b5\" d=\"M6.2 11.2v17.7h-5.9v-17.7h5.9zM6.6 5.7q0 1.3-0.9 2.2t-2.4 0.9h0q-1.5 0-2.4-0.9t-0.9-2.2 0.9-2.2 2.4-0.9 2.4 0.9 0.9 2.2zM27.4 18.7v10.1h-5.9v-9.5q0-1.9-0.7-2.9t-2.3-1.1q-1.1 0-1.9 0.6t-1.2 1.5q-0.2 0.5-0.2 1.4v9.9h-5.9q0-7.1 0-11.6t0-5.3l0-0.9h5.9v2.6h0q0.4-0.6 0.7-1t1-0.9 1.6-0.8 2-0.3q3 0 4.9 2t1.9 6z\"\/><\/svg><\/span><span class=\"shariff-text\">partager<\/span>&nbsp;<\/a><\/li><li class=\"shariff-button mailto shariff-nocustomcolor\" style=\"background-color:#a8a8a8\"><a href=\"mailto:?body=https%3A%2F%2Fsamuraischwert.kaufen%2Ffr%2Fprodukt%2Fkill-bill-schwertset-katana-wakizashi-tanto-mit-schwertstaender-und-zubehoer%2F&subject=Kill%20Bill%20Schwertset%20Katana%20%E2%80%93%20Wakizashi%20-Tanto%20mit%20Schwertst%C3%A4nder%20und%20Zubeh%C3%B6r\" title=\"Envoyer par e-mail\" aria-label=\"Envoyer par e-mail\" role=\"button\" rel=\"noopener nofollow\" class=\"shariff-link\" style=\"; background-color:#999; color:#fff\"><span class=\"shariff-icon\" style=\"\"><svg width=\"32px\" height=\"20px\" xmlns=\"http:\/\/www.w3.org\/2000\/svg\" viewbox=\"0 0 32 32\"><path fill=\"#999\" d=\"M32 12.7v14.2q0 1.2-0.8 2t-2 0.9h-26.3q-1.2 0-2-0.9t-0.8-2v-14.2q0.8 0.9 1.8 1.6 6.5 4.4 8.9 6.1 1 0.8 1.6 1.2t1.7 0.9 2 0.4h0.1q0.9 0 2-0.4t1.7-0.9 1.6-1.2q3-2.2 8.9-6.1 1-0.7 1.8-1.6zM32 7.4q0 1.4-0.9 2.7t-2.2 2.2q-6.7 4.7-8.4 5.8-0.2 0.1-0.7 0.5t-1 0.7-0.9 0.6-1.1 0.5-0.9 0.2h-0.1q-0.4 0-0.9-0.2t-1.1-0.5-0.9-0.6-1-0.7-0.7-0.5q-1.6-1.1-4.7-3.2t-3.6-2.6q-1.1-0.7-2.1-2t-1-2.5q0-1.4 0.7-2.3t2.1-0.9h26.3q1.2 0 2 0.8t0.9 2z\"\/><\/svg><\/span><span class=\"shariff-text\">Courrier \u00e9lectronique<\/span>&nbsp;<\/a><\/li><li class=\"shariff-button whatsapp shariff-nocustomcolor\" style=\"background-color:#5cbe4a\"><a href=\"https:\/\/api.whatsapp.com\/send?text=https%3A%2F%2Fsamuraischwert.kaufen%2Ffr%2Fprodukt%2Fkill-bill-schwertset-katana-wakizashi-tanto-mit-schwertstaender-und-zubehoer%2F%20Kill%20Bill%20Schwertset%20Katana%20%E2%80%93%20Wakizashi%20-Tanto%20mit%20Schwertst%C3%A4nder%20und%20Zubeh%C3%B6r\" title=\"Partager sur Whatsapp\" aria-label=\"Partager sur Whatsapp\" role=\"button\" rel=\"noopener nofollow\" class=\"shariff-link\" style=\"; background-color:#34af23; color:#fff\" target=\"_blank\"><span class=\"shariff-icon\" style=\"\"><svg width=\"32px\" height=\"20px\" xmlns=\"http:\/\/www.w3.org\/2000\/svg\" viewbox=\"0 0 32 32\"><path fill=\"#34af23\" d=\"M17.6 17.4q0.2 0 1.7 0.8t1.6 0.9q0 0.1 0 0.3 0 0.6-0.3 1.4-0.3 0.7-1.3 1.2t-1.8 0.5q-1 0-3.4-1.1-1.7-0.8-3-2.1t-2.6-3.3q-1.3-1.9-1.3-3.5v-0.1q0.1-1.6 1.3-2.8 0.4-0.4 0.9-0.4 0.1 0 0.3 0t0.3 0q0.3 0 0.5 0.1t0.3 0.5q0.1 0.4 0.6 1.6t0.4 1.3q0 0.4-0.6 1t-0.6 0.8q0 0.1 0.1 0.3 0.6 1.3 1.8 2.4 1 0.9 2.7 1.8 0.2 0.1 0.4 0.1 0.3 0 1-0.9t0.9-0.9zM14 26.9q2.3 0 4.3-0.9t3.6-2.4 2.4-3.6 0.9-4.3-0.9-4.3-2.4-3.6-3.6-2.4-4.3-0.9-4.3 0.9-3.6 2.4-2.4 3.6-0.9 4.3q0 3.6 2.1 6.6l-1.4 4.2 4.3-1.4q2.8 1.9 6.2 1.9zM14 2.2q2.7 0 5.2 1.1t4.3 2.9 2.9 4.3 1.1 5.2-1.1 5.2-2.9 4.3-4.3 2.9-5.2 1.1q-3.5 0-6.5-1.7l-7.4 2.4 2.4-7.2q-1.9-3.2-1.9-6.9 0-2.7 1.1-5.2t2.9-4.3 4.3-2.9 5.2-1.1z\"\/><\/svg><\/span><span class=\"shariff-text\">partager<\/span>&nbsp;<\/a><\/li><\/ul><\/div>","protected":false},"excerpt":{"rendered":"<p>Produktmerkmale:&#8211; Komplettes Deko Schwertset in guter Qualit\u00e4t&#8211; Mit stumpfen Klingen aus Metall&#8211; Frei verk\u00e4ufliche Dekorationsschwerter gem\u00e4\u00df WaffVwV Anl.I-A1-UA2-1.1 vom 22.03.2012&#8211; Mit gravierten Klingen&#8211; Inklusive passendem Schwertst\u00e4nder und Pflegezubeh\u00f6r Produktbeschreibung:Ein komplettes Samurai-Schwert-Set. Jedes Schwert ist dem Schwert aus der Kill Bill Reihe nachempfunden, mit Schnitzereien auf der Schwertscheide und L\u00f6wen-Gravur auf der Klinge. Das Set besteht [&hellip;]<\/p>\n","protected":false},"featured_media":21210,"comment_status":"open","ping_status":"closed","template":"","meta":{"_acf_changed":false},"product_brand":[],"product_cat":[100,1722],"product_tag":[235,265,336,337,163,1099,292,296,293,329,301,488,207,208,286,287,269,270,273,295,139,150,131,328,294,283,285],"class_list":{"0":"post-11424","1":"product","2":"type-product","3":"status-publish","4":"has-post-thumbnail","6":"product_cat-3er-schwertsets","7":"product_cat-filmschwerter","8":"product_tag-235","9":"product_tag-265","10":"product_tag-336","11":"product_tag-3er","12":"product_tag-aus","13":"product_tag-braut","14":"product_tag-deko","15":"product_tag-dekoration","16":"product_tag-dekoschwert","17":"product_tag-dekoschwertset","18":"product_tag-der","19":"product_tag-dershogun","20":"product_tag-drei","21":"product_tag-dreier","22":"product_tag-dvd","23":"product_tag-film","24":"product_tag-i","25":"product_tag-ii","26":"product_tag-killbill","27":"product_tag-metall","28":"product_tag-neu","29":"product_tag-samurai","30":"product_tag-schwert","31":"product_tag-schwertset","32":"product_tag-stumpf","33":"product_tag-und","34":"product_tag-video","35":"product_shipping_class-debrief145-2","37":"first","38":"instock","39":"taxable","40":"shipping-taxable","41":"purchasable","42":"product-type-simple"},"acf":[],"_links":{"self":[{"href":"https:\/\/samuraischwert.kaufen\/fr\/wp-json\/wp\/v2\/product\/11424","targetHints":{"allow":["GET"]}}],"collection":[{"href":"https:\/\/samuraischwert.kaufen\/fr\/wp-json\/wp\/v2\/product"}],"about":[{"href":"https:\/\/samuraischwert.kaufen\/fr\/wp-json\/wp\/v2\/types\/product"}],"replies":[{"embeddable":true,"href":"https:\/\/samuraischwert.kaufen\/fr\/wp-json\/wp\/v2\/comments?post=11424"}],"wp:featuredmedia":[{"embeddable":true,"href":"https:\/\/samuraischwert.kaufen\/fr\/wp-json\/wp\/v2\/media\/21210"}],"wp:attachment":[{"href":"https:\/\/samuraischwert.kaufen\/fr\/wp-json\/wp\/v2\/media?parent=11424"}],"wp:term":[{"taxonomy":"product_brand","embeddable":true,"href":"https:\/\/samuraischwert.kaufen\/fr\/wp-json\/wp\/v2\/product_brand?post=11424"},{"taxonomy":"product_cat","embeddable":true,"href":"https:\/\/samuraischwert.kaufen\/fr\/wp-json\/wp\/v2\/product_cat?post=11424"},{"taxonomy":"product_tag","embeddable":true,"href":"https:\/\/samuraischwert.kaufen\/fr\/wp-json\/wp\/v2\/product_tag?post=11424"}],"curies":[{"name":"wp","href":"https:\/\/api.w.org\/{rel}","templated":true}]}}