{"id":11226,"date":"2019-08-15T14:18:59","date_gmt":"2019-08-15T12:18:59","guid":{"rendered":"https:\/\/samuraischwert.kaufen\/shop\/unkategorisiert\/klingenpflegeset-fuer-schwert-und-messer-mit-bedienungsanleitung-samurai-2k\/"},"modified":"2025-11-07T11:06:19","modified_gmt":"2025-11-07T10:06:19","slug":"kit-dentretien-des-lames-de-sabre-et-de-couteau-avec-mode-demploi-samurai-2k","status":"publish","type":"product","link":"https:\/\/samuraischwert.kaufen\/fr\/produkt\/klingenpflegeset-fuer-schwert-und-messer-mit-bedienungsanleitung-samurai-2k\/","title":{"rendered":"Kit d'entretien des lames avec mode d'emploi Toshiro Swords"},"content":{"rendered":"<p><b>Caract\u00e9ristiques du produit :<\/b><br \/>- Kit d'entretien du guide-cha\u00eene et kit d'entretien des couteaux<br \/>- Tout ce dont vous avez besoin pour l'entretien des lames en un seul kit<br \/>- Kit d'entretien 5 pi\u00e8ces : chiffon sp\u00e9cial pour \u00e9liminer les r\u00e9sidus d'huile, Uchiko avec poudre de lame, huile de sabre de haute qualit\u00e9, chiffon en coton pour appliquer l'huile, modes d'emploi en allemand et en anglais<br \/>- Avec bo\u00eete d\u00e9corative<br \/>- Composants de tr\u00e8s haute qualit\u00e9<\/p>\n<p><b>Description du produit :<\/b><br \/>Toute lame authentique est sujette \u00e0 la rouille. C'est pourquoi un entretien r\u00e9gulier est n\u00e9cessaire pour pr\u00e9server l'\u00e9tat de votre lame et \u00e9liminer durablement les d\u00e9fauts esth\u00e9tiques ind\u00e9sirables tels que les traces de doigts.<\/p>\n<p>L'entretien des lames a \u00e9t\u00e9 optimis\u00e9 tout au long de l'histoire du Japon pour les sabres de samoura\u00ef japonais respect\u00e9s dans le monde entier. C'est sur la base de ces connaissances m\u00fbries au fil des si\u00e8cles que Toshiro Swords produit le kit d'entretien de sabre Samoura\u00ef 2K, en y ajoutant des \u00e9l\u00e9ments modernes qui n'\u00e9taient pas encore disponibles dans l'Antiquit\u00e9.<\/p>\n<p>\u00c9tant donn\u00e9 que les \u00e9p\u00e9es et les couteaux sont tous deux en acier, les kits conviennent tr\u00e8s bien \u00e0 l'entretien des couteaux comme \u00e0 celui des \u00e9p\u00e9es.<\/p>\n<p>Le kit se compose des 5 \u00e9l\u00e9ments dont vous avez besoin pour un entretien optimal des lames :<br \/><b>Chiffon sp\u00e9cial pour l'\u00e9limination des r\u00e9sidus d'huile :<\/b><br \/>4 chiffons en cellulose naturelle, con\u00e7us pour enlever la salet\u00e9 et l'huile ancienne. Elles remplacent le papier nuguigami qui a fait ses preuves, car la cellulose moderne poss\u00e8de des propri\u00e9t\u00e9s encore meilleures.<\/p>\n<p><b>Uchiko avec poudre de lame :<\/b><br \/>Traditionnellement, il est obtenu \u00e0 partir de calcaire. Toshiro Swords adoucit quelque peu ce m\u00e9lange en y ajoutant d'autres poudres qui agissent de mani\u00e8re moins abrasive sur la lame afin de la m\u00e9nager. Le m\u00e9lange moderne d\u00e9ploie un bon effet et \u00e9limine de mani\u00e8re fiable la vieille huile, la salet\u00e9 et les d\u00e9buts de rouille.<\/p>\n<p><b>Chiffon en coton pour appliquer l'huile neuve :<\/b><br \/>Le kit comprend une lingette r\u00e9utilisable en coton biologique certifi\u00e9, y compris une bo\u00eete assortie.<\/p>\n<p><b>Huile de soin :<\/b><br \/>L'huile de soin contenue est bas\u00e9e sur un m\u00e9lange d'huiles \u00e9prouv\u00e9es de cam\u00e9lia et de clou de girofle, \u00e9galement connues sous le nom de Tsubaki et Choji Abura. Ce m\u00e9lange a \u00e9t\u00e9 compl\u00e9t\u00e9 par des ingr\u00e9dients modernes de haute qualit\u00e9 afin d'am\u00e9liorer encore ses propri\u00e9t\u00e9s. Les ingr\u00e9dients douteux tels que le p\u00e9trole, le distillat de p\u00e9trole et les substances similaires soup\u00e7onn\u00e9es d'\u00eatre canc\u00e9rig\u00e8nes ont \u00e9t\u00e9 d\u00e9lib\u00e9r\u00e9ment \u00e9vit\u00e9s. Contrairement aux huiles pour armes courantes, l'huile se comporte de mani\u00e8re neutre vis-\u00e0-vis du cuivre et du laiton et pr\u00e9serve ainsi ces \u00e9l\u00e9ments sur le couteau ou l'\u00e9p\u00e9e.<br \/>L'huile de lame est r\u00e9sistante, mais d\u00e9lib\u00e9r\u00e9ment moins r\u00e9sistante que les huiles lubrifiantes et p\u00e9n\u00e9trantes, afin que l'exc\u00e9dent d'huile ne reste pas accroch\u00e9 \u00e0 jamais dans l'\u00e9tui du couteau ou de l'\u00e9p\u00e9e.<\/p>\n<p>De plus, vous recevez avec le kit des modes d'emploi d\u00e9taill\u00e9s en allemand et en anglais avec des consignes de s\u00e9curit\u00e9 suppl\u00e9mentaires et des conseils d'entretien.<\/p>\n<p>Fabricant : Toshiro Swords, Andara GmbH, Brunnenweg 15, 64331 Weiterstadt, info@andara-gmbh.de<\/p>\n<div class=\"shariff shariff-align-left shariff-widget-align-left\"><ul class=\"shariff-buttons theme-grey orientation-horizontal buttonsize-medium\"><li class=\"shariff-button twitter shariff-nocustomcolor\" style=\"background-color:#595959\"><a href=\"https:\/\/twitter.com\/share?url=https%3A%2F%2Fsamuraischwert.kaufen%2Ffr%2Fprodukt%2Fklingenpflegeset-fuer-schwert-und-messer-mit-bedienungsanleitung-samurai-2k%2F&text=Klingenpflegeset%20mit%20Bedienungsanleitung%20Toshiro%20Swords\" title=\"Partager sur X\" aria-label=\"Partager sur X\" role=\"button\" rel=\"noopener nofollow\" class=\"shariff-link\" style=\"; background-color:#000; color:#fff\" target=\"_blank\"><span class=\"shariff-icon\" style=\"\"><svg width=\"32px\" height=\"20px\" xmlns=\"http:\/\/www.w3.org\/2000\/svg\" viewbox=\"0 0 24 24\"><path fill=\"#000\" d=\"M14.258 10.152L23.176 0h-2.113l-7.747 8.813L7.133 0H0l9.352 13.328L0 23.973h2.113l8.176-9.309 6.531 9.309h7.133zm-2.895 3.293l-.949-1.328L2.875 1.56h3.246l6.086 8.523.945 1.328 7.91 11.078h-3.246zm0 0\"\/><\/svg><\/span><span class=\"shariff-text\">partager<\/span>&nbsp;<\/a><\/li><li class=\"shariff-button facebook shariff-nocustomcolor\" style=\"background-color:#4273c8\"><a href=\"https:\/\/www.facebook.com\/sharer\/sharer.php?u=https%3A%2F%2Fsamuraischwert.kaufen%2Ffr%2Fprodukt%2Fklingenpflegeset-fuer-schwert-und-messer-mit-bedienungsanleitung-samurai-2k%2F\" title=\"Partager sur Facebook\" aria-label=\"Partager sur Facebook\" role=\"button\" rel=\"nofollow\" class=\"shariff-link\" style=\"; background-color:#3b5998; color:#fff\" target=\"_blank\"><span class=\"shariff-icon\" style=\"\"><svg width=\"32px\" height=\"20px\" xmlns=\"http:\/\/www.w3.org\/2000\/svg\" viewbox=\"0 0 18 32\"><path fill=\"#3b5998\" d=\"M17.1 0.2v4.7h-2.8q-1.5 0-2.1 0.6t-0.5 1.9v3.4h5.2l-0.7 5.3h-4.5v13.6h-5.5v-13.6h-4.5v-5.3h4.5v-3.9q0-3.3 1.9-5.2t5-1.8q2.6 0 4.1 0.2z\"\/><\/svg><\/span><span class=\"shariff-text\">partager<\/span>&nbsp;<\/a><\/li><li class=\"shariff-button xing shariff-nocustomcolor\" style=\"background-color:#29888a\"><a href=\"https:\/\/www.xing.com\/spi\/shares\/new?url=https%3A%2F%2Fsamuraischwert.kaufen%2Ffr%2Fprodukt%2Fklingenpflegeset-fuer-schwert-und-messer-mit-bedienungsanleitung-samurai-2k%2F\" title=\"Partager sur XING\" aria-label=\"Partager sur XING\" role=\"button\" rel=\"noopener nofollow\" class=\"shariff-link\" style=\"; background-color:#126567; color:#fff\" target=\"_blank\"><span class=\"shariff-icon\" style=\"\"><svg width=\"32px\" height=\"20px\" xmlns=\"http:\/\/www.w3.org\/2000\/svg\" viewbox=\"0 0 25 32\"><path fill=\"#126567\" d=\"M10.7 11.9q-0.2 0.3-4.6 8.2-0.5 0.8-1.2 0.8h-4.3q-0.4 0-0.5-0.3t0-0.6l4.5-8q0 0 0 0l-2.9-5q-0.2-0.4 0-0.7 0.2-0.3 0.5-0.3h4.3q0.7 0 1.2 0.8zM25.1 0.4q0.2 0.3 0 0.7l-9.4 16.7 6 11q0.2 0.4 0 0.6-0.2 0.3-0.6 0.3h-4.3q-0.7 0-1.2-0.8l-6-11.1q0.3-0.6 9.5-16.8 0.4-0.8 1.2-0.8h4.3q0.4 0 0.5 0.3z\"\/><\/svg><\/span><span class=\"shariff-text\">partager<\/span>&nbsp;<\/a><\/li><li class=\"shariff-button linkedin shariff-nocustomcolor\" style=\"background-color:#1488bf\"><a href=\"https:\/\/www.linkedin.com\/sharing\/share-offsite\/?url=https%3A%2F%2Fsamuraischwert.kaufen%2Ffr%2Fprodukt%2Fklingenpflegeset-fuer-schwert-und-messer-mit-bedienungsanleitung-samurai-2k%2F\" title=\"Partager sur LinkedIn\" aria-label=\"Partager sur LinkedIn\" role=\"button\" rel=\"noopener nofollow\" class=\"shariff-link\" style=\"; background-color:#0077b5; color:#fff\" target=\"_blank\"><span class=\"shariff-icon\" style=\"\"><svg width=\"32px\" height=\"20px\" xmlns=\"http:\/\/www.w3.org\/2000\/svg\" viewbox=\"0 0 27 32\"><path fill=\"#0077b5\" d=\"M6.2 11.2v17.7h-5.9v-17.7h5.9zM6.6 5.7q0 1.3-0.9 2.2t-2.4 0.9h0q-1.5 0-2.4-0.9t-0.9-2.2 0.9-2.2 2.4-0.9 2.4 0.9 0.9 2.2zM27.4 18.7v10.1h-5.9v-9.5q0-1.9-0.7-2.9t-2.3-1.1q-1.1 0-1.9 0.6t-1.2 1.5q-0.2 0.5-0.2 1.4v9.9h-5.9q0-7.1 0-11.6t0-5.3l0-0.9h5.9v2.6h0q0.4-0.6 0.7-1t1-0.9 1.6-0.8 2-0.3q3 0 4.9 2t1.9 6z\"\/><\/svg><\/span><span class=\"shariff-text\">partager<\/span>&nbsp;<\/a><\/li><li class=\"shariff-button mailto shariff-nocustomcolor\" style=\"background-color:#a8a8a8\"><a href=\"mailto:?body=https%3A%2F%2Fsamuraischwert.kaufen%2Ffr%2Fprodukt%2Fklingenpflegeset-fuer-schwert-und-messer-mit-bedienungsanleitung-samurai-2k%2F&subject=Klingenpflegeset%20mit%20Bedienungsanleitung%20Toshiro%20Swords\" title=\"Envoyer par e-mail\" aria-label=\"Envoyer par e-mail\" role=\"button\" rel=\"noopener nofollow\" class=\"shariff-link\" style=\"; background-color:#999; color:#fff\"><span class=\"shariff-icon\" style=\"\"><svg width=\"32px\" height=\"20px\" xmlns=\"http:\/\/www.w3.org\/2000\/svg\" viewbox=\"0 0 32 32\"><path fill=\"#999\" d=\"M32 12.7v14.2q0 1.2-0.8 2t-2 0.9h-26.3q-1.2 0-2-0.9t-0.8-2v-14.2q0.8 0.9 1.8 1.6 6.5 4.4 8.9 6.1 1 0.8 1.6 1.2t1.7 0.9 2 0.4h0.1q0.9 0 2-0.4t1.7-0.9 1.6-1.2q3-2.2 8.9-6.1 1-0.7 1.8-1.6zM32 7.4q0 1.4-0.9 2.7t-2.2 2.2q-6.7 4.7-8.4 5.8-0.2 0.1-0.7 0.5t-1 0.7-0.9 0.6-1.1 0.5-0.9 0.2h-0.1q-0.4 0-0.9-0.2t-1.1-0.5-0.9-0.6-1-0.7-0.7-0.5q-1.6-1.1-4.7-3.2t-3.6-2.6q-1.1-0.7-2.1-2t-1-2.5q0-1.4 0.7-2.3t2.1-0.9h26.3q1.2 0 2 0.8t0.9 2z\"\/><\/svg><\/span><span class=\"shariff-text\">Courrier \u00e9lectronique<\/span>&nbsp;<\/a><\/li><li class=\"shariff-button whatsapp shariff-nocustomcolor\" style=\"background-color:#5cbe4a\"><a href=\"https:\/\/api.whatsapp.com\/send?text=https%3A%2F%2Fsamuraischwert.kaufen%2Ffr%2Fprodukt%2Fklingenpflegeset-fuer-schwert-und-messer-mit-bedienungsanleitung-samurai-2k%2F%20Klingenpflegeset%20mit%20Bedienungsanleitung%20Toshiro%20Swords\" title=\"Partager sur Whatsapp\" aria-label=\"Partager sur Whatsapp\" role=\"button\" rel=\"noopener nofollow\" class=\"shariff-link\" style=\"; background-color:#34af23; color:#fff\" target=\"_blank\"><span class=\"shariff-icon\" style=\"\"><svg width=\"32px\" height=\"20px\" xmlns=\"http:\/\/www.w3.org\/2000\/svg\" viewbox=\"0 0 32 32\"><path fill=\"#34af23\" d=\"M17.6 17.4q0.2 0 1.7 0.8t1.6 0.9q0 0.1 0 0.3 0 0.6-0.3 1.4-0.3 0.7-1.3 1.2t-1.8 0.5q-1 0-3.4-1.1-1.7-0.8-3-2.1t-2.6-3.3q-1.3-1.9-1.3-3.5v-0.1q0.1-1.6 1.3-2.8 0.4-0.4 0.9-0.4 0.1 0 0.3 0t0.3 0q0.3 0 0.5 0.1t0.3 0.5q0.1 0.4 0.6 1.6t0.4 1.3q0 0.4-0.6 1t-0.6 0.8q0 0.1 0.1 0.3 0.6 1.3 1.8 2.4 1 0.9 2.7 1.8 0.2 0.1 0.4 0.1 0.3 0 1-0.9t0.9-0.9zM14 26.9q2.3 0 4.3-0.9t3.6-2.4 2.4-3.6 0.9-4.3-0.9-4.3-2.4-3.6-3.6-2.4-4.3-0.9-4.3 0.9-3.6 2.4-2.4 3.6-0.9 4.3q0 3.6 2.1 6.6l-1.4 4.2 4.3-1.4q2.8 1.9 6.2 1.9zM14 2.2q2.7 0 5.2 1.1t4.3 2.9 2.9 4.3 1.1 5.2-1.1 5.2-2.9 4.3-4.3 2.9-5.2 1.1q-3.5 0-6.5-1.7l-7.4 2.4 2.4-7.2q-1.9-3.2-1.9-6.9 0-2.7 1.1-5.2t2.9-4.3 4.3-2.9 5.2-1.1z\"\/><\/svg><\/span><span class=\"shariff-text\">partager<\/span>&nbsp;<\/a><\/li><\/ul><\/div>","protected":false},"excerpt":{"rendered":"<p>Produktmerkmale:&#8211; Schwertpflegeset und Messerpflegeset&#8211; Alles was Sie f\u00fcr die Klingenpflege ben\u00f6tigen in einem Set&#8211; 5-teiliges Pflegeset: Spezialtuch f\u00fcr Entfernung von \u00d6lresten, Uchiko mit Klingenpulver, hochwertiges Schwert\u00f6l, Baumwolltuch f\u00fcr das Auftragen von \u00d6l, Bedienungsanleitungen auf Deutsch und Englisch&#8211; Mit dekorativer Box&#8211; Extrem hochwertige Bestandteile Produktbeschreibung:Jede echte Klinge ist anf\u00e4llig f\u00fcr Rost. Deshalb ist regelm\u00e4\u00dfige Pflege n\u00f6tig, [&hellip;]<\/p>\n","protected":false},"featured_media":58136,"comment_status":"open","ping_status":"closed","template":"","meta":{"_acf_changed":false},"product_brand":[],"product_cat":[82],"product_tag":[716,1091,715,183,164,138,713,676,154,357,197,185,152,1089,523,142,139,675,727,135,1092,132,670,1093,156,137,182,155,150,1135,151,131,726,196,133,673,136,134,928,714,184,669,927,193,1090,668,1094],"class_list":{"0":"post-11226","1":"product","2":"type-product","3":"status-publish","4":"has-post-thumbnail","6":"product_cat-schwertpflege","7":"product_tag-abura","8":"product_tag-balistol","9":"product_tag-choji","10":"product_tag-flanneltuch","11":"product_tag-japan","12":"product_tag-japanisches","13":"product_tag-kamelienoel","14":"product_tag-kami","15":"product_tag-katana","16":"product_tag-klinge","17":"product_tag-klingenoel","18":"product_tag-klingentuch","19":"product_tag-messer","20":"product_tag-messerpflegeset","21":"product_tag-mit","22":"product_tag-nelkenoel","23":"product_tag-neu","24":"product_tag-nuguigami","25":"product_tag-papier","26":"product_tag-pflege","27":"product_tag-pflegeoel","28":"product_tag-pflegeset","29":"product_tag-pflegetuch","30":"product_tag-pulver","31":"product_tag-putzen","32":"product_tag-reinigung","33":"product_tag-reinigungstuch","34":"product_tag-reparatur","35":"product_tag-samurai","36":"product_tag-samurai-2k","37":"product_tag-samuraischwert","38":"product_tag-schwert","39":"product_tag-schwertklinge","40":"product_tag-schwertoel","41":"product_tag-schwertpflege","42":"product_tag-schwertpflegeset","43":"product_tag-schwertreinigung","44":"product_tag-set","45":"product_tag-spezialtuch","46":"product_tag-tsubaki","47":"product_tag-tuch","48":"product_tag-ungebleicht","49":"product_tag-waffenset","50":"product_tag-washi","51":"product_tag-wd-40","52":"product_tag-zellstoff","53":"product_tag-zur","54":"product_shipping_class-debrief145-2","56":"first","57":"outofstock","58":"taxable","59":"shipping-taxable","60":"purchasable","61":"product-type-simple"},"acf":[],"_links":{"self":[{"href":"https:\/\/samuraischwert.kaufen\/fr\/wp-json\/wp\/v2\/product\/11226","targetHints":{"allow":["GET"]}}],"collection":[{"href":"https:\/\/samuraischwert.kaufen\/fr\/wp-json\/wp\/v2\/product"}],"about":[{"href":"https:\/\/samuraischwert.kaufen\/fr\/wp-json\/wp\/v2\/types\/product"}],"replies":[{"embeddable":true,"href":"https:\/\/samuraischwert.kaufen\/fr\/wp-json\/wp\/v2\/comments?post=11226"}],"wp:featuredmedia":[{"embeddable":true,"href":"https:\/\/samuraischwert.kaufen\/fr\/wp-json\/wp\/v2\/media\/58136"}],"wp:attachment":[{"href":"https:\/\/samuraischwert.kaufen\/fr\/wp-json\/wp\/v2\/media?parent=11226"}],"wp:term":[{"taxonomy":"product_brand","embeddable":true,"href":"https:\/\/samuraischwert.kaufen\/fr\/wp-json\/wp\/v2\/product_brand?post=11226"},{"taxonomy":"product_cat","embeddable":true,"href":"https:\/\/samuraischwert.kaufen\/fr\/wp-json\/wp\/v2\/product_cat?post=11226"},{"taxonomy":"product_tag","embeddable":true,"href":"https:\/\/samuraischwert.kaufen\/fr\/wp-json\/wp\/v2\/product_tag?post=11226"}],"curies":[{"name":"wp","href":"https:\/\/api.w.org\/{rel}","templated":true}]}}