{"id":10722,"date":"2019-07-15T18:41:14","date_gmt":"2019-07-15T16:41:14","guid":{"rendered":"https:\/\/samuraischwert.kaufen\/shop\/unkategorisiert\/schwerttasche-mit-schloss-fuer-samuraischwert\/"},"modified":"2026-04-01T04:47:49","modified_gmt":"2026-04-01T02:47:49","slug":"sacoche-avec-cadenas-pour-sabre-de-samourai","status":"publish","type":"product","link":"https:\/\/samuraischwert.kaufen\/fr\/produkt\/schwerttasche-mit-schloss-fuer-samuraischwert\/","title":{"rendered":"Toshiro Swords \u00e9tui avec serrure pour sabre de samoura\u00ef"},"content":{"rendered":"<p><b>Caract\u00e9ristiques du produit :<\/b><\/p>\n<p>- Aspect exclusif, mat\u00e9riau int\u00e9rieur doux<br \/>- Verrouillable, serrure incluse dans l'offre<br \/>- longueur : 112 cm<br \/>- Pour un transport en toute s\u00e9curit\u00e9 juridique<br \/>- Avec sangle de transport<\/p>\n<p><b>Description du produit :<\/b><br \/>\u00c9tui \u00e0 \u00e9p\u00e9e verrouillable pour katana et iaito de Toshiro Swords.<\/p>\n<p>Un bref extrait de la l\u00e9gislation allemande sur les armes concernant les r\u00e8gles applicables aux \u00e9p\u00e9es en public :<br \/><i>(1) Il est interdit...2. de porter des armes blanches telles que d\u00e9finies \u00e0 l'annexe 1, section 1, sous-section 2, point 1.1...<br \/>(Le paragraphe 1 ne s'applique pas...2. pour le transport dans un conteneur scell\u00e9,<\/i><br \/>Pour faire simple, une \u00e9p\u00e9e doit donc \u00eatre transport\u00e9e dans un r\u00e9cipient ferm\u00e9 \u00e0 cl\u00e9.<\/p>\n<p>Tous les sabres \u00e0 lame tranchante comme le katana et le shinken sont concern\u00e9s, mais aussi les iaito \u00e0 pointe tranchante.<br \/>Toshiro Swords propose un \u00e9tui \u00e0 \u00e9p\u00e9e assorti avec un m\u00e9canisme de fermeture simple. L'\u00e9tui se ferme en un tour de main et se d\u00e9verrouille tout aussi rapidement. La s\u00e9curit\u00e9 juridique est ainsi rapidement et facilement \u00e9tablie.<br \/>L'ext\u00e9rieur du sac est recouvert d'un plastique imperm\u00e9able \u00e0 l'aspect cuir. L'int\u00e9rieur est rembourr\u00e9 d'un tissu doux pour prot\u00e9ger le sabre.<\/p>\n<p>Le sac se ferme \u00e0 l'aide d'une fermeture \u00e9clair et se verrouille \u00e0 l'aide du cadenas qui y est attach\u00e9. Il suffit ensuite de d\u00e9placer une roue de la serrure \u00e0 combinaison d'un chiffre pour fermer le sac. Il poss\u00e8de une sangle r\u00e9glable en longueur qui permet de porter le sac \u00e0 la main, sur l'\u00e9paule ou sur le dos.<br \/>Le sac a une longueur de 112 cm et une largeur de 13 cm. Elle est con\u00e7ue pour le katana Tameshigiri de Toshiro Swords. Elle peut bien s\u00fbr \u00eatre utilis\u00e9e pour n'importe quel autre sabre. Ses dimensions sont adapt\u00e9es aux sabres d'une longueur totale maximale de 108 cm et la tsuba doit avoir un diam\u00e8tre maximal de 8,5 cm.<\/p>\n<p>Vid\u00e9o sur le sac :<\/p>\n<div class=\"embed-privacy-container is-disabled embed-www-youtube-nocookie-com\" data-embed-id=\"oembed_7f5088116fdacd38834fb47f7517498e\" data-embed-provider=\"www-youtube-nocookie-com\" style=\"aspect-ratio: 560\/315;\">\t\t\t\t\t\t<button type=\"button\" class=\"embed-privacy-enable screen-reader-text\">Contenu d'affichage de www.youtube-nocookie.com<\/button>\t\t\t\t\t\t<\/p>\n<div class=\"embed-privacy-overlay\">\n<div class=\"embed-privacy-inner\">\n<p>\t\tClick here to display content from www.youtube-nocookie.com.\t\t<\/p>\n<p class=\"embed-privacy-input-wrapper\">\t\t\t<input id=\"embed-privacy-store-www-youtube-nocookie-com-7f5088116fdacd38834fb47f7517498e\" type=\"checkbox\" value=\"1\" class=\"embed-privacy-input\" data-embed-provider=\"www-youtube-nocookie-com\">\t\t\t<label for=\"embed-privacy-store-www-youtube-nocookie-com-7f5088116fdacd38834fb47f7517498e\" class=\"embed-privacy-label\" data-embed-provider=\"www-youtube-nocookie-com\">\t\t\t\tToujours afficher le contenu de www.youtube-nocookie.com\t\t\t<\/label>\t\t<\/p>\n<\/p><\/div>\n<div class=\"embed-privacy-footer\"><span class=\"embed-privacy-url\"><a href=\"https:\/\/www.youtube-nocookie.com\/embed\/nUnizjg0FfQ?rel=0\" target=\"_blank\" rel=\"noopener\">Ouvrir le contenu directement<\/a><\/span><\/div>\n<\/p><\/div>\n<div class=\"embed-privacy-content\">\t\t\t\t<script>var _oembed_7f5088116fdacd38834fb47f7517498e = '{\\\"embed\\\":\\\"&lt;iframe src=&quot;https:\\\\\/\\\\\/www.youtube-nocookie.com\\\\\/embed\\\\\/nUnizjg0FfQ?rel=0&quot; width=&quot;560&quot; height=&quot;315&quot; frameborder=&quot;0&quot; allowfullscreen=&quot;allowfullscreen&quot;&gt;&lt;span data-mce-type=&quot;bookmark&quot; style=&quot;display: inline-block; width: 0px; overflow: hidden; line-height: 0;&quot; class=&quot;mce_SELRES_start&quot;&gt;?&lt;\\\\\/span&gt;&lt;\\\\\/iframe&gt;\\\"}';<\/script>\t\t\t<\/div>\n<\/p><\/div>\n<p>Fabricant : Toshiro Swords, Andara GmbH, Brunnenweg 15, 64331 Weiterstadt, info@andara-gmbh.de<\/p>\n<div class=\"shariff shariff-align-left shariff-widget-align-left\"><ul class=\"shariff-buttons theme-grey orientation-horizontal buttonsize-medium\"><li class=\"shariff-button twitter shariff-nocustomcolor\" style=\"background-color:#595959\"><a href=\"https:\/\/twitter.com\/share?url=https%3A%2F%2Fsamuraischwert.kaufen%2Ffr%2Fprodukt%2Fschwerttasche-mit-schloss-fuer-samuraischwert%2F&text=Toshiro%20Swords%20Schwerttasche%20mit%20Schloss%20f%C3%BCr%20Samuraischwert\" title=\"Partager sur X\" aria-label=\"Partager sur X\" role=\"button\" rel=\"noopener nofollow\" class=\"shariff-link\" style=\"; background-color:#000; color:#fff\" target=\"_blank\"><span class=\"shariff-icon\" style=\"\"><svg width=\"32px\" height=\"20px\" xmlns=\"http:\/\/www.w3.org\/2000\/svg\" viewbox=\"0 0 24 24\"><path fill=\"#000\" d=\"M14.258 10.152L23.176 0h-2.113l-7.747 8.813L7.133 0H0l9.352 13.328L0 23.973h2.113l8.176-9.309 6.531 9.309h7.133zm-2.895 3.293l-.949-1.328L2.875 1.56h3.246l6.086 8.523.945 1.328 7.91 11.078h-3.246zm0 0\"\/><\/svg><\/span><span class=\"shariff-text\">partager<\/span>&nbsp;<\/a><\/li><li class=\"shariff-button facebook shariff-nocustomcolor\" style=\"background-color:#4273c8\"><a href=\"https:\/\/www.facebook.com\/sharer\/sharer.php?u=https%3A%2F%2Fsamuraischwert.kaufen%2Ffr%2Fprodukt%2Fschwerttasche-mit-schloss-fuer-samuraischwert%2F\" title=\"Partager sur Facebook\" aria-label=\"Partager sur Facebook\" role=\"button\" rel=\"nofollow\" class=\"shariff-link\" style=\"; background-color:#3b5998; color:#fff\" target=\"_blank\"><span class=\"shariff-icon\" style=\"\"><svg width=\"32px\" height=\"20px\" xmlns=\"http:\/\/www.w3.org\/2000\/svg\" viewbox=\"0 0 18 32\"><path fill=\"#3b5998\" d=\"M17.1 0.2v4.7h-2.8q-1.5 0-2.1 0.6t-0.5 1.9v3.4h5.2l-0.7 5.3h-4.5v13.6h-5.5v-13.6h-4.5v-5.3h4.5v-3.9q0-3.3 1.9-5.2t5-1.8q2.6 0 4.1 0.2z\"\/><\/svg><\/span><span class=\"shariff-text\">partager<\/span>&nbsp;<\/a><\/li><li class=\"shariff-button xing shariff-nocustomcolor\" style=\"background-color:#29888a\"><a href=\"https:\/\/www.xing.com\/spi\/shares\/new?url=https%3A%2F%2Fsamuraischwert.kaufen%2Ffr%2Fprodukt%2Fschwerttasche-mit-schloss-fuer-samuraischwert%2F\" title=\"Partager sur XING\" aria-label=\"Partager sur XING\" role=\"button\" rel=\"noopener nofollow\" class=\"shariff-link\" style=\"; background-color:#126567; color:#fff\" target=\"_blank\"><span class=\"shariff-icon\" style=\"\"><svg width=\"32px\" height=\"20px\" xmlns=\"http:\/\/www.w3.org\/2000\/svg\" viewbox=\"0 0 25 32\"><path fill=\"#126567\" d=\"M10.7 11.9q-0.2 0.3-4.6 8.2-0.5 0.8-1.2 0.8h-4.3q-0.4 0-0.5-0.3t0-0.6l4.5-8q0 0 0 0l-2.9-5q-0.2-0.4 0-0.7 0.2-0.3 0.5-0.3h4.3q0.7 0 1.2 0.8zM25.1 0.4q0.2 0.3 0 0.7l-9.4 16.7 6 11q0.2 0.4 0 0.6-0.2 0.3-0.6 0.3h-4.3q-0.7 0-1.2-0.8l-6-11.1q0.3-0.6 9.5-16.8 0.4-0.8 1.2-0.8h4.3q0.4 0 0.5 0.3z\"\/><\/svg><\/span><span class=\"shariff-text\">partager<\/span>&nbsp;<\/a><\/li><li class=\"shariff-button linkedin shariff-nocustomcolor\" style=\"background-color:#1488bf\"><a href=\"https:\/\/www.linkedin.com\/sharing\/share-offsite\/?url=https%3A%2F%2Fsamuraischwert.kaufen%2Ffr%2Fprodukt%2Fschwerttasche-mit-schloss-fuer-samuraischwert%2F\" title=\"Partager sur LinkedIn\" aria-label=\"Partager sur LinkedIn\" role=\"button\" rel=\"noopener nofollow\" class=\"shariff-link\" style=\"; background-color:#0077b5; color:#fff\" target=\"_blank\"><span class=\"shariff-icon\" style=\"\"><svg width=\"32px\" height=\"20px\" xmlns=\"http:\/\/www.w3.org\/2000\/svg\" viewbox=\"0 0 27 32\"><path fill=\"#0077b5\" d=\"M6.2 11.2v17.7h-5.9v-17.7h5.9zM6.6 5.7q0 1.3-0.9 2.2t-2.4 0.9h0q-1.5 0-2.4-0.9t-0.9-2.2 0.9-2.2 2.4-0.9 2.4 0.9 0.9 2.2zM27.4 18.7v10.1h-5.9v-9.5q0-1.9-0.7-2.9t-2.3-1.1q-1.1 0-1.9 0.6t-1.2 1.5q-0.2 0.5-0.2 1.4v9.9h-5.9q0-7.1 0-11.6t0-5.3l0-0.9h5.9v2.6h0q0.4-0.6 0.7-1t1-0.9 1.6-0.8 2-0.3q3 0 4.9 2t1.9 6z\"\/><\/svg><\/span><span class=\"shariff-text\">partager<\/span>&nbsp;<\/a><\/li><li class=\"shariff-button mailto shariff-nocustomcolor\" style=\"background-color:#a8a8a8\"><a href=\"mailto:?body=https%3A%2F%2Fsamuraischwert.kaufen%2Ffr%2Fprodukt%2Fschwerttasche-mit-schloss-fuer-samuraischwert%2F&subject=Toshiro%20Swords%20Schwerttasche%20mit%20Schloss%20f%C3%BCr%20Samuraischwert\" title=\"Envoyer par e-mail\" aria-label=\"Envoyer par e-mail\" role=\"button\" rel=\"noopener nofollow\" class=\"shariff-link\" style=\"; background-color:#999; color:#fff\"><span class=\"shariff-icon\" style=\"\"><svg width=\"32px\" height=\"20px\" xmlns=\"http:\/\/www.w3.org\/2000\/svg\" viewbox=\"0 0 32 32\"><path fill=\"#999\" d=\"M32 12.7v14.2q0 1.2-0.8 2t-2 0.9h-26.3q-1.2 0-2-0.9t-0.8-2v-14.2q0.8 0.9 1.8 1.6 6.5 4.4 8.9 6.1 1 0.8 1.6 1.2t1.7 0.9 2 0.4h0.1q0.9 0 2-0.4t1.7-0.9 1.6-1.2q3-2.2 8.9-6.1 1-0.7 1.8-1.6zM32 7.4q0 1.4-0.9 2.7t-2.2 2.2q-6.7 4.7-8.4 5.8-0.2 0.1-0.7 0.5t-1 0.7-0.9 0.6-1.1 0.5-0.9 0.2h-0.1q-0.4 0-0.9-0.2t-1.1-0.5-0.9-0.6-1-0.7-0.7-0.5q-1.6-1.1-4.7-3.2t-3.6-2.6q-1.1-0.7-2.1-2t-1-2.5q0-1.4 0.7-2.3t2.1-0.9h26.3q1.2 0 2 0.8t0.9 2z\"\/><\/svg><\/span><span class=\"shariff-text\">Courrier \u00e9lectronique<\/span>&nbsp;<\/a><\/li><li class=\"shariff-button whatsapp shariff-nocustomcolor\" style=\"background-color:#5cbe4a\"><a href=\"https:\/\/api.whatsapp.com\/send?text=https%3A%2F%2Fsamuraischwert.kaufen%2Ffr%2Fprodukt%2Fschwerttasche-mit-schloss-fuer-samuraischwert%2F%20Toshiro%20Swords%20Schwerttasche%20mit%20Schloss%20f%C3%BCr%20Samuraischwert\" title=\"Partager sur Whatsapp\" aria-label=\"Partager sur Whatsapp\" role=\"button\" rel=\"noopener nofollow\" class=\"shariff-link\" style=\"; background-color:#34af23; color:#fff\" target=\"_blank\"><span class=\"shariff-icon\" style=\"\"><svg width=\"32px\" height=\"20px\" xmlns=\"http:\/\/www.w3.org\/2000\/svg\" viewbox=\"0 0 32 32\"><path fill=\"#34af23\" d=\"M17.6 17.4q0.2 0 1.7 0.8t1.6 0.9q0 0.1 0 0.3 0 0.6-0.3 1.4-0.3 0.7-1.3 1.2t-1.8 0.5q-1 0-3.4-1.1-1.7-0.8-3-2.1t-2.6-3.3q-1.3-1.9-1.3-3.5v-0.1q0.1-1.6 1.3-2.8 0.4-0.4 0.9-0.4 0.1 0 0.3 0t0.3 0q0.3 0 0.5 0.1t0.3 0.5q0.1 0.4 0.6 1.6t0.4 1.3q0 0.4-0.6 1t-0.6 0.8q0 0.1 0.1 0.3 0.6 1.3 1.8 2.4 1 0.9 2.7 1.8 0.2 0.1 0.4 0.1 0.3 0 1-0.9t0.9-0.9zM14 26.9q2.3 0 4.3-0.9t3.6-2.4 2.4-3.6 0.9-4.3-0.9-4.3-2.4-3.6-3.6-2.4-4.3-0.9-4.3 0.9-3.6 2.4-2.4 3.6-0.9 4.3q0 3.6 2.1 6.6l-1.4 4.2 4.3-1.4q2.8 1.9 6.2 1.9zM14 2.2q2.7 0 5.2 1.1t4.3 2.9 2.9 4.3 1.1 5.2-1.1 5.2-2.9 4.3-4.3 2.9-5.2 1.1q-3.5 0-6.5-1.7l-7.4 2.4 2.4-7.2q-1.9-3.2-1.9-6.9 0-2.7 1.1-5.2t2.9-4.3 4.3-2.9 5.2-1.1z\"\/><\/svg><\/span><span class=\"shariff-text\">partager<\/span>&nbsp;<\/a><\/li><\/ul><\/div>","protected":false},"excerpt":{"rendered":"<p>Produktmerkmale:\u2013 Exklusive Optik, weiches Innenmaterial\u2013 Verschlie\u00dfbar, Schloss im Angebot enthalten\u2013 L\u00e4nge: 112 cm\u2013 F\u00fcr rechtssicheren Transport\u2013 Mit Tragegurt Produktbeschreibung:Verschlie\u00dfbare Schwerttasche f\u00fcr Katana und Iaito von Toshiro Swords. Ein kurzer Auszug aus dem deutschen Waffenrecht \u00fcber die Vorschriften f\u00fcr Schwerter in der \u00d6ffentlichkeit:(1) Es ist verboten\u20262. Hieb- und Sto\u00dfwaffen nach Anlage 1 Abschnitt 1 Unterabschnitt 2 [&hellip;]<\/p>\n","protected":false},"featured_media":10715,"comment_status":"open","ping_status":"closed","template":"","meta":{"_acf_changed":false},"product_brand":[],"product_cat":[113],"product_tag":[1057,163,225,703,517,164,154,1059,1060,523,1058,706,150,131,700,518,501,1056],"class_list":{"0":"post-10722","1":"product","2":"type-product","3":"status-publish","4":"has-post-thumbnail","6":"product_cat-schwerttaschen","7":"product_tag-abschliessbar","8":"product_tag-aus","9":"product_tag-fuer","10":"product_tag-gepolstert","11":"product_tag-iaito","12":"product_tag-japan","13":"product_tag-katana","14":"product_tag-kunstleder","15":"product_tag-leder","16":"product_tag-mit","17":"product_tag-rechtssicher","18":"product_tag-reissverschluss","19":"product_tag-samurai","20":"product_tag-schwert","21":"product_tag-schwertbeutel","22":"product_tag-shinken","23":"product_tag-tasche","24":"product_tag-verschliessbar","25":"product_shipping_class-debrief145-2","27":"first","28":"instock","29":"taxable","30":"shipping-taxable","31":"purchasable","32":"product-type-simple"},"acf":[],"_links":{"self":[{"href":"https:\/\/samuraischwert.kaufen\/fr\/wp-json\/wp\/v2\/product\/10722","targetHints":{"allow":["GET"]}}],"collection":[{"href":"https:\/\/samuraischwert.kaufen\/fr\/wp-json\/wp\/v2\/product"}],"about":[{"href":"https:\/\/samuraischwert.kaufen\/fr\/wp-json\/wp\/v2\/types\/product"}],"replies":[{"embeddable":true,"href":"https:\/\/samuraischwert.kaufen\/fr\/wp-json\/wp\/v2\/comments?post=10722"}],"wp:featuredmedia":[{"embeddable":true,"href":"https:\/\/samuraischwert.kaufen\/fr\/wp-json\/wp\/v2\/media\/10715"}],"wp:attachment":[{"href":"https:\/\/samuraischwert.kaufen\/fr\/wp-json\/wp\/v2\/media?parent=10722"}],"wp:term":[{"taxonomy":"product_brand","embeddable":true,"href":"https:\/\/samuraischwert.kaufen\/fr\/wp-json\/wp\/v2\/product_brand?post=10722"},{"taxonomy":"product_cat","embeddable":true,"href":"https:\/\/samuraischwert.kaufen\/fr\/wp-json\/wp\/v2\/product_cat?post=10722"},{"taxonomy":"product_tag","embeddable":true,"href":"https:\/\/samuraischwert.kaufen\/fr\/wp-json\/wp\/v2\/product_tag?post=10722"}],"curies":[{"name":"wp","href":"https:\/\/api.w.org\/{rel}","templated":true}]}}