{"id":10011,"date":"2019-05-23T08:43:52","date_gmt":"2019-05-23T06:43:52","guid":{"rendered":"https:\/\/samuraischwert.kaufen\/shop\/unkategorisiert\/samuraischwert-sakura-ishime-katana-mit-metall-klinge-aus-hochwertigem-kohlenstoffstahl-sehr-scharf\/"},"modified":"2026-04-03T11:36:15","modified_gmt":"2026-04-03T09:36:15","slug":"sabre-samourai-sakura-ishime-katana-avec-lame-metallique-en-acier-carbone-de-haute-qualite-tres-tranchante","status":"publish","type":"product","link":"https:\/\/samuraischwert.kaufen\/fr\/produkt\/samuraischwert-sakura-ishime-katana-mit-metall-klinge-aus-hochwertigem-kohlenstoffstahl-sehr-scharf\/","title":{"rendered":"Sabre samoura\u00ef Sakura Ishime Katana avec lame m\u00e9tallique en acier au carbone de haute qualit\u00e9 tr\u00e8s tranchante !"},"content":{"rendered":"<p><b>Caract\u00e9ristiques du produit :<\/b><\/p>\n<p>\n- Extr\u00eamement pointu !<br \/>\n- Acier au carbone de haute qualit\u00e9<br \/>\n- Fait \u00e0 la main, tr\u00e8s bonne finition<br \/>\n- Vente \u00e0 partir de 18 ans !<br \/>\n- La qualit\u00e9 de la marque Toshiro Swords avec un vaste ensemble d'accessoires<\/p>\n<p><b>Description du produit :<\/b><br \/>\nSakura Ishime Katana de Toshiro Swords. Lors de la fabrication, une attention particuli\u00e8re est accord\u00e9e \u00e0 la qualit\u00e9 et \u00e0 la capacit\u00e9 d'utilisation des sabres.<\/p>\n<p>Sakura signifie fleur de cerisier. Ce motif est un \u00e9l\u00e9ment important de la culture asiatique.<br \/>\n<b>La lame<\/b> a \u00e9t\u00e9 forg\u00e9e en acier \u00e0 haute teneur en carbone dans le style traditionnel Shinogi Zukuri. C'est une lame Maru Kitae qui a \u00e9t\u00e9 compl\u00e8tement tremp\u00e9e \u00e0 55 HRC environ. Elle est massive et constitue un v\u00e9ritable outil de coupe. On s'en rend compte d\u00e8s qu'on tient le sabre dans la main. La lame est extr\u00eamement tranchante. Elle est enti\u00e8rement aff\u00fbt\u00e9e et ne poss\u00e8de pas de faux tranchant vers la poign\u00e9e, comme c'est souvent le cas pour d'autres \u00e9p\u00e9es.<br \/>\n<b>La poign\u00e9e<\/b> du sabre est fabriqu\u00e9 en bois massif et d\u00e9cor\u00e9 de v\u00e9ritable same teint\u00e9 en rouge. La poign\u00e9e dispose de 2 mekugi qui maintiennent la lame de mani\u00e8re fiable. L'enroulement de la poign\u00e9e est en coton noble.<br \/>\n<b>Le fourreau de l'\u00e9p\u00e9e<\/b>\u00a0est de style Ishime de haute qualit\u00e9 avec une peinture noire et elle dispose d'un \u00e9pais ruban tiss\u00e9 Sageo noir.<\/p>\n<p>Dimensions :<br \/>\nlongueur totale avec Saya : env. 106 cm<br \/>\nlongueur totale de l'\u00e9p\u00e9e : env. 102 cm<br \/>\nlongueur de la poign\u00e9e : env. 29 cm<br \/>\nPoids avec saya : env. 1370 grammes<br \/>\nPoids du guide : env. 1120 grammes<\/p>\n<p>Le sabre est con\u00e7u pour d\u00e9couper les tatamis omote. Il offre un rapport qualit\u00e9\/prix extr\u00eamement int\u00e9ressant.<\/p>\n<p><strong>ATTENTION : L'achat de cet article n'est autoris\u00e9, selon la loi allemande, qu'aux personnes majeures. Nous v\u00e9rifions l'\u00e2ge de chaque acheteur !<br \/>\nVeuillez vous assurer que le destinataire d\u00e9pos\u00e9 r\u00e9ceptionne personnellement la livraison et qu'il puisse prouver son \u00e2ge au moyen d'une pi\u00e8ce d'identit\u00e9. L'\u00e2ge et l'identit\u00e9 seront v\u00e9rifi\u00e9s par le service de livraison au moment de la remise.<br \/>\nVeuillez noter que les commandes sans preuve d'\u00e2ge ne seront pas remises !<br \/>\nEn raison du traitement particulier de cet article, aucune livraison n'est malheureusement possible aux stations d'emballage ou aux centres de r\u00e9ception de colis.<\/strong><\/p>\n<p>Vid\u00e9o de la s\u00e9rie de sabres de Toshiro Swords :<\/p>\n<div class=\"embed-privacy-container is-disabled embed-www-youtube-nocookie-com\" data-embed-id=\"oembed_977d5577da8e7f8ab82001bb6bfea46b\" data-embed-provider=\"www-youtube-nocookie-com\" style=\"aspect-ratio: 560\/315;\">\t\t\t\t\t\t<button type=\"button\" class=\"embed-privacy-enable screen-reader-text\">Contenu d'affichage de www.youtube-nocookie.com<\/button>\t\t\t\t\t\t<\/p>\n<div class=\"embed-privacy-overlay\">\n<div class=\"embed-privacy-inner\">\n<p>\t\tClick here to display content from www.youtube-nocookie.com.\t\t<\/p>\n<p class=\"embed-privacy-input-wrapper\">\t\t\t<input id=\"embed-privacy-store-www-youtube-nocookie-com-977d5577da8e7f8ab82001bb6bfea46b\" type=\"checkbox\" value=\"1\" class=\"embed-privacy-input\" data-embed-provider=\"www-youtube-nocookie-com\">\t\t\t<label for=\"embed-privacy-store-www-youtube-nocookie-com-977d5577da8e7f8ab82001bb6bfea46b\" class=\"embed-privacy-label\" data-embed-provider=\"www-youtube-nocookie-com\">\t\t\t\tToujours afficher le contenu de www.youtube-nocookie.com\t\t\t<\/label>\t\t<\/p>\n<\/p><\/div>\n<div class=\"embed-privacy-footer\"><span class=\"embed-privacy-url\"><a href=\"https:\/\/www.youtube-nocookie.com\/embed\/DgYV-Cv_OSo?rel=0\" target=\"_blank\" rel=\"noopener\">Ouvrir le contenu directement<\/a><\/span><\/div>\n<\/p><\/div>\n<div class=\"embed-privacy-content\">\t\t\t\t<script>var _oembed_977d5577da8e7f8ab82001bb6bfea46b = '{\\\"embed\\\":\\\"&lt;iframe src=&quot;https:\\\\\/\\\\\/www.youtube-nocookie.com\\\\\/embed\\\\\/DgYV-Cv_OSo?rel=0&quot; width=&quot;560&quot; height=&quot;315&quot; frameborder=&quot;0&quot; allowfullscreen=&quot;allowfullscreen&quot;&gt;&lt;\\\\\/iframe&gt;\\\"}';<\/script>\t\t\t<\/div>\n<\/p><\/div>\n<p>Fabricant : Toshiro Swords, Andara GmbH, Brunnenweg 15, 64331 Weiterstadt, info@andara-gmbh.de<\/p>\n<div class=\"shariff shariff-align-left shariff-widget-align-left\"><ul class=\"shariff-buttons theme-grey orientation-horizontal buttonsize-medium\"><li class=\"shariff-button twitter shariff-nocustomcolor\" style=\"background-color:#595959\"><a href=\"https:\/\/twitter.com\/share?url=https%3A%2F%2Fsamuraischwert.kaufen%2Ffr%2Fprodukt%2Fsamuraischwert-sakura-ishime-katana-mit-metall-klinge-aus-hochwertigem-kohlenstoffstahl-sehr-scharf%2F&text=Samuraischwert%20Sakura%20Ishime%20Katana%20mit%20Metall%20Klinge%20aus%20hochwertigem%20Kohlenstoffstahl%20sehr%20scharf%21\" title=\"Partager sur X\" aria-label=\"Partager sur X\" role=\"button\" rel=\"noopener nofollow\" class=\"shariff-link\" style=\"; background-color:#000; color:#fff\" target=\"_blank\"><span class=\"shariff-icon\" style=\"\"><svg width=\"32px\" height=\"20px\" xmlns=\"http:\/\/www.w3.org\/2000\/svg\" viewbox=\"0 0 24 24\"><path fill=\"#000\" d=\"M14.258 10.152L23.176 0h-2.113l-7.747 8.813L7.133 0H0l9.352 13.328L0 23.973h2.113l8.176-9.309 6.531 9.309h7.133zm-2.895 3.293l-.949-1.328L2.875 1.56h3.246l6.086 8.523.945 1.328 7.91 11.078h-3.246zm0 0\"\/><\/svg><\/span><span class=\"shariff-text\">partager<\/span>&nbsp;<\/a><\/li><li class=\"shariff-button facebook shariff-nocustomcolor\" style=\"background-color:#4273c8\"><a href=\"https:\/\/www.facebook.com\/sharer\/sharer.php?u=https%3A%2F%2Fsamuraischwert.kaufen%2Ffr%2Fprodukt%2Fsamuraischwert-sakura-ishime-katana-mit-metall-klinge-aus-hochwertigem-kohlenstoffstahl-sehr-scharf%2F\" title=\"Partager sur Facebook\" aria-label=\"Partager sur Facebook\" role=\"button\" rel=\"nofollow\" class=\"shariff-link\" style=\"; background-color:#3b5998; color:#fff\" target=\"_blank\"><span class=\"shariff-icon\" style=\"\"><svg width=\"32px\" height=\"20px\" xmlns=\"http:\/\/www.w3.org\/2000\/svg\" viewbox=\"0 0 18 32\"><path fill=\"#3b5998\" d=\"M17.1 0.2v4.7h-2.8q-1.5 0-2.1 0.6t-0.5 1.9v3.4h5.2l-0.7 5.3h-4.5v13.6h-5.5v-13.6h-4.5v-5.3h4.5v-3.9q0-3.3 1.9-5.2t5-1.8q2.6 0 4.1 0.2z\"\/><\/svg><\/span><span class=\"shariff-text\">partager<\/span>&nbsp;<\/a><\/li><li class=\"shariff-button xing shariff-nocustomcolor\" style=\"background-color:#29888a\"><a href=\"https:\/\/www.xing.com\/spi\/shares\/new?url=https%3A%2F%2Fsamuraischwert.kaufen%2Ffr%2Fprodukt%2Fsamuraischwert-sakura-ishime-katana-mit-metall-klinge-aus-hochwertigem-kohlenstoffstahl-sehr-scharf%2F\" title=\"Partager sur XING\" aria-label=\"Partager sur XING\" role=\"button\" rel=\"noopener nofollow\" class=\"shariff-link\" style=\"; background-color:#126567; color:#fff\" target=\"_blank\"><span class=\"shariff-icon\" style=\"\"><svg width=\"32px\" height=\"20px\" xmlns=\"http:\/\/www.w3.org\/2000\/svg\" viewbox=\"0 0 25 32\"><path fill=\"#126567\" d=\"M10.7 11.9q-0.2 0.3-4.6 8.2-0.5 0.8-1.2 0.8h-4.3q-0.4 0-0.5-0.3t0-0.6l4.5-8q0 0 0 0l-2.9-5q-0.2-0.4 0-0.7 0.2-0.3 0.5-0.3h4.3q0.7 0 1.2 0.8zM25.1 0.4q0.2 0.3 0 0.7l-9.4 16.7 6 11q0.2 0.4 0 0.6-0.2 0.3-0.6 0.3h-4.3q-0.7 0-1.2-0.8l-6-11.1q0.3-0.6 9.5-16.8 0.4-0.8 1.2-0.8h4.3q0.4 0 0.5 0.3z\"\/><\/svg><\/span><span class=\"shariff-text\">partager<\/span>&nbsp;<\/a><\/li><li class=\"shariff-button linkedin shariff-nocustomcolor\" style=\"background-color:#1488bf\"><a href=\"https:\/\/www.linkedin.com\/sharing\/share-offsite\/?url=https%3A%2F%2Fsamuraischwert.kaufen%2Ffr%2Fprodukt%2Fsamuraischwert-sakura-ishime-katana-mit-metall-klinge-aus-hochwertigem-kohlenstoffstahl-sehr-scharf%2F\" title=\"Partager sur LinkedIn\" aria-label=\"Partager sur LinkedIn\" role=\"button\" rel=\"noopener nofollow\" class=\"shariff-link\" style=\"; background-color:#0077b5; color:#fff\" target=\"_blank\"><span class=\"shariff-icon\" style=\"\"><svg width=\"32px\" height=\"20px\" xmlns=\"http:\/\/www.w3.org\/2000\/svg\" viewbox=\"0 0 27 32\"><path fill=\"#0077b5\" d=\"M6.2 11.2v17.7h-5.9v-17.7h5.9zM6.6 5.7q0 1.3-0.9 2.2t-2.4 0.9h0q-1.5 0-2.4-0.9t-0.9-2.2 0.9-2.2 2.4-0.9 2.4 0.9 0.9 2.2zM27.4 18.7v10.1h-5.9v-9.5q0-1.9-0.7-2.9t-2.3-1.1q-1.1 0-1.9 0.6t-1.2 1.5q-0.2 0.5-0.2 1.4v9.9h-5.9q0-7.1 0-11.6t0-5.3l0-0.9h5.9v2.6h0q0.4-0.6 0.7-1t1-0.9 1.6-0.8 2-0.3q3 0 4.9 2t1.9 6z\"\/><\/svg><\/span><span class=\"shariff-text\">partager<\/span>&nbsp;<\/a><\/li><li class=\"shariff-button mailto shariff-nocustomcolor\" style=\"background-color:#a8a8a8\"><a href=\"mailto:?body=https%3A%2F%2Fsamuraischwert.kaufen%2Ffr%2Fprodukt%2Fsamuraischwert-sakura-ishime-katana-mit-metall-klinge-aus-hochwertigem-kohlenstoffstahl-sehr-scharf%2F&subject=Samuraischwert%20Sakura%20Ishime%20Katana%20mit%20Metall%20Klinge%20aus%20hochwertigem%20Kohlenstoffstahl%20sehr%20scharf%21\" title=\"Envoyer par e-mail\" aria-label=\"Envoyer par e-mail\" role=\"button\" rel=\"noopener nofollow\" class=\"shariff-link\" style=\"; background-color:#999; color:#fff\"><span class=\"shariff-icon\" style=\"\"><svg width=\"32px\" height=\"20px\" xmlns=\"http:\/\/www.w3.org\/2000\/svg\" viewbox=\"0 0 32 32\"><path fill=\"#999\" d=\"M32 12.7v14.2q0 1.2-0.8 2t-2 0.9h-26.3q-1.2 0-2-0.9t-0.8-2v-14.2q0.8 0.9 1.8 1.6 6.5 4.4 8.9 6.1 1 0.8 1.6 1.2t1.7 0.9 2 0.4h0.1q0.9 0 2-0.4t1.7-0.9 1.6-1.2q3-2.2 8.9-6.1 1-0.7 1.8-1.6zM32 7.4q0 1.4-0.9 2.7t-2.2 2.2q-6.7 4.7-8.4 5.8-0.2 0.1-0.7 0.5t-1 0.7-0.9 0.6-1.1 0.5-0.9 0.2h-0.1q-0.4 0-0.9-0.2t-1.1-0.5-0.9-0.6-1-0.7-0.7-0.5q-1.6-1.1-4.7-3.2t-3.6-2.6q-1.1-0.7-2.1-2t-1-2.5q0-1.4 0.7-2.3t2.1-0.9h26.3q1.2 0 2 0.8t0.9 2z\"\/><\/svg><\/span><span class=\"shariff-text\">Courrier \u00e9lectronique<\/span>&nbsp;<\/a><\/li><li class=\"shariff-button whatsapp shariff-nocustomcolor\" style=\"background-color:#5cbe4a\"><a href=\"https:\/\/api.whatsapp.com\/send?text=https%3A%2F%2Fsamuraischwert.kaufen%2Ffr%2Fprodukt%2Fsamuraischwert-sakura-ishime-katana-mit-metall-klinge-aus-hochwertigem-kohlenstoffstahl-sehr-scharf%2F%20Samuraischwert%20Sakura%20Ishime%20Katana%20mit%20Metall%20Klinge%20aus%20hochwertigem%20Kohlenstoffstahl%20sehr%20scharf%21\" title=\"Partager sur Whatsapp\" aria-label=\"Partager sur Whatsapp\" role=\"button\" rel=\"noopener nofollow\" class=\"shariff-link\" style=\"; background-color:#34af23; color:#fff\" target=\"_blank\"><span class=\"shariff-icon\" style=\"\"><svg width=\"32px\" height=\"20px\" xmlns=\"http:\/\/www.w3.org\/2000\/svg\" viewbox=\"0 0 32 32\"><path fill=\"#34af23\" d=\"M17.6 17.4q0.2 0 1.7 0.8t1.6 0.9q0 0.1 0 0.3 0 0.6-0.3 1.4-0.3 0.7-1.3 1.2t-1.8 0.5q-1 0-3.4-1.1-1.7-0.8-3-2.1t-2.6-3.3q-1.3-1.9-1.3-3.5v-0.1q0.1-1.6 1.3-2.8 0.4-0.4 0.9-0.4 0.1 0 0.3 0t0.3 0q0.3 0 0.5 0.1t0.3 0.5q0.1 0.4 0.6 1.6t0.4 1.3q0 0.4-0.6 1t-0.6 0.8q0 0.1 0.1 0.3 0.6 1.3 1.8 2.4 1 0.9 2.7 1.8 0.2 0.1 0.4 0.1 0.3 0 1-0.9t0.9-0.9zM14 26.9q2.3 0 4.3-0.9t3.6-2.4 2.4-3.6 0.9-4.3-0.9-4.3-2.4-3.6-3.6-2.4-4.3-0.9-4.3 0.9-3.6 2.4-2.4 3.6-0.9 4.3q0 3.6 2.1 6.6l-1.4 4.2 4.3-1.4q2.8 1.9 6.2 1.9zM14 2.2q2.7 0 5.2 1.1t4.3 2.9 2.9 4.3 1.1 5.2-1.1 5.2-2.9 4.3-4.3 2.9-5.2 1.1q-3.5 0-6.5-1.7l-7.4 2.4 2.4-7.2q-1.9-3.2-1.9-6.9 0-2.7 1.1-5.2t2.9-4.3 4.3-2.9 5.2-1.1z\"\/><\/svg><\/span><span class=\"shariff-text\">partager<\/span>&nbsp;<\/a><\/li><\/ul><\/div>","protected":false},"excerpt":{"rendered":"<p>Produktmerkmale: \u2013 Extrem scharf! \u2013 Hochwertiger Kohlenstoff-Stahl \u2013 Handgefertigt, sehr gute Verarbeitung \u2013 Verkauf ab 18! \u2013 Toshiro Swords Markenqualit\u00e4t mit umfangreichem Zubeh\u00f6rpaket Produktbeschreibung: Sakura Ishime Katana von Toshiro Swords. Bei der Herstellung wird ein besonderes Augenmerk auf Qualit\u00e4t und die Einsatzf\u00e4higkeit der Schwerter gelegt. Sakura bedeutet Kirschbl\u00fcte. Dieses Motiv ist ein wichtiges Element der [&hellip;]<\/p>\n","protected":false},"featured_media":11861,"comment_status":"open","ping_status":"closed","template":"","meta":{"_acf_changed":false},"product_brand":[],"product_cat":[1193],"product_tag":[280,932,933,163,941,297,945,948,940,525,301,488,1128,1131,378,379,934,942,955,947,939,517,164,138,154,357,953,271,268,943,1129,304,295,937,811,944,619,949,951,938,150,260,931,935,936,489,738,131,518,954,272,320,1127,618,956,950,1126,1130,836,426,946],"class_list":{"0":"post-10011","1":"product","2":"type-product","3":"status-publish","4":"has-post-thumbnail","6":"product_cat-kohlenstoffstahl-high-carbon","7":"product_tag-280","8":"product_tag-932","9":"product_tag-933","10":"product_tag-aus","11":"product_tag-boeker","12":"product_tag-carbon","13":"product_tag-chen","14":"product_tag-cheness","15":"product_tag-cold","16":"product_tag-daito","17":"product_tag-der","18":"product_tag-dershogun","19":"product_tag-dojo","20":"product_tag-dojo-line","21":"product_tag-echt","22":"product_tag-echtes","23":"product_tag-feder","24":"product_tag-feng","25":"product_tag-full","26":"product_tag-furoshin","27":"product_tag-hanwei","28":"product_tag-iaito","29":"product_tag-japan","30":"product_tag-japanisches","31":"product_tag-katana","32":"product_tag-klinge","33":"product_tag-kohlenstahl","34":"product_tag-kohlenstoff","35":"product_tag-kohlenstoffstahl","36":"product_tag-lin","37":"product_tag-line","38":"product_tag-magnum","39":"product_tag-metall","40":"product_tag-musashi","41":"product_tag-original","42":"product_tag-paul","43":"product_tag-practical","44":"product_tag-praktikal","45":"product_tag-praktisches","46":"product_tag-ronin","47":"product_tag-samurai","48":"product_tag-scharf","49":"product_tag-scharfes","50":"product_tag-schaukampf","51":"product_tag-schaukampfschwert","52":"product_tag-schnittuebung","53":"product_tag-schnittuebungen","54":"product_tag-schwert","55":"product_tag-shinken","56":"product_tag-shogun","57":"product_tag-stahl","58":"product_tag-steel","59":"product_tag-swords","60":"product_tag-tameshigiri","61":"product_tag-tang","62":"product_tag-taoforge","63":"product_tag-toshiro","64":"product_tag-toshiro-swords","65":"product_tag-uebung","66":"product_tag-uebungsschwert","67":"product_tag-wkc","68":"product_shipping_class-debrief145-2","70":"first","71":"instock","72":"taxable","73":"shipping-taxable","74":"purchasable","75":"product-type-simple"},"acf":[],"_links":{"self":[{"href":"https:\/\/samuraischwert.kaufen\/fr\/wp-json\/wp\/v2\/product\/10011","targetHints":{"allow":["GET"]}}],"collection":[{"href":"https:\/\/samuraischwert.kaufen\/fr\/wp-json\/wp\/v2\/product"}],"about":[{"href":"https:\/\/samuraischwert.kaufen\/fr\/wp-json\/wp\/v2\/types\/product"}],"replies":[{"embeddable":true,"href":"https:\/\/samuraischwert.kaufen\/fr\/wp-json\/wp\/v2\/comments?post=10011"}],"wp:featuredmedia":[{"embeddable":true,"href":"https:\/\/samuraischwert.kaufen\/fr\/wp-json\/wp\/v2\/media\/11861"}],"wp:attachment":[{"href":"https:\/\/samuraischwert.kaufen\/fr\/wp-json\/wp\/v2\/media?parent=10011"}],"wp:term":[{"taxonomy":"product_brand","embeddable":true,"href":"https:\/\/samuraischwert.kaufen\/fr\/wp-json\/wp\/v2\/product_brand?post=10011"},{"taxonomy":"product_cat","embeddable":true,"href":"https:\/\/samuraischwert.kaufen\/fr\/wp-json\/wp\/v2\/product_cat?post=10011"},{"taxonomy":"product_tag","embeddable":true,"href":"https:\/\/samuraischwert.kaufen\/fr\/wp-json\/wp\/v2\/product_tag?post=10011"}],"curies":[{"name":"wp","href":"https:\/\/api.w.org\/{rel}","templated":true}]}}