{"id":2179,"date":"2017-04-19T17:07:24","date_gmt":"2017-04-19T15:07:24","guid":{"rendered":"https:\/\/samuraischwert.kaufen\/?page_id=2179"},"modified":"2020-03-04T16:08:04","modified_gmt":"2020-03-04T15:08:04","slug":"apprendre-a-se-battre-au-sabre-samourai","status":"publish","type":"page","link":"https:\/\/samuraischwert.kaufen\/fr\/samurai-schwertkampf-lernen\/","title":{"rendered":"Apprendre \u00e0 se battre au sabre en tant que samoura\u00ef"},"content":{"rendered":"<p>Vous souhaitez apprendre le combat au sabre samoura\u00ef pour pouvoir vous battre comme les anciens guerriers samoura\u00efs ? Dans notre annuaire des clubs, vous trouverez le dojo ou l'\u00e9cole d'arts martiaux qui vous convient directement pr\u00e8s de chez vous ! Nous avons dans notre r\u00e9pertoire des clubs et des \u00e9coles de tous les types de combat au sabre. Vous trouverez ainsi \u00e0 coup s\u00fbr l'\u00e9cole ou le club le mieux situ\u00e9 pour vous.<\/p>\n<h2>Se battre comme un samoura\u00ef<\/h2>\n<p>Les samoura\u00efs (ou bushi) \u00e9taient les guerriers du Japon pr\u00e9-moderne. Au cours de l'histoire, ils sont finalement devenus la classe sociale la plus \u00e9lev\u00e9e de la p\u00e9riode Edo (1603-1867) au Japon. Ils utilisaient une s\u00e9rie d'armes telles que des arcs et des fl\u00e8ches, des lances et des pistolets. Mais leur arme principale et leur symbole a toujours \u00e9t\u00e9 le sabre ou katana.<\/p>\n<p>Les samoura\u00efs devraient vivre leur vie selon <a href=\"https:\/\/samuraischwert.kaufen\/fr\/sabre-de-samourai\/histoire\/code-du-samourai\/\">Code \u00e9thique du Bushido<\/a> (\"la voie du guerrier\"). En raison de sa nature fortement confuc\u00e9enne, le bushido enseigne des concepts tels que la loyaut\u00e9 inconditionnelle envers son ma\u00eetre, l'autodiscipline et un comportement respectueux et \u00e9thique. De nombreux samoura\u00efs ont \u00e9galement \u00e9tudi\u00e9 les enseignements et les pratiques du bouddhisme zen.<\/p>\n<p>Contrairement \u00e0 aujourd'hui, les arts martiaux n'\u00e9taient pas un hobby pour les samoura\u00efs de l'\u00e9poque, mais une comp\u00e9tence essentielle \u00e0 leur survie. C'est pourquoi l'entra\u00eenement au combat d'un samoura\u00ef commen\u00e7ait d\u00e8s le plus jeune \u00e2ge.  Le samoura\u00ef pouvait ensuite perfectionner ses comp\u00e9tences sur le champ de bataille et lors de duels.<\/p>\n<h4>Apprendre le sabre de samoura\u00ef aujourd'hui<\/h4>\n<p>De nos jours, l'apprentissage du combat au sabre se fait pour des raisons diff\u00e9rentes de celles des samoura\u00efs de l'ancien Japon. N\u00e9anmoins, les enseignements et les comp\u00e9tences des samoura\u00efs d'autrefois sont toujours enseign\u00e9s aux \u00e9l\u00e8ves.<\/p>\n<h4>Les types de combat au sabre les plus connus des samoura\u00efs<\/h4>\n<p>Il est possible d'apprendre le combat au sabre selon la \"vieille \u00e9cole\" (Kory\u016b) ou des styles de combat plus r\u00e9cents. Pour avoir une vue d'ensemble, nous avons list\u00e9 ici les styles de combat au sabre les plus r\u00e9pandus.<\/p>\n<p><strong>Kenjutsu<\/strong><\/p>\n<p>Le kenjutsu consiste \u00e0 s'entra\u00eener au maniement du katana lors d'un combat.<\/p>\n<p><strong>Iaijutsu<\/strong><\/p>\n<p>L'objectif du iaijutsu est de mettre l'adversaire hors d'\u00e9tat de nuire pendant ou juste apr\u00e8s le maniement du sabre.<\/p>\n<p><strong>Kendo<\/strong><\/p>\n<p>Le kendo est l'art japonais de l'escrime. Le combat se fait avec le shinai, un sabre en bambou, et en armure.<\/p>\n<p><strong>Iaido<\/strong><\/p>\n<p>L'iaido d\u00e9signe l'art de d\u00e9gainer efficacement le sabre.<\/p>\n<div class=\"shariff shariff-align-left shariff-widget-align-left\"><ul class=\"shariff-buttons theme-grey orientation-horizontal buttonsize-medium\"><li class=\"shariff-button twitter shariff-nocustomcolor\" style=\"background-color:#595959\"><a href=\"https:\/\/twitter.com\/share?url=https%3A%2F%2Fsamuraischwert.kaufen%2Ffr%2Fsamurai-schwertkampf-lernen%2F&text=Samurai%20Schwertkampf%20lernen\" title=\"Partager sur X\" aria-label=\"Partager sur X\" role=\"button\" rel=\"noopener nofollow\" class=\"shariff-link\" style=\"; background-color:#000; color:#fff\" target=\"_blank\"><span class=\"shariff-icon\" style=\"\"><svg width=\"32px\" height=\"20px\" xmlns=\"http:\/\/www.w3.org\/2000\/svg\" viewbox=\"0 0 24 24\"><path fill=\"#000\" d=\"M14.258 10.152L23.176 0h-2.113l-7.747 8.813L7.133 0H0l9.352 13.328L0 23.973h2.113l8.176-9.309 6.531 9.309h7.133zm-2.895 3.293l-.949-1.328L2.875 1.56h3.246l6.086 8.523.945 1.328 7.91 11.078h-3.246zm0 0\"\/><\/svg><\/span><span class=\"shariff-text\">partager<\/span>&nbsp;<\/a><\/li><li class=\"shariff-button facebook shariff-nocustomcolor\" style=\"background-color:#4273c8\"><a href=\"https:\/\/www.facebook.com\/sharer\/sharer.php?u=https%3A%2F%2Fsamuraischwert.kaufen%2Ffr%2Fsamurai-schwertkampf-lernen%2F\" title=\"Partager sur Facebook\" aria-label=\"Partager sur Facebook\" role=\"button\" rel=\"nofollow\" class=\"shariff-link\" style=\"; background-color:#3b5998; color:#fff\" target=\"_blank\"><span class=\"shariff-icon\" style=\"\"><svg width=\"32px\" height=\"20px\" xmlns=\"http:\/\/www.w3.org\/2000\/svg\" viewbox=\"0 0 18 32\"><path fill=\"#3b5998\" d=\"M17.1 0.2v4.7h-2.8q-1.5 0-2.1 0.6t-0.5 1.9v3.4h5.2l-0.7 5.3h-4.5v13.6h-5.5v-13.6h-4.5v-5.3h4.5v-3.9q0-3.3 1.9-5.2t5-1.8q2.6 0 4.1 0.2z\"\/><\/svg><\/span><span class=\"shariff-text\">partager<\/span>&nbsp;<\/a><\/li><li class=\"shariff-button xing shariff-nocustomcolor\" style=\"background-color:#29888a\"><a href=\"https:\/\/www.xing.com\/spi\/shares\/new?url=https%3A%2F%2Fsamuraischwert.kaufen%2Ffr%2Fsamurai-schwertkampf-lernen%2F\" title=\"Partager sur XING\" aria-label=\"Partager sur XING\" role=\"button\" rel=\"noopener nofollow\" class=\"shariff-link\" style=\"; background-color:#126567; color:#fff\" target=\"_blank\"><span class=\"shariff-icon\" style=\"\"><svg width=\"32px\" height=\"20px\" xmlns=\"http:\/\/www.w3.org\/2000\/svg\" viewbox=\"0 0 25 32\"><path fill=\"#126567\" d=\"M10.7 11.9q-0.2 0.3-4.6 8.2-0.5 0.8-1.2 0.8h-4.3q-0.4 0-0.5-0.3t0-0.6l4.5-8q0 0 0 0l-2.9-5q-0.2-0.4 0-0.7 0.2-0.3 0.5-0.3h4.3q0.7 0 1.2 0.8zM25.1 0.4q0.2 0.3 0 0.7l-9.4 16.7 6 11q0.2 0.4 0 0.6-0.2 0.3-0.6 0.3h-4.3q-0.7 0-1.2-0.8l-6-11.1q0.3-0.6 9.5-16.8 0.4-0.8 1.2-0.8h4.3q0.4 0 0.5 0.3z\"\/><\/svg><\/span><span class=\"shariff-text\">partager<\/span>&nbsp;<\/a><\/li><li class=\"shariff-button linkedin shariff-nocustomcolor\" style=\"background-color:#1488bf\"><a href=\"https:\/\/www.linkedin.com\/sharing\/share-offsite\/?url=https%3A%2F%2Fsamuraischwert.kaufen%2Ffr%2Fsamurai-schwertkampf-lernen%2F\" title=\"Partager sur LinkedIn\" aria-label=\"Partager sur LinkedIn\" role=\"button\" rel=\"noopener nofollow\" class=\"shariff-link\" style=\"; background-color:#0077b5; color:#fff\" target=\"_blank\"><span class=\"shariff-icon\" style=\"\"><svg width=\"32px\" height=\"20px\" xmlns=\"http:\/\/www.w3.org\/2000\/svg\" viewbox=\"0 0 27 32\"><path fill=\"#0077b5\" d=\"M6.2 11.2v17.7h-5.9v-17.7h5.9zM6.6 5.7q0 1.3-0.9 2.2t-2.4 0.9h0q-1.5 0-2.4-0.9t-0.9-2.2 0.9-2.2 2.4-0.9 2.4 0.9 0.9 2.2zM27.4 18.7v10.1h-5.9v-9.5q0-1.9-0.7-2.9t-2.3-1.1q-1.1 0-1.9 0.6t-1.2 1.5q-0.2 0.5-0.2 1.4v9.9h-5.9q0-7.1 0-11.6t0-5.3l0-0.9h5.9v2.6h0q0.4-0.6 0.7-1t1-0.9 1.6-0.8 2-0.3q3 0 4.9 2t1.9 6z\"\/><\/svg><\/span><span class=\"shariff-text\">partager<\/span>&nbsp;<\/a><\/li><li class=\"shariff-button mailto shariff-nocustomcolor\" style=\"background-color:#a8a8a8\"><a href=\"mailto:?body=https%3A%2F%2Fsamuraischwert.kaufen%2Ffr%2Fsamurai-schwertkampf-lernen%2F&subject=Samurai%20Schwertkampf%20lernen\" title=\"Envoyer par e-mail\" aria-label=\"Envoyer par e-mail\" role=\"button\" rel=\"noopener nofollow\" class=\"shariff-link\" style=\"; background-color:#999; color:#fff\"><span class=\"shariff-icon\" style=\"\"><svg width=\"32px\" height=\"20px\" xmlns=\"http:\/\/www.w3.org\/2000\/svg\" viewbox=\"0 0 32 32\"><path fill=\"#999\" d=\"M32 12.7v14.2q0 1.2-0.8 2t-2 0.9h-26.3q-1.2 0-2-0.9t-0.8-2v-14.2q0.8 0.9 1.8 1.6 6.5 4.4 8.9 6.1 1 0.8 1.6 1.2t1.7 0.9 2 0.4h0.1q0.9 0 2-0.4t1.7-0.9 1.6-1.2q3-2.2 8.9-6.1 1-0.7 1.8-1.6zM32 7.4q0 1.4-0.9 2.7t-2.2 2.2q-6.7 4.7-8.4 5.8-0.2 0.1-0.7 0.5t-1 0.7-0.9 0.6-1.1 0.5-0.9 0.2h-0.1q-0.4 0-0.9-0.2t-1.1-0.5-0.9-0.6-1-0.7-0.7-0.5q-1.6-1.1-4.7-3.2t-3.6-2.6q-1.1-0.7-2.1-2t-1-2.5q0-1.4 0.7-2.3t2.1-0.9h26.3q1.2 0 2 0.8t0.9 2z\"\/><\/svg><\/span><span class=\"shariff-text\">Courrier \u00e9lectronique<\/span>&nbsp;<\/a><\/li><li class=\"shariff-button whatsapp shariff-nocustomcolor\" style=\"background-color:#5cbe4a\"><a href=\"https:\/\/api.whatsapp.com\/send?text=https%3A%2F%2Fsamuraischwert.kaufen%2Ffr%2Fsamurai-schwertkampf-lernen%2F%20Samurai%20Schwertkampf%20lernen\" title=\"Partager sur Whatsapp\" aria-label=\"Partager sur Whatsapp\" role=\"button\" rel=\"noopener nofollow\" class=\"shariff-link\" style=\"; background-color:#34af23; color:#fff\" target=\"_blank\"><span class=\"shariff-icon\" style=\"\"><svg width=\"32px\" height=\"20px\" xmlns=\"http:\/\/www.w3.org\/2000\/svg\" viewbox=\"0 0 32 32\"><path fill=\"#34af23\" d=\"M17.6 17.4q0.2 0 1.7 0.8t1.6 0.9q0 0.1 0 0.3 0 0.6-0.3 1.4-0.3 0.7-1.3 1.2t-1.8 0.5q-1 0-3.4-1.1-1.7-0.8-3-2.1t-2.6-3.3q-1.3-1.9-1.3-3.5v-0.1q0.1-1.6 1.3-2.8 0.4-0.4 0.9-0.4 0.1 0 0.3 0t0.3 0q0.3 0 0.5 0.1t0.3 0.5q0.1 0.4 0.6 1.6t0.4 1.3q0 0.4-0.6 1t-0.6 0.8q0 0.1 0.1 0.3 0.6 1.3 1.8 2.4 1 0.9 2.7 1.8 0.2 0.1 0.4 0.1 0.3 0 1-0.9t0.9-0.9zM14 26.9q2.3 0 4.3-0.9t3.6-2.4 2.4-3.6 0.9-4.3-0.9-4.3-2.4-3.6-3.6-2.4-4.3-0.9-4.3 0.9-3.6 2.4-2.4 3.6-0.9 4.3q0 3.6 2.1 6.6l-1.4 4.2 4.3-1.4q2.8 1.9 6.2 1.9zM14 2.2q2.7 0 5.2 1.1t4.3 2.9 2.9 4.3 1.1 5.2-1.1 5.2-2.9 4.3-4.3 2.9-5.2 1.1q-3.5 0-6.5-1.7l-7.4 2.4 2.4-7.2q-1.9-3.2-1.9-6.9 0-2.7 1.1-5.2t2.9-4.3 4.3-2.9 5.2-1.1z\"\/><\/svg><\/span><span class=\"shariff-text\">partager<\/span>&nbsp;<\/a><\/li><\/ul><\/div>","protected":false},"excerpt":{"rendered":"<p>Sie\u00a0m\u00f6chten den Samurai Schwertkampf lernen, um wie die alten Samurai Krieger k\u00e4mpfen zu k\u00f6nnen? In unserem Vereinsverzeichnis finden Sie das passende Dojo oder die passende Kampfkunst-Schule direkt in Ihrer N\u00e4he! Wir f\u00fchren in unserem Verzeichnis Vereine und Schulen aller Schwertkampfarten.\u00a0So finden Sie garantiert die f\u00fcr Sie am besten gelegene Schule oder Verein. K\u00e4mpfen wie ein [&hellip;]<\/p>\n","protected":false},"author":502,"featured_media":0,"parent":0,"menu_order":0,"comment_status":"closed","ping_status":"closed","template":"","meta":{"_acf_changed":false,"footnotes":""},"class_list":["post-2179","page","type-page","status-publish","hentry"],"acf":[],"_links":{"self":[{"href":"https:\/\/samuraischwert.kaufen\/fr\/wp-json\/wp\/v2\/pages\/2179","targetHints":{"allow":["GET"]}}],"collection":[{"href":"https:\/\/samuraischwert.kaufen\/fr\/wp-json\/wp\/v2\/pages"}],"about":[{"href":"https:\/\/samuraischwert.kaufen\/fr\/wp-json\/wp\/v2\/types\/page"}],"author":[{"embeddable":true,"href":"https:\/\/samuraischwert.kaufen\/fr\/wp-json\/wp\/v2\/users\/502"}],"replies":[{"embeddable":true,"href":"https:\/\/samuraischwert.kaufen\/fr\/wp-json\/wp\/v2\/comments?post=2179"}],"version-history":[{"count":0,"href":"https:\/\/samuraischwert.kaufen\/fr\/wp-json\/wp\/v2\/pages\/2179\/revisions"}],"wp:attachment":[{"href":"https:\/\/samuraischwert.kaufen\/fr\/wp-json\/wp\/v2\/media?parent=2179"}],"curies":[{"name":"wp","href":"https:\/\/api.w.org\/{rel}","templated":true}]}}