{"id":65406,"date":"2025-04-16T18:56:38","date_gmt":"2025-04-16T16:56:38","guid":{"rendered":"https:\/\/samuraischwert.kaufen\/?post_type=product&#038;p=65406"},"modified":"2026-01-08T09:42:40","modified_gmt":"2026-01-08T08:42:40","slug":"nihonto-katana-fuer-iai-und-tameshigiri-von-kanenmichi-und-kanetoki-nagasa-747cm","status":"publish","type":"product","link":"https:\/\/samuraischwert.kaufen\/en\/produkt\/nihonto-katana-fuer-iai-und-tameshigiri-von-kanenmichi-und-kanetoki-nagasa-747cm\/","title":{"rendered":"Nihonto Katana f\u00fcr Iai und Tameshigiri von Kanenmichi und Kanetoki &#8211; Nagasa 74,7cm"},"content":{"rendered":"<p>Information about the blade:<br \/>\nNagasa (blade length): 74.7 cm<br \/>\nSori (blade curvature): 1.7 cm<br \/>\nMotohaba: 32.7 mm<br \/>\nMotokasane: 7.1 mm<br \/>\nSakihaba: 21.8 mm<br \/>\nSakikasane: 4.4 mm<br \/>\nBlade weight: 740 g<br \/>\nThe blade was forged in a collaboration between father and son in 1982.<\/p>\n<p>Katana Mei (signature):<br \/>\nOmote-Seite: \u95a2\u6ce8\u517c\u9053\u517c\u6642\u5408\u4f5c (Zusammenarbeit von Kanenmichi und Kanetoki, gefertigt in Seki)<br \/>\nUra page: \u662d\u548c\u58ec\u620c\u5e74\u4e8c\u6708\u65e5 (One day in February Showa 57 (1982)<\/p>\n<p>Information about the forge:<br \/>\nNamen: Kanenmichi und Kanetoki (Kolaboration)<br \/>\nReal names: Tokijiro Kojima and <span class=\"Y2IQFc\" lang=\"de\">Kanji Kojima<\/span><\/p>\n<p>Kanenmichi wurde 1902 geboren und er war ein respektierter Schwertschmied. Er war der Vater des Schmieds Kanetoki. Kanetoki wurde 1925 geboren und war wie sein Vater ebenfalls ein bekannter Schwertschmied. Sie waren beide Repr\u00e4sentanten der Schwertschmiede aus Seki und haben zahlreiche Auszeichnungen f\u00fcr ihre Schmiedekunst gewonnen.<\/p>\n<p>Information about the mount:<br \/>\nThe blade is mounted in a classic katana mount. With black saya with high-gloss lacquer finish. The grip is made of black cotton. Very discreet overall look.<\/p>\n<p>This sword is currently still in Japan. We will take care of the import handling (all costs including customs are included in the price) if you decide to buy it.<br \/>\nWith the sword you will receive a copy of the Japanese weapons registration, which confirms that the sword has been registered as a genuine sword in Japan.<\/p>\n<div class=\"shariff shariff-align-left shariff-widget-align-left\"><ul class=\"shariff-buttons theme-grey orientation-horizontal buttonsize-medium\"><li class=\"shariff-button twitter shariff-nocustomcolor\" style=\"background-color:#595959\"><a href=\"https:\/\/twitter.com\/share?url=https%3A%2F%2Fsamuraischwert.kaufen%2Fen%2Fprodukt%2Fnihonto-katana-fuer-iai-und-tameshigiri-von-kanenmichi-und-kanetoki-nagasa-747cm%2F&text=Nihonto%20Katana%20f%C3%BCr%20Iai%20und%20Tameshigiri%20von%20Kanenmichi%20und%20Kanetoki%20%E2%80%93%20Nagasa%2074%2C7cm\" title=\"Share at X\" aria-label=\"Share at X\" role=\"button\" rel=\"noopener nofollow\" class=\"shariff-link\" style=\"; background-color:#000; color:#fff\" target=\"_blank\"><span class=\"shariff-icon\" style=\"\"><svg width=\"32px\" height=\"20px\" xmlns=\"http:\/\/www.w3.org\/2000\/svg\" viewbox=\"0 0 24 24\"><path fill=\"#000\" d=\"M14.258 10.152L23.176 0h-2.113l-7.747 8.813L7.133 0H0l9.352 13.328L0 23.973h2.113l8.176-9.309 6.531 9.309h7.133zm-2.895 3.293l-.949-1.328L2.875 1.56h3.246l6.086 8.523.945 1.328 7.91 11.078h-3.246zm0 0\"\/><\/svg><\/span><span class=\"shariff-text\">Share<\/span>&nbsp;<\/a><\/li><li class=\"shariff-button facebook shariff-nocustomcolor\" style=\"background-color:#4273c8\"><a href=\"https:\/\/www.facebook.com\/sharer\/sharer.php?u=https%3A%2F%2Fsamuraischwert.kaufen%2Fen%2Fprodukt%2Fnihonto-katana-fuer-iai-und-tameshigiri-von-kanenmichi-und-kanetoki-nagasa-747cm%2F\" title=\"Share on Facebook\" aria-label=\"Share on Facebook\" role=\"button\" rel=\"nofollow\" class=\"shariff-link\" style=\"; background-color:#3b5998; color:#fff\" target=\"_blank\"><span class=\"shariff-icon\" style=\"\"><svg width=\"32px\" height=\"20px\" xmlns=\"http:\/\/www.w3.org\/2000\/svg\" viewbox=\"0 0 18 32\"><path fill=\"#3b5998\" d=\"M17.1 0.2v4.7h-2.8q-1.5 0-2.1 0.6t-0.5 1.9v3.4h5.2l-0.7 5.3h-4.5v13.6h-5.5v-13.6h-4.5v-5.3h4.5v-3.9q0-3.3 1.9-5.2t5-1.8q2.6 0 4.1 0.2z\"\/><\/svg><\/span><span class=\"shariff-text\">Share<\/span>&nbsp;<\/a><\/li><li class=\"shariff-button xing shariff-nocustomcolor\" style=\"background-color:#29888a\"><a href=\"https:\/\/www.xing.com\/spi\/shares\/new?url=https%3A%2F%2Fsamuraischwert.kaufen%2Fen%2Fprodukt%2Fnihonto-katana-fuer-iai-und-tameshigiri-von-kanenmichi-und-kanetoki-nagasa-747cm%2F\" title=\"Share on XING\" aria-label=\"Share on XING\" role=\"button\" rel=\"noopener nofollow\" class=\"shariff-link\" style=\"; background-color:#126567; color:#fff\" target=\"_blank\"><span class=\"shariff-icon\" style=\"\"><svg width=\"32px\" height=\"20px\" xmlns=\"http:\/\/www.w3.org\/2000\/svg\" viewbox=\"0 0 25 32\"><path fill=\"#126567\" d=\"M10.7 11.9q-0.2 0.3-4.6 8.2-0.5 0.8-1.2 0.8h-4.3q-0.4 0-0.5-0.3t0-0.6l4.5-8q0 0 0 0l-2.9-5q-0.2-0.4 0-0.7 0.2-0.3 0.5-0.3h4.3q0.7 0 1.2 0.8zM25.1 0.4q0.2 0.3 0 0.7l-9.4 16.7 6 11q0.2 0.4 0 0.6-0.2 0.3-0.6 0.3h-4.3q-0.7 0-1.2-0.8l-6-11.1q0.3-0.6 9.5-16.8 0.4-0.8 1.2-0.8h4.3q0.4 0 0.5 0.3z\"\/><\/svg><\/span><span class=\"shariff-text\">Share<\/span>&nbsp;<\/a><\/li><li class=\"shariff-button linkedin shariff-nocustomcolor\" style=\"background-color:#1488bf\"><a href=\"https:\/\/www.linkedin.com\/sharing\/share-offsite\/?url=https%3A%2F%2Fsamuraischwert.kaufen%2Fen%2Fprodukt%2Fnihonto-katana-fuer-iai-und-tameshigiri-von-kanenmichi-und-kanetoki-nagasa-747cm%2F\" title=\"Share on LinkedIn\" aria-label=\"Share on LinkedIn\" role=\"button\" rel=\"noopener nofollow\" class=\"shariff-link\" style=\"; background-color:#0077b5; color:#fff\" target=\"_blank\"><span class=\"shariff-icon\" style=\"\"><svg width=\"32px\" height=\"20px\" xmlns=\"http:\/\/www.w3.org\/2000\/svg\" viewbox=\"0 0 27 32\"><path fill=\"#0077b5\" d=\"M6.2 11.2v17.7h-5.9v-17.7h5.9zM6.6 5.7q0 1.3-0.9 2.2t-2.4 0.9h0q-1.5 0-2.4-0.9t-0.9-2.2 0.9-2.2 2.4-0.9 2.4 0.9 0.9 2.2zM27.4 18.7v10.1h-5.9v-9.5q0-1.9-0.7-2.9t-2.3-1.1q-1.1 0-1.9 0.6t-1.2 1.5q-0.2 0.5-0.2 1.4v9.9h-5.9q0-7.1 0-11.6t0-5.3l0-0.9h5.9v2.6h0q0.4-0.6 0.7-1t1-0.9 1.6-0.8 2-0.3q3 0 4.9 2t1.9 6z\"\/><\/svg><\/span><span class=\"shariff-text\">Share<\/span>&nbsp;<\/a><\/li><li class=\"shariff-button mailto shariff-nocustomcolor\" style=\"background-color:#a8a8a8\"><a href=\"mailto:?body=https%3A%2F%2Fsamuraischwert.kaufen%2Fen%2Fprodukt%2Fnihonto-katana-fuer-iai-und-tameshigiri-von-kanenmichi-und-kanetoki-nagasa-747cm%2F&subject=Nihonto%20Katana%20f%C3%BCr%20Iai%20und%20Tameshigiri%20von%20Kanenmichi%20und%20Kanetoki%20%E2%80%93%20Nagasa%2074%2C7cm\" title=\"Send by e-mail\" aria-label=\"Send by e-mail\" role=\"button\" rel=\"noopener nofollow\" class=\"shariff-link\" style=\"; background-color:#999; color:#fff\"><span class=\"shariff-icon\" style=\"\"><svg width=\"32px\" height=\"20px\" xmlns=\"http:\/\/www.w3.org\/2000\/svg\" viewbox=\"0 0 32 32\"><path fill=\"#999\" d=\"M32 12.7v14.2q0 1.2-0.8 2t-2 0.9h-26.3q-1.2 0-2-0.9t-0.8-2v-14.2q0.8 0.9 1.8 1.6 6.5 4.4 8.9 6.1 1 0.8 1.6 1.2t1.7 0.9 2 0.4h0.1q0.9 0 2-0.4t1.7-0.9 1.6-1.2q3-2.2 8.9-6.1 1-0.7 1.8-1.6zM32 7.4q0 1.4-0.9 2.7t-2.2 2.2q-6.7 4.7-8.4 5.8-0.2 0.1-0.7 0.5t-1 0.7-0.9 0.6-1.1 0.5-0.9 0.2h-0.1q-0.4 0-0.9-0.2t-1.1-0.5-0.9-0.6-1-0.7-0.7-0.5q-1.6-1.1-4.7-3.2t-3.6-2.6q-1.1-0.7-2.1-2t-1-2.5q0-1.4 0.7-2.3t2.1-0.9h26.3q1.2 0 2 0.8t0.9 2z\"\/><\/svg><\/span><span class=\"shariff-text\">e-mail<\/span>&nbsp;<\/a><\/li><li class=\"shariff-button whatsapp shariff-nocustomcolor\" style=\"background-color:#5cbe4a\"><a href=\"https:\/\/api.whatsapp.com\/send?text=https%3A%2F%2Fsamuraischwert.kaufen%2Fen%2Fprodukt%2Fnihonto-katana-fuer-iai-und-tameshigiri-von-kanenmichi-und-kanetoki-nagasa-747cm%2F%20Nihonto%20Katana%20f%C3%BCr%20Iai%20und%20Tameshigiri%20von%20Kanenmichi%20und%20Kanetoki%20%E2%80%93%20Nagasa%2074%2C7cm\" title=\"Share on Whatsapp\" aria-label=\"Share on Whatsapp\" role=\"button\" rel=\"noopener nofollow\" class=\"shariff-link\" style=\"; background-color:#34af23; color:#fff\" target=\"_blank\"><span class=\"shariff-icon\" style=\"\"><svg width=\"32px\" height=\"20px\" xmlns=\"http:\/\/www.w3.org\/2000\/svg\" viewbox=\"0 0 32 32\"><path fill=\"#34af23\" d=\"M17.6 17.4q0.2 0 1.7 0.8t1.6 0.9q0 0.1 0 0.3 0 0.6-0.3 1.4-0.3 0.7-1.3 1.2t-1.8 0.5q-1 0-3.4-1.1-1.7-0.8-3-2.1t-2.6-3.3q-1.3-1.9-1.3-3.5v-0.1q0.1-1.6 1.3-2.8 0.4-0.4 0.9-0.4 0.1 0 0.3 0t0.3 0q0.3 0 0.5 0.1t0.3 0.5q0.1 0.4 0.6 1.6t0.4 1.3q0 0.4-0.6 1t-0.6 0.8q0 0.1 0.1 0.3 0.6 1.3 1.8 2.4 1 0.9 2.7 1.8 0.2 0.1 0.4 0.1 0.3 0 1-0.9t0.9-0.9zM14 26.9q2.3 0 4.3-0.9t3.6-2.4 2.4-3.6 0.9-4.3-0.9-4.3-2.4-3.6-3.6-2.4-4.3-0.9-4.3 0.9-3.6 2.4-2.4 3.6-0.9 4.3q0 3.6 2.1 6.6l-1.4 4.2 4.3-1.4q2.8 1.9 6.2 1.9zM14 2.2q2.7 0 5.2 1.1t4.3 2.9 2.9 4.3 1.1 5.2-1.1 5.2-2.9 4.3-4.3 2.9-5.2 1.1q-3.5 0-6.5-1.7l-7.4 2.4 2.4-7.2q-1.9-3.2-1.9-6.9 0-2.7 1.1-5.2t2.9-4.3 4.3-2.9 5.2-1.1z\"\/><\/svg><\/span><span class=\"shariff-text\">Share<\/span>&nbsp;<\/a><\/li><\/ul><\/div>","protected":false},"excerpt":{"rendered":"<p>Informationen \u00fcber die Klinge: Nagasa (Klingenl\u00e4nge): 74.7 cm Sori (Klingenkr\u00fcmmung): 1.7 cm Motohaba:\u00a0 32.7 mm Motokasane: \u00a07.1 mm Sakihaba:\u00a0 21.8 mm Sakikasane: \u00a04.4 mm Klingengewicht: \u00a0740 g Die Klinge wurde in einer Zusammenarbeit von Vater und Sohn im Jahr 1982 geschmiedet. Katana Mei (Signatur): Omote-Seite: \u95a2\u6ce8\u517c\u9053\u517c\u6642\u5408\u4f5c (Zusammenarbeit von Kanenmichi und Kanetoki, gefertigt in Seki) Ura-Seite: [&hellip;]<\/p>\n","protected":false},"featured_media":64454,"comment_status":"open","ping_status":"closed","template":"","meta":{"_acf_changed":false},"product_brand":[],"product_cat":[1801],"product_tag":[],"class_list":{"0":"post-65406","1":"product","2":"type-product","3":"status-publish","4":"has-post-thumbnail","6":"product_cat-nihonto-budo-training","8":"first","9":"instock","10":"taxable","11":"shipping-taxable","12":"product-type-external"},"acf":[],"_links":{"self":[{"href":"https:\/\/samuraischwert.kaufen\/en\/wp-json\/wp\/v2\/product\/65406","targetHints":{"allow":["GET"]}}],"collection":[{"href":"https:\/\/samuraischwert.kaufen\/en\/wp-json\/wp\/v2\/product"}],"about":[{"href":"https:\/\/samuraischwert.kaufen\/en\/wp-json\/wp\/v2\/types\/product"}],"replies":[{"embeddable":true,"href":"https:\/\/samuraischwert.kaufen\/en\/wp-json\/wp\/v2\/comments?post=65406"}],"wp:featuredmedia":[{"embeddable":true,"href":"https:\/\/samuraischwert.kaufen\/en\/wp-json\/wp\/v2\/media\/64454"}],"wp:attachment":[{"href":"https:\/\/samuraischwert.kaufen\/en\/wp-json\/wp\/v2\/media?parent=65406"}],"wp:term":[{"taxonomy":"product_brand","embeddable":true,"href":"https:\/\/samuraischwert.kaufen\/en\/wp-json\/wp\/v2\/product_brand?post=65406"},{"taxonomy":"product_cat","embeddable":true,"href":"https:\/\/samuraischwert.kaufen\/en\/wp-json\/wp\/v2\/product_cat?post=65406"},{"taxonomy":"product_tag","embeddable":true,"href":"https:\/\/samuraischwert.kaufen\/en\/wp-json\/wp\/v2\/product_tag?post=65406"}],"curies":[{"name":"wp","href":"https:\/\/api.w.org\/{rel}","templated":true}]}}