{"id":57490,"date":"2023-06-02T17:19:48","date_gmt":"2023-06-02T15:19:48","guid":{"rendered":"https:\/\/samuraischwert.kaufen\/produkt\/tsurumaru-wakizashi-mit-sendan-saya-und-ishime-lackierung\/"},"modified":"2026-02-18T15:40:29","modified_gmt":"2026-02-18T14:40:29","slug":"tsurumaru-wakizashi-with-sendan-saya-and-ishime-lacquering","status":"publish","type":"product","link":"https:\/\/samuraischwert.kaufen\/en\/produkt\/tsurumaru-wakizashi-mit-sendan-saya-und-ishime-lackierung\/","title":{"rendered":"Tsurumaru Wakizashi with Sendan Saya and Ishime lacquer finish"},"content":{"rendered":"<p><b>Product features:<\/b><br \/>\n- Samurai sword with sharp blade with clay tempering<br \/>\n- Hardness at the cutting edge approx. 60 HRC<br \/>\n- Sendan design on the scabbard<br \/>\n- Ishime paintwork on the saya<br \/>\n- Purchase only possible for persons of legal age!<\/p>\n<p><b>Product description:<\/b><br \/>\nTsurumaru Wakizashi sword with crane motif and Sendan scabbard with Ishime lacquer finish.<\/p>\n<p>The Tsurumaru Wakizashi by Toshiro Swords has a characteristic tsuba with the crane with wings in a round arrangement. This motif bears its own name Tsurumaru, is one of the most popular motifs in Japanese art and can also be found in Japanese mon (family crests).<br \/>\nThe sword has a Shinogi Zukuri blade made of T10 steel with clay hardening. It is sharpened and has a hardness of 60 HRC on the cutting edge. The sword is designed for cutting exercises with tatami mats and bamboo.<br \/>\nA wide Bo-Hi fuller has been worked into the blade to optimise the weight.<\/p>\n<p>The scabbard is decorated with a band of rattan. Above and over the rest of the scabbard, Ishime lacquer was applied, which creates a droplet effect on the scabbard.<br \/>\nThe Ishime design is ideal for utility swords because it hardly leaves any fingerprints.<\/p>\n<p>The handle is made of solid wood and the wide blade tang is countered in the handle by two mekugi, which provides very good stability.<\/p>\n<p>Dimensions:<br \/>\n- Total length with saya: approx. 77 cm<br \/>\n- Total length of sword: approx. 75 cm<br \/>\n- Handle length: approx. 21 cm<br \/>\n- Weight with saya: approx. 950 grams<br \/>\n- Sword weight: approx. 740 grams<\/p>\n<p><strong>ATTENTION: According to German law, the purchase of this item is only permitted for persons of legal age. We check the age of every buyer!<br \/>\nPlease ensure that the deposited recipient accepts the delivery in person and can prove their age with an ID card. The age and identity will be checked by the delivery service upon handover.<br \/>\nPlease note that orders without proof of age will not be handed over!<br \/>\nDue to the special handling of this item, delivery to packing stations or parcel acceptance points is unfortunately not possible.<\/strong><\/p>\n<p>Manufacturer: Toshiro Swords, Andara GmbH, Brunnenweg 15, 64331 Weiterstadt, info@andara-gmbh.de<\/p>\n<div class=\"shariff shariff-align-left shariff-widget-align-left\"><ul class=\"shariff-buttons theme-grey orientation-horizontal buttonsize-medium\"><li class=\"shariff-button twitter shariff-nocustomcolor\" style=\"background-color:#595959\"><a href=\"https:\/\/twitter.com\/share?url=https%3A%2F%2Fsamuraischwert.kaufen%2Fen%2Fprodukt%2Ftsurumaru-wakizashi-mit-sendan-saya-und-ishime-lackierung%2F&text=Tsurumaru%20Wakizashi%20mit%20Sendan%20Saya%20und%20Ishime%20Lackierung\" title=\"Share at X\" aria-label=\"Share at X\" role=\"button\" rel=\"noopener nofollow\" class=\"shariff-link\" style=\"; background-color:#000; color:#fff\" target=\"_blank\"><span class=\"shariff-icon\" style=\"\"><svg width=\"32px\" height=\"20px\" xmlns=\"http:\/\/www.w3.org\/2000\/svg\" viewbox=\"0 0 24 24\"><path fill=\"#000\" d=\"M14.258 10.152L23.176 0h-2.113l-7.747 8.813L7.133 0H0l9.352 13.328L0 23.973h2.113l8.176-9.309 6.531 9.309h7.133zm-2.895 3.293l-.949-1.328L2.875 1.56h3.246l6.086 8.523.945 1.328 7.91 11.078h-3.246zm0 0\"\/><\/svg><\/span><span class=\"shariff-text\">Share<\/span>&nbsp;<\/a><\/li><li class=\"shariff-button facebook shariff-nocustomcolor\" style=\"background-color:#4273c8\"><a href=\"https:\/\/www.facebook.com\/sharer\/sharer.php?u=https%3A%2F%2Fsamuraischwert.kaufen%2Fen%2Fprodukt%2Ftsurumaru-wakizashi-mit-sendan-saya-und-ishime-lackierung%2F\" title=\"Share on Facebook\" aria-label=\"Share on Facebook\" role=\"button\" rel=\"nofollow\" class=\"shariff-link\" style=\"; background-color:#3b5998; color:#fff\" target=\"_blank\"><span class=\"shariff-icon\" style=\"\"><svg width=\"32px\" height=\"20px\" xmlns=\"http:\/\/www.w3.org\/2000\/svg\" viewbox=\"0 0 18 32\"><path fill=\"#3b5998\" d=\"M17.1 0.2v4.7h-2.8q-1.5 0-2.1 0.6t-0.5 1.9v3.4h5.2l-0.7 5.3h-4.5v13.6h-5.5v-13.6h-4.5v-5.3h4.5v-3.9q0-3.3 1.9-5.2t5-1.8q2.6 0 4.1 0.2z\"\/><\/svg><\/span><span class=\"shariff-text\">Share<\/span>&nbsp;<\/a><\/li><li class=\"shariff-button xing shariff-nocustomcolor\" style=\"background-color:#29888a\"><a href=\"https:\/\/www.xing.com\/spi\/shares\/new?url=https%3A%2F%2Fsamuraischwert.kaufen%2Fen%2Fprodukt%2Ftsurumaru-wakizashi-mit-sendan-saya-und-ishime-lackierung%2F\" title=\"Share on XING\" aria-label=\"Share on XING\" role=\"button\" rel=\"noopener nofollow\" class=\"shariff-link\" style=\"; background-color:#126567; color:#fff\" target=\"_blank\"><span class=\"shariff-icon\" style=\"\"><svg width=\"32px\" height=\"20px\" xmlns=\"http:\/\/www.w3.org\/2000\/svg\" viewbox=\"0 0 25 32\"><path fill=\"#126567\" d=\"M10.7 11.9q-0.2 0.3-4.6 8.2-0.5 0.8-1.2 0.8h-4.3q-0.4 0-0.5-0.3t0-0.6l4.5-8q0 0 0 0l-2.9-5q-0.2-0.4 0-0.7 0.2-0.3 0.5-0.3h4.3q0.7 0 1.2 0.8zM25.1 0.4q0.2 0.3 0 0.7l-9.4 16.7 6 11q0.2 0.4 0 0.6-0.2 0.3-0.6 0.3h-4.3q-0.7 0-1.2-0.8l-6-11.1q0.3-0.6 9.5-16.8 0.4-0.8 1.2-0.8h4.3q0.4 0 0.5 0.3z\"\/><\/svg><\/span><span class=\"shariff-text\">Share<\/span>&nbsp;<\/a><\/li><li class=\"shariff-button linkedin shariff-nocustomcolor\" style=\"background-color:#1488bf\"><a href=\"https:\/\/www.linkedin.com\/sharing\/share-offsite\/?url=https%3A%2F%2Fsamuraischwert.kaufen%2Fen%2Fprodukt%2Ftsurumaru-wakizashi-mit-sendan-saya-und-ishime-lackierung%2F\" title=\"Share on LinkedIn\" aria-label=\"Share on LinkedIn\" role=\"button\" rel=\"noopener nofollow\" class=\"shariff-link\" style=\"; background-color:#0077b5; color:#fff\" target=\"_blank\"><span class=\"shariff-icon\" style=\"\"><svg width=\"32px\" height=\"20px\" xmlns=\"http:\/\/www.w3.org\/2000\/svg\" viewbox=\"0 0 27 32\"><path fill=\"#0077b5\" d=\"M6.2 11.2v17.7h-5.9v-17.7h5.9zM6.6 5.7q0 1.3-0.9 2.2t-2.4 0.9h0q-1.5 0-2.4-0.9t-0.9-2.2 0.9-2.2 2.4-0.9 2.4 0.9 0.9 2.2zM27.4 18.7v10.1h-5.9v-9.5q0-1.9-0.7-2.9t-2.3-1.1q-1.1 0-1.9 0.6t-1.2 1.5q-0.2 0.5-0.2 1.4v9.9h-5.9q0-7.1 0-11.6t0-5.3l0-0.9h5.9v2.6h0q0.4-0.6 0.7-1t1-0.9 1.6-0.8 2-0.3q3 0 4.9 2t1.9 6z\"\/><\/svg><\/span><span class=\"shariff-text\">Share<\/span>&nbsp;<\/a><\/li><li class=\"shariff-button mailto shariff-nocustomcolor\" style=\"background-color:#a8a8a8\"><a href=\"mailto:?body=https%3A%2F%2Fsamuraischwert.kaufen%2Fen%2Fprodukt%2Ftsurumaru-wakizashi-mit-sendan-saya-und-ishime-lackierung%2F&subject=Tsurumaru%20Wakizashi%20mit%20Sendan%20Saya%20und%20Ishime%20Lackierung\" title=\"Send by e-mail\" aria-label=\"Send by e-mail\" role=\"button\" rel=\"noopener nofollow\" class=\"shariff-link\" style=\"; background-color:#999; color:#fff\"><span class=\"shariff-icon\" style=\"\"><svg width=\"32px\" height=\"20px\" xmlns=\"http:\/\/www.w3.org\/2000\/svg\" viewbox=\"0 0 32 32\"><path fill=\"#999\" d=\"M32 12.7v14.2q0 1.2-0.8 2t-2 0.9h-26.3q-1.2 0-2-0.9t-0.8-2v-14.2q0.8 0.9 1.8 1.6 6.5 4.4 8.9 6.1 1 0.8 1.6 1.2t1.7 0.9 2 0.4h0.1q0.9 0 2-0.4t1.7-0.9 1.6-1.2q3-2.2 8.9-6.1 1-0.7 1.8-1.6zM32 7.4q0 1.4-0.9 2.7t-2.2 2.2q-6.7 4.7-8.4 5.8-0.2 0.1-0.7 0.5t-1 0.7-0.9 0.6-1.1 0.5-0.9 0.2h-0.1q-0.4 0-0.9-0.2t-1.1-0.5-0.9-0.6-1-0.7-0.7-0.5q-1.6-1.1-4.7-3.2t-3.6-2.6q-1.1-0.7-2.1-2t-1-2.5q0-1.4 0.7-2.3t2.1-0.9h26.3q1.2 0 2 0.8t0.9 2z\"\/><\/svg><\/span><span class=\"shariff-text\">e-mail<\/span>&nbsp;<\/a><\/li><li class=\"shariff-button whatsapp shariff-nocustomcolor\" style=\"background-color:#5cbe4a\"><a href=\"https:\/\/api.whatsapp.com\/send?text=https%3A%2F%2Fsamuraischwert.kaufen%2Fen%2Fprodukt%2Ftsurumaru-wakizashi-mit-sendan-saya-und-ishime-lackierung%2F%20Tsurumaru%20Wakizashi%20mit%20Sendan%20Saya%20und%20Ishime%20Lackierung\" title=\"Share on Whatsapp\" aria-label=\"Share on Whatsapp\" role=\"button\" rel=\"noopener nofollow\" class=\"shariff-link\" style=\"; background-color:#34af23; color:#fff\" target=\"_blank\"><span class=\"shariff-icon\" style=\"\"><svg width=\"32px\" height=\"20px\" xmlns=\"http:\/\/www.w3.org\/2000\/svg\" viewbox=\"0 0 32 32\"><path fill=\"#34af23\" d=\"M17.6 17.4q0.2 0 1.7 0.8t1.6 0.9q0 0.1 0 0.3 0 0.6-0.3 1.4-0.3 0.7-1.3 1.2t-1.8 0.5q-1 0-3.4-1.1-1.7-0.8-3-2.1t-2.6-3.3q-1.3-1.9-1.3-3.5v-0.1q0.1-1.6 1.3-2.8 0.4-0.4 0.9-0.4 0.1 0 0.3 0t0.3 0q0.3 0 0.5 0.1t0.3 0.5q0.1 0.4 0.6 1.6t0.4 1.3q0 0.4-0.6 1t-0.6 0.8q0 0.1 0.1 0.3 0.6 1.3 1.8 2.4 1 0.9 2.7 1.8 0.2 0.1 0.4 0.1 0.3 0 1-0.9t0.9-0.9zM14 26.9q2.3 0 4.3-0.9t3.6-2.4 2.4-3.6 0.9-4.3-0.9-4.3-2.4-3.6-3.6-2.4-4.3-0.9-4.3 0.9-3.6 2.4-2.4 3.6-0.9 4.3q0 3.6 2.1 6.6l-1.4 4.2 4.3-1.4q2.8 1.9 6.2 1.9zM14 2.2q2.7 0 5.2 1.1t4.3 2.9 2.9 4.3 1.1 5.2-1.1 5.2-2.9 4.3-4.3 2.9-5.2 1.1q-3.5 0-6.5-1.7l-7.4 2.4 2.4-7.2q-1.9-3.2-1.9-6.9 0-2.7 1.1-5.2t2.9-4.3 4.3-2.9 5.2-1.1z\"\/><\/svg><\/span><span class=\"shariff-text\">Share<\/span>&nbsp;<\/a><\/li><\/ul><\/div>","protected":false},"excerpt":{"rendered":"<p>Produktmerkmale: &#8211; Samurai Schwert mit scharfer Klinge mit Lehmh\u00e4rtung &#8211; H\u00e4rte an der Schneide ca. 60 HRC &#8211; Sendan Gestaltung an der Schwertscheide &#8211; Ishime Lackierung an der Saya &#8211; Erwerb nur f\u00fcr vollj\u00e4hrige Personen m\u00f6glich! Produktbeschreibung: Tsurumaru Wakizashi Schwert mit Kranich Motiv und Sendan Schwertscheide mit Ishime Lackierung. Das Tsurumaru Wakizashi von Toshiro Swords [&hellip;]<\/p>\n","protected":false},"featured_media":57481,"comment_status":"open","ping_status":"closed","template":"","meta":{"_acf_changed":false},"product_brand":[],"product_cat":[1193],"product_tag":[1687,488,378,379,262,1373,259,939,1374,164,138,295,619,151,1370,211,131],"class_list":{"0":"post-57490","1":"product","2":"type-product","3":"status-publish","4":"has-post-thumbnail","6":"product_cat-kohlenstoffstahl-high-carbon","7":"product_tag-blau","8":"product_tag-dershogun","9":"product_tag-echt","10":"product_tag-echtes","11":"product_tag-handgefertigt","12":"product_tag-handgeschliffen","13":"product_tag-handgeschmiedet","14":"product_tag-hanwei","15":"product_tag-hochwertig","16":"product_tag-japan","17":"product_tag-japanisches","18":"product_tag-metall","19":"product_tag-practical","20":"product_tag-samuraischwert","21":"product_tag-samureischwert","22":"product_tag-schwarz","23":"product_tag-schwert","24":"product_shipping_class-debrief145-2","26":"first","27":"instock","28":"taxable","29":"shipping-taxable","30":"purchasable","31":"product-type-simple"},"acf":[],"_links":{"self":[{"href":"https:\/\/samuraischwert.kaufen\/en\/wp-json\/wp\/v2\/product\/57490","targetHints":{"allow":["GET"]}}],"collection":[{"href":"https:\/\/samuraischwert.kaufen\/en\/wp-json\/wp\/v2\/product"}],"about":[{"href":"https:\/\/samuraischwert.kaufen\/en\/wp-json\/wp\/v2\/types\/product"}],"replies":[{"embeddable":true,"href":"https:\/\/samuraischwert.kaufen\/en\/wp-json\/wp\/v2\/comments?post=57490"}],"wp:featuredmedia":[{"embeddable":true,"href":"https:\/\/samuraischwert.kaufen\/en\/wp-json\/wp\/v2\/media\/57481"}],"wp:attachment":[{"href":"https:\/\/samuraischwert.kaufen\/en\/wp-json\/wp\/v2\/media?parent=57490"}],"wp:term":[{"taxonomy":"product_brand","embeddable":true,"href":"https:\/\/samuraischwert.kaufen\/en\/wp-json\/wp\/v2\/product_brand?post=57490"},{"taxonomy":"product_cat","embeddable":true,"href":"https:\/\/samuraischwert.kaufen\/en\/wp-json\/wp\/v2\/product_cat?post=57490"},{"taxonomy":"product_tag","embeddable":true,"href":"https:\/\/samuraischwert.kaufen\/en\/wp-json\/wp\/v2\/product_tag?post=57490"}],"curies":[{"name":"wp","href":"https:\/\/api.w.org\/{rel}","templated":true}]}}