{"id":4503,"date":"2017-08-23T15:29:59","date_gmt":"2017-08-23T13:29:59","guid":{"rendered":"https:\/\/samuraischwert.kaufen\/?post_type=product&#038;p=4503"},"modified":"2026-03-28T12:54:11","modified_gmt":"2026-03-28T11:54:11","slug":"dershogun-daemon-katana-samurai-sword-with-honsanmai-blade-and-katate-maki","status":"publish","type":"product","link":"https:\/\/samuraischwert.kaufen\/en\/produkt\/dershogun-daemonen-katana-samuraischwert-mit-honsanmai-klinge-und-katate-maki\/","title":{"rendered":"TheShogun Demon Katana Samurai sword with Honsanmai blade and Katate Maki"},"content":{"rendered":"<p><b>Data sheet:<\/b><br \/>\n- Genuine Honsanmai blade<br \/>\n- With demon tsuba<br \/>\n- Handle wrapping Katate Maki<br \/>\n- Including sword pouch<br \/>\n- Purchase only possible for persons of legal age!<\/p>\n<p><b>Product description:<\/b><br \/>\nDemon katana with Honsanmai blade. Ideal for cutting tests.<\/p>\n<p>Honsanmai blade, which means that steel grades of different hardness were actually used for the forging process and not one and the same grade, as you often see on the internet.<br \/>\nHonsanmai is a sophisticated construction as it contains 3 different hardnesses. However, it is often used because it is still relatively simple.<\/p>\n<p>The core and back of this sword have a hardness of 40-42 HRC. The cutting edge of the blade has a hardness of 58-60 HRC. The sides have a hardness of 50-52 HRC.<br \/>\nThe blade has been clay-hardened. The hamon is of course genuine.<\/p>\n<p>Otherwise, only the highest quality materials were used for this sword, such as the solid wood for the saya. All fittings are made of metal.<\/p>\n<p>The handle wrapping is Katate Maki, commonly known as war wrapping.<br \/>\nDemons are depicted on the tsuba.<\/p>\n<p>Weight and dimensions:<br \/>\nTotal length: 106 cm<br \/>\nBlade length (measured from Tsuba): 72 cm<br \/>\nHandle length: 28.5 cm<br \/>\nWeight with saya: 1357 grams<br \/>\nWeight without saya: 1122 grams<\/p>\n<p><strong>According to German law, the purchase of this item is only permitted for persons of legal age. We check the age of every buyer!<br \/>\nPlease ensure that the deposited recipient accepts the delivery in person and can prove their age with an ID card. The age and identity will be checked by the delivery service upon handover.<br \/>\nPlease note that orders without proof of age will not be handed over!<br \/>\nDue to the special handling of this item, delivery to packing stations or parcel acceptance points is unfortunately not possible.<\/strong><\/p>\n<p>Manufacturer: DerShogun, Andara GmbH, Brunnenweg 15, 64331 Weiterstadt, info@andara-gmbh.de<\/p>\n<div class=\"shariff shariff-align-left shariff-widget-align-left\"><ul class=\"shariff-buttons theme-grey orientation-horizontal buttonsize-medium\"><li class=\"shariff-button twitter shariff-nocustomcolor\" style=\"background-color:#595959\"><a href=\"https:\/\/twitter.com\/share?url=https%3A%2F%2Fsamuraischwert.kaufen%2Fen%2Fprodukt%2Fdershogun-daemonen-katana-samuraischwert-mit-honsanmai-klinge-und-katate-maki%2F&text=DerShogun%20D%C3%A4monen%20Katana%20Samuraischwert%20mit%20Honsanmai%20Klinge%20und%20Katate%20Maki\" title=\"Share at X\" aria-label=\"Share at X\" role=\"button\" rel=\"noopener nofollow\" class=\"shariff-link\" style=\"; background-color:#000; color:#fff\" target=\"_blank\"><span class=\"shariff-icon\" style=\"\"><svg width=\"32px\" height=\"20px\" xmlns=\"http:\/\/www.w3.org\/2000\/svg\" viewbox=\"0 0 24 24\"><path fill=\"#000\" d=\"M14.258 10.152L23.176 0h-2.113l-7.747 8.813L7.133 0H0l9.352 13.328L0 23.973h2.113l8.176-9.309 6.531 9.309h7.133zm-2.895 3.293l-.949-1.328L2.875 1.56h3.246l6.086 8.523.945 1.328 7.91 11.078h-3.246zm0 0\"\/><\/svg><\/span><span class=\"shariff-text\">Share<\/span>&nbsp;<\/a><\/li><li class=\"shariff-button facebook shariff-nocustomcolor\" style=\"background-color:#4273c8\"><a href=\"https:\/\/www.facebook.com\/sharer\/sharer.php?u=https%3A%2F%2Fsamuraischwert.kaufen%2Fen%2Fprodukt%2Fdershogun-daemonen-katana-samuraischwert-mit-honsanmai-klinge-und-katate-maki%2F\" title=\"Share on Facebook\" aria-label=\"Share on Facebook\" role=\"button\" rel=\"nofollow\" class=\"shariff-link\" style=\"; background-color:#3b5998; color:#fff\" target=\"_blank\"><span class=\"shariff-icon\" style=\"\"><svg width=\"32px\" height=\"20px\" xmlns=\"http:\/\/www.w3.org\/2000\/svg\" viewbox=\"0 0 18 32\"><path fill=\"#3b5998\" d=\"M17.1 0.2v4.7h-2.8q-1.5 0-2.1 0.6t-0.5 1.9v3.4h5.2l-0.7 5.3h-4.5v13.6h-5.5v-13.6h-4.5v-5.3h4.5v-3.9q0-3.3 1.9-5.2t5-1.8q2.6 0 4.1 0.2z\"\/><\/svg><\/span><span class=\"shariff-text\">Share<\/span>&nbsp;<\/a><\/li><li class=\"shariff-button xing shariff-nocustomcolor\" style=\"background-color:#29888a\"><a href=\"https:\/\/www.xing.com\/spi\/shares\/new?url=https%3A%2F%2Fsamuraischwert.kaufen%2Fen%2Fprodukt%2Fdershogun-daemonen-katana-samuraischwert-mit-honsanmai-klinge-und-katate-maki%2F\" title=\"Share on XING\" aria-label=\"Share on XING\" role=\"button\" rel=\"noopener nofollow\" class=\"shariff-link\" style=\"; background-color:#126567; color:#fff\" target=\"_blank\"><span class=\"shariff-icon\" style=\"\"><svg width=\"32px\" height=\"20px\" xmlns=\"http:\/\/www.w3.org\/2000\/svg\" viewbox=\"0 0 25 32\"><path fill=\"#126567\" d=\"M10.7 11.9q-0.2 0.3-4.6 8.2-0.5 0.8-1.2 0.8h-4.3q-0.4 0-0.5-0.3t0-0.6l4.5-8q0 0 0 0l-2.9-5q-0.2-0.4 0-0.7 0.2-0.3 0.5-0.3h4.3q0.7 0 1.2 0.8zM25.1 0.4q0.2 0.3 0 0.7l-9.4 16.7 6 11q0.2 0.4 0 0.6-0.2 0.3-0.6 0.3h-4.3q-0.7 0-1.2-0.8l-6-11.1q0.3-0.6 9.5-16.8 0.4-0.8 1.2-0.8h4.3q0.4 0 0.5 0.3z\"\/><\/svg><\/span><span class=\"shariff-text\">Share<\/span>&nbsp;<\/a><\/li><li class=\"shariff-button linkedin shariff-nocustomcolor\" style=\"background-color:#1488bf\"><a href=\"https:\/\/www.linkedin.com\/sharing\/share-offsite\/?url=https%3A%2F%2Fsamuraischwert.kaufen%2Fen%2Fprodukt%2Fdershogun-daemonen-katana-samuraischwert-mit-honsanmai-klinge-und-katate-maki%2F\" title=\"Share on LinkedIn\" aria-label=\"Share on LinkedIn\" role=\"button\" rel=\"noopener nofollow\" class=\"shariff-link\" style=\"; background-color:#0077b5; color:#fff\" target=\"_blank\"><span class=\"shariff-icon\" style=\"\"><svg width=\"32px\" height=\"20px\" xmlns=\"http:\/\/www.w3.org\/2000\/svg\" viewbox=\"0 0 27 32\"><path fill=\"#0077b5\" d=\"M6.2 11.2v17.7h-5.9v-17.7h5.9zM6.6 5.7q0 1.3-0.9 2.2t-2.4 0.9h0q-1.5 0-2.4-0.9t-0.9-2.2 0.9-2.2 2.4-0.9 2.4 0.9 0.9 2.2zM27.4 18.7v10.1h-5.9v-9.5q0-1.9-0.7-2.9t-2.3-1.1q-1.1 0-1.9 0.6t-1.2 1.5q-0.2 0.5-0.2 1.4v9.9h-5.9q0-7.1 0-11.6t0-5.3l0-0.9h5.9v2.6h0q0.4-0.6 0.7-1t1-0.9 1.6-0.8 2-0.3q3 0 4.9 2t1.9 6z\"\/><\/svg><\/span><span class=\"shariff-text\">Share<\/span>&nbsp;<\/a><\/li><li class=\"shariff-button mailto shariff-nocustomcolor\" style=\"background-color:#a8a8a8\"><a href=\"mailto:?body=https%3A%2F%2Fsamuraischwert.kaufen%2Fen%2Fprodukt%2Fdershogun-daemonen-katana-samuraischwert-mit-honsanmai-klinge-und-katate-maki%2F&subject=DerShogun%20D%C3%A4monen%20Katana%20Samuraischwert%20mit%20Honsanmai%20Klinge%20und%20Katate%20Maki\" title=\"Send by e-mail\" aria-label=\"Send by e-mail\" role=\"button\" rel=\"noopener nofollow\" class=\"shariff-link\" style=\"; background-color:#999; color:#fff\"><span class=\"shariff-icon\" style=\"\"><svg width=\"32px\" height=\"20px\" xmlns=\"http:\/\/www.w3.org\/2000\/svg\" viewbox=\"0 0 32 32\"><path fill=\"#999\" d=\"M32 12.7v14.2q0 1.2-0.8 2t-2 0.9h-26.3q-1.2 0-2-0.9t-0.8-2v-14.2q0.8 0.9 1.8 1.6 6.5 4.4 8.9 6.1 1 0.8 1.6 1.2t1.7 0.9 2 0.4h0.1q0.9 0 2-0.4t1.7-0.9 1.6-1.2q3-2.2 8.9-6.1 1-0.7 1.8-1.6zM32 7.4q0 1.4-0.9 2.7t-2.2 2.2q-6.7 4.7-8.4 5.8-0.2 0.1-0.7 0.5t-1 0.7-0.9 0.6-1.1 0.5-0.9 0.2h-0.1q-0.4 0-0.9-0.2t-1.1-0.5-0.9-0.6-1-0.7-0.7-0.5q-1.6-1.1-4.7-3.2t-3.6-2.6q-1.1-0.7-2.1-2t-1-2.5q0-1.4 0.7-2.3t2.1-0.9h26.3q1.2 0 2 0.8t0.9 2z\"\/><\/svg><\/span><span class=\"shariff-text\">e-mail<\/span>&nbsp;<\/a><\/li><li class=\"shariff-button whatsapp shariff-nocustomcolor\" style=\"background-color:#5cbe4a\"><a href=\"https:\/\/api.whatsapp.com\/send?text=https%3A%2F%2Fsamuraischwert.kaufen%2Fen%2Fprodukt%2Fdershogun-daemonen-katana-samuraischwert-mit-honsanmai-klinge-und-katate-maki%2F%20DerShogun%20D%C3%A4monen%20Katana%20Samuraischwert%20mit%20Honsanmai%20Klinge%20und%20Katate%20Maki\" title=\"Share on Whatsapp\" aria-label=\"Share on Whatsapp\" role=\"button\" rel=\"noopener nofollow\" class=\"shariff-link\" style=\"; background-color:#34af23; color:#fff\" target=\"_blank\"><span class=\"shariff-icon\" style=\"\"><svg width=\"32px\" height=\"20px\" xmlns=\"http:\/\/www.w3.org\/2000\/svg\" viewbox=\"0 0 32 32\"><path fill=\"#34af23\" d=\"M17.6 17.4q0.2 0 1.7 0.8t1.6 0.9q0 0.1 0 0.3 0 0.6-0.3 1.4-0.3 0.7-1.3 1.2t-1.8 0.5q-1 0-3.4-1.1-1.7-0.8-3-2.1t-2.6-3.3q-1.3-1.9-1.3-3.5v-0.1q0.1-1.6 1.3-2.8 0.4-0.4 0.9-0.4 0.1 0 0.3 0t0.3 0q0.3 0 0.5 0.1t0.3 0.5q0.1 0.4 0.6 1.6t0.4 1.3q0 0.4-0.6 1t-0.6 0.8q0 0.1 0.1 0.3 0.6 1.3 1.8 2.4 1 0.9 2.7 1.8 0.2 0.1 0.4 0.1 0.3 0 1-0.9t0.9-0.9zM14 26.9q2.3 0 4.3-0.9t3.6-2.4 2.4-3.6 0.9-4.3-0.9-4.3-2.4-3.6-3.6-2.4-4.3-0.9-4.3 0.9-3.6 2.4-2.4 3.6-0.9 4.3q0 3.6 2.1 6.6l-1.4 4.2 4.3-1.4q2.8 1.9 6.2 1.9zM14 2.2q2.7 0 5.2 1.1t4.3 2.9 2.9 4.3 1.1 5.2-1.1 5.2-2.9 4.3-4.3 2.9-5.2 1.1q-3.5 0-6.5-1.7l-7.4 2.4 2.4-7.2q-1.9-3.2-1.9-6.9 0-2.7 1.1-5.2t2.9-4.3 4.3-2.9 5.2-1.1z\"\/><\/svg><\/span><span class=\"shariff-text\">Share<\/span>&nbsp;<\/a><\/li><\/ul><\/div>","protected":false},"excerpt":{"rendered":"<p>Datenblatt: &#8211; Echte Honsanmai-Klinge &#8211; Mit D\u00e4monen-Tsuba &#8211; Griffwicklung Katate Maki &#8211; Inklusive Schwertbeutel &#8211; Erwerb nur f\u00fcr vollj\u00e4hrige Personen m\u00f6glich! Produktbeschreibung: D\u00e4monen Katana mit Honsanmai Klinge. Ideal f\u00fcr Schnitttest. Honsanmai Klinge, das bedeutet, dass tats\u00e4chlich Stahlsorten mit verschiedener H\u00e4rte f\u00fcr den Schmiedeprozess verwendet wurden und nicht ein und dieselbe Sorte, wie man es komischerweise [&hellip;]<\/p>\n","protected":false},"featured_media":4496,"comment_status":"open","ping_status":"closed","template":"","meta":{"_acf_changed":false},"product_brand":[],"product_cat":[1193],"product_tag":[297,378,379,262,264,259,261,271,268,647,139,150,299,260,131,298,253,272],"class_list":{"0":"post-4503","1":"product","2":"type-product","3":"status-publish","4":"has-post-thumbnail","6":"product_cat-kohlenstoffstahl-high-carbon","7":"product_tag-carbon","8":"product_tag-echt","9":"product_tag-echtes","10":"product_tag-handgefertigt","11":"product_tag-handgefertigtes","12":"product_tag-handgeschmiedet","13":"product_tag-handgeschmiedetes","14":"product_tag-kohlenstoff","15":"product_tag-kohlenstoffstahl","16":"product_tag-lehmgehaertet","17":"product_tag-neu","18":"product_tag-samurai","19":"product_tag-samuraischwerter","20":"product_tag-scharf","21":"product_tag-schwert","22":"product_tag-schwerte","23":"product_tag-schwerter","24":"product_tag-stahl","26":"first","27":"instock","28":"taxable","29":"shipping-taxable","30":"purchasable","31":"product-type-simple"},"acf":[],"_links":{"self":[{"href":"https:\/\/samuraischwert.kaufen\/en\/wp-json\/wp\/v2\/product\/4503","targetHints":{"allow":["GET"]}}],"collection":[{"href":"https:\/\/samuraischwert.kaufen\/en\/wp-json\/wp\/v2\/product"}],"about":[{"href":"https:\/\/samuraischwert.kaufen\/en\/wp-json\/wp\/v2\/types\/product"}],"replies":[{"embeddable":true,"href":"https:\/\/samuraischwert.kaufen\/en\/wp-json\/wp\/v2\/comments?post=4503"}],"wp:featuredmedia":[{"embeddable":true,"href":"https:\/\/samuraischwert.kaufen\/en\/wp-json\/wp\/v2\/media\/4496"}],"wp:attachment":[{"href":"https:\/\/samuraischwert.kaufen\/en\/wp-json\/wp\/v2\/media?parent=4503"}],"wp:term":[{"taxonomy":"product_brand","embeddable":true,"href":"https:\/\/samuraischwert.kaufen\/en\/wp-json\/wp\/v2\/product_brand?post=4503"},{"taxonomy":"product_cat","embeddable":true,"href":"https:\/\/samuraischwert.kaufen\/en\/wp-json\/wp\/v2\/product_cat?post=4503"},{"taxonomy":"product_tag","embeddable":true,"href":"https:\/\/samuraischwert.kaufen\/en\/wp-json\/wp\/v2\/product_tag?post=4503"}],"curies":[{"name":"wp","href":"https:\/\/api.w.org\/{rel}","templated":true}]}}