{"id":4474,"date":"2017-08-23T15:27:17","date_gmt":"2017-08-23T13:27:17","guid":{"rendered":"https:\/\/samuraischwert.kaufen\/?post_type=product&#038;p=4474"},"modified":"2026-04-11T20:26:14","modified_gmt":"2026-04-11T18:26:14","slug":"buy-ninja-to-ninja-sword","status":"publish","type":"product","link":"https:\/\/samuraischwert.kaufen\/en\/produkt\/ninja-to-ninjaschwert-kaufen\/","title":{"rendered":"TheShogun Ninja-To ninja sword 1045 carbon steel"},"content":{"rendered":"<p>Buy a good quality ninja sword now at a favourable price in our online shop! You can find all the information about this interesting offer here.<\/p>\n<h2>Buy Ninja Sword - What we can offer you:<\/h2>\n<p><b>Data sheet:<\/b><\/p>\n<p>- Handmade<br \/>- Forged from high-quality 1045 steel<br \/>- Black saya, black sageo<br \/>- Including the sword pouch shown<br \/>- Purchase only possible for persons of legal age!<\/p>\n<p><b>Product description:<\/b><br \/>Blade:<br \/>Made from high-quality 1045 carbon steel. The blade hardness of 45 HRC (+\/- 1 HRC, as it is a handmade sword) ensures good cutting properties and stability of the blade. It has a Bo-Hi (blood groove) for weight optimisation.<br \/>The blade is sharpened.<\/p>\n<p>Tsuka (the handle):<br \/>Made of solid wood for stability and durability. With inlays of genuine blackened ray skin and wrapped with black cotton grip tape in the traditional manner. 2 wooden pins allow the blade to be held securely in the handle. Top look thanks to 2 golden decorative elements, motif: dragon.<\/p>\n<p>Saya (sword scabbard):<br \/>Made of wood, painted black with black sageo (ribbon) made of cotton. Golden shito domes (decoration on the eyelet opening).<\/p>\n<p>- Total length of the sword with saya: 105.5 cm<br \/>- Blade length: 73 cm<br \/>- Handle length: 29 cm<\/p>\n<p><strong>According to German law, the purchase of this item is only permitted for persons of legal age. We check the age of every buyer!<br \/>Please ensure that the deposited recipient accepts the delivery in person and can prove their age with an identity card when purchasing this ninja sword. The age and identity will be checked by the delivery service upon delivery.<br \/>Please note that orders without proof of age will not be handed over!<br \/>Due to the special handling of this item, delivery to packing stations or parcel acceptance points is unfortunately not possible.<\/strong><\/p>\n<div class=\"embed-privacy-container is-disabled embed-www-youtube-nocookie-com\" data-embed-id=\"oembed_ea18649e73f9d652e7971dcfa397d2b1\" data-embed-provider=\"www-youtube-nocookie-com\" style=\"aspect-ratio: 560\/315;\">\t\t\t\t\t\t<button type=\"button\" class=\"embed-privacy-enable screen-reader-text\">Display \"YouTube video player\" from www.youtube-nocookie.com<\/button>\t\t\t\t\t\t<\/p>\n<div class=\"embed-privacy-overlay\">\n<div class=\"embed-privacy-inner\">\n<p>\t\tClick here to display content from www.youtube-nocookie.com.\t\t<\/p>\n<p class=\"embed-privacy-input-wrapper\">\t\t\t<input id=\"embed-privacy-store-www-youtube-nocookie-com-ea18649e73f9d652e7971dcfa397d2b1\" type=\"checkbox\" value=\"1\" class=\"embed-privacy-input\" data-embed-provider=\"www-youtube-nocookie-com\">\t\t\t<label for=\"embed-privacy-store-www-youtube-nocookie-com-ea18649e73f9d652e7971dcfa397d2b1\" class=\"embed-privacy-label\" data-embed-provider=\"www-youtube-nocookie-com\">\t\t\t\tAlways display content from www.youtube-nocookie.com\t\t\t<\/label>\t\t<\/p>\n<\/p><\/div>\n<div class=\"embed-privacy-footer\"><span class=\"embed-privacy-url\"><a href=\"https:\/\/www.youtube-nocookie.com\/embed\/VN5oter40lM\" target=\"_blank\" rel=\"noopener\">Open \"YouTube video player\" directly<\/a><\/span><\/div>\n<\/p><\/div>\n<div class=\"embed-privacy-content\">\t\t\t\t<script>var _oembed_ea18649e73f9d652e7971dcfa397d2b1 = '{\\\"embed\\\":\\\"&lt;iframe title=&quot;YouTube video player&quot; src=&quot;https:\\\\\/\\\\\/www.youtube-nocookie.com\\\\\/embed\\\\\/VN5oter40lM&quot; width=&quot;560&quot; height=&quot;315&quot; frameborder=&quot;0&quot; allowfullscreen=&quot;allowfullscreen&quot;&gt;&lt;\\\\\/iframe&gt;\\\"}';<\/script>\t\t\t<\/div>\n<\/p><\/div>\n<p><\/p>\n<h2>The legendary sword of the ninja. What are the special features?<\/h2>\n<p><\/p>\n<p>The sword of the ninja, known in Japanese as ninjato (<a href=\"https:\/\/de.wikipedia.org\/wiki\/Ninjat%C5%8D\" target=\"_blank\" rel=\"noopener\"><img decoding=\"async\" class=\"alignnone wp-image-61456\" src=\"https:\/\/samuraischwert.kaufen\/wp-content\/uploads\/2017\/08\/ninjaschwert-kaufen-1.jpg\" alt=\"Buy Ninja Sword\" width=\"41\" height=\"12\"><\/a>) are known. There are countless legends about the ninja, their special abilities and their special weapons.<br \/>Ninja were specialised fighters in ancient Japan. Fighters who were specially trained for assassination and espionage.<\/p>\n<h3>Samurai vs. Ninja<\/h3>\n<p><\/p>\n<p>According to legend, there was a deep-rooted enmity between ninja and samurai. After all, numerous samurai were killed by ninja assassinations.<br \/>However, they were two different groups of warriors who basically had no problems with each other.<\/p>\n<p>Some samurai, such as the legendary <a href=\"https:\/\/samuraischwert.kaufen\/en\/samurai-sword\/history\/famous-sword-fighters\/hattori-hanzo\/\" target=\"_blank\" rel=\"noopener\">Hattori Hanzo<\/a> were even famous for being samurai and leading a life as a ninja at the same time.<\/p>\n<h3>Did ninja have special swords?<\/h3>\n<p><\/p>\n<p>Nowadays it is considered proven that ninja did not have special swords. Short swords were probably used for better use within premises such as castles. These probably corresponded exactly to the samurai swords of the respective era.<\/p>\n<p>It would also not fit in with the concept of the ninja to have a sword that immediately identifies them as a ninja.<\/p>\n<h2>What do you get if you want to buy a ninja sword today?<\/h2>\n<p><\/p>\n<p>If you want to buy a ninja sword today, you are usually offered a sword with a straight blade and the blade is single-edged.<\/p>\n<p>This design has come to be known as the ninja sword, even if it is not 100% historically accurate as described above.<\/p>\n<p>The straight blade of the ninja sword matches the rest of the ninja's equipment.<\/p>\n<h2>How much does a real ninja sword cost?<\/h2>\n<p><\/p>\n<p>As the terms ninja sword and samurai sword are largely synonymous, ninja swords are the same as samurai swords.<\/p>\n<p>This means that the price of a ninja sword can vary from a few euros to several thousand euros, depending on the quality.<\/p>\n<p>Here you can buy a ninja sword in which the blade and handle are made from one piece (full tang). With a sharp blade made of 1045 carbon steel. In other words, a real sword with a favourable entry-level price.<\/p>\n<p>Manufacturer: DerShogun, Andara GmbH, Brunnenweg 15, 64331 Weiterstadt, info@andara-gmbh.de<\/p>\n<div class=\"shariff shariff-align-left shariff-widget-align-left\"><ul class=\"shariff-buttons theme-grey orientation-horizontal buttonsize-medium\"><li class=\"shariff-button twitter shariff-nocustomcolor\" style=\"background-color:#595959\"><a href=\"https:\/\/twitter.com\/share?url=https%3A%2F%2Fsamuraischwert.kaufen%2Fen%2Fprodukt%2Fninja-to-ninjaschwert-kaufen%2F&text=DerShogun%20Ninja-To%20Ninjaschwert%201045%20Carbonstahl\" title=\"Share at X\" aria-label=\"Share at X\" role=\"button\" rel=\"noopener nofollow\" class=\"shariff-link\" style=\"; background-color:#000; color:#fff\" target=\"_blank\"><span class=\"shariff-icon\" style=\"\"><svg width=\"32px\" height=\"20px\" xmlns=\"http:\/\/www.w3.org\/2000\/svg\" viewbox=\"0 0 24 24\"><path fill=\"#000\" d=\"M14.258 10.152L23.176 0h-2.113l-7.747 8.813L7.133 0H0l9.352 13.328L0 23.973h2.113l8.176-9.309 6.531 9.309h7.133zm-2.895 3.293l-.949-1.328L2.875 1.56h3.246l6.086 8.523.945 1.328 7.91 11.078h-3.246zm0 0\"\/><\/svg><\/span><span class=\"shariff-text\">Share<\/span>&nbsp;<\/a><\/li><li class=\"shariff-button facebook shariff-nocustomcolor\" style=\"background-color:#4273c8\"><a href=\"https:\/\/www.facebook.com\/sharer\/sharer.php?u=https%3A%2F%2Fsamuraischwert.kaufen%2Fen%2Fprodukt%2Fninja-to-ninjaschwert-kaufen%2F\" title=\"Share on Facebook\" aria-label=\"Share on Facebook\" role=\"button\" rel=\"nofollow\" class=\"shariff-link\" style=\"; background-color:#3b5998; color:#fff\" target=\"_blank\"><span class=\"shariff-icon\" style=\"\"><svg width=\"32px\" height=\"20px\" xmlns=\"http:\/\/www.w3.org\/2000\/svg\" viewbox=\"0 0 18 32\"><path fill=\"#3b5998\" d=\"M17.1 0.2v4.7h-2.8q-1.5 0-2.1 0.6t-0.5 1.9v3.4h5.2l-0.7 5.3h-4.5v13.6h-5.5v-13.6h-4.5v-5.3h4.5v-3.9q0-3.3 1.9-5.2t5-1.8q2.6 0 4.1 0.2z\"\/><\/svg><\/span><span class=\"shariff-text\">Share<\/span>&nbsp;<\/a><\/li><li class=\"shariff-button xing shariff-nocustomcolor\" style=\"background-color:#29888a\"><a href=\"https:\/\/www.xing.com\/spi\/shares\/new?url=https%3A%2F%2Fsamuraischwert.kaufen%2Fen%2Fprodukt%2Fninja-to-ninjaschwert-kaufen%2F\" title=\"Share on XING\" aria-label=\"Share on XING\" role=\"button\" rel=\"noopener nofollow\" class=\"shariff-link\" style=\"; background-color:#126567; color:#fff\" target=\"_blank\"><span class=\"shariff-icon\" style=\"\"><svg width=\"32px\" height=\"20px\" xmlns=\"http:\/\/www.w3.org\/2000\/svg\" viewbox=\"0 0 25 32\"><path fill=\"#126567\" d=\"M10.7 11.9q-0.2 0.3-4.6 8.2-0.5 0.8-1.2 0.8h-4.3q-0.4 0-0.5-0.3t0-0.6l4.5-8q0 0 0 0l-2.9-5q-0.2-0.4 0-0.7 0.2-0.3 0.5-0.3h4.3q0.7 0 1.2 0.8zM25.1 0.4q0.2 0.3 0 0.7l-9.4 16.7 6 11q0.2 0.4 0 0.6-0.2 0.3-0.6 0.3h-4.3q-0.7 0-1.2-0.8l-6-11.1q0.3-0.6 9.5-16.8 0.4-0.8 1.2-0.8h4.3q0.4 0 0.5 0.3z\"\/><\/svg><\/span><span class=\"shariff-text\">Share<\/span>&nbsp;<\/a><\/li><li class=\"shariff-button linkedin shariff-nocustomcolor\" style=\"background-color:#1488bf\"><a href=\"https:\/\/www.linkedin.com\/sharing\/share-offsite\/?url=https%3A%2F%2Fsamuraischwert.kaufen%2Fen%2Fprodukt%2Fninja-to-ninjaschwert-kaufen%2F\" title=\"Share on LinkedIn\" aria-label=\"Share on LinkedIn\" role=\"button\" rel=\"noopener nofollow\" class=\"shariff-link\" style=\"; background-color:#0077b5; color:#fff\" target=\"_blank\"><span class=\"shariff-icon\" style=\"\"><svg width=\"32px\" height=\"20px\" xmlns=\"http:\/\/www.w3.org\/2000\/svg\" viewbox=\"0 0 27 32\"><path fill=\"#0077b5\" d=\"M6.2 11.2v17.7h-5.9v-17.7h5.9zM6.6 5.7q0 1.3-0.9 2.2t-2.4 0.9h0q-1.5 0-2.4-0.9t-0.9-2.2 0.9-2.2 2.4-0.9 2.4 0.9 0.9 2.2zM27.4 18.7v10.1h-5.9v-9.5q0-1.9-0.7-2.9t-2.3-1.1q-1.1 0-1.9 0.6t-1.2 1.5q-0.2 0.5-0.2 1.4v9.9h-5.9q0-7.1 0-11.6t0-5.3l0-0.9h5.9v2.6h0q0.4-0.6 0.7-1t1-0.9 1.6-0.8 2-0.3q3 0 4.9 2t1.9 6z\"\/><\/svg><\/span><span class=\"shariff-text\">Share<\/span>&nbsp;<\/a><\/li><li class=\"shariff-button mailto shariff-nocustomcolor\" style=\"background-color:#a8a8a8\"><a href=\"mailto:?body=https%3A%2F%2Fsamuraischwert.kaufen%2Fen%2Fprodukt%2Fninja-to-ninjaschwert-kaufen%2F&subject=DerShogun%20Ninja-To%20Ninjaschwert%201045%20Carbonstahl\" title=\"Send by e-mail\" aria-label=\"Send by e-mail\" role=\"button\" rel=\"noopener nofollow\" class=\"shariff-link\" style=\"; background-color:#999; color:#fff\"><span class=\"shariff-icon\" style=\"\"><svg width=\"32px\" height=\"20px\" xmlns=\"http:\/\/www.w3.org\/2000\/svg\" viewbox=\"0 0 32 32\"><path fill=\"#999\" d=\"M32 12.7v14.2q0 1.2-0.8 2t-2 0.9h-26.3q-1.2 0-2-0.9t-0.8-2v-14.2q0.8 0.9 1.8 1.6 6.5 4.4 8.9 6.1 1 0.8 1.6 1.2t1.7 0.9 2 0.4h0.1q0.9 0 2-0.4t1.7-0.9 1.6-1.2q3-2.2 8.9-6.1 1-0.7 1.8-1.6zM32 7.4q0 1.4-0.9 2.7t-2.2 2.2q-6.7 4.7-8.4 5.8-0.2 0.1-0.7 0.5t-1 0.7-0.9 0.6-1.1 0.5-0.9 0.2h-0.1q-0.4 0-0.9-0.2t-1.1-0.5-0.9-0.6-1-0.7-0.7-0.5q-1.6-1.1-4.7-3.2t-3.6-2.6q-1.1-0.7-2.1-2t-1-2.5q0-1.4 0.7-2.3t2.1-0.9h26.3q1.2 0 2 0.8t0.9 2z\"\/><\/svg><\/span><span class=\"shariff-text\">e-mail<\/span>&nbsp;<\/a><\/li><li class=\"shariff-button whatsapp shariff-nocustomcolor\" style=\"background-color:#5cbe4a\"><a href=\"https:\/\/api.whatsapp.com\/send?text=https%3A%2F%2Fsamuraischwert.kaufen%2Fen%2Fprodukt%2Fninja-to-ninjaschwert-kaufen%2F%20DerShogun%20Ninja-To%20Ninjaschwert%201045%20Carbonstahl\" title=\"Share on Whatsapp\" aria-label=\"Share on Whatsapp\" role=\"button\" rel=\"noopener nofollow\" class=\"shariff-link\" style=\"; background-color:#34af23; color:#fff\" target=\"_blank\"><span class=\"shariff-icon\" style=\"\"><svg width=\"32px\" height=\"20px\" xmlns=\"http:\/\/www.w3.org\/2000\/svg\" viewbox=\"0 0 32 32\"><path fill=\"#34af23\" d=\"M17.6 17.4q0.2 0 1.7 0.8t1.6 0.9q0 0.1 0 0.3 0 0.6-0.3 1.4-0.3 0.7-1.3 1.2t-1.8 0.5q-1 0-3.4-1.1-1.7-0.8-3-2.1t-2.6-3.3q-1.3-1.9-1.3-3.5v-0.1q0.1-1.6 1.3-2.8 0.4-0.4 0.9-0.4 0.1 0 0.3 0t0.3 0q0.3 0 0.5 0.1t0.3 0.5q0.1 0.4 0.6 1.6t0.4 1.3q0 0.4-0.6 1t-0.6 0.8q0 0.1 0.1 0.3 0.6 1.3 1.8 2.4 1 0.9 2.7 1.8 0.2 0.1 0.4 0.1 0.3 0 1-0.9t0.9-0.9zM14 26.9q2.3 0 4.3-0.9t3.6-2.4 2.4-3.6 0.9-4.3-0.9-4.3-2.4-3.6-3.6-2.4-4.3-0.9-4.3 0.9-3.6 2.4-2.4 3.6-0.9 4.3q0 3.6 2.1 6.6l-1.4 4.2 4.3-1.4q2.8 1.9 6.2 1.9zM14 2.2q2.7 0 5.2 1.1t4.3 2.9 2.9 4.3 1.1 5.2-1.1 5.2-2.9 4.3-4.3 2.9-5.2 1.1q-3.5 0-6.5-1.7l-7.4 2.4 2.4-7.2q-1.9-3.2-1.9-6.9 0-2.7 1.1-5.2t2.9-4.3 4.3-2.9 5.2-1.1z\"\/><\/svg><\/span><span class=\"shariff-text\">Share<\/span>&nbsp;<\/a><\/li><\/ul><\/div>","protected":false},"excerpt":{"rendered":"<p>Ein Ninjaschwert kaufen in guter Qualit\u00e4t jetzt g\u00fcnstig in unserem Onlineshop! Hier finden Sie alle Infos zu diesem interessanten Angebot. Ninjaschwert kaufen \u2013 Das k\u00f6nnen wir Ihnen bieten: Datenblatt:\u2013 Handgefertigt\u2013 Aus hochwertigem 1045 Stahl geschmiedet\u2013 Schwarze Saya, schwarze Sageo\u2013 Inklusive dem abgebildeten Schwertbeutel\u2013 Erwerb nur f\u00fcr vollj\u00e4hrige Personen m\u00f6glich! Produktbeschreibung:Klinge:Wurde aus hochwertigem 1045 Kohlenstoff-Stahl gefertigt. [&hellip;]<\/p>\n","protected":false},"featured_media":4467,"comment_status":"open","ping_status":"closed","template":"","meta":{"_acf_changed":false},"product_brand":[],"product_cat":[90],"product_tag":[266,163,297,478,397,383,485,484,483,481,271,480,139,482,479,260,131,272,189],"class_list":{"0":"post-4474","1":"product","2":"type-product","3":"status-publish","4":"has-post-thumbnail","6":"product_cat-1045-kohlenstoffstahl","7":"product_tag-1045er","8":"product_tag-aus","9":"product_tag-carbon","10":"product_tag-des","11":"product_tag-die","12":"product_tag-geschliffen","13":"product_tag-ja","14":"product_tag-jitsu","15":"product_tag-jutsu","16":"product_tag-kohlen","17":"product_tag-kohlenstoff","18":"product_tag-kraft","19":"product_tag-neu","20":"product_tag-nin","21":"product_tag-ninjato","22":"product_tag-scharf","23":"product_tag-schwert","24":"product_tag-stahl","25":"product_tag-stoff","27":"first","28":"instock","29":"taxable","30":"shipping-taxable","31":"purchasable","32":"product-type-simple"},"acf":[],"_links":{"self":[{"href":"https:\/\/samuraischwert.kaufen\/en\/wp-json\/wp\/v2\/product\/4474","targetHints":{"allow":["GET"]}}],"collection":[{"href":"https:\/\/samuraischwert.kaufen\/en\/wp-json\/wp\/v2\/product"}],"about":[{"href":"https:\/\/samuraischwert.kaufen\/en\/wp-json\/wp\/v2\/types\/product"}],"replies":[{"embeddable":true,"href":"https:\/\/samuraischwert.kaufen\/en\/wp-json\/wp\/v2\/comments?post=4474"}],"wp:featuredmedia":[{"embeddable":true,"href":"https:\/\/samuraischwert.kaufen\/en\/wp-json\/wp\/v2\/media\/4467"}],"wp:attachment":[{"href":"https:\/\/samuraischwert.kaufen\/en\/wp-json\/wp\/v2\/media?parent=4474"}],"wp:term":[{"taxonomy":"product_brand","embeddable":true,"href":"https:\/\/samuraischwert.kaufen\/en\/wp-json\/wp\/v2\/product_brand?post=4474"},{"taxonomy":"product_cat","embeddable":true,"href":"https:\/\/samuraischwert.kaufen\/en\/wp-json\/wp\/v2\/product_cat?post=4474"},{"taxonomy":"product_tag","embeddable":true,"href":"https:\/\/samuraischwert.kaufen\/en\/wp-json\/wp\/v2\/product_tag?post=4474"}],"curies":[{"name":"wp","href":"https:\/\/api.w.org\/{rel}","templated":true}]}}