{"id":21130,"date":"2020-10-20T18:53:41","date_gmt":"2020-10-20T16:53:41","guid":{"rendered":"https:\/\/samuraischwert.kaufen\/shop\/unkategorisiert\/schwertstaender-tori-fuer-2-schwerter\/"},"modified":"2026-03-27T12:36:29","modified_gmt":"2026-03-27T11:36:29","slug":"sword-stand-tori-for-2-swords","status":"publish","type":"product","link":"https:\/\/samuraischwert.kaufen\/en\/produkt\/schwertstaender-tori-fuer-2-schwerter\/","title":{"rendered":"Torii sword stand for 2 swords"},"content":{"rendered":"<p><b>Product features:<\/b><\/p>\n<p>- Centreboard stand and wall bracket in one<br \/>- Tori temple mould<br \/>- Padded storage areas for the sword<br \/>- For 2 Katana<br \/>- Gold-coloured Bushido characters<\/p>\n<p><b>Product description:<\/b><br \/>Sword stand and wall holder from Epic Swords in Tori form.<\/p>\n<p>This shape is known from the entrance gate of Japanese shrines.<br \/>The sword stand is suitable for two swords. The sword support surfaces are padded with felt to prevent the saya from being scratched.<br \/>Epic Swords uses a simple system in which the individual parts are plugged together. No screwing together is necessary for assembly. Nevertheless, the sword stand is stable.<br \/>The stand can be set up as normal. However, there are also hangers on the back for wall mounting. The holder can therefore be used as a normal sword stand, but also as a wall mount!<br \/>Accessories for wall mounting (2 screws and 2 wall plugs) are included.<\/p>\n<p>The characters on the top bar stand for Bushido. This is the name of the code of honour according to which the samurai lived with its 7 basic pillars:<br \/>Sincerity &amp; justice, courage, kindness, politeness, truthfulness, sense of honour, loyalty.<\/p>\n<p>Solid MDF wood. Dimensions WxHxD: 39x32x7.5 cm<br \/>Suitable for 2 swords.<\/p>\n<p>Using a model for a katana, the operation and construction of the torii sword stand is explained:<\/p>\n<div class=\"embed-privacy-container is-disabled embed-www-youtube-nocookie-com\" data-embed-id=\"oembed_8c0126b15a2b6c30da5ca1cedd2b4381\" data-embed-provider=\"www-youtube-nocookie-com\" style=\"aspect-ratio: 560\/315;\">\t\t\t\t\t\t<button type=\"button\" class=\"embed-privacy-enable screen-reader-text\">Display \"YouTube video player\" from www.youtube-nocookie.com<\/button>\t\t\t\t\t\t<\/p>\n<div class=\"embed-privacy-overlay\">\n<div class=\"embed-privacy-inner\">\n<p>\t\tClick here to display content from www.youtube-nocookie.com.\t\t<\/p>\n<p class=\"embed-privacy-input-wrapper\">\t\t\t<input id=\"embed-privacy-store-www-youtube-nocookie-com-8c0126b15a2b6c30da5ca1cedd2b4381\" type=\"checkbox\" value=\"1\" class=\"embed-privacy-input\" data-embed-provider=\"www-youtube-nocookie-com\">\t\t\t<label for=\"embed-privacy-store-www-youtube-nocookie-com-8c0126b15a2b6c30da5ca1cedd2b4381\" class=\"embed-privacy-label\" data-embed-provider=\"www-youtube-nocookie-com\">\t\t\t\tAlways display content from www.youtube-nocookie.com\t\t\t<\/label>\t\t<\/p>\n<\/p><\/div>\n<div class=\"embed-privacy-footer\"><span class=\"embed-privacy-url\"><a href=\"https:\/\/www.youtube-nocookie.com\/embed\/exekrPbre4A\" target=\"_blank\" rel=\"noopener\">Open \"YouTube video player\" directly<\/a><\/span><\/div>\n<\/p><\/div>\n<div class=\"embed-privacy-content\">\t\t\t\t<script>var _oembed_8c0126b15a2b6c30da5ca1cedd2b4381 = '{\\\"embed\\\":\\\"&lt;iframe width=&quot;560&quot; height=&quot;315&quot; src=&quot;https:\\\\\/\\\\\/www.youtube-nocookie.com\\\\\/embed\\\\\/exekrPbre4A&quot; title=&quot;YouTube video player&quot; frameborder=&quot;0&quot; allow=&quot;accelerometer; autoplay; clipboard-write; encrypted-media; gyroscope; picture-in-picture&quot; allowfullscreen&gt;&lt;\\\\\/iframe&gt;\\\"}';<\/script>\t\t\t<\/div>\n<\/p><\/div>\n<p>Manufacturer: Epic Swords, Andara GmbH, Brunnenweg 15, 64331 Weiterstadt, info@andara-gmbh.de<\/p>\n<div class=\"shariff shariff-align-left shariff-widget-align-left\"><ul class=\"shariff-buttons theme-grey orientation-horizontal buttonsize-medium\"><li class=\"shariff-button twitter shariff-nocustomcolor\" style=\"background-color:#595959\"><a href=\"https:\/\/twitter.com\/share?url=https%3A%2F%2Fsamuraischwert.kaufen%2Fen%2Fprodukt%2Fschwertstaender-tori-fuer-2-schwerter%2F&text=Schwertst%C3%A4nder%20Torii%20f%C3%BCr%202%20Schwerter\" title=\"Share at X\" aria-label=\"Share at X\" role=\"button\" rel=\"noopener nofollow\" class=\"shariff-link\" style=\"; background-color:#000; color:#fff\" target=\"_blank\"><span class=\"shariff-icon\" style=\"\"><svg width=\"32px\" height=\"20px\" xmlns=\"http:\/\/www.w3.org\/2000\/svg\" viewbox=\"0 0 24 24\"><path fill=\"#000\" d=\"M14.258 10.152L23.176 0h-2.113l-7.747 8.813L7.133 0H0l9.352 13.328L0 23.973h2.113l8.176-9.309 6.531 9.309h7.133zm-2.895 3.293l-.949-1.328L2.875 1.56h3.246l6.086 8.523.945 1.328 7.91 11.078h-3.246zm0 0\"\/><\/svg><\/span><span class=\"shariff-text\">Share<\/span>&nbsp;<\/a><\/li><li class=\"shariff-button facebook shariff-nocustomcolor\" style=\"background-color:#4273c8\"><a href=\"https:\/\/www.facebook.com\/sharer\/sharer.php?u=https%3A%2F%2Fsamuraischwert.kaufen%2Fen%2Fprodukt%2Fschwertstaender-tori-fuer-2-schwerter%2F\" title=\"Share on Facebook\" aria-label=\"Share on Facebook\" role=\"button\" rel=\"nofollow\" class=\"shariff-link\" style=\"; background-color:#3b5998; color:#fff\" target=\"_blank\"><span class=\"shariff-icon\" style=\"\"><svg width=\"32px\" height=\"20px\" xmlns=\"http:\/\/www.w3.org\/2000\/svg\" viewbox=\"0 0 18 32\"><path fill=\"#3b5998\" d=\"M17.1 0.2v4.7h-2.8q-1.5 0-2.1 0.6t-0.5 1.9v3.4h5.2l-0.7 5.3h-4.5v13.6h-5.5v-13.6h-4.5v-5.3h4.5v-3.9q0-3.3 1.9-5.2t5-1.8q2.6 0 4.1 0.2z\"\/><\/svg><\/span><span class=\"shariff-text\">Share<\/span>&nbsp;<\/a><\/li><li class=\"shariff-button xing shariff-nocustomcolor\" style=\"background-color:#29888a\"><a href=\"https:\/\/www.xing.com\/spi\/shares\/new?url=https%3A%2F%2Fsamuraischwert.kaufen%2Fen%2Fprodukt%2Fschwertstaender-tori-fuer-2-schwerter%2F\" title=\"Share on XING\" aria-label=\"Share on XING\" role=\"button\" rel=\"noopener nofollow\" class=\"shariff-link\" style=\"; background-color:#126567; color:#fff\" target=\"_blank\"><span class=\"shariff-icon\" style=\"\"><svg width=\"32px\" height=\"20px\" xmlns=\"http:\/\/www.w3.org\/2000\/svg\" viewbox=\"0 0 25 32\"><path fill=\"#126567\" d=\"M10.7 11.9q-0.2 0.3-4.6 8.2-0.5 0.8-1.2 0.8h-4.3q-0.4 0-0.5-0.3t0-0.6l4.5-8q0 0 0 0l-2.9-5q-0.2-0.4 0-0.7 0.2-0.3 0.5-0.3h4.3q0.7 0 1.2 0.8zM25.1 0.4q0.2 0.3 0 0.7l-9.4 16.7 6 11q0.2 0.4 0 0.6-0.2 0.3-0.6 0.3h-4.3q-0.7 0-1.2-0.8l-6-11.1q0.3-0.6 9.5-16.8 0.4-0.8 1.2-0.8h4.3q0.4 0 0.5 0.3z\"\/><\/svg><\/span><span class=\"shariff-text\">Share<\/span>&nbsp;<\/a><\/li><li class=\"shariff-button linkedin shariff-nocustomcolor\" style=\"background-color:#1488bf\"><a href=\"https:\/\/www.linkedin.com\/sharing\/share-offsite\/?url=https%3A%2F%2Fsamuraischwert.kaufen%2Fen%2Fprodukt%2Fschwertstaender-tori-fuer-2-schwerter%2F\" title=\"Share on LinkedIn\" aria-label=\"Share on LinkedIn\" role=\"button\" rel=\"noopener nofollow\" class=\"shariff-link\" style=\"; background-color:#0077b5; color:#fff\" target=\"_blank\"><span class=\"shariff-icon\" style=\"\"><svg width=\"32px\" height=\"20px\" xmlns=\"http:\/\/www.w3.org\/2000\/svg\" viewbox=\"0 0 27 32\"><path fill=\"#0077b5\" d=\"M6.2 11.2v17.7h-5.9v-17.7h5.9zM6.6 5.7q0 1.3-0.9 2.2t-2.4 0.9h0q-1.5 0-2.4-0.9t-0.9-2.2 0.9-2.2 2.4-0.9 2.4 0.9 0.9 2.2zM27.4 18.7v10.1h-5.9v-9.5q0-1.9-0.7-2.9t-2.3-1.1q-1.1 0-1.9 0.6t-1.2 1.5q-0.2 0.5-0.2 1.4v9.9h-5.9q0-7.1 0-11.6t0-5.3l0-0.9h5.9v2.6h0q0.4-0.6 0.7-1t1-0.9 1.6-0.8 2-0.3q3 0 4.9 2t1.9 6z\"\/><\/svg><\/span><span class=\"shariff-text\">Share<\/span>&nbsp;<\/a><\/li><li class=\"shariff-button mailto shariff-nocustomcolor\" style=\"background-color:#a8a8a8\"><a href=\"mailto:?body=https%3A%2F%2Fsamuraischwert.kaufen%2Fen%2Fprodukt%2Fschwertstaender-tori-fuer-2-schwerter%2F&subject=Schwertst%C3%A4nder%20Torii%20f%C3%BCr%202%20Schwerter\" title=\"Send by e-mail\" aria-label=\"Send by e-mail\" role=\"button\" rel=\"noopener nofollow\" class=\"shariff-link\" style=\"; background-color:#999; color:#fff\"><span class=\"shariff-icon\" style=\"\"><svg width=\"32px\" height=\"20px\" xmlns=\"http:\/\/www.w3.org\/2000\/svg\" viewbox=\"0 0 32 32\"><path fill=\"#999\" d=\"M32 12.7v14.2q0 1.2-0.8 2t-2 0.9h-26.3q-1.2 0-2-0.9t-0.8-2v-14.2q0.8 0.9 1.8 1.6 6.5 4.4 8.9 6.1 1 0.8 1.6 1.2t1.7 0.9 2 0.4h0.1q0.9 0 2-0.4t1.7-0.9 1.6-1.2q3-2.2 8.9-6.1 1-0.7 1.8-1.6zM32 7.4q0 1.4-0.9 2.7t-2.2 2.2q-6.7 4.7-8.4 5.8-0.2 0.1-0.7 0.5t-1 0.7-0.9 0.6-1.1 0.5-0.9 0.2h-0.1q-0.4 0-0.9-0.2t-1.1-0.5-0.9-0.6-1-0.7-0.7-0.5q-1.6-1.1-4.7-3.2t-3.6-2.6q-1.1-0.7-2.1-2t-1-2.5q0-1.4 0.7-2.3t2.1-0.9h26.3q1.2 0 2 0.8t0.9 2z\"\/><\/svg><\/span><span class=\"shariff-text\">e-mail<\/span>&nbsp;<\/a><\/li><li class=\"shariff-button whatsapp shariff-nocustomcolor\" style=\"background-color:#5cbe4a\"><a href=\"https:\/\/api.whatsapp.com\/send?text=https%3A%2F%2Fsamuraischwert.kaufen%2Fen%2Fprodukt%2Fschwertstaender-tori-fuer-2-schwerter%2F%20Schwertst%C3%A4nder%20Torii%20f%C3%BCr%202%20Schwerter\" title=\"Share on Whatsapp\" aria-label=\"Share on Whatsapp\" role=\"button\" rel=\"noopener nofollow\" class=\"shariff-link\" style=\"; background-color:#34af23; color:#fff\" target=\"_blank\"><span class=\"shariff-icon\" style=\"\"><svg width=\"32px\" height=\"20px\" xmlns=\"http:\/\/www.w3.org\/2000\/svg\" viewbox=\"0 0 32 32\"><path fill=\"#34af23\" d=\"M17.6 17.4q0.2 0 1.7 0.8t1.6 0.9q0 0.1 0 0.3 0 0.6-0.3 1.4-0.3 0.7-1.3 1.2t-1.8 0.5q-1 0-3.4-1.1-1.7-0.8-3-2.1t-2.6-3.3q-1.3-1.9-1.3-3.5v-0.1q0.1-1.6 1.3-2.8 0.4-0.4 0.9-0.4 0.1 0 0.3 0t0.3 0q0.3 0 0.5 0.1t0.3 0.5q0.1 0.4 0.6 1.6t0.4 1.3q0 0.4-0.6 1t-0.6 0.8q0 0.1 0.1 0.3 0.6 1.3 1.8 2.4 1 0.9 2.7 1.8 0.2 0.1 0.4 0.1 0.3 0 1-0.9t0.9-0.9zM14 26.9q2.3 0 4.3-0.9t3.6-2.4 2.4-3.6 0.9-4.3-0.9-4.3-2.4-3.6-3.6-2.4-4.3-0.9-4.3 0.9-3.6 2.4-2.4 3.6-0.9 4.3q0 3.6 2.1 6.6l-1.4 4.2 4.3-1.4q2.8 1.9 6.2 1.9zM14 2.2q2.7 0 5.2 1.1t4.3 2.9 2.9 4.3 1.1 5.2-1.1 5.2-2.9 4.3-4.3 2.9-5.2 1.1q-3.5 0-6.5-1.7l-7.4 2.4 2.4-7.2q-1.9-3.2-1.9-6.9 0-2.7 1.1-5.2t2.9-4.3 4.3-2.9 5.2-1.1z\"\/><\/svg><\/span><span class=\"shariff-text\">Share<\/span>&nbsp;<\/a><\/li><\/ul><\/div>","protected":false},"excerpt":{"rendered":"<p>Produktmerkmale:\u2013 Schwertst\u00e4nder und Wandhalter in einem\u2013 Tori Tempel Form\u2013 Gepolsterte Ablagefl\u00e4chen f\u00fcr das Schwert\u2013 F\u00fcr 2 Katana\u2013 Goldfarbene Bushido Schriftzeichen Produktbeschreibung:Schwertst\u00e4nder und Wandhalter von Epic Swords in Tori Form. Diese Form ist bekannt durch das Eingangstor von japanischen Schreinen.Der Schwertst\u00e4nder ist passend f\u00fcr zwei Schwerter. Die Auflagefl\u00e4chen des Schwertes sind mit Filz gepolstert, um ein [&hellip;]<\/p>\n","protected":false},"featured_media":21122,"comment_status":"open","ping_status":"closed","template":"","meta":{"_acf_changed":false},"product_brand":[],"product_cat":[111],"product_tag":[234,200,1303,1304,1302,220,160,1299,154,150,151,131,202,1300,233],"class_list":{"0":"post-21130","1":"product","2":"type-product","3":"status-publish","4":"has-post-thumbnail","6":"product_cat-bis-zu-3-schwerter","7":"product_tag-2er","8":"product_tag-display","9":"product_tag-doppel","10":"product_tag-double","11":"product_tag-einzelstaender","12":"product_tag-halterung","13":"product_tag-holz","14":"product_tag-kake","15":"product_tag-katana","16":"product_tag-samurai","17":"product_tag-samuraischwert","18":"product_tag-schwert","19":"product_tag-staender","20":"product_tag-wandhalter","21":"product_tag-zweier","22":"product_shipping_class-debrief145-2","24":"first","25":"instock","26":"taxable","27":"shipping-taxable","28":"purchasable","29":"product-type-simple"},"acf":[],"_links":{"self":[{"href":"https:\/\/samuraischwert.kaufen\/en\/wp-json\/wp\/v2\/product\/21130","targetHints":{"allow":["GET"]}}],"collection":[{"href":"https:\/\/samuraischwert.kaufen\/en\/wp-json\/wp\/v2\/product"}],"about":[{"href":"https:\/\/samuraischwert.kaufen\/en\/wp-json\/wp\/v2\/types\/product"}],"replies":[{"embeddable":true,"href":"https:\/\/samuraischwert.kaufen\/en\/wp-json\/wp\/v2\/comments?post=21130"}],"wp:featuredmedia":[{"embeddable":true,"href":"https:\/\/samuraischwert.kaufen\/en\/wp-json\/wp\/v2\/media\/21122"}],"wp:attachment":[{"href":"https:\/\/samuraischwert.kaufen\/en\/wp-json\/wp\/v2\/media?parent=21130"}],"wp:term":[{"taxonomy":"product_brand","embeddable":true,"href":"https:\/\/samuraischwert.kaufen\/en\/wp-json\/wp\/v2\/product_brand?post=21130"},{"taxonomy":"product_cat","embeddable":true,"href":"https:\/\/samuraischwert.kaufen\/en\/wp-json\/wp\/v2\/product_cat?post=21130"},{"taxonomy":"product_tag","embeddable":true,"href":"https:\/\/samuraischwert.kaufen\/en\/wp-json\/wp\/v2\/product_tag?post=21130"}],"curies":[{"name":"wp","href":"https:\/\/api.w.org\/{rel}","templated":true}]}}