{"id":11226,"date":"2019-08-15T14:18:59","date_gmt":"2019-08-15T12:18:59","guid":{"rendered":"https:\/\/samuraischwert.kaufen\/shop\/unkategorisiert\/klingenpflegeset-fuer-schwert-und-messer-mit-bedienungsanleitung-samurai-2k\/"},"modified":"2025-11-07T11:06:19","modified_gmt":"2025-11-07T10:06:19","slug":"blade-care-set-for-sword-and-knife-with-instruction-manual-samurai-2k","status":"publish","type":"product","link":"https:\/\/samuraischwert.kaufen\/en\/produkt\/klingenpflegeset-fuer-schwert-und-messer-mit-bedienungsanleitung-samurai-2k\/","title":{"rendered":"Blade care set with operating instructions Toshiro Swords"},"content":{"rendered":"<p><b>Product features:<\/b><br \/>- Centreboard care set and knife care set<br \/>- Everything you need for blade care in one set<br \/>- 5-piece care set: special cloth for removing oil residues, Uchiko with blade powder, high-quality blade oil, cotton cloth for applying oil, operating instructions in German and English<br \/>- With decorative box<br \/>- Extremely high-quality components<\/p>\n<p><b>Product description:<\/b><br \/>Every real blade is susceptible to rust. Regular care is therefore necessary to maintain the condition of your blade and permanently remove unwanted blemishes such as fingerprints.<\/p>\n<p>Throughout the history of Japan, blade care for the globally respected Japanese samurai swords has been continuously optimised and Toshiro Swords produces the Samurai 2K sword care set based on this knowledge, which has matured over centuries, with the addition of modern elements that were not yet available in ancient times.<\/p>\n<p>As swords and knives are both made of steel, the sets are very suitable for both knife care and sword care.<\/p>\n<p>The set consists of the 5 elements you need for optimum blade care:<br \/><b>Special cloth for removing oil residues:<\/b><br \/>4 cloths made from natural cellulose, designed for removing dirt and old oil. These replace the tried and tested nuguigami paper because the modern pulp has even better properties.<\/p>\n<p><b>Uchiko with blade powder:<\/b><br \/>Traditionally extracted from limestone. Toshiro Swords softens this mixture somewhat by adding more powder, which has a less abrasive effect on the blade to protect it. The modern mixture has a good effect and reliably removes old oil, dirt and the beginnings of rust.<\/p>\n<p><b>Cotton cloth for applying new oil:<\/b><br \/>The set includes a reusable cotton cloth made from certified organic cotton and a matching box.<\/p>\n<p><b>Maintenance oil:<\/b><br \/>The care oil contained is based on a mixture of the proven oils camellia oil and clove oil, also known as Tsubaki and Choji Abura. This has been supplemented with modern, high-quality ingredients to further improve its properties. The use of dubious ingredients such as petroleum, petroleum distillate and similar substances that are suspected of being carcinogenic has been deliberately avoided. In contrast to conventional weapon oils, the oil is neutral towards copper and brass and therefore protects these elements on the knife or sword.<br \/>The blade oil is durable, but deliberately kept less durable than lubricating and penetrating oils so that excess oil does not hang in the knife or sword sheath forever.<\/p>\n<p>The set also includes detailed operating instructions in German and English with additional safety instructions and care tips.<\/p>\n<p>Manufacturer: Toshiro Swords, Andara GmbH, Brunnenweg 15, 64331 Weiterstadt, info@andara-gmbh.de<\/p>\n<div class=\"shariff shariff-align-left shariff-widget-align-left\"><ul class=\"shariff-buttons theme-grey orientation-horizontal buttonsize-medium\"><li class=\"shariff-button twitter shariff-nocustomcolor\" style=\"background-color:#595959\"><a href=\"https:\/\/twitter.com\/share?url=https%3A%2F%2Fsamuraischwert.kaufen%2Fen%2Fprodukt%2Fklingenpflegeset-fuer-schwert-und-messer-mit-bedienungsanleitung-samurai-2k%2F&text=Klingenpflegeset%20mit%20Bedienungsanleitung%20Toshiro%20Swords\" title=\"Share at X\" aria-label=\"Share at X\" role=\"button\" rel=\"noopener nofollow\" class=\"shariff-link\" style=\"; background-color:#000; color:#fff\" target=\"_blank\"><span class=\"shariff-icon\" style=\"\"><svg width=\"32px\" height=\"20px\" xmlns=\"http:\/\/www.w3.org\/2000\/svg\" viewbox=\"0 0 24 24\"><path fill=\"#000\" d=\"M14.258 10.152L23.176 0h-2.113l-7.747 8.813L7.133 0H0l9.352 13.328L0 23.973h2.113l8.176-9.309 6.531 9.309h7.133zm-2.895 3.293l-.949-1.328L2.875 1.56h3.246l6.086 8.523.945 1.328 7.91 11.078h-3.246zm0 0\"\/><\/svg><\/span><span class=\"shariff-text\">Share<\/span>&nbsp;<\/a><\/li><li class=\"shariff-button facebook shariff-nocustomcolor\" style=\"background-color:#4273c8\"><a href=\"https:\/\/www.facebook.com\/sharer\/sharer.php?u=https%3A%2F%2Fsamuraischwert.kaufen%2Fen%2Fprodukt%2Fklingenpflegeset-fuer-schwert-und-messer-mit-bedienungsanleitung-samurai-2k%2F\" title=\"Share on Facebook\" aria-label=\"Share on Facebook\" role=\"button\" rel=\"nofollow\" class=\"shariff-link\" style=\"; background-color:#3b5998; color:#fff\" target=\"_blank\"><span class=\"shariff-icon\" style=\"\"><svg width=\"32px\" height=\"20px\" xmlns=\"http:\/\/www.w3.org\/2000\/svg\" viewbox=\"0 0 18 32\"><path fill=\"#3b5998\" d=\"M17.1 0.2v4.7h-2.8q-1.5 0-2.1 0.6t-0.5 1.9v3.4h5.2l-0.7 5.3h-4.5v13.6h-5.5v-13.6h-4.5v-5.3h4.5v-3.9q0-3.3 1.9-5.2t5-1.8q2.6 0 4.1 0.2z\"\/><\/svg><\/span><span class=\"shariff-text\">Share<\/span>&nbsp;<\/a><\/li><li class=\"shariff-button xing shariff-nocustomcolor\" style=\"background-color:#29888a\"><a href=\"https:\/\/www.xing.com\/spi\/shares\/new?url=https%3A%2F%2Fsamuraischwert.kaufen%2Fen%2Fprodukt%2Fklingenpflegeset-fuer-schwert-und-messer-mit-bedienungsanleitung-samurai-2k%2F\" title=\"Share on XING\" aria-label=\"Share on XING\" role=\"button\" rel=\"noopener nofollow\" class=\"shariff-link\" style=\"; background-color:#126567; color:#fff\" target=\"_blank\"><span class=\"shariff-icon\" style=\"\"><svg width=\"32px\" height=\"20px\" xmlns=\"http:\/\/www.w3.org\/2000\/svg\" viewbox=\"0 0 25 32\"><path fill=\"#126567\" d=\"M10.7 11.9q-0.2 0.3-4.6 8.2-0.5 0.8-1.2 0.8h-4.3q-0.4 0-0.5-0.3t0-0.6l4.5-8q0 0 0 0l-2.9-5q-0.2-0.4 0-0.7 0.2-0.3 0.5-0.3h4.3q0.7 0 1.2 0.8zM25.1 0.4q0.2 0.3 0 0.7l-9.4 16.7 6 11q0.2 0.4 0 0.6-0.2 0.3-0.6 0.3h-4.3q-0.7 0-1.2-0.8l-6-11.1q0.3-0.6 9.5-16.8 0.4-0.8 1.2-0.8h4.3q0.4 0 0.5 0.3z\"\/><\/svg><\/span><span class=\"shariff-text\">Share<\/span>&nbsp;<\/a><\/li><li class=\"shariff-button linkedin shariff-nocustomcolor\" style=\"background-color:#1488bf\"><a href=\"https:\/\/www.linkedin.com\/sharing\/share-offsite\/?url=https%3A%2F%2Fsamuraischwert.kaufen%2Fen%2Fprodukt%2Fklingenpflegeset-fuer-schwert-und-messer-mit-bedienungsanleitung-samurai-2k%2F\" title=\"Share on LinkedIn\" aria-label=\"Share on LinkedIn\" role=\"button\" rel=\"noopener nofollow\" class=\"shariff-link\" style=\"; background-color:#0077b5; color:#fff\" target=\"_blank\"><span class=\"shariff-icon\" style=\"\"><svg width=\"32px\" height=\"20px\" xmlns=\"http:\/\/www.w3.org\/2000\/svg\" viewbox=\"0 0 27 32\"><path fill=\"#0077b5\" d=\"M6.2 11.2v17.7h-5.9v-17.7h5.9zM6.6 5.7q0 1.3-0.9 2.2t-2.4 0.9h0q-1.5 0-2.4-0.9t-0.9-2.2 0.9-2.2 2.4-0.9 2.4 0.9 0.9 2.2zM27.4 18.7v10.1h-5.9v-9.5q0-1.9-0.7-2.9t-2.3-1.1q-1.1 0-1.9 0.6t-1.2 1.5q-0.2 0.5-0.2 1.4v9.9h-5.9q0-7.1 0-11.6t0-5.3l0-0.9h5.9v2.6h0q0.4-0.6 0.7-1t1-0.9 1.6-0.8 2-0.3q3 0 4.9 2t1.9 6z\"\/><\/svg><\/span><span class=\"shariff-text\">Share<\/span>&nbsp;<\/a><\/li><li class=\"shariff-button mailto shariff-nocustomcolor\" style=\"background-color:#a8a8a8\"><a href=\"mailto:?body=https%3A%2F%2Fsamuraischwert.kaufen%2Fen%2Fprodukt%2Fklingenpflegeset-fuer-schwert-und-messer-mit-bedienungsanleitung-samurai-2k%2F&subject=Klingenpflegeset%20mit%20Bedienungsanleitung%20Toshiro%20Swords\" title=\"Send by e-mail\" aria-label=\"Send by e-mail\" role=\"button\" rel=\"noopener nofollow\" class=\"shariff-link\" style=\"; background-color:#999; color:#fff\"><span class=\"shariff-icon\" style=\"\"><svg width=\"32px\" height=\"20px\" xmlns=\"http:\/\/www.w3.org\/2000\/svg\" viewbox=\"0 0 32 32\"><path fill=\"#999\" d=\"M32 12.7v14.2q0 1.2-0.8 2t-2 0.9h-26.3q-1.2 0-2-0.9t-0.8-2v-14.2q0.8 0.9 1.8 1.6 6.5 4.4 8.9 6.1 1 0.8 1.6 1.2t1.7 0.9 2 0.4h0.1q0.9 0 2-0.4t1.7-0.9 1.6-1.2q3-2.2 8.9-6.1 1-0.7 1.8-1.6zM32 7.4q0 1.4-0.9 2.7t-2.2 2.2q-6.7 4.7-8.4 5.8-0.2 0.1-0.7 0.5t-1 0.7-0.9 0.6-1.1 0.5-0.9 0.2h-0.1q-0.4 0-0.9-0.2t-1.1-0.5-0.9-0.6-1-0.7-0.7-0.5q-1.6-1.1-4.7-3.2t-3.6-2.6q-1.1-0.7-2.1-2t-1-2.5q0-1.4 0.7-2.3t2.1-0.9h26.3q1.2 0 2 0.8t0.9 2z\"\/><\/svg><\/span><span class=\"shariff-text\">e-mail<\/span>&nbsp;<\/a><\/li><li class=\"shariff-button whatsapp shariff-nocustomcolor\" style=\"background-color:#5cbe4a\"><a href=\"https:\/\/api.whatsapp.com\/send?text=https%3A%2F%2Fsamuraischwert.kaufen%2Fen%2Fprodukt%2Fklingenpflegeset-fuer-schwert-und-messer-mit-bedienungsanleitung-samurai-2k%2F%20Klingenpflegeset%20mit%20Bedienungsanleitung%20Toshiro%20Swords\" title=\"Share on Whatsapp\" aria-label=\"Share on Whatsapp\" role=\"button\" rel=\"noopener nofollow\" class=\"shariff-link\" style=\"; background-color:#34af23; color:#fff\" target=\"_blank\"><span class=\"shariff-icon\" style=\"\"><svg width=\"32px\" height=\"20px\" xmlns=\"http:\/\/www.w3.org\/2000\/svg\" viewbox=\"0 0 32 32\"><path fill=\"#34af23\" d=\"M17.6 17.4q0.2 0 1.7 0.8t1.6 0.9q0 0.1 0 0.3 0 0.6-0.3 1.4-0.3 0.7-1.3 1.2t-1.8 0.5q-1 0-3.4-1.1-1.7-0.8-3-2.1t-2.6-3.3q-1.3-1.9-1.3-3.5v-0.1q0.1-1.6 1.3-2.8 0.4-0.4 0.9-0.4 0.1 0 0.3 0t0.3 0q0.3 0 0.5 0.1t0.3 0.5q0.1 0.4 0.6 1.6t0.4 1.3q0 0.4-0.6 1t-0.6 0.8q0 0.1 0.1 0.3 0.6 1.3 1.8 2.4 1 0.9 2.7 1.8 0.2 0.1 0.4 0.1 0.3 0 1-0.9t0.9-0.9zM14 26.9q2.3 0 4.3-0.9t3.6-2.4 2.4-3.6 0.9-4.3-0.9-4.3-2.4-3.6-3.6-2.4-4.3-0.9-4.3 0.9-3.6 2.4-2.4 3.6-0.9 4.3q0 3.6 2.1 6.6l-1.4 4.2 4.3-1.4q2.8 1.9 6.2 1.9zM14 2.2q2.7 0 5.2 1.1t4.3 2.9 2.9 4.3 1.1 5.2-1.1 5.2-2.9 4.3-4.3 2.9-5.2 1.1q-3.5 0-6.5-1.7l-7.4 2.4 2.4-7.2q-1.9-3.2-1.9-6.9 0-2.7 1.1-5.2t2.9-4.3 4.3-2.9 5.2-1.1z\"\/><\/svg><\/span><span class=\"shariff-text\">Share<\/span>&nbsp;<\/a><\/li><\/ul><\/div>","protected":false},"excerpt":{"rendered":"<p>Produktmerkmale:&#8211; Schwertpflegeset und Messerpflegeset&#8211; Alles was Sie f\u00fcr die Klingenpflege ben\u00f6tigen in einem Set&#8211; 5-teiliges Pflegeset: Spezialtuch f\u00fcr Entfernung von \u00d6lresten, Uchiko mit Klingenpulver, hochwertiges Schwert\u00f6l, Baumwolltuch f\u00fcr das Auftragen von \u00d6l, Bedienungsanleitungen auf Deutsch und Englisch&#8211; Mit dekorativer Box&#8211; Extrem hochwertige Bestandteile Produktbeschreibung:Jede echte Klinge ist anf\u00e4llig f\u00fcr Rost. Deshalb ist regelm\u00e4\u00dfige Pflege n\u00f6tig, [&hellip;]<\/p>\n","protected":false},"featured_media":58136,"comment_status":"open","ping_status":"closed","template":"","meta":{"_acf_changed":false},"product_brand":[],"product_cat":[82],"product_tag":[716,1091,715,183,164,138,713,676,154,357,197,185,152,1089,523,142,139,675,727,135,1092,132,670,1093,156,137,182,155,150,1135,151,131,726,196,133,673,136,134,928,714,184,669,927,193,1090,668,1094],"class_list":{"0":"post-11226","1":"product","2":"type-product","3":"status-publish","4":"has-post-thumbnail","6":"product_cat-schwertpflege","7":"product_tag-abura","8":"product_tag-balistol","9":"product_tag-choji","10":"product_tag-flanneltuch","11":"product_tag-japan","12":"product_tag-japanisches","13":"product_tag-kamelienoel","14":"product_tag-kami","15":"product_tag-katana","16":"product_tag-klinge","17":"product_tag-klingenoel","18":"product_tag-klingentuch","19":"product_tag-messer","20":"product_tag-messerpflegeset","21":"product_tag-mit","22":"product_tag-nelkenoel","23":"product_tag-neu","24":"product_tag-nuguigami","25":"product_tag-papier","26":"product_tag-pflege","27":"product_tag-pflegeoel","28":"product_tag-pflegeset","29":"product_tag-pflegetuch","30":"product_tag-pulver","31":"product_tag-putzen","32":"product_tag-reinigung","33":"product_tag-reinigungstuch","34":"product_tag-reparatur","35":"product_tag-samurai","36":"product_tag-samurai-2k","37":"product_tag-samuraischwert","38":"product_tag-schwert","39":"product_tag-schwertklinge","40":"product_tag-schwertoel","41":"product_tag-schwertpflege","42":"product_tag-schwertpflegeset","43":"product_tag-schwertreinigung","44":"product_tag-set","45":"product_tag-spezialtuch","46":"product_tag-tsubaki","47":"product_tag-tuch","48":"product_tag-ungebleicht","49":"product_tag-waffenset","50":"product_tag-washi","51":"product_tag-wd-40","52":"product_tag-zellstoff","53":"product_tag-zur","54":"product_shipping_class-debrief145-2","56":"first","57":"outofstock","58":"taxable","59":"shipping-taxable","60":"purchasable","61":"product-type-simple"},"acf":[],"_links":{"self":[{"href":"https:\/\/samuraischwert.kaufen\/en\/wp-json\/wp\/v2\/product\/11226","targetHints":{"allow":["GET"]}}],"collection":[{"href":"https:\/\/samuraischwert.kaufen\/en\/wp-json\/wp\/v2\/product"}],"about":[{"href":"https:\/\/samuraischwert.kaufen\/en\/wp-json\/wp\/v2\/types\/product"}],"replies":[{"embeddable":true,"href":"https:\/\/samuraischwert.kaufen\/en\/wp-json\/wp\/v2\/comments?post=11226"}],"wp:featuredmedia":[{"embeddable":true,"href":"https:\/\/samuraischwert.kaufen\/en\/wp-json\/wp\/v2\/media\/58136"}],"wp:attachment":[{"href":"https:\/\/samuraischwert.kaufen\/en\/wp-json\/wp\/v2\/media?parent=11226"}],"wp:term":[{"taxonomy":"product_brand","embeddable":true,"href":"https:\/\/samuraischwert.kaufen\/en\/wp-json\/wp\/v2\/product_brand?post=11226"},{"taxonomy":"product_cat","embeddable":true,"href":"https:\/\/samuraischwert.kaufen\/en\/wp-json\/wp\/v2\/product_cat?post=11226"},{"taxonomy":"product_tag","embeddable":true,"href":"https:\/\/samuraischwert.kaufen\/en\/wp-json\/wp\/v2\/product_tag?post=11226"}],"curies":[{"name":"wp","href":"https:\/\/api.w.org\/{rel}","templated":true}]}}