{"id":5124,"date":"2017-10-06T09:59:45","date_gmt":"2017-10-06T07:59:45","guid":{"rendered":"https:\/\/samuraischwert.kaufen\/?page_id=5124"},"modified":"2022-12-15T12:32:45","modified_gmt":"2022-12-15T11:32:45","slug":"payment-and-shipping","status":"publish","type":"page","link":"https:\/\/samuraischwert.kaufen\/en\/zahlung-und-versand\/","title":{"rendered":"Payment and dispatch"},"content":{"rendered":"<p><strong>Payment and dispatch<\/strong><br \/>\nThe following conditions apply:<\/p>\n<p><strong>Shipping conditions<br \/>\n<\/strong>Delivery takes place within Germany and Europe.<\/p>\n<p>For all buyers with a delivery address abroad (outside Germany):<br \/>\nPlease note that we also offer items in our webshop that may not be imported into every country. Therefore, please check with your local customs authority before making your purchase to find out whether the import of the respective product is permitted in your country.<br \/>\nWe assume no liability for products that are confiscated by customs and cannot grant any refunds.<br \/>\nIf your delivery address is outside Germany, import costs and customs duties may apply. These fees are calculated in the respective recipient country and are to be borne by the buyer. For more detailed information on import costs, please contact your local customs office.<\/p>\n<p><strong>Shipping costs<\/strong><br \/>\n<strong>Domestic deliveries (Germany): <\/strong><br \/>\nWe do not charge shipping costs for deliveries to Germany.<br \/>\n<strong>Deliveries abroad:<\/strong><br \/>\nWe calculate the shipping costs abroad as follows:<br \/>\nEU: 16 Euro net<br \/>\nOther countries in Europe: 18 euros net<br \/>\nWorldwide: 50 Euro net<\/p>\n<p>We only send vouchers by e-mail. Therefore, there are no shipping costs for vouchers.<\/p>\n<p><strong>Delivery times<\/strong><br \/>\nIf no other period is specified in the respective offer, the goods will be delivered in Germany within 2 - 4 days, for deliveries abroad within 5 - 7 days after conclusion of the contract (in the case of agreed advance payment after the time of your payment instruction).<br \/>\nPlease note that no deliveries are made on Sundays and public holidays.<br \/>\nIf you have ordered items with different delivery times, we will dispatch the goods in a single consignment unless we have made other arrangements with you. In this case, the delivery time is determined by the item with the longest delivery time that you have ordered.<\/p>\n<p><strong>Terms of payment<\/strong><br \/>\n<strong>For domestic deliveries (Germany) you have the following payment options:<\/strong><br \/>\n<strong>&#8211;\u00a0<\/strong>Prepayment by bank transfer<br \/>\n<strong>&#8211;<\/strong>\u00a0PayPal<br \/>\n<strong>&#8211;<\/strong>\u00a0Direct debit via PayPal (no PayPal account required!)<br \/>\n<strong>&#8211;<\/strong> Credit card payment via PayPal (no PayPal account required!)<br \/>\n<strong>For deliveries abroad you have the following payment options:<\/strong><br \/>\n<strong>&#8211;<\/strong><strong>\u00a0 <\/strong>Prepayment by bank transfer<br \/>\n<strong>&#8211;<\/strong>\u00a0 Payment via PayPal<\/p>\n<p>If you have any questions, you will find our contact details in the imprint.<\/p>\n<div class=\"shariff shariff-align-left shariff-widget-align-left\"><ul class=\"shariff-buttons theme-grey orientation-horizontal buttonsize-medium\"><li class=\"shariff-button twitter shariff-nocustomcolor\" style=\"background-color:#595959\"><a href=\"https:\/\/twitter.com\/share?url=https%3A%2F%2Fsamuraischwert.kaufen%2Fen%2Fzahlung-und-versand%2F&text=Zahlung%20und%20Versand\" title=\"Share at X\" aria-label=\"Share at X\" role=\"button\" rel=\"noopener nofollow\" class=\"shariff-link\" style=\"; background-color:#000; color:#fff\" target=\"_blank\"><span class=\"shariff-icon\" style=\"\"><svg width=\"32px\" height=\"20px\" xmlns=\"http:\/\/www.w3.org\/2000\/svg\" viewbox=\"0 0 24 24\"><path fill=\"#000\" d=\"M14.258 10.152L23.176 0h-2.113l-7.747 8.813L7.133 0H0l9.352 13.328L0 23.973h2.113l8.176-9.309 6.531 9.309h7.133zm-2.895 3.293l-.949-1.328L2.875 1.56h3.246l6.086 8.523.945 1.328 7.91 11.078h-3.246zm0 0\"\/><\/svg><\/span><span class=\"shariff-text\">Share<\/span>&nbsp;<\/a><\/li><li class=\"shariff-button facebook shariff-nocustomcolor\" style=\"background-color:#4273c8\"><a href=\"https:\/\/www.facebook.com\/sharer\/sharer.php?u=https%3A%2F%2Fsamuraischwert.kaufen%2Fen%2Fzahlung-und-versand%2F\" title=\"Share on Facebook\" aria-label=\"Share on Facebook\" role=\"button\" rel=\"nofollow\" class=\"shariff-link\" style=\"; background-color:#3b5998; color:#fff\" target=\"_blank\"><span class=\"shariff-icon\" style=\"\"><svg width=\"32px\" height=\"20px\" xmlns=\"http:\/\/www.w3.org\/2000\/svg\" viewbox=\"0 0 18 32\"><path fill=\"#3b5998\" d=\"M17.1 0.2v4.7h-2.8q-1.5 0-2.1 0.6t-0.5 1.9v3.4h5.2l-0.7 5.3h-4.5v13.6h-5.5v-13.6h-4.5v-5.3h4.5v-3.9q0-3.3 1.9-5.2t5-1.8q2.6 0 4.1 0.2z\"\/><\/svg><\/span><span class=\"shariff-text\">Share<\/span>&nbsp;<\/a><\/li><li class=\"shariff-button xing shariff-nocustomcolor\" style=\"background-color:#29888a\"><a href=\"https:\/\/www.xing.com\/spi\/shares\/new?url=https%3A%2F%2Fsamuraischwert.kaufen%2Fen%2Fzahlung-und-versand%2F\" title=\"Share on XING\" aria-label=\"Share on XING\" role=\"button\" rel=\"noopener nofollow\" class=\"shariff-link\" style=\"; background-color:#126567; color:#fff\" target=\"_blank\"><span class=\"shariff-icon\" style=\"\"><svg width=\"32px\" height=\"20px\" xmlns=\"http:\/\/www.w3.org\/2000\/svg\" viewbox=\"0 0 25 32\"><path fill=\"#126567\" d=\"M10.7 11.9q-0.2 0.3-4.6 8.2-0.5 0.8-1.2 0.8h-4.3q-0.4 0-0.5-0.3t0-0.6l4.5-8q0 0 0 0l-2.9-5q-0.2-0.4 0-0.7 0.2-0.3 0.5-0.3h4.3q0.7 0 1.2 0.8zM25.1 0.4q0.2 0.3 0 0.7l-9.4 16.7 6 11q0.2 0.4 0 0.6-0.2 0.3-0.6 0.3h-4.3q-0.7 0-1.2-0.8l-6-11.1q0.3-0.6 9.5-16.8 0.4-0.8 1.2-0.8h4.3q0.4 0 0.5 0.3z\"\/><\/svg><\/span><span class=\"shariff-text\">Share<\/span>&nbsp;<\/a><\/li><li class=\"shariff-button linkedin shariff-nocustomcolor\" style=\"background-color:#1488bf\"><a href=\"https:\/\/www.linkedin.com\/sharing\/share-offsite\/?url=https%3A%2F%2Fsamuraischwert.kaufen%2Fen%2Fzahlung-und-versand%2F\" title=\"Share on LinkedIn\" aria-label=\"Share on LinkedIn\" role=\"button\" rel=\"noopener nofollow\" class=\"shariff-link\" style=\"; background-color:#0077b5; color:#fff\" target=\"_blank\"><span class=\"shariff-icon\" style=\"\"><svg width=\"32px\" height=\"20px\" xmlns=\"http:\/\/www.w3.org\/2000\/svg\" viewbox=\"0 0 27 32\"><path fill=\"#0077b5\" d=\"M6.2 11.2v17.7h-5.9v-17.7h5.9zM6.6 5.7q0 1.3-0.9 2.2t-2.4 0.9h0q-1.5 0-2.4-0.9t-0.9-2.2 0.9-2.2 2.4-0.9 2.4 0.9 0.9 2.2zM27.4 18.7v10.1h-5.9v-9.5q0-1.9-0.7-2.9t-2.3-1.1q-1.1 0-1.9 0.6t-1.2 1.5q-0.2 0.5-0.2 1.4v9.9h-5.9q0-7.1 0-11.6t0-5.3l0-0.9h5.9v2.6h0q0.4-0.6 0.7-1t1-0.9 1.6-0.8 2-0.3q3 0 4.9 2t1.9 6z\"\/><\/svg><\/span><span class=\"shariff-text\">Share<\/span>&nbsp;<\/a><\/li><li class=\"shariff-button mailto shariff-nocustomcolor\" style=\"background-color:#a8a8a8\"><a href=\"mailto:?body=https%3A%2F%2Fsamuraischwert.kaufen%2Fen%2Fzahlung-und-versand%2F&subject=Zahlung%20und%20Versand\" title=\"Send by e-mail\" aria-label=\"Send by e-mail\" role=\"button\" rel=\"noopener nofollow\" class=\"shariff-link\" style=\"; background-color:#999; color:#fff\"><span class=\"shariff-icon\" style=\"\"><svg width=\"32px\" height=\"20px\" xmlns=\"http:\/\/www.w3.org\/2000\/svg\" viewbox=\"0 0 32 32\"><path fill=\"#999\" d=\"M32 12.7v14.2q0 1.2-0.8 2t-2 0.9h-26.3q-1.2 0-2-0.9t-0.8-2v-14.2q0.8 0.9 1.8 1.6 6.5 4.4 8.9 6.1 1 0.8 1.6 1.2t1.7 0.9 2 0.4h0.1q0.9 0 2-0.4t1.7-0.9 1.6-1.2q3-2.2 8.9-6.1 1-0.7 1.8-1.6zM32 7.4q0 1.4-0.9 2.7t-2.2 2.2q-6.7 4.7-8.4 5.8-0.2 0.1-0.7 0.5t-1 0.7-0.9 0.6-1.1 0.5-0.9 0.2h-0.1q-0.4 0-0.9-0.2t-1.1-0.5-0.9-0.6-1-0.7-0.7-0.5q-1.6-1.1-4.7-3.2t-3.6-2.6q-1.1-0.7-2.1-2t-1-2.5q0-1.4 0.7-2.3t2.1-0.9h26.3q1.2 0 2 0.8t0.9 2z\"\/><\/svg><\/span><span class=\"shariff-text\">e-mail<\/span>&nbsp;<\/a><\/li><li class=\"shariff-button whatsapp shariff-nocustomcolor\" style=\"background-color:#5cbe4a\"><a href=\"https:\/\/api.whatsapp.com\/send?text=https%3A%2F%2Fsamuraischwert.kaufen%2Fen%2Fzahlung-und-versand%2F%20Zahlung%20und%20Versand\" title=\"Share on Whatsapp\" aria-label=\"Share on Whatsapp\" role=\"button\" rel=\"noopener nofollow\" class=\"shariff-link\" style=\"; background-color:#34af23; color:#fff\" target=\"_blank\"><span class=\"shariff-icon\" style=\"\"><svg width=\"32px\" height=\"20px\" xmlns=\"http:\/\/www.w3.org\/2000\/svg\" viewbox=\"0 0 32 32\"><path fill=\"#34af23\" d=\"M17.6 17.4q0.2 0 1.7 0.8t1.6 0.9q0 0.1 0 0.3 0 0.6-0.3 1.4-0.3 0.7-1.3 1.2t-1.8 0.5q-1 0-3.4-1.1-1.7-0.8-3-2.1t-2.6-3.3q-1.3-1.9-1.3-3.5v-0.1q0.1-1.6 1.3-2.8 0.4-0.4 0.9-0.4 0.1 0 0.3 0t0.3 0q0.3 0 0.5 0.1t0.3 0.5q0.1 0.4 0.6 1.6t0.4 1.3q0 0.4-0.6 1t-0.6 0.8q0 0.1 0.1 0.3 0.6 1.3 1.8 2.4 1 0.9 2.7 1.8 0.2 0.1 0.4 0.1 0.3 0 1-0.9t0.9-0.9zM14 26.9q2.3 0 4.3-0.9t3.6-2.4 2.4-3.6 0.9-4.3-0.9-4.3-2.4-3.6-3.6-2.4-4.3-0.9-4.3 0.9-3.6 2.4-2.4 3.6-0.9 4.3q0 3.6 2.1 6.6l-1.4 4.2 4.3-1.4q2.8 1.9 6.2 1.9zM14 2.2q2.7 0 5.2 1.1t4.3 2.9 2.9 4.3 1.1 5.2-1.1 5.2-2.9 4.3-4.3 2.9-5.2 1.1q-3.5 0-6.5-1.7l-7.4 2.4 2.4-7.2q-1.9-3.2-1.9-6.9 0-2.7 1.1-5.2t2.9-4.3 4.3-2.9 5.2-1.1z\"\/><\/svg><\/span><span class=\"shariff-text\">Share<\/span>&nbsp;<\/a><\/li><\/ul><\/div>","protected":false},"excerpt":{"rendered":"<p>Zahlung und Versand Es gelten folgende Bedingungen: Versandbedingungen Die Lieferung erfolgt im Inland (Deutschland) und in Europa. F\u00fcr alle K\u00e4ufer mit Lieferadresse im Ausland (au\u00dferhalb von Deutschland): Bitte beachten Sie, dass wir in unserem Webshop auch Artikel anbieten, die nicht in jedes Land importiert werden d\u00fcrfen. Bitte Informieren Sie sich deshalb vor Ihrem Kauf bei [&hellip;]<\/p>\n","protected":false},"author":2,"featured_media":0,"parent":0,"menu_order":0,"comment_status":"closed","ping_status":"closed","template":"","meta":{"_acf_changed":false,"footnotes":""},"class_list":["post-5124","page","type-page","status-publish","hentry"],"acf":[],"_links":{"self":[{"href":"https:\/\/samuraischwert.kaufen\/en\/wp-json\/wp\/v2\/pages\/5124","targetHints":{"allow":["GET"]}}],"collection":[{"href":"https:\/\/samuraischwert.kaufen\/en\/wp-json\/wp\/v2\/pages"}],"about":[{"href":"https:\/\/samuraischwert.kaufen\/en\/wp-json\/wp\/v2\/types\/page"}],"author":[{"embeddable":true,"href":"https:\/\/samuraischwert.kaufen\/en\/wp-json\/wp\/v2\/users\/2"}],"replies":[{"embeddable":true,"href":"https:\/\/samuraischwert.kaufen\/en\/wp-json\/wp\/v2\/comments?post=5124"}],"version-history":[{"count":6,"href":"https:\/\/samuraischwert.kaufen\/en\/wp-json\/wp\/v2\/pages\/5124\/revisions"}],"predecessor-version":[{"id":49769,"href":"https:\/\/samuraischwert.kaufen\/en\/wp-json\/wp\/v2\/pages\/5124\/revisions\/49769"}],"wp:attachment":[{"href":"https:\/\/samuraischwert.kaufen\/en\/wp-json\/wp\/v2\/media?parent=5124"}],"curies":[{"name":"wp","href":"https:\/\/api.w.org\/{rel}","templated":true}]}}